{"id":38998,"date":"2025-12-02T09:39:18","date_gmt":"2025-12-02T12:39:18","guid":{"rendered":"https:\/\/wp.ufpel.edu.br\/progep\/?page_id=38998"},"modified":"2026-01-22T15:41:44","modified_gmt":"2026-01-22T18:41:44","slug":"cargo-tae-servente-de-obras","status":"publish","type":"page","link":"https:\/\/wp.ufpel.edu.br\/progep\/cargo-tae-servente-de-obras\/","title":{"rendered":"Cargo TAE: Servente de Obras"},"content":{"rendered":"\n<div class=\"wp-block-group\"><div class=\"wp-block-group__inner-container is-layout-constrained wp-block-group-is-layout-constrained\">\n<div class=\"wp-block-group\"><div class=\"wp-block-group__inner-container is-layout-constrained wp-block-group-is-layout-constrained\">\n<div class=\"logoTituloModelStyle\"><img class=\"size-medium wp-image-27184 alignleft\" src=\"https:\/\/wp.ufpel.edu.br\/progep\/files\/2025\/03\/logo-progep_atualizacao-nome_AZUL.png\" alt=\"\" \/><\/p>\n<div><strong>Servente de Obras<\/strong><\/div>\n<\/div>\n<hr class=\"hrModelStyle\" \/>\n<div class=\"descriptionModelStyle\">Esta p\u00e1gina apresenta os dados referentes a carreira dos\/as servidores\/as.<\/div>\n<\/div><\/div>\n\n\n\n<div class=\"cargoDescriptionStyle\">\n<div class=\"infoCargo\">N\u00edvel de Classifica\u00e7\u00e3o:\u00a0<strong>A<\/strong><br \/>Denomina\u00e7\u00e3o do cargo:<br \/><strong>Servente de Obras<\/strong><br \/>C\u00f3digo CBO: <strong>&#8212;<\/strong><\/div>\n<div class=\"requisitosCargo\"><span style=\"font-size: 16pt;padding-bottom: 0.5rem\"><strong>Requisitos de Qualifica\u00e7\u00e3o para Ingresso no Cargo<\/strong>:<\/span> <br \/><strong>Escolaridade<\/strong>: Alfabetizado<br \/><strong>Outros<\/strong>: (&#8211;)<br \/><strong>Habilita\u00e7\u00e3o Profissional.<\/strong><\/div>\n<div class=\"descSumaryCargo\"><span style=\"font-size: 16pt;font-weight: bold;padding-bottom: 0.5rem\">Descri\u00e7\u00e3o Sum\u00e1ria do Cargo:<\/span> Executar tarefas manuais simples na constru\u00e7\u00e3o civil para auxiliar na edifica\u00e7\u00e3o e reforma de constru\u00e7\u00e3o\ncivil.\n<\/div>\n<div class=\"atividadesCargo\"><span style=\"font-size: 16pt;font-weight: bold\">Descri\u00e7\u00e3o de Atividades T\u00edpicas do Cargo:<\/span><br \/>\nEfetuar a carga, descarga e transporte de materiais, servindo-se das pr\u00f3prias m\u00e3os ou utilizando carrinho de m\u00e3o e\/ou ferramentas manuais, possibilitando a utiliza\u00e7\u00e3o ou remo\u00e7\u00e3o daqueles materiais.<br \/>\n<strong>Escavar valas e fossas, abrir sulcos em pisos e paredes, extraindo terras, rebocos, massas, permitindo a execu\u00e7\u00e3o de funda\u00e7\u00f5es, o assentamento de canaliza\u00e7\u00f5es ou tubula\u00e7\u00f5es para \u00e1gua ou rede el\u00e9trica, ou a execu\u00e7\u00e3o de obras similares.<\/strong><br \/>\nMisturar cimento, areia, \u00e1gua, brita e outros materiais, atrav\u00e9s de processos manuais ou mec\u00e2nicos, obtendo concreto ou argamassa.<br \/>\n<strong>Preparar e transportar materiais, ferramentas, aparelhos ou qualquer pe\u00e7a, limpando-as e arrumandoas de acordo com instru\u00e7\u00f5es.<\/strong><br \/>\nAuxiliar o oficial ou encarregado, em conjunto ou sozinho para levar a bom termo a execu\u00e7\u00e3o de suas tarefas.<br \/>\n<strong>Zelar pela conserva\u00e7\u00e3o dos locais onde est\u00e3o sendo realizados os servi\u00e7os.<\/strong><br \/>\nExecutar outras tarefas de mesma natureza e n\u00edvel de dificuldade.<br \/>\n<\/div>\n<\/div>\n\n\n\n<p><\/p>\n<\/div><\/div>\n","protected":false},"excerpt":{"rendered":"<p>Servente de Obras Esta p\u00e1gina apresenta os dados referentes a carreira dos\/as servidores\/as. N\u00edvel de Classifica\u00e7\u00e3o:\u00a0ADenomina\u00e7\u00e3o do cargo:Servente de ObrasC\u00f3digo CBO: &#8212; Requisitos de Qualifica\u00e7\u00e3o para Ingresso no Cargo: Escolaridade: AlfabetizadoOutros: (&#8211;)Habilita\u00e7\u00e3o Profissional. Descri\u00e7\u00e3o Sum\u00e1ria do Cargo: Executar tarefas manuais simples na constru\u00e7\u00e3o civil para auxiliar na edifica\u00e7\u00e3o e reforma de constru\u00e7\u00e3o civil. Descri\u00e7\u00e3o de [&hellip;]<\/p>\n","protected":false},"author":21,"featured_media":0,"parent":0,"menu_order":0,"comment_status":"closed","ping_status":"closed","template":"","meta":{"footnotes":""},"class_list":["post-38998","page","type-page","status-publish","hentry"],"_links":{"self":[{"href":"https:\/\/wp.ufpel.edu.br\/progep\/wp-json\/wp\/v2\/pages\/38998","targetHints":{"allow":["GET"]}}],"collection":[{"href":"https:\/\/wp.ufpel.edu.br\/progep\/wp-json\/wp\/v2\/pages"}],"about":[{"href":"https:\/\/wp.ufpel.edu.br\/progep\/wp-json\/wp\/v2\/types\/page"}],"author":[{"embeddable":true,"href":"https:\/\/wp.ufpel.edu.br\/progep\/wp-json\/wp\/v2\/users\/21"}],"replies":[{"embeddable":true,"href":"https:\/\/wp.ufpel.edu.br\/progep\/wp-json\/wp\/v2\/comments?post=38998"}],"version-history":[{"count":3,"href":"https:\/\/wp.ufpel.edu.br\/progep\/wp-json\/wp\/v2\/pages\/38998\/revisions"}],"predecessor-version":[{"id":40232,"href":"https:\/\/wp.ufpel.edu.br\/progep\/wp-json\/wp\/v2\/pages\/38998\/revisions\/40232"}],"wp:attachment":[{"href":"https:\/\/wp.ufpel.edu.br\/progep\/wp-json\/wp\/v2\/media?parent=38998"}],"curies":[{"name":"wp","href":"https:\/\/api.w.org\/{rel}","templated":true}]}}