{"id":38981,"date":"2025-12-02T08:43:20","date_gmt":"2025-12-02T11:43:20","guid":{"rendered":"https:\/\/wp.ufpel.edu.br\/progep\/?page_id=38981"},"modified":"2026-01-22T15:45:02","modified_gmt":"2026-01-22T18:45:02","slug":"cargos-tae-auxiliar-operacional","status":"publish","type":"page","link":"https:\/\/wp.ufpel.edu.br\/progep\/cargos-tae-auxiliar-operacional\/","title":{"rendered":"Cargos TAE: Auxiliar Operacional"},"content":{"rendered":"\n<div class=\"wp-block-group\"><div class=\"wp-block-group__inner-container is-layout-constrained wp-block-group-is-layout-constrained\">\n<div class=\"wp-block-group\"><div class=\"wp-block-group__inner-container is-layout-constrained wp-block-group-is-layout-constrained\">\n<div class=\"logoTituloModelStyle\"><img class=\"size-medium wp-image-27184 alignleft\" src=\"https:\/\/wp.ufpel.edu.br\/progep\/files\/2025\/03\/logo-progep_atualizacao-nome_AZUL.png\" alt=\"\" \/><\/p>\n<div><strong>Auxiliar Operacional<\/strong><\/div>\n<\/div>\n<hr class=\"hrModelStyle\" \/>\n<div class=\"descriptionModelStyle\">Esta p\u00e1gina apresenta os dados referentes a carreira dos\/as servidores\/as.<\/div>\n<\/div><\/div>\n\n\n\n<div class=\"cargoDescriptionStyle\">\n<div class=\"infoCargo\">N\u00edvel de Classifica\u00e7\u00e3o:\u00a0<strong><\/strong><br \/>Denomina\u00e7\u00e3o do cargo:<br \/><strong>Auxiliar Operacional<\/strong><br \/>C\u00f3digo CBO: <strong>&#8212;<\/strong><\/div>\n<div class=\"requisitosCargo\"><span style=\"font-size: 16pt;padding-bottom: 0.5rem\"><strong>Requisitos de Qualifica\u00e7\u00e3o para Ingresso no Cargo<\/strong>:<\/span><br \/><strong>Escolaridade<\/strong>: <br \/><strong>Outros<\/strong>: (&#8211;)<br \/><strong>Habilita\u00e7\u00e3o Profissional.<\/strong><\/div>\n<div class=\"descSumaryCargo\"><span style=\"font-size: 16pt;font-weight: bold;padding-bottom: 0.5rem\">Descri\u00e7\u00e3o Sum\u00e1ria do Cargo:<\/span> Auxiliar nas atividades de apoio operacional, executar tarefas que exigem esfor\u00e7o f\u00edsico, de manuten\u00e7\u00e3o e\nlimpeza, e atividades bra\u00e7ais simples, de apoio, auxiliar na confec\u00e7\u00e3o de pe\u00e7as e instala\u00e7\u00f5es, opera\u00e7\u00e3o de\nm\u00e1quinas e equipamentos, sob supervis\u00e3o ou orienta\u00e7\u00e3o, bem como outras atividades relacionadas \u00e0 \u00e1rea\nonde se encontrar prestando servi\u00e7os.<\/div>\n<div class=\"atividadesCargo\"><span style=\"font-size: 16pt;font-weight: bold\">Descri\u00e7\u00e3o de Atividades T\u00edpicas do Cargo:<\/span><br \/>\n<strong>Ter\u00e1 atividades t\u00edpicas de acordo com \u00e1rea espec\u00edfica em que estiver lotado:<\/strong><br \/>\nExecutar lavagem de ve\u00edculos;<br \/>\n<strong>Zelar pela limpeza e conserva\u00e7\u00e3o do seu local de trabalho;<\/strong><br \/>\nFazer a manuten\u00e7\u00e3o simples de m\u00e1quinas, equipamentos e ferramentas;<br \/>\n<strong>Operar m\u00e1quinas simples sob supervis\u00e3o e orienta\u00e7\u00e3o;<\/strong><br \/>\nAuxiliar na fabrica\u00e7\u00e3o e instala\u00e7\u00e3o de pe\u00e7as e equipamentos;<br \/>\n<strong>Auxiliar no transporte de materiais, pe\u00e7as, equipamentos, etc;<\/strong><br \/>\nAuxiliar na prepara\u00e7\u00e3o das superf\u00edcies a serem pintadas e do material de pintura;<br \/>\n<strong>Auxiliar nas tarefas de fabrica\u00e7\u00e3o de tijolos e telhas;<\/strong><br \/>\nEfetuar transporte de material e equipamentos necess\u00e1rios ao trabalho;<br \/>\n<strong>Auxiliar nas tarefas de corte, montagem e instala\u00e7\u00e3o de vidros e espelhos;<\/strong><br \/>\nRealizar carregamento, descarga e entrega de mercadorias;<br \/>\n<strong>Auxiliar na prepara\u00e7\u00e3o de materiais a serem trabalhados ou utilizados no trabalho;<\/strong><br \/>\nTransportar e remover pacientes e cad\u00e1veres aos locais apropriados;<br \/>\n<strong>Executar outras tarefas de mesma natureza e n\u00edvel de dificuldade.<\/strong><br \/>\n<\/div>\n<\/div>\n\n\n\n<p><\/p>\n<\/div><\/div>\n","protected":false},"excerpt":{"rendered":"<p>Auxiliar Operacional Esta p\u00e1gina apresenta os dados referentes a carreira dos\/as servidores\/as. N\u00edvel de Classifica\u00e7\u00e3o:\u00a0Denomina\u00e7\u00e3o do cargo:Auxiliar OperacionalC\u00f3digo CBO: &#8212; Requisitos de Qualifica\u00e7\u00e3o para Ingresso no Cargo:Escolaridade: Outros: (&#8211;)Habilita\u00e7\u00e3o Profissional. Descri\u00e7\u00e3o Sum\u00e1ria do Cargo: Auxiliar nas atividades de apoio operacional, executar tarefas que exigem esfor\u00e7o f\u00edsico, de manuten\u00e7\u00e3o e limpeza, e atividades bra\u00e7ais simples, de [&hellip;]<\/p>\n","protected":false},"author":21,"featured_media":0,"parent":0,"menu_order":0,"comment_status":"closed","ping_status":"closed","template":"","meta":{"footnotes":""},"class_list":["post-38981","page","type-page","status-publish","hentry"],"_links":{"self":[{"href":"https:\/\/wp.ufpel.edu.br\/progep\/wp-json\/wp\/v2\/pages\/38981","targetHints":{"allow":["GET"]}}],"collection":[{"href":"https:\/\/wp.ufpel.edu.br\/progep\/wp-json\/wp\/v2\/pages"}],"about":[{"href":"https:\/\/wp.ufpel.edu.br\/progep\/wp-json\/wp\/v2\/types\/page"}],"author":[{"embeddable":true,"href":"https:\/\/wp.ufpel.edu.br\/progep\/wp-json\/wp\/v2\/users\/21"}],"replies":[{"embeddable":true,"href":"https:\/\/wp.ufpel.edu.br\/progep\/wp-json\/wp\/v2\/comments?post=38981"}],"version-history":[{"count":3,"href":"https:\/\/wp.ufpel.edu.br\/progep\/wp-json\/wp\/v2\/pages\/38981\/revisions"}],"predecessor-version":[{"id":40235,"href":"https:\/\/wp.ufpel.edu.br\/progep\/wp-json\/wp\/v2\/pages\/38981\/revisions\/40235"}],"wp:attachment":[{"href":"https:\/\/wp.ufpel.edu.br\/progep\/wp-json\/wp\/v2\/media?parent=38981"}],"curies":[{"name":"wp","href":"https:\/\/api.w.org\/{rel}","templated":true}]}}