{"id":38962,"date":"2025-12-01T16:48:07","date_gmt":"2025-12-01T19:48:07","guid":{"rendered":"https:\/\/wp.ufpel.edu.br\/progep\/?page_id=38962"},"modified":"2025-12-01T16:48:07","modified_gmt":"2025-12-01T19:48:07","slug":"cargos-tae-auxiliar-de-carpintaria","status":"publish","type":"page","link":"https:\/\/wp.ufpel.edu.br\/progep\/cargos-tae-auxiliar-de-carpintaria\/","title":{"rendered":"Cargos TAE: Auxiliar de Carpintaria"},"content":{"rendered":"\n<div class=\"wp-block-group\"><div class=\"wp-block-group__inner-container is-layout-constrained wp-block-group-is-layout-constrained\">\n<div class=\"wp-block-group\"><div class=\"wp-block-group__inner-container is-layout-constrained wp-block-group-is-layout-constrained\">\n<div class=\"logoTituloModelStyle\"><img class=\"size-medium wp-image-27184 alignleft\" src=\"https:\/\/wp.ufpel.edu.br\/progep\/files\/2025\/03\/logo-progep_atualizacao-nome_AZUL.png\" alt=\"\" \/><\/p>\n<div><strong>Auxiliar de Carpintaria<\/strong><\/div>\n<\/div>\n<hr class=\"hrModelStyle\" \/>\n<div class=\"descriptionModelStyle\">Esta p\u00e1gina apresenta os dados referentes a carreira dos\/as servidores\/as.<\/div>\n<\/div><\/div>\n\n\n\n<div class=\"cargoDescriptionStyle\">\n<div class=\"infoCargo\">N\u00edvel de Classifica\u00e7\u00e3o:\u00a0<strong>A<\/strong><br \/>Denomina\u00e7\u00e3o do cargo:<br \/><strong>Auxiliar de Carpintaria<\/strong><br \/>C\u00f3digo CBO: <strong>&#8212;<\/strong><\/div>\n<div class=\"requisitosCargo\"><span style=\"font-size: 16pt;padding-bottom: 0.5rem\"><strong>Requisitos de Qualifica\u00e7\u00e3o para Ingresso no Cargo<\/strong>:<\/span><br \/><strong>Escolaridade<\/strong>: Fundamental Incompleto<br \/><strong>Outros<\/strong>: (&#8211;)<br \/><strong>Habilita\u00e7\u00e3o Profissional: &#8212;<\/strong><\/div>\n<div class=\"descSumaryCargo\"><span style=\"font-size: 16pt;font-weight: bold;padding-bottom: 0.5rem\">Descri\u00e7\u00e3o Sum\u00e1ria do Cargo:<\/span>\nAuxiliar em todas as atividades de carpintaria tais como: corte, arma\u00e7\u00e3o, instala\u00e7\u00e3o e repara\u00e7\u00e3o de pe\u00e7as de madeira.<br \/> Auxiliar nas atividades de ensino, pesquisa e extens\u00e3o.<\/div>\n<div class=\"atividadesCargo\"><span style=\"font-size: 16pt;font-weight: bold\">Descri\u00e7\u00e3o de Atividades T\u00edpicas do Cargo:<\/span>\n\u00b7Auxiliar na constru\u00e7\u00e3o, encaixe e montagem de arma\u00e7\u00f5es de madeira.<br \/>\n<strong>\u00b7Auxiliar na instala\u00e7\u00e3o e ajuste de esquadrias de madeira e outras pe\u00e7as.<\/strong><br \/>\n\u00b7Auxiliar na constru\u00e7\u00e3o de formas de madeira para concretagem.<br \/>\n<strong>\u00b7Auxiliar no reparo de pe\u00e7as de madeira.<\/strong><br \/>\n\u00b7Transportar instrumentos e equipamentos necess\u00e1rios ao trabalho de carpintaria.<br \/>\n<strong>\u00b7Limpar e efetuar a guarda de equipamentos ap\u00f3s o uso.<\/strong><br \/>\n\u00b7Auxiliar na conserva\u00e7\u00e3o de equipamentos.<br \/>\n<strong>\u00b7Executar outras tarefas de mesma natureza e n\u00edvel de complexidade associadas ao ambiente organizacional.<\/strong>\n<br \/>\n<br \/>\n<strong>Observa\u00e7\u00e3o:<\/strong> Cargo em extin\u00e7\u00e3o.\n<\/div>\n<\/div>\n\n\n\n<p><\/p>\n<\/div><\/div>\n","protected":false},"excerpt":{"rendered":"<p>Auxiliar de Carpintaria Esta p\u00e1gina apresenta os dados referentes a carreira dos\/as servidores\/as. N\u00edvel de Classifica\u00e7\u00e3o:\u00a0ADenomina\u00e7\u00e3o do cargo:Auxiliar de CarpintariaC\u00f3digo CBO: &#8212; Requisitos de Qualifica\u00e7\u00e3o para Ingresso no Cargo:Escolaridade: Fundamental IncompletoOutros: (&#8211;)Habilita\u00e7\u00e3o Profissional: &#8212; Descri\u00e7\u00e3o Sum\u00e1ria do Cargo: Auxiliar em todas as atividades de carpintaria tais como: corte, arma\u00e7\u00e3o, instala\u00e7\u00e3o e repara\u00e7\u00e3o de pe\u00e7as de [&hellip;]<\/p>\n","protected":false},"author":21,"featured_media":0,"parent":0,"menu_order":0,"comment_status":"closed","ping_status":"closed","template":"","meta":{"footnotes":""},"class_list":["post-38962","page","type-page","status-publish","hentry"],"_links":{"self":[{"href":"https:\/\/wp.ufpel.edu.br\/progep\/wp-json\/wp\/v2\/pages\/38962","targetHints":{"allow":["GET"]}}],"collection":[{"href":"https:\/\/wp.ufpel.edu.br\/progep\/wp-json\/wp\/v2\/pages"}],"about":[{"href":"https:\/\/wp.ufpel.edu.br\/progep\/wp-json\/wp\/v2\/types\/page"}],"author":[{"embeddable":true,"href":"https:\/\/wp.ufpel.edu.br\/progep\/wp-json\/wp\/v2\/users\/21"}],"replies":[{"embeddable":true,"href":"https:\/\/wp.ufpel.edu.br\/progep\/wp-json\/wp\/v2\/comments?post=38962"}],"version-history":[{"count":3,"href":"https:\/\/wp.ufpel.edu.br\/progep\/wp-json\/wp\/v2\/pages\/38962\/revisions"}],"predecessor-version":[{"id":38971,"href":"https:\/\/wp.ufpel.edu.br\/progep\/wp-json\/wp\/v2\/pages\/38962\/revisions\/38971"}],"wp:attachment":[{"href":"https:\/\/wp.ufpel.edu.br\/progep\/wp-json\/wp\/v2\/media?parent=38962"}],"curies":[{"name":"wp","href":"https:\/\/api.w.org\/{rel}","templated":true}]}}