{"id":38817,"date":"2025-11-12T10:41:56","date_gmt":"2025-11-12T13:41:56","guid":{"rendered":"https:\/\/wp.ufpel.edu.br\/progep\/?page_id=38817"},"modified":"2026-01-05T15:14:33","modified_gmt":"2026-01-05T18:14:33","slug":"chamada-pubica-08-2025","status":"publish","type":"page","link":"https:\/\/wp.ufpel.edu.br\/progep\/chamada-pubica-08-2025\/","title":{"rendered":"Chamada P\u00fabica 08\/2025"},"content":{"rendered":"\n<p><a href=\"https:\/\/wp.ufpel.edu.br\/progep\/files\/2025\/11\/SEI_3460225_Edital_PROGEP_24-1.pdf\">Chamada P\u00fablica de Remo\u00e7\u00e3o 08\/2025<\/a><\/p>\n\n\n\n<p><a href=\"https:\/\/wp.ufpel.edu.br\/progep\/files\/2026\/01\/SEI_3507928_Edital_PROGEP_26.pdf\">RESULTADO FINAL<\/a><\/p>\n\n\n\n<p><\/p>\n","protected":false},"excerpt":{"rendered":"<p>Chamada P\u00fablica de Remo\u00e7\u00e3o 08\/2025 RESULTADO FINAL<\/p>\n","protected":false},"author":52,"featured_media":0,"parent":0,"menu_order":0,"comment_status":"closed","ping_status":"closed","template":"","meta":{"footnotes":""},"class_list":["post-38817","page","type-page","status-publish","hentry"],"_links":{"self":[{"href":"https:\/\/wp.ufpel.edu.br\/progep\/wp-json\/wp\/v2\/pages\/38817","targetHints":{"allow":["GET"]}}],"collection":[{"href":"https:\/\/wp.ufpel.edu.br\/progep\/wp-json\/wp\/v2\/pages"}],"about":[{"href":"https:\/\/wp.ufpel.edu.br\/progep\/wp-json\/wp\/v2\/types\/page"}],"author":[{"embeddable":true,"href":"https:\/\/wp.ufpel.edu.br\/progep\/wp-json\/wp\/v2\/users\/52"}],"replies":[{"embeddable":true,"href":"https:\/\/wp.ufpel.edu.br\/progep\/wp-json\/wp\/v2\/comments?post=38817"}],"version-history":[{"count":3,"href":"https:\/\/wp.ufpel.edu.br\/progep\/wp-json\/wp\/v2\/pages\/38817\/revisions"}],"predecessor-version":[{"id":39913,"href":"https:\/\/wp.ufpel.edu.br\/progep\/wp-json\/wp\/v2\/pages\/38817\/revisions\/39913"}],"wp:attachment":[{"href":"https:\/\/wp.ufpel.edu.br\/progep\/wp-json\/wp\/v2\/media?parent=38817"}],"curies":[{"name":"wp","href":"https:\/\/api.w.org\/{rel}","templated":true}]}}