{"id":38721,"date":"2025-12-03T14:49:10","date_gmt":"2025-12-03T17:49:10","guid":{"rendered":"https:\/\/wp.ufpel.edu.br\/progep\/?page_id=38721"},"modified":"2025-12-19T11:13:35","modified_gmt":"2025-12-19T14:13:35","slug":"capacitacao-um-novo-jeito-de-trabalhar-assedio-moral-no-trabalho","status":"publish","type":"page","link":"https:\/\/wp.ufpel.edu.br\/progep\/capacitacao-um-novo-jeito-de-trabalhar-assedio-moral-no-trabalho\/","title":{"rendered":"Capacita\u00e7\u00e3o: Um Novo Jeito de Trabalhar: Ass\u00e9dio Moral no Trabalho"},"content":{"rendered":"\n<div class=\"wp-block-group\"><div class=\"wp-block-group__inner-container is-layout-constrained wp-block-group-is-layout-constrained\">\n<div class=\"acaoStyle\">\n<div class=\"cabecalhoAcoes\">\n<div>Um Novo Jeito de Trabalhar: Ass\u00e9dio Moral no Trabalho e Como acolher e oferecer os\nprimeiros cuidados psicol\u00f3gicos<\/div>\n<p>Nesta capacita\u00e7\u00e3o, objetiva-se identificar, prevenir e combater as pr\u00e1ticas de Ass\u00e9dio Moral. E compreender como acolher, identificando os primeiros cuidados psicol\u00f3gicos, quem pode realizar e como fazer o encaminhamento.<\/p>\n<\/div>\n<div class=\"corpoStyle\"><strong>Facilitadoras: <\/strong> Ang\u00e9lica Peter (<em>Psic\u00f3loga\/CSQV<\/em>) e Maria Helena Concei\u00e7\u00e3o Silveira (<em>Psic\u00f3loga\/CSQV<\/em>)\n<p><strong>Data de realiza\u00e7\u00e3o<\/strong>: 19\/11\/2025, ter\u00e7a-feira \u2014 11\/12\/2025, quinta-feira <br \/><strong>Hor\u00e1rio: <\/strong>8h \u00e0s 12h<br \/><strong>Carga hor\u00e1ria<\/strong>: 4h<br \/><strong>N\u00famero de vagas:<\/strong> 50, por ordem de inscri\u00e7\u00e3o<br \/><strong>Modalidade: <\/strong> Presencial<br \/><strong>Local:\u00a0 <\/strong> Audit\u00f3rio da Biblioteca, Campus Anglo<br \/><strong>Ementa: <\/strong><\/p>\n<ul>\n<li>Ass\u00e9dio Moral no Trabalho:\n<ul>\n<li>Ass\u00e9dio Moral &#8211; defini\u00e7\u00f5es;<\/li>\n<li>Fatores do Ass\u00e9dio;<\/li>\n<li>Consequ\u00eancias;<\/li>\n<li>N\u00e3o constitui Ass\u00e9dio Moral;<\/li>\n<li>Diferen\u00e7a entre Conflitos e Ass\u00e9dio Moral;<\/li>\n<li>Provid\u00eancias;<\/li>\n<li>Preven\u00e7\u00e3o;<\/li>\n<li>Legisla\u00e7\u00e3o;<\/li>\n<\/ul>\n<\/li>\n<li>Como acolher e oferecer os primeiros cuidados psicol\u00f3gicos:\n<ul>\n<li>Acolhimento;<\/li>\n<li>O que s\u00e3o os primeiro cuidados psicol\u00f3gicos;<\/li>\n<li>Quem pode fazer;<\/li>\n<li>Encaminhamentos.<\/li>\n<\/ul>\n<\/li>\n<\/ul>\n<p><strong>P\u00fablico Alvo<\/strong>: Servidores(as) docentes, TAE\u2019s e trabalhadores(as) terceirizados(as) ativos(as) da UFPel*.*<\/p>\n<\/div>\n<\/div>\n<\/div><\/div>\n","protected":false},"excerpt":{"rendered":"<p>Um Novo Jeito de Trabalhar: Ass\u00e9dio Moral no Trabalho e Como acolher e oferecer os primeiros cuidados psicol\u00f3gicos Nesta capacita\u00e7\u00e3o, objetiva-se identificar, prevenir e combater as pr\u00e1ticas de Ass\u00e9dio Moral. E compreender como acolher, identificando os primeiros cuidados psicol\u00f3gicos, quem pode realizar e como fazer o encaminhamento. Facilitadoras: Ang\u00e9lica Peter (Psic\u00f3loga\/CSQV) e Maria Helena Concei\u00e7\u00e3o [&hellip;]<\/p>\n","protected":false},"author":21,"featured_media":0,"parent":0,"menu_order":0,"comment_status":"closed","ping_status":"closed","template":"","meta":{"footnotes":""},"class_list":["post-38721","page","type-page","status-publish","hentry"],"_links":{"self":[{"href":"https:\/\/wp.ufpel.edu.br\/progep\/wp-json\/wp\/v2\/pages\/38721","targetHints":{"allow":["GET"]}}],"collection":[{"href":"https:\/\/wp.ufpel.edu.br\/progep\/wp-json\/wp\/v2\/pages"}],"about":[{"href":"https:\/\/wp.ufpel.edu.br\/progep\/wp-json\/wp\/v2\/types\/page"}],"author":[{"embeddable":true,"href":"https:\/\/wp.ufpel.edu.br\/progep\/wp-json\/wp\/v2\/users\/21"}],"replies":[{"embeddable":true,"href":"https:\/\/wp.ufpel.edu.br\/progep\/wp-json\/wp\/v2\/comments?post=38721"}],"version-history":[{"count":2,"href":"https:\/\/wp.ufpel.edu.br\/progep\/wp-json\/wp\/v2\/pages\/38721\/revisions"}],"predecessor-version":[{"id":39599,"href":"https:\/\/wp.ufpel.edu.br\/progep\/wp-json\/wp\/v2\/pages\/38721\/revisions\/39599"}],"wp:attachment":[{"href":"https:\/\/wp.ufpel.edu.br\/progep\/wp-json\/wp\/v2\/media?parent=38721"}],"curies":[{"name":"wp","href":"https:\/\/api.w.org\/{rel}","templated":true}]}}