{"id":38719,"date":"2025-12-03T14:44:47","date_gmt":"2025-12-03T17:44:47","guid":{"rendered":"https:\/\/wp.ufpel.edu.br\/progep\/?page_id=38719"},"modified":"2025-12-19T11:07:43","modified_gmt":"2025-12-19T14:07:43","slug":"capacitacao-um-novo-jeito-de-trabalhar-desafios-da-gestao-de-equipes-hibridas-no-servico-publico","status":"publish","type":"page","link":"https:\/\/wp.ufpel.edu.br\/progep\/capacitacao-um-novo-jeito-de-trabalhar-desafios-da-gestao-de-equipes-hibridas-no-servico-publico\/","title":{"rendered":"Capacita\u00e7\u00e3o: Um Novo Jeito de Trabalhar: desafios da gest\u00e3o de equipes h\u00edbridas no servi\u00e7o p\u00fablico"},"content":{"rendered":"\n<div class=\"wp-block-group\"><div class=\"wp-block-group__inner-container is-layout-constrained wp-block-group-is-layout-constrained\">\n<div class=\"acaoStyle\">\n<div class=\"cabecalhoAcoes\">\n<div>Um Novo Jeito de Trabalhar: desafios da gest\u00e3o de equipes h\u00edbridas no servi\u00e7o p\u00fablico<\/div>\n<p>A capacita\u00e7\u00e3o prop\u00f5e promover a conviv\u00eancia saud\u00e1vel e segura no \u00e2mbito da unidade administrativa.\u00a0Reflex\u00f5es sobre as novas modalidades de trabalho nas rela\u00e7\u00f5es, na organiza\u00e7\u00e3o das tarefas e na condu\u00e7\u00e3o da gest\u00e3o do trabalho e das pessoas, e ainda, discutir e elucidar d\u00favidas relacionadas ao Programa de Gest\u00e3o de Desempenho.<\/p>\n<\/div>\n<div class=\"corpoStyle\"><strong>Facilitadoras: <\/strong> Tha\u00edse Mendes Farias (<em>Coordenadora de Sa\u00fade e Qualidade de Vida\/CSQV<\/em>) e J\u00e9ssica Silva de \u00c1vila (<em>Assistente Social\/CSQV<\/em>)\n<p><strong>Data de realiza\u00e7\u00e3o<\/strong>: 01\/07\/2025, ter\u00e7a-feira<br \/><strong>Hor\u00e1rio: <\/strong>8h \u00e0s 12h<br \/><strong>Carga hor\u00e1ria<\/strong>: 4h<br \/><strong>N\u00famero de vagas:<\/strong> 50, por ordem de inscri\u00e7\u00e3o<br \/><strong>Modalidade: <\/strong> Presencial<br \/><strong>Local:\u00a0 <\/strong> Audit\u00f3rio Acad\u00eamico, Campus Anglo<br \/><strong>Ementa: <\/strong><\/p>\n<ul>\n<li>Promover a conviv\u00eancia digna, saud\u00e1vel e segura no \u00e2mbito da SGTIC;<\/li>\n<li>Levar \u00e0 reflex\u00e3o sobre os reflexos das novas modalidades de trabalho nas rela\u00e7\u00f5es, na organiza\u00e7\u00e3o das tarefas e nas formas de conduzir a gest\u00e3o do trabalho e das pessoas;<\/li>\n<li>Discutir e elucidar d\u00favidas respectivas ao Programa de Gest\u00e3o de Desempenho;<\/li>\n<\/ul>\n<p><strong>P\u00fablico Alvo<\/strong>: Servidores(as) docentes, TAE\u2019s e trabalhadores(as) terceirizados(as) ativos(as) da UFPel*.*<\/p>\n<\/div>\n<\/div>\n<\/div><\/div>\n","protected":false},"excerpt":{"rendered":"<p>Um Novo Jeito de Trabalhar: desafios da gest\u00e3o de equipes h\u00edbridas no servi\u00e7o p\u00fablico A capacita\u00e7\u00e3o prop\u00f5e promover a conviv\u00eancia saud\u00e1vel e segura no \u00e2mbito da unidade administrativa.\u00a0Reflex\u00f5es sobre as novas modalidades de trabalho nas rela\u00e7\u00f5es, na organiza\u00e7\u00e3o das tarefas e na condu\u00e7\u00e3o da gest\u00e3o do trabalho e das pessoas, e ainda, discutir e elucidar [&hellip;]<\/p>\n","protected":false},"author":21,"featured_media":0,"parent":0,"menu_order":0,"comment_status":"closed","ping_status":"closed","template":"","meta":{"footnotes":""},"class_list":["post-38719","page","type-page","status-publish","hentry"],"_links":{"self":[{"href":"https:\/\/wp.ufpel.edu.br\/progep\/wp-json\/wp\/v2\/pages\/38719","targetHints":{"allow":["GET"]}}],"collection":[{"href":"https:\/\/wp.ufpel.edu.br\/progep\/wp-json\/wp\/v2\/pages"}],"about":[{"href":"https:\/\/wp.ufpel.edu.br\/progep\/wp-json\/wp\/v2\/types\/page"}],"author":[{"embeddable":true,"href":"https:\/\/wp.ufpel.edu.br\/progep\/wp-json\/wp\/v2\/users\/21"}],"replies":[{"embeddable":true,"href":"https:\/\/wp.ufpel.edu.br\/progep\/wp-json\/wp\/v2\/comments?post=38719"}],"version-history":[{"count":2,"href":"https:\/\/wp.ufpel.edu.br\/progep\/wp-json\/wp\/v2\/pages\/38719\/revisions"}],"predecessor-version":[{"id":39594,"href":"https:\/\/wp.ufpel.edu.br\/progep\/wp-json\/wp\/v2\/pages\/38719\/revisions\/39594"}],"wp:attachment":[{"href":"https:\/\/wp.ufpel.edu.br\/progep\/wp-json\/wp\/v2\/media?parent=38719"}],"curies":[{"name":"wp","href":"https:\/\/api.w.org\/{rel}","templated":true}]}}