{"id":38717,"date":"2025-12-03T11:34:52","date_gmt":"2025-12-03T14:34:52","guid":{"rendered":"https:\/\/wp.ufpel.edu.br\/progep\/?page_id=38717"},"modified":"2025-12-04T18:11:23","modified_gmt":"2025-12-04T21:11:23","slug":"capacitacao-formacao-administrativa-de-tecnicos-as-administrativos-as-em-educacao-ingressantes","status":"publish","type":"page","link":"https:\/\/wp.ufpel.edu.br\/progep\/capacitacao-formacao-administrativa-de-tecnicos-as-administrativos-as-em-educacao-ingressantes\/","title":{"rendered":"Capacita\u00e7\u00e3o: Forma\u00e7\u00e3o Administrativa de T\u00e9cnicos\/as Administrativos\/as em Educa\u00e7\u00e3o Ingressantes"},"content":{"rendered":"\n<div class=\"wp-block-group\"><div class=\"wp-block-group__inner-container is-layout-constrained wp-block-group-is-layout-constrained\">\n<div class=\"acaoStyle\">\n<div class=\"cabecalhoAcoes\">\n<div>Forma\u00e7\u00e3o Administrativa de T\u00e9cnicos\/as Administrativos\/as em Educa\u00e7\u00e3o Ingressantes 2025\/2<\/div>\n<p>A Forma\u00e7\u00e3o Administrativa aos TAES Ingressantes visa apresentar a UFPEL aos\/as novos\/as servidores\/as  da institui\u00e7\u00e3o, promovendo conhecimento quanto a carreira, jornada e org\u00e3os da UFPEL.<\/p>\n<\/div>\n<div class=\"corpoStyle\"><strong>Facilitador(a): <\/strong>Equipe da Pr\u00f3-Reitoria de Gest\u00e3o com Pessoas \/ (<em>PROGEP<\/em>)<br \/>Equipe da Superintend\u00eancia de Gest\u00e3o de Tecnologia da Informa\u00e7\u00e3o e Comunica\u00e7\u00e3o \/ (<em>SGTIC<\/em>)<br \/>Equipe do Comit\u00ea de Integridade<br \/>Equipe do Sindicato dos Servidores da Universidade Federal de Pelotas \/ (<em>ASUFPEL <\/em>)<br> Equipe da Comiss\u00e3o Interna de Supervis\u00e3o do Plano de Carreira dos Cargos T\u00e9cnico-Administrativos em Educa\u00e7\u00e3o \/ (<em>CIS<\/em>)\n<p><strong>Per\u00edodo<\/strong>: 12\/11\/2025 a 14\/11\/2025<br \/><strong>Hor\u00e1rio: <\/strong>8h \u00e0s 12h\u00a0<br \/><strong>Carga hor\u00e1ria<\/strong>: 20h<br \/><strong>Modalidade: <\/strong>presencial e online (ass\u00edncrono)<br \/><strong>Local:\u00a0 <\/strong>Audit\u00f3rio Acad\u00eamico, Campus Anglo\u00a0<br \/><strong>Ementa: <\/strong><\/p>\n<ul>\n<li>Acolhida dos servidores ingressantes pelos dirigentes m\u00e1ximos da Universidade Federal de Pelotas e Pr\u00f3-Reitora de Gest\u00e3o de Pessoas;<\/li>\n<li>Apresenta\u00e7\u00e3o dos(as) novos(as) servidores(as);<\/li>\n<li>Exposi\u00e7\u00e3o sobre o sistema Cobalto e Seguran\u00e7a da Informa\u00e7\u00e3o<\/li>\n<li>Exposi\u00e7\u00e3o de procedimentos administrativos referentes \u00e0s Coordena\u00e7\u00f5es da PROGEP: Coordena\u00e7\u00e3o de Administra\u00e7\u00e3o de Pessoal, Coordena\u00e7\u00e3o de Sa\u00fade e Qualidade de Vida e Coordena\u00e7\u00e3o de Desenvolvimento de Pessoal;<\/li>\n<li>Comit\u00ea de Integridade e Governan\u00e7a;<\/li>\n<li>Sindicato dos Servidores da Universidade Federal de Pelotas;<\/li>\n<li>Comiss\u00e3o Interna de Supervis\u00e3o do Plano de Carreira dos Cargos T\u00e9cnico-Administrativos em Educa\u00e7\u00e3o.<\/li>\n<\/ul>\n<p><span style=\"font-size: 14pt\"><strong>Contato:<\/strong> cdp.capacita@ufpel.edu.br<\/span><\/p>\n<\/div>\n<\/div>\n<\/div><\/div>\n","protected":false},"excerpt":{"rendered":"<p>Forma\u00e7\u00e3o Administrativa de T\u00e9cnicos\/as Administrativos\/as em Educa\u00e7\u00e3o Ingressantes 2025\/2 A Forma\u00e7\u00e3o Administrativa aos TAES Ingressantes visa apresentar a UFPEL aos\/as novos\/as servidores\/as da institui\u00e7\u00e3o, promovendo conhecimento quanto a carreira, jornada e org\u00e3os da UFPEL. Facilitador(a): Equipe da Pr\u00f3-Reitoria de Gest\u00e3o com Pessoas \/ (PROGEP)Equipe da Superintend\u00eancia de Gest\u00e3o de Tecnologia da Informa\u00e7\u00e3o e Comunica\u00e7\u00e3o \/ [&hellip;]<\/p>\n","protected":false},"author":21,"featured_media":0,"parent":0,"menu_order":0,"comment_status":"closed","ping_status":"closed","template":"","meta":{"footnotes":""},"class_list":["post-38717","page","type-page","status-publish","hentry"],"_links":{"self":[{"href":"https:\/\/wp.ufpel.edu.br\/progep\/wp-json\/wp\/v2\/pages\/38717","targetHints":{"allow":["GET"]}}],"collection":[{"href":"https:\/\/wp.ufpel.edu.br\/progep\/wp-json\/wp\/v2\/pages"}],"about":[{"href":"https:\/\/wp.ufpel.edu.br\/progep\/wp-json\/wp\/v2\/types\/page"}],"author":[{"embeddable":true,"href":"https:\/\/wp.ufpel.edu.br\/progep\/wp-json\/wp\/v2\/users\/21"}],"replies":[{"embeddable":true,"href":"https:\/\/wp.ufpel.edu.br\/progep\/wp-json\/wp\/v2\/comments?post=38717"}],"version-history":[{"count":3,"href":"https:\/\/wp.ufpel.edu.br\/progep\/wp-json\/wp\/v2\/pages\/38717\/revisions"}],"predecessor-version":[{"id":39090,"href":"https:\/\/wp.ufpel.edu.br\/progep\/wp-json\/wp\/v2\/pages\/38717\/revisions\/39090"}],"wp:attachment":[{"href":"https:\/\/wp.ufpel.edu.br\/progep\/wp-json\/wp\/v2\/media?parent=38717"}],"curies":[{"name":"wp","href":"https:\/\/api.w.org\/{rel}","templated":true}]}}