{"id":38715,"date":"2025-11-25T15:27:02","date_gmt":"2025-11-25T18:27:02","guid":{"rendered":"https:\/\/wp.ufpel.edu.br\/progep\/?page_id=38715"},"modified":"2025-12-15T11:06:00","modified_gmt":"2025-12-15T14:06:00","slug":"capacitacao-3a-edicao-do-cine-debate-dialogando-sobre-saude-emocoes-e-bem-estar-especial-de-fim-de-ano","status":"publish","type":"page","link":"https:\/\/wp.ufpel.edu.br\/progep\/capacitacao-3a-edicao-do-cine-debate-dialogando-sobre-saude-emocoes-e-bem-estar-especial-de-fim-de-ano\/","title":{"rendered":"Capacita\u00e7\u00e3o: 3\u00aa Edi\u00e7\u00e3o do Cine Debate &#8211; Dialogando sobre sa\u00fade, emo\u00e7\u00f5es e bem-estar: Especial de fim de ano"},"content":{"rendered":"\n<div class=\"wp-block-group\"><div class=\"wp-block-group__inner-container is-layout-constrained wp-block-group-is-layout-constrained\">\n<div class=\"acaoStyle\">\n<div class=\"cabecalhoAcoes\">\n<div>3\u00aa Edi\u00e7\u00e3o do Cine Debate &#8211; Dialogando sobre sa\u00fade, emo\u00e7\u00f5es e bem-estar: Especial de fim de ano<\/div>\n<p>A atividade consiste na exibi\u00e7\u00e3o de um filme como ponto de partida para a reflex\u00e3o e di\u00e1logo sobre sa\u00fade mental, sendo posteriormente proposta uma discuss\u00e3o sobre a tem\u00e1tica.<\/p>\n<\/div>\n<div class=\"corpoStyle\"><strong>Facilitador(a): <\/strong> Ang\u00e9lica Gon\u00e7alves Peter (<em>Psic\u00f3loga \/ PROGEP<\/em>)\n<p><strong>Data de realiza\u00e7\u00e3o<\/strong>: \u00a012\/12\/2025 (sexta-feira)<br \/><strong>Hor\u00e1rio: <\/strong> 9h \u00e0s 12h<br \/><strong>Carga hor\u00e1ria<\/strong>: 3h<br \/><strong>Modalidade: <\/strong> Presencial<br \/><strong>Local:\u00a0 <\/strong>Cine UFPel &#8211; R. L\u00f4bo da Costa, 447 &#8211; Centro, Pelotas &#8211; RS, 96010-150 &#8211; Junto ao pr\u00e9dio da Ag\u00eancia de Desenvolvimento da Lagoa Mirim da UFPEL<br \/><strong>Ementa: <\/strong><\/p>\n<ul>\n<li>Exibi\u00e7\u00e3o de um filme como ponto de partida para a reflex\u00e3o e di\u00e1logo sobre sa\u00fade mental;<\/li>\n<li>Discuss\u00e3o de tem\u00e1ticas relacionadas \u00e0 sa\u00fade, emo\u00e7\u00f5es e bem-estar;<\/li>\n<li>Abordagem de aspectos sociais, culturais e psicol\u00f3gicos presentes na obra;<\/li>\n<li>Rela\u00e7\u00e3o entre ciclos, produtividade e autocobran\u00e7a;<\/li>\n<li>Contextualiza\u00e7\u00e3o da &#8220;s\u00edndrome de fim de ano&#8221;;<\/li>\n<li>Estrat\u00e9gias de autocuidado para o fim de ano;<\/li>\n<li>Est\u00edmulo \u00e0 constru\u00e7\u00e3o de espa\u00e7os de escuta e acolhimento;<\/li>\n<\/ul>\n<p><strong>P\u00fablico Alvo<\/strong>: Servidores(as) docentes, TAE\u2019s e trabalhadores(as) terceirizados(as) ativos(as) da UFPel*.*<\/p>\n<p><strong>Per\u00edodo de inscri\u00e7\u00e3o<\/strong>: 25\/11 a 09\/12\/2025<\/p>\n<p><strong>Divulga\u00e7\u00e3o das inscri\u00e7\u00f5es homologadas<\/strong>: 10\/12\/2025**, nesta p\u00e1gina.<\/p>\n<p>*Considerando a Pol\u00edtica Nacional de Desenvolvimento de Pessoas, conforme Decreto n\u00ba 9.991\/19, somente ser\u00e3o certificados(as) os(as) servidores(as) p\u00fablicos pertencentes ao Quadro Efetivo da UFPel;<br \/>** Quando homologadas as inscri\u00e7\u00f5es, os(as) selecionados(as) receber\u00e3o e-mail de confirma\u00e7\u00e3o.<\/p>\n<p><strong>Observa\u00e7\u00e3o<\/strong>: A homologa\u00e7\u00e3o das inscri\u00e7\u00f5es dos(as) trabalhadores(as) terceirizados ficar\u00e1 condicionada \u00e0 an\u00e1lise pr\u00e9via e manifesta\u00e7\u00e3o por parte do NUGEST\/PRA.<\/p>\n<p><strong><a href=\"https:\/\/wp.ufpel.edu.br\/progep\/files\/2025\/12\/HOMOLOGACAO-3a-Edicao-do-Cine-Debate-\u2013-Dialogando-sobre-saude-emocoes-e-bem-estar_-Especial-de-fim-de-ano.pdf\" target=\"_blank\" rel=\"noopener\">Confira as inscri\u00e7\u00f5es homologadas aqui!<\/a><\/strong><\/p>\n<p><span style=\"font-size: 14pt\"><strong>Contato:<\/strong> cdp.capacita@ufpel.edu.br<\/span><\/p>\n<\/div>\n<\/div>\n<\/div><\/div>\n","protected":false},"excerpt":{"rendered":"<p>3\u00aa Edi\u00e7\u00e3o do Cine Debate &#8211; Dialogando sobre sa\u00fade, emo\u00e7\u00f5es e bem-estar: Especial de fim de ano A atividade consiste na exibi\u00e7\u00e3o de um filme como ponto de partida para a reflex\u00e3o e di\u00e1logo sobre sa\u00fade mental, sendo posteriormente proposta uma discuss\u00e3o sobre a tem\u00e1tica. Facilitador(a): Ang\u00e9lica Gon\u00e7alves Peter (Psic\u00f3loga \/ PROGEP) Data de realiza\u00e7\u00e3o: [&hellip;]<\/p>\n","protected":false},"author":21,"featured_media":0,"parent":0,"menu_order":0,"comment_status":"closed","ping_status":"closed","template":"","meta":{"footnotes":""},"class_list":["post-38715","page","type-page","status-publish","hentry"],"_links":{"self":[{"href":"https:\/\/wp.ufpel.edu.br\/progep\/wp-json\/wp\/v2\/pages\/38715","targetHints":{"allow":["GET"]}}],"collection":[{"href":"https:\/\/wp.ufpel.edu.br\/progep\/wp-json\/wp\/v2\/pages"}],"about":[{"href":"https:\/\/wp.ufpel.edu.br\/progep\/wp-json\/wp\/v2\/types\/page"}],"author":[{"embeddable":true,"href":"https:\/\/wp.ufpel.edu.br\/progep\/wp-json\/wp\/v2\/users\/21"}],"replies":[{"embeddable":true,"href":"https:\/\/wp.ufpel.edu.br\/progep\/wp-json\/wp\/v2\/comments?post=38715"}],"version-history":[{"count":3,"href":"https:\/\/wp.ufpel.edu.br\/progep\/wp-json\/wp\/v2\/pages\/38715\/revisions"}],"predecessor-version":[{"id":39212,"href":"https:\/\/wp.ufpel.edu.br\/progep\/wp-json\/wp\/v2\/pages\/38715\/revisions\/39212"}],"wp:attachment":[{"href":"https:\/\/wp.ufpel.edu.br\/progep\/wp-json\/wp\/v2\/media?parent=38715"}],"curies":[{"name":"wp","href":"https:\/\/api.w.org\/{rel}","templated":true}]}}