{"id":38714,"date":"2025-11-18T10:42:23","date_gmt":"2025-11-18T13:42:23","guid":{"rendered":"https:\/\/wp.ufpel.edu.br\/progep\/?page_id=38714"},"modified":"2025-12-18T14:08:58","modified_gmt":"2025-12-18T17:08:58","slug":"capacitacao-em-primeiros-socorros-para-servidores-as-da-ufpel","status":"publish","type":"page","link":"https:\/\/wp.ufpel.edu.br\/progep\/capacitacao-em-primeiros-socorros-para-servidores-as-da-ufpel\/","title":{"rendered":"Capacita\u00e7\u00e3o em Primeiros Socorros para Servidores\/as da UFPEL"},"content":{"rendered":"\n<div class=\"wp-block-group\"><div class=\"wp-block-group__inner-container is-layout-constrained wp-block-group-is-layout-constrained\">\n<div class=\"acaoStyle\">\n<div class=\"cabecalhoAcoes\">\n<div style=\"padding: 1rem;color: yellow;background-color: red;margin: 0 1rem 1rem;border-radius: 0.75rem\"> ATEN\u00c7\u00c3O! NOVA DATA!<\/div>\n<div><strong>Capacita\u00e7\u00e3o em Primeiros Socorros para Servidores\/as da UFPEL<\/strong><\/div>\n<p>A capacita\u00e7\u00e3o tem o objetivo de abordar as no\u00e7\u00f5es b\u00e1sicas de primeiros socorros, entre elas a t\u00e9cnica de desengasgo, situa\u00e7\u00f5es de parada cardiorrespirat\u00f3ria, e ainda, outras situa\u00e7\u00f5es de emerg\u00eancias comuns.\u00a0<\/p>\n<\/div>\n<div class=\"corpoStyle\">\n<strong>Facilitadores(as): <\/strong> Guilherme Pachon Cavada (<em>Enfermeiro da CSVQ\/PROGEP)<\/em><br \/>\nDeciane Pintanela de Carvalho (<em>Enfermeira da CSVQ\/PROGEP)<\/em><br \/>\nAline da Rosa Pizarro (<em>Enfermeira da CSVQ\/PROGEP<\/em>)<br \/>\nT\u00e2nia Luiza Vieira Stigger (<em>T\u00e9cnica em Enfermagem da CSVQ\/PROGEP<\/em>)\n<p><strong>Data de realiza\u00e7\u00e3o:<\/strong> <s>10\/12\/2025<\/s> <span style=\"color: red;font-weight: bold\">17\/12\/2025<\/span> (quarta-feira)<br \/>\n<strong>Hor\u00e1rio: <\/strong>das 8h30min \u00e0s 12h00min<br \/>\n<strong>Carga hor\u00e1ria<\/strong>: 3h30min<br \/>\n<strong>N\u00famero de vagas:<\/strong> 30 (por ordem de inscri\u00e7\u00e3o)<br \/>\n<strong>Modalidade: <\/strong>Presencial <br \/>\n<strong>Local: <\/strong> Audit\u00f3rio da Reitoria &#8211; Campus Anglo\/UFPEL <\/p> \n<strong>Ementa:<\/strong>\n<ul>\n<li>No\u00e7\u00f5es b\u00e1sicas de primeiros socorros;<\/li>\n<li>T\u00e9cnica de desengasgo;\u00a0<\/li>\n<li>Capacita\u00e7\u00e3o em Parada Cardiorrespirat\u00f3ria;<\/li>\n<li>\u00a0Como manejar crises convulsivas;<\/li>\n<li>Outras situa\u00e7\u00f5es de emerg\u00eancias comuns.<\/li>\n<\/ul>\n<p><strong>P\u00fablico Alvo<\/strong>: Servidores(as) docentes, TAE\u2019s e trabalhadores(as) terceirizados(as) ativos(as) da UFPel*.*<\/p>\n<p><strong>Per\u00edodo de inscri\u00e7\u00e3o<\/strong>: 18\/11 a 07\/12\/2025<\/p>\n<p><strong>Divulga\u00e7\u00e3o das inscri\u00e7\u00f5es homologadas<\/strong>: 08\/12\/2025**, nesta p\u00e1gina.<\/p>\n<p>*Considerando a Pol\u00edtica Nacional de Desenvolvimento de Pessoas, conforme Decreto n\u00ba 9.991\/19, somente ser\u00e3o certificados(as) os(as) servidores(as) p\u00fablicos pertencentes ao Quadro Efetivo da UFPel;<br \/>** Quando homologadas as inscri\u00e7\u00f5es, os(as) selecionados(as) receber\u00e3o e-mail de confirma\u00e7\u00e3o com instru\u00e7\u00f5es.<\/p>\n<p><strong>Observa\u00e7\u00e3o<\/strong>: A homologa\u00e7\u00e3o das inscri\u00e7\u00f5es dos(as) trabalhadores(as) terceirizados ficar\u00e1 condicionada \u00e0 an\u00e1lise pr\u00e9via e manifesta\u00e7\u00e3o por parte do NUGEST\/PRA.<\/p>\n\n<p>\n<strong> <a href=\"https:\/\/wp.ufpel.edu.br\/progep\/files\/2025\/12\/HOMOLOGACAO-Capacitacao-em-Primeiros-Socorros-para-Servidores_as-da-UFPEL-.pdf\"> Confira as inscri\u00e7\u00f5es homologadas aqui!<\/a> <\/strong>\n<\/p>\n\n<p><span style=\"font-size: 14pt\"><strong>Contato:<\/strong> cdp.capacita@ufpel.edu.br<\/span><\/p>\n<\/div>\n<\/div><\/div>\n","protected":false},"excerpt":{"rendered":"<p>ATEN\u00c7\u00c3O! NOVA DATA! Capacita\u00e7\u00e3o em Primeiros Socorros para Servidores\/as da UFPEL A capacita\u00e7\u00e3o tem o objetivo de abordar as no\u00e7\u00f5es b\u00e1sicas de primeiros socorros, entre elas a t\u00e9cnica de desengasgo, situa\u00e7\u00f5es de parada cardiorrespirat\u00f3ria, e ainda, outras situa\u00e7\u00f5es de emerg\u00eancias comuns.\u00a0 Facilitadores(as): Guilherme Pachon Cavada (Enfermeiro da CSVQ\/PROGEP) Deciane Pintanela de Carvalho (Enfermeira da CSVQ\/PROGEP) [&hellip;]<\/p>\n","protected":false},"author":21,"featured_media":0,"parent":0,"menu_order":0,"comment_status":"closed","ping_status":"closed","template":"","meta":{"footnotes":""},"class_list":["post-38714","page","type-page","status-publish","hentry"],"_links":{"self":[{"href":"https:\/\/wp.ufpel.edu.br\/progep\/wp-json\/wp\/v2\/pages\/38714","targetHints":{"allow":["GET"]}}],"collection":[{"href":"https:\/\/wp.ufpel.edu.br\/progep\/wp-json\/wp\/v2\/pages"}],"about":[{"href":"https:\/\/wp.ufpel.edu.br\/progep\/wp-json\/wp\/v2\/types\/page"}],"author":[{"embeddable":true,"href":"https:\/\/wp.ufpel.edu.br\/progep\/wp-json\/wp\/v2\/users\/21"}],"replies":[{"embeddable":true,"href":"https:\/\/wp.ufpel.edu.br\/progep\/wp-json\/wp\/v2\/comments?post=38714"}],"version-history":[{"count":3,"href":"https:\/\/wp.ufpel.edu.br\/progep\/wp-json\/wp\/v2\/pages\/38714\/revisions"}],"predecessor-version":[{"id":39523,"href":"https:\/\/wp.ufpel.edu.br\/progep\/wp-json\/wp\/v2\/pages\/38714\/revisions\/39523"}],"wp:attachment":[{"href":"https:\/\/wp.ufpel.edu.br\/progep\/wp-json\/wp\/v2\/media?parent=38714"}],"curies":[{"name":"wp","href":"https:\/\/api.w.org\/{rel}","templated":true}]}}