{"id":38704,"date":"2025-11-04T15:23:31","date_gmt":"2025-11-04T18:23:31","guid":{"rendered":"https:\/\/wp.ufpel.edu.br\/progep\/?page_id=38704"},"modified":"2025-12-10T14:25:44","modified_gmt":"2025-12-10T17:25:44","slug":"capacitacao-saude-mental-e-trabalho-possiveis-caminhos-para-a-promocao-do-bem-estar-laboral","status":"publish","type":"page","link":"https:\/\/wp.ufpel.edu.br\/progep\/capacitacao-saude-mental-e-trabalho-possiveis-caminhos-para-a-promocao-do-bem-estar-laboral\/","title":{"rendered":"Capacita\u00e7\u00e3o: Sa\u00fade Mental e Trabalho: Poss\u00edveis caminhos para a promo\u00e7\u00e3o do bem estar laboral"},"content":{"rendered":"\n<div class=\"wp-block-group\"><div class=\"wp-block-group__inner-container is-layout-constrained wp-block-group-is-layout-constrained\">\n<div class=\"acaoStyle\">\n<div class=\"cabecalhoAcoes\">\n<div>Sa\u00fade Mental e Trabalho: Poss\u00edveis caminhos para a promo\u00e7\u00e3o do bem estar laboral<\/div>\n<p>A capacita\u00e7\u00e3o tem o intuito de favorecer a constru\u00e7\u00e3o de di\u00e1logos e compet\u00eancias relacionadas ao contexto de sa\u00fade mental no trabalho, auxiliando na identifica\u00e7\u00e3o de poss\u00edveis fatores de risco e prote\u00e7\u00e3o no ambiente laboral, bem como facilitar a ado\u00e7\u00e3o de pr\u00e1ticas relacionadas \u00e0 promo\u00e7\u00e3o de sa\u00fade e bem estar pelos participantes.<\/p>\n<\/div>\n<div class=\"corpoStyle\"><strong>Facilitadoras: <\/strong> Maria Helena Concei\u00e7\u00e3o Silveira (<em>Psic\u00f3loga \/ Pr\u00f3-Reitoria de Gest\u00e3o com Pessoas<\/em>) e Alice Rosa do Amaral (Discente do Curso de Psicologia\/ Estagi\u00e1ria em Psicologia Organizacional &#8211; CSQV\/PROGEP)\n<p><strong> Per\u00edodo de realiza\u00e7\u00e3o<\/strong>: 26 de novembro a 17 de dezembro (\u00e0s quartas-feiras)<br \/><strong>Hor\u00e1rio: <\/strong>14h \u00e0s 17h<br \/><strong>Carga hor\u00e1ria<\/strong>: 12h<br \/><strong>N\u00famero de vagas:<\/strong> 20 (por ordem de inscri\u00e7\u00e3o)<br \/><strong>Modalidade: <\/strong> Presencial <br \/><strong>Local:\u00a0 <\/strong><span style=\"color: #333333\">Campus Anglo &#8211;\u00a0 Audit\u00f3rio da Biblioteca\u00a0<\/span><br \/><strong>Ementa: <\/strong><\/p>\n<ul>\n<li>Sentidos e significados da sa\u00fade mental no contexto laboral;<\/li>\n<li>Adoecimentos relacionados ao trabalho;<\/li>\n<li>Estresse ocupacional e estrat\u00e9gias de enfrentamento;<\/li>\n<li>Pr\u00e1tica de Mindfulness;<\/li>\n<li>Ass\u00e9dio moral;<\/li>\n<li>Promovendo qualidade de vida no trabalho<\/li>\n<\/ul>\n<p><strong>P\u00fablico Alvo<\/strong>: Servidores(as) docentes, TAE\u2019s e trabalhadores(as) terceirizados(as) ativos(as) da UFPel*.*<\/p>\n<p><strong>Per\u00edodo de inscri\u00e7\u00e3o<\/strong>: <span style=\"color: #333333\">10\/11 a 23\/11\/2025<\/span><\/p>\n<p><strong>Divulga\u00e7\u00e3o das inscri\u00e7\u00f5es homologadas<\/strong>: <span style=\"color: #333333\">24\/11\/2025<\/span>**, nesta p\u00e1gina.<\/p>\n<p>*Considerando a Pol\u00edtica Nacional de Desenvolvimento de Pessoas, conforme Decreto n\u00ba 9.991\/19, somente ser\u00e3o certificados(as) os(as) servidores(as) p\u00fablicos pertencentes ao Quadro Efetivo da UFPel;<br \/>** Quando homologadas as inscri\u00e7\u00f5es, os(as) selecionados(as) receber\u00e3o e-mail de confirma\u00e7\u00e3o com instru\u00e7\u00f5es.<\/p>\n<p><strong>Observa\u00e7\u00e3o<\/strong>: A homologa\u00e7\u00e3o das inscri\u00e7\u00f5es dos(as) trabalhadores(as) terceirizados ficar\u00e1 condicionada \u00e0 an\u00e1lise pr\u00e9via e manifesta\u00e7\u00e3o por parte do NUGEST\/PRA.<\/p>\n<p><strong><a href=\"https:\/\/wp.ufpel.edu.br\/progep\/files\/2025\/11\/HOMOLOGACAO-Saude-Mental-e-Trabalho_-Possiveis-caminhos-para-a-promocao-do-bem-estar-laboral.pdf\" target=\"_blank\" rel=\"noopener\">Confira as inscri\u00e7\u00f5es homologados aqui!<\/a><\/strong><\/p>\n<p><span style=\"font-size: 14pt\"><strong>Contato:<\/strong> cdp.capacita@ufpel.edu.br<\/span><\/p>\n<\/div>\n<\/div>\n<\/div><\/div>\n","protected":false},"excerpt":{"rendered":"<p>Sa\u00fade Mental e Trabalho: Poss\u00edveis caminhos para a promo\u00e7\u00e3o do bem estar laboral A capacita\u00e7\u00e3o tem o intuito de favorecer a constru\u00e7\u00e3o de di\u00e1logos e compet\u00eancias relacionadas ao contexto de sa\u00fade mental no trabalho, auxiliando na identifica\u00e7\u00e3o de poss\u00edveis fatores de risco e prote\u00e7\u00e3o no ambiente laboral, bem como facilitar a ado\u00e7\u00e3o de pr\u00e1ticas relacionadas [&hellip;]<\/p>\n","protected":false},"author":21,"featured_media":0,"parent":0,"menu_order":0,"comment_status":"closed","ping_status":"closed","template":"","meta":{"footnotes":""},"class_list":["post-38704","page","type-page","status-publish","hentry"],"_links":{"self":[{"href":"https:\/\/wp.ufpel.edu.br\/progep\/wp-json\/wp\/v2\/pages\/38704","targetHints":{"allow":["GET"]}}],"collection":[{"href":"https:\/\/wp.ufpel.edu.br\/progep\/wp-json\/wp\/v2\/pages"}],"about":[{"href":"https:\/\/wp.ufpel.edu.br\/progep\/wp-json\/wp\/v2\/types\/page"}],"author":[{"embeddable":true,"href":"https:\/\/wp.ufpel.edu.br\/progep\/wp-json\/wp\/v2\/users\/21"}],"replies":[{"embeddable":true,"href":"https:\/\/wp.ufpel.edu.br\/progep\/wp-json\/wp\/v2\/comments?post=38704"}],"version-history":[{"count":3,"href":"https:\/\/wp.ufpel.edu.br\/progep\/wp-json\/wp\/v2\/pages\/38704\/revisions"}],"predecessor-version":[{"id":39182,"href":"https:\/\/wp.ufpel.edu.br\/progep\/wp-json\/wp\/v2\/pages\/38704\/revisions\/39182"}],"wp:attachment":[{"href":"https:\/\/wp.ufpel.edu.br\/progep\/wp-json\/wp\/v2\/media?parent=38704"}],"curies":[{"name":"wp","href":"https:\/\/api.w.org\/{rel}","templated":true}]}}