{"id":38693,"date":"2025-11-04T10:23:08","date_gmt":"2025-11-04T13:23:08","guid":{"rendered":"https:\/\/wp.ufpel.edu.br\/progep\/?page_id=38693"},"modified":"2025-11-04T10:23:08","modified_gmt":"2025-11-04T13:23:08","slug":"capacitacao-mes-doa-servidora-da-ufpel-2025","status":"publish","type":"page","link":"https:\/\/wp.ufpel.edu.br\/progep\/capacitacao-mes-doa-servidora-da-ufpel-2025\/","title":{"rendered":"Capacita\u00e7\u00e3o: M\u00eas do(a) Servidor(a) da UFPEL 2025"},"content":{"rendered":"<div class=\"mesServidorUFPEL2025\">\n<div class=\"headerMesServidor\">\n<div class=\"imagesMesServidor\">\n<img class=\"logoMesServidor\" src=\"https:\/\/wp.ufpel.edu.br\/progep\/files\/2025\/09\/logo-Mes-Pessoa-Servidora.png\">\n<\/div>\n<div class=\"blocoTitle\">M\u00eas da Pessoa Servidora da UFPEL 2025<\/div>\n<hr style=\"width: 80%;margin: 1rem auto;background-color: white\" \/>\n<div class=\"imagesMesServidor\">\n<img src=\"https:\/\/wp.ufpel.edu.br\/progep\/files\/2025\/04\/webmail.ufpel_.edu-2.png\"><br \/>\n<img src=\"https:\/\/wp.ufpel.edu.br\/progep\/files\/2025\/03\/logo-progep_atualizacao-nome_BRANCO-1.png\"><br \/>\n<img src=\"https:\/\/wp.ufpel.edu.br\/progep\/files\/2025\/03\/marca-ufpel-BRANCA.png\"><\/p>\n<\/div>\n<\/div>\n<div class=\"bodyMesServidor\">\n<div class=\"paragrafoComumStyle\">Para celebrar o <strong>M\u00eas da Pessoa Servidora P\u00fablica<\/strong>, comemorado no dia 28 de outubro, a Coordena\u00e7\u00e3o de Desenvolvimento de Pessoal, em parceria com a Coordena\u00e7\u00e3o de Sa\u00fade e Qualidade de Vida, da Pr\u00f3-Reitoria de Gest\u00e3o com Pessoas, oferecer\u00e1 diversas a\u00e7\u00f5es dedicadas \u00e0s Pessoas Servidoras da Universidade Federal de Pelotas.<\/div>\n<div class=\"paragrafoComumStyle\">Durante este m\u00eas, preparamos uma programa\u00e7\u00e3o repleta de atividades \u00e0s pessoas servidoras, proporcionando momentos de aprendizado, integra\u00e7\u00e3o e cuidados com a sa\u00fade.<\/div>\n<p><\/p>\n<hr style=\"width: 80%;margin: 1rem auto\" \/>\n<div class=\"titleComumStyle\"><strong>PROGRAMA\u00c7\u00c3O DO M\u00caS DA PESSOA SERVIDORA<\/strong><\/div>\n<div class=\"calendarMesServidorStyle\">\n<div class=\"lineCalendarMesServidorStyle\">\n<div class=\"dataMesServidorStyle\">08\/10<\/div>\n<p><a href=\"https:\/\/wp.ufpel.edu.br\/progep\/capacitacao-oficina-de-aromaterapia-receitinhas-aromaticas\/\">Oficina de Aromaterapia: Receitinhas Arom\u00e1ticas<\/a>\n<\/div>\n<div class=\"lineCalendarMesServidorStyle\">\n<div class=\"dataMesServidorStyle\">09\/10<\/div>\n<p><a href=\"https:\/\/wp.ufpel.edu.br\/progep\/capacitacao-desafio-e-movimento-imersao-pratica-em-lutas\/\">Desafio e movimento: imers\u00e3o pr\u00e1tica em lutas<\/a>\n<\/div>\n<div class=\"lineCalendarMesServidorStyle\">\n<div class=\"dataMesServidorStyle\">09\/10<\/div>\n<p><a href=\"https:\/\/wp.ufpel.edu.br\/progep\/capacitacao-do-grao-a-xicara-os-segredos-dos-cafes-especiais\/\">\u201cDo gr\u00e3o \u00e0 x\u00edcara: os segredos dos Caf\u00e9s especiais\u201d<\/a>\n<\/div>\n<div class=\"lineCalendarMesServidorStyle\">\n<div class=\"dataMesServidorStyle\">10\/10<\/div>\n<p><a href=\"https:\/\/wp.ufpel.edu.br\/progep\/capacitacao-uma-pausa-consciente-vamos-praticar-mindfulness\/\">Uma pausa consciente: vamos praticar mindfulness?<\/a>\n<\/div>\n<div class=\"lineCalendarMesServidorStyle\">\n<div class=\"dataMesServidorStyle\">10\/10<\/div>\n<p><a href=\"https:\/\/wp.ufpel.edu.br\/progep\/capacitacao-dramaturgia-do-corpo-presenca-e-significados\/\">Dramaturgia do corpo \u2013 presen\u00e7a e significados<\/a>\n<\/div>\n<div class=\"lineCalendarMesServidorStyle\">\n<div class=\"dataMesServidorStyle\">13\/10<\/div>\n<p><a href=\"https:\/\/wp.ufpel.edu.br\/progep\/capacitacao-plantas-medicinais-no-cuidado-a-feridas-com-preparo-de-pomada\/\">Plantas medicinais no cuidado a feridas com preparo de pomada<\/a>\n<\/div>\n<div class=\"lineCalendarMesServidorStyle\">\n<div class=\"dataMesServidorStyle\">14\/10<\/div>\n<p><a href=\"https:\/\/wp.ufpel.edu.br\/progep\/capacitacao-cultivando-o-equilibrio-do-corpo-e-da-mente\/\">Cultivando o equil\u00edbrio do corpo e da mente<\/a>\n<\/div>\n<div class=\"lineCalendarMesServidorStyle\">\n<div class=\"dataMesServidorStyle\">14\/10<\/div>\n<p><a href=\"https:\/\/wp.ufpel.edu.br\/progep\/capacitacao-visita-guiada-predios-da-ufpel\/ \">Visita Monitorada aos Pr\u00e9dios da UFPel &#8211; Centro Hist\u00f3rico<\/a>\n<\/div>\n<div class=\"lineCalendarMesServidorStyle\">\n<div class=\"dataMesServidorStyle\">15\/10<\/div>\n<p><a href=\"https:\/\/wp.ufpel.edu.br\/progep\/capacitacao-meu-1o-amigurumi-nocoes-basicas-para-iniciantes\/\">Oficina criativa Terap\u00eautica: Meu primeiro amigurumi<\/a>\n<\/div>\n<div class=\"lineCalendarMesServidorStyle\">\n<div class=\"dataMesServidorStyle\">16\/10<\/div>\n<p><a href=\"https:\/\/wp.ufpel.edu.br\/progep\/capacitacao-conhecendo-o-projeto-pet-terapia\/\"> NOVA DATA! Conhecendo o Projeto Pet Terapia <\/a>\n<\/div>\n<div class=\"lineCalendarMesServidorStyle\">\n<div class=\"dataMesServidorStyle\">16\/10<\/div>\n<p><a href=\"https:\/\/wp.ufpel.edu.br\/progep\/capacitacao-doces-que-encantam-brigadeiros-gourmet\/\">Doces que encantam: brigadeiros gourmet<\/a>\n<\/div>\n<div class=\"lineCalendarMesServidorStyle\">\n<div class=\"dataMesServidorStyle\">17\/10<\/div>\n<p><a href=\"https:\/\/wp.ufpel.edu.br\/progep\/capacitacao-livro-me-tornar-se-livro\/\">Livro-me: tornar-se livro<\/a>\n<\/div>\n<div class=\"lineCalendarMesServidorStyle\">\n<div class=\"dataMesServidorStyle\">18\/10<\/div>\n<p><a href=\"https:\/\/wp.ufpel.edu.br\/progep\/capacitacao-3a-edicao-do-torneio-de-volei\/\">3\u00aa Edi\u00e7\u00e3o do Torneio de V\u00f4lei <\/a>\n<\/div>\n<div class=\"lineCalendarMesServidorStyle\">\n<div class=\"dataMesServidorStyle\">22\/10<\/div>\n<p><a href=\"https:\/\/wp.ufpel.edu.br\/progep\/capacitacao-trilha-da-palma\/\"> NOVO LOCAL DE SA\u00cdDA! Trilha da Palma<\/a>\n<\/div>\n<div class=\"lineCalendarMesServidorStyle\">\n<div class=\"dataMesServidorStyle\">28\/10<\/div>\n<p><a href=\"https:\/\/wp.ufpel.edu.br\/progep\/capacitacao-pics-no-deck-dia-da-pessoa-servidora-manha\/\">PICS no Deck &#8211; Manh\u00e3 \/ Auriculoterapia \/ Reiki \/ Mindfulness \/ Hatha Yoga<\/a>\n<\/div>\n<div class=\"lineCalendarMesServidorStyle\">\n<div class=\"dataMesServidorStyle\">28\/10<\/div>\n<p><a href=\"https:\/\/wp.ufpel.edu.br\/progep\/capacitacao-pics-no-deck-tarde\/\">PICS no Deck &#8211; Tarde \/ Auriculoterapia \/ Reiki \/ Escalda-p\u00e9s \/ Mindfulness<\/a>\n<\/div>\n<div class=\"lineCalendarMesServidorStyle\">\n<div class=\"dataMesServidorStyle\">28\/10<\/div>\n<p><a href=\"https:\/\/wp.ufpel.edu.br\/progep\/capacitacao-aulao-de-ritmos\/\">Aul\u00e3o de Ritmos<\/a>\n<\/div>\n<div class=\"lineCalendarMesServidorStyle\">\n<div class=\"dataMesServidorStyle\">31\/10<\/div>\n<p><a href=\"https:\/\/wp.ufpel.edu.br\/progep\/capacitacao-conectar-se-a-partir-da-linguagem-teatral\/\">NOVA DATA! Conectar-se a partir da Linguagem Teatral<\/a>\n<\/div>\n<div class=\"lineCalendarMesServidorStyle\">\n<div class=\"dataMesServidorStyle\">31\/10<\/div>\n<p><a href=\"https:\/\/wp.ufpel.edu.br\/progep\/capacitacao-uma-tarde-com-chas-e-origami-a-lenda-do-tsuru-encontro-para-a-saude-boa-sorte-felicidade-longevidade-e-fortuna\/\">NOVA DATA! Uma tarde terap\u00eautica com ch\u00e1s e origamis: A Lenda do Tsuru<\/a>\n<\/div>\n<\/div>\n<div class=\"prevLegal footerMesServidor\" style=\"text-align: center\"><strong>Contato:<\/strong> cdp.capacita@ufpel.edu.br<\/div>\n<\/div>\n<\/div>\n","protected":false},"excerpt":{"rendered":"<p>M\u00eas da Pessoa Servidora da UFPEL 2025 Para celebrar o M\u00eas da Pessoa Servidora P\u00fablica, comemorado no dia 28 de outubro, a Coordena\u00e7\u00e3o de Desenvolvimento de Pessoal, em parceria com a Coordena\u00e7\u00e3o de Sa\u00fade e Qualidade de Vida, da Pr\u00f3-Reitoria de Gest\u00e3o com Pessoas, oferecer\u00e1 diversas a\u00e7\u00f5es dedicadas \u00e0s Pessoas Servidoras da Universidade Federal de [&hellip;]<\/p>\n","protected":false},"author":21,"featured_media":0,"parent":0,"menu_order":0,"comment_status":"closed","ping_status":"closed","template":"page-sem-sidebar.php","meta":{"footnotes":""},"class_list":["post-38693","page","type-page","status-publish","hentry"],"_links":{"self":[{"href":"https:\/\/wp.ufpel.edu.br\/progep\/wp-json\/wp\/v2\/pages\/38693","targetHints":{"allow":["GET"]}}],"collection":[{"href":"https:\/\/wp.ufpel.edu.br\/progep\/wp-json\/wp\/v2\/pages"}],"about":[{"href":"https:\/\/wp.ufpel.edu.br\/progep\/wp-json\/wp\/v2\/types\/page"}],"author":[{"embeddable":true,"href":"https:\/\/wp.ufpel.edu.br\/progep\/wp-json\/wp\/v2\/users\/21"}],"replies":[{"embeddable":true,"href":"https:\/\/wp.ufpel.edu.br\/progep\/wp-json\/wp\/v2\/comments?post=38693"}],"version-history":[{"count":1,"href":"https:\/\/wp.ufpel.edu.br\/progep\/wp-json\/wp\/v2\/pages\/38693\/revisions"}],"predecessor-version":[{"id":38696,"href":"https:\/\/wp.ufpel.edu.br\/progep\/wp-json\/wp\/v2\/pages\/38693\/revisions\/38696"}],"wp:attachment":[{"href":"https:\/\/wp.ufpel.edu.br\/progep\/wp-json\/wp\/v2\/media?parent=38693"}],"curies":[{"name":"wp","href":"https:\/\/api.w.org\/{rel}","templated":true}]}}