{"id":38663,"date":"2025-11-03T15:38:24","date_gmt":"2025-11-03T18:38:24","guid":{"rendered":"https:\/\/wp.ufpel.edu.br\/progep\/?page_id=38663"},"modified":"2025-12-05T18:43:32","modified_gmt":"2025-12-05T21:43:32","slug":"capacitacao-prevencao-e-enfrentamento-da-violencia-fisica-e-psicologica-nas-instituicoes-de-ensino-superior","status":"publish","type":"page","link":"https:\/\/wp.ufpel.edu.br\/progep\/capacitacao-prevencao-e-enfrentamento-da-violencia-fisica-e-psicologica-nas-instituicoes-de-ensino-superior\/","title":{"rendered":"Capacita\u00e7\u00e3o: Preven\u00e7\u00e3o e Enfrentamento da Viol\u00eancia F\u00edsica e Psicol\u00f3gica nas Institui\u00e7\u00f5es de Ensino Superior"},"content":{"rendered":"\n<div class=\"wp-block-group\"><div class=\"wp-block-group__inner-container is-layout-constrained wp-block-group-is-layout-constrained\">\n<div class=\"acaoStyle\">\n<div class=\"cabecalhoAcoes\">\n<div>Preven\u00e7\u00e3o e Enfrentamento da Viol\u00eancia F\u00edsica e Psicol\u00f3gica nas Institui\u00e7\u00f5es de Ensino Superior<\/div>\n<p>Esta capacita\u00e7\u00e3o tem o intuito de abordar os principais fatores que contribuem para a viol\u00eancia nas rela\u00e7\u00f5es de trabalho, incluindo o ass\u00e9dio moral e sexual, bem como outras formas de viol\u00eancia, como f\u00edsica, patrimonial e discrimina\u00e7\u00e3o. Prop\u00f5e a identifica\u00e7\u00e3o de comportamentos inadequados, o conhecimento da legisla\u00e7\u00e3o vigente e das pol\u00edticas institucionais, al\u00e9m de destacar o papel das lideran\u00e7as e das equipes na constru\u00e7\u00e3o de um ambiente de trabalho \u00e9tico, respeitoso e inclusivo. Al\u00e9m disso, busca promover a conscientiza\u00e7\u00e3o e a mudan\u00e7a cultural necess\u00e1rias para prevenir e combater tais pr\u00e1ticas.<\/p>\n<\/div>\n<div class=\"corpoStyle\"><strong>Facilitador(a): <\/strong> Maria Helena Concei\u00e7\u00e3o Silveira (<em> Psic\u00f3loga \/ Pr\u00f3-Reitoria de Gest\u00e3o com Pessoas \/ PROGEP \/ UFPEL<\/em>)<\/p>\n<p><strong>Data de realiza\u00e7\u00e3o<\/strong><\/span>: 27 de novembro de 2025 (quinta-feira)<br \/><strong>Hor\u00e1rio: <\/strong>15h \u00e0s 18h<\/span><br \/><strong>Carga hor\u00e1ria<\/strong>: 3h<br \/><strong>Modalidade: <\/strong> Online <br \/><strong>Local:\u00a0 <\/strong> Plataforma Webconf <br \/><strong>Ementa: <\/strong><\/p>\n<ul>\n<li>Contexto e condutas que predisp\u00f5em \u00e0 viol\u00eancia nas rela\u00e7\u00f5es de trabalho;<\/li>\n<li>Ass\u00e9dio moral e sexual, conceitos, caracter\u00edsticas;<\/li>\n<li>Outras viol\u00eancias (F\u00edsica; Patrimonial; Discrimina\u00e7\u00e3o);<\/li>\n<li>Identifica\u00e7\u00e3o de comportamentos inadequados;<\/li>\n<li>Legisla\u00e7\u00e3o aplic\u00e1vel e pol\u00edticas institucionais;<\/li>\n<li>Papel das lideran\u00e7as e da equipe na promo\u00e7\u00e3o de um ambiente de trabalho respeitoso e inclusivo;<\/li>\n<li>Mudan\u00e7a de cultura \u2013 conhecer para evitar.<\/li>\n<\/ul>\n<p><strong>P\u00fablico Alvo<\/strong>: Servidores(as) docentes, TAE\u2019s e trabalhadores(as) terceirizados(as) ativos(as) da UFPel*.*<\/p>\n<p><strong>Per\u00edodo de inscri\u00e7\u00e3o<\/strong>: 04\/11 a 24\/11<\/p>\n<p><strong>Divulga\u00e7\u00e3o das inscri\u00e7\u00f5es homologadas<\/strong>: 25\/11**, nesta p\u00e1gina.<\/p>\n<p>*Considerando a Pol\u00edtica Nacional de Desenvolvimento de Pessoas, conforme Decreto n\u00ba 9.991\/19, somente ser\u00e3o certificados(as) os(as) servidores(as) p\u00fablicos pertencentes ao Quadro Efetivo da UFPel;<br \/>** Quando homologadas as inscri\u00e7\u00f5es, os(as) selecionados(as) receber\u00e3o e-mail de confirma\u00e7\u00e3o com instru\u00e7\u00f5es.<\/p>\n<p><strong>Observa\u00e7\u00e3o<\/strong>: A homologa\u00e7\u00e3o das inscri\u00e7\u00f5es dos(as) trabalhadores(as) terceirizados ficar\u00e1 condicionada \u00e0 an\u00e1lise pr\u00e9via e manifesta\u00e7\u00e3o por parte do NUGEST\/PRA.<\/p>\n\n<p><strong><a href=\"https:\/\/wp.ufpel.edu.br\/progep\/files\/2025\/11\/HOMOLOGACAO-Prevencao-e-Enfrentamento-da-Violencia-Fisica-e-Psicologica-nas-Instituicoes-de-Ensino-Superior.pdf\" target=\"_blank\" rel=\"noopener\">Confira a lista de inscri\u00e7\u00f5es homologadas!<\/a><\/strong><\/p>\n\n<p><span style=\"font-size: 14pt\"><strong>Contato:<\/strong> cdp.capacita@ufpel.edu.br<\/span><\/p>\n<\/div>\n<\/div>\n<\/div><\/div>\n","protected":false},"excerpt":{"rendered":"<p>Preven\u00e7\u00e3o e Enfrentamento da Viol\u00eancia F\u00edsica e Psicol\u00f3gica nas Institui\u00e7\u00f5es de Ensino Superior Esta capacita\u00e7\u00e3o tem o intuito de abordar os principais fatores que contribuem para a viol\u00eancia nas rela\u00e7\u00f5es de trabalho, incluindo o ass\u00e9dio moral e sexual, bem como outras formas de viol\u00eancia, como f\u00edsica, patrimonial e discrimina\u00e7\u00e3o. Prop\u00f5e a identifica\u00e7\u00e3o de comportamentos inadequados, [&hellip;]<\/p>\n","protected":false},"author":21,"featured_media":0,"parent":0,"menu_order":0,"comment_status":"closed","ping_status":"closed","template":"","meta":{"footnotes":""},"class_list":["post-38663","page","type-page","status-publish","hentry"],"_links":{"self":[{"href":"https:\/\/wp.ufpel.edu.br\/progep\/wp-json\/wp\/v2\/pages\/38663","targetHints":{"allow":["GET"]}}],"collection":[{"href":"https:\/\/wp.ufpel.edu.br\/progep\/wp-json\/wp\/v2\/pages"}],"about":[{"href":"https:\/\/wp.ufpel.edu.br\/progep\/wp-json\/wp\/v2\/types\/page"}],"author":[{"embeddable":true,"href":"https:\/\/wp.ufpel.edu.br\/progep\/wp-json\/wp\/v2\/users\/21"}],"replies":[{"embeddable":true,"href":"https:\/\/wp.ufpel.edu.br\/progep\/wp-json\/wp\/v2\/comments?post=38663"}],"version-history":[{"count":3,"href":"https:\/\/wp.ufpel.edu.br\/progep\/wp-json\/wp\/v2\/pages\/38663\/revisions"}],"predecessor-version":[{"id":39096,"href":"https:\/\/wp.ufpel.edu.br\/progep\/wp-json\/wp\/v2\/pages\/38663\/revisions\/39096"}],"wp:attachment":[{"href":"https:\/\/wp.ufpel.edu.br\/progep\/wp-json\/wp\/v2\/media?parent=38663"}],"curies":[{"name":"wp","href":"https:\/\/api.w.org\/{rel}","templated":true}]}}