{"id":38574,"date":"2025-10-31T12:04:38","date_gmt":"2025-10-31T15:04:38","guid":{"rendered":"https:\/\/wp.ufpel.edu.br\/progep\/?page_id=38574"},"modified":"2026-02-12T17:29:54","modified_gmt":"2026-02-12T20:29:54","slug":"capacitacao-cursos-na-plataforma-e-projeto","status":"publish","type":"page","link":"https:\/\/wp.ufpel.edu.br\/progep\/capacitacao-cursos-na-plataforma-e-projeto\/","title":{"rendered":"Capacita\u00e7\u00e3o: Cursos na Plataforma e-Projeto"},"content":{"rendered":"\n<div class=\"wp-block-group\"><div class=\"wp-block-group__inner-container is-layout-constrained wp-block-group-is-layout-constrained\">\n<div class=\"logoTituloModelStyle\"><img class=\"size-medium wp-image-27184 alignleft\" src=\"https:\/\/wp.ufpel.edu.br\/progep\/files\/2025\/03\/logo-progep_atualizacao-nome_AZUL.png\" alt=\"\" \/>\n<div><strong>Cursos na Plataforma e-Projeto<\/strong><\/div>\n<\/div>\n<hr class=\"hrModelStyle\" \/>\n<div class=\"descriptionModelStyle\">Confira nesta p\u00e1gina os cursos presentes na Plataforma e-Projeto, que est\u00e3o sempre abertos para inscri\u00e7\u00e3o. Fa\u00e7a sua escolha e inscreva-se! <p><strong>Homologa\u00e7\u00e3o:<\/strong> Ser\u00e1 encaminhado um e-mail ao\/a inscrito\/a com acesso ao curso na Plataforma e-Projeto.<\/p><\/div>\n<\/div><\/div>\n\n\n<div class=\"cursosEProjetoStyle\">\n<a href=\"https:\/\/wp.ufpel.edu.br\/progep\/capacitacao-e-projeto-criacao-de-slides-pelo-canva\/\"><br \/><br \/>\n<img src=\"https:\/\/wp.ufpel.edu.br\/progep\/files\/2025\/12\/canva.png\" alt=\"Imagem divulga\u00e7\u00e3o Canva.\"><br \/><br \/>\n<span class=\"cursoNovo\">Novo<\/span><br \/>\n<span class=\"nomeCurso\">Cria\u00e7\u00e3o de slides pelo Canva<\/span>\n<span class=\"infoStyle\"><strong>Carga hor\u00e1ria<\/strong>: 12h<\/span>\n<span class=\"infoStyle\"><strong>Disponibilidade<\/strong>: 30 dias<\/span><br \/>\n<span class=\"botaoStyle\">Inscreva-se<\/span>\n<\/a>\n<a href=\"https:\/\/wp.ufpel.edu.br\/progep\/capacitacao-e-projeto-curso-processo-administrativo\/\">\n<img src=\"https:\/\/wp.ufpel.edu.br\/progep\/files\/2025\/12\/20944170-scaled.jpg\" alt=\"Curso Processo Administrativo.\"><br \/>\n<span class=\"cursoNovo\">Novo<\/span><br \/>\n<span class=\"nomeCurso\">Processo Administrativo<\/span>\n<span class=\"infoStyle\"><strong>Carga hor\u00e1ria<\/strong>: 30h<\/span>\n<span class=\"infoStyle\"><strong>Disponibilidade<\/strong>: 30 dias<\/span><br \/>\n<span class=\"botaoStyle\">Inscreva-se<\/span>\n<\/a>\n<a href=\"https:\/\/wp.ufpel.edu.br\/progep\/capacitacao-e-projeto-detox-digital-uso-consciente-e-equilibrado-da-tecnologia-modulo-1-o-uso-excessivo-da-tecnologia\/\">\n<img src=\"https:\/\/wp.ufpel.edu.br\/progep\/files\/2025\/12\/6108768-scaled.jpg\" alt=\"Curso Detox Digital M\u00f3dulo I.\"><br \/>\n<span class=\"cursoNovo\">Novo<\/span><br \/>\n<span class=\"nomeCurso\">Detox Digital: M\u00f3dulo 1<\/span>\n<span class=\"infoStyle\"><strong>Carga hor\u00e1ria<\/strong>: 30h<\/span>\n<span class=\"infoStyle\"><strong>Disponibilidade<\/strong>: 30 dias<\/span>\n<br \/>\n<span class=\"botaoStyle\">Inscreva-se<\/span>\n<\/a>\n<a href=\"https:\/\/wp.ufpel.edu.br\/progep\/capacitacao-e-projeto-detox-digital-uso-consciente-e-equilibrado-da-tecnologia-modulo-2-habitos-saudaveis-no-uso-da-tecnologia\/\">\n<img src=\"https:\/\/wp.ufpel.edu.br\/progep\/files\/2025\/12\/Capa-400x232.jpg\" alt=\"Curso Detox Digital 2.\"><br \/>\n<span class=\"cursoNovo\">Novo<\/span><br \/>\n<span class=\"nomeCurso\">Detox Digital: M\u00f3dulo 2<\/span>\n<span class=\"infoStyle\"><strong>Carga hor\u00e1ria<\/strong>: 30h<\/span>\n<span class=\"infoStyle\"><strong>Disponibilidade<\/strong>: 30 dias<\/span><br \/>\n<span class=\"botaoStyle\">Inscreva-se<\/span>\n<\/a>\n<a href=\"https:\/\/wp.ufpel.edu.br\/progep\/capacitacao-e-projeto-estrategias-para-melhoria-da-comunicacao-no-teletrabalho\/\">\n<img src=\"https:\/\/wp.ufpel.edu.br\/progep\/files\/2025\/12\/capa-do-curso.png\" alt=\"Curso Estrat\u00e9gias para Comunica\u00e7\u00e3o no Teletrabalaho.\"><br \/>\n<span class=\"cursoNovo\">Novo<\/span><br \/>\n<span class=\"nomeCurso\">Estrat\u00e9gias para Melhoria da Comunica\u00e7\u00e3o no Teletrabalho<\/span>\n<span class=\"infoStyle\"><strong>Carga hor\u00e1ria<\/strong>: 20h<\/span>\n<span class=\"infoStyle\"><strong>Disponibilidade<\/strong>: 30 dias<\/span><br \/>\n<span class=\"botaoStyle\">Inscreva-se<\/span>\n<\/a>\n<a href=\"https:\/\/wp.ufpel.edu.br\/progep\/capacitacao-e-projeto-gestao-de-riscos\/\">\n<img src=\"https:\/\/wp.ufpel.edu.br\/progep\/files\/2025\/12\/como-fazer-gestao-de-risco.jpg\" alt=\"Curso Gest\u00e3o de Riscos\"><br \/>\n<span class=\"cursoNovo\">Novo<\/span><br \/>\n<span class=\"nomeCurso\">Gest\u00e3o de Riscos<\/span>\n<span class=\"infoStyle\"><strong>Carga hor\u00e1ria<\/strong>: 20h<\/span>\n<span class=\"infoStyle\"><strong>Disponibilidade<\/strong>: 30 dias<\/span><br \/>\n<span class=\"botaoStyle\">Inscreva-se<\/span>\n<\/a>\n<a href=\"https:\/\/wp.ufpel.edu.br\/progep\/capacitacao-e-projeto-introducao-ao-processo-administrativo-disciplinar\/\">\n<img src=\"https:\/\/wp.ufpel.edu.br\/progep\/files\/2025\/12\/pessoas-de-negocios-trabalhando-em-um-projeto_23-2148462810-400x266.avif\" alt=\"Curso Processo Administrativo Disciplinar\"><br \/>\n<span class=\"cursoNovo\">Novo<\/span><br \/>\n<span class=\"nomeCurso\">Introdu\u00e7\u00e3o ao Processo Administrativo Disciplinar<\/span>\n<span class=\"infoStyle\"><strong>Carga hor\u00e1ria<\/strong>: 20h<\/span>\n<span class=\"infoStyle\"><strong>Disponibilidade<\/strong>: 30 dias<\/span><br \/>\n<span class=\"botaoStyle\">Inscreva-se<\/span>\n<\/a>\n<a href=\"https:\/\/wp.ufpel.edu.br\/progep\/capacitacao-e-projeto-lideranca-humanizada\/\">\n<img src=\"https:\/\/wp.ufpel.edu.br\/progep\/files\/2025\/12\/capa-1-380x400.jpg\" alt=\"Curso Lideran\u00e7a Humanizada\"><br \/>\n<span class=\"cursoNovo\">Novo<\/span><br \/>\n<span class=\"nomeCurso\">Lideran\u00e7a Humanizada<\/span>\n<span class=\"infoStyle\"><strong>Carga hor\u00e1ria<\/strong>: 3h<\/span>\n<span class=\"infoStyle\"><strong>Disponibilidade<\/strong>: 30 dias<\/span><br \/>\n<span class=\"botaoStyle\">Inscreva-se<\/span>\n<\/a>\n<a href=\"https:\/\/wp.ufpel.edu.br\/progep\/capacitacao-e-projeto-redacao-de-documentos-oficiais\/\">\n<img src=\"https:\/\/wp.ufpel.edu.br\/progep\/files\/2025\/12\/image-400x360.png\" alt=\"Curso de Reda\u00e7\u00e3o Oficial.\"><br \/>\n<span class=\"cursoNovo\">Novo<\/span><br \/>\n<span class=\"nomeCurso\">Reda\u00e7\u00e3o de documentos oficiais<\/span>\n<span class=\"infoStyle\"><strong>Carga hor\u00e1ria<\/strong>: 20h<\/span>\n<span class=\"infoStyle\"><strong>Disponibilidade<\/strong>: 30 dias<\/span><br \/>\n<span class=\"botaoStyle\">Inscreva-se<\/span>\n<\/a>\n<a href=\"https:\/\/wp.ufpel.edu.br\/progep\/capacitacao-e-projeto-sei-nivel-basico\/\">\n<img src=\"https:\/\/wp.ufpel.edu.br\/progep\/files\/2025\/12\/SEI.png\" alt=\"Curso SEI.\"><br \/>\n<span class=\"cursoNovo\">Novo<\/span><br \/>\n<span class=\"nomeCurso\">SEI: N\u00edvel B\u00e1sico<\/span>\n<span class=\"infoStyle\"><strong>Carga hor\u00e1ria<\/strong>: 30h<\/span>\n<span class=\"infoStyle\"><strong>Disponibilidade<\/strong>: 30 dias<\/span><br \/>\n<span class=\"botaoStyle\">Inscreva-se<\/span>\n<\/a>\n<a href=\"https:\/\/wp.ufpel.edu.br\/progep\/capacitacao-e-projeto-trilha-pgd-curso-de-ferramentas-do-google\/\">\n<img src=\"https:\/\/wp.ufpel.edu.br\/progep\/files\/2025\/12\/capa3.png\" alt=\"Curso Ferramentas do Google.\"><br \/>\n<span class=\"cursoNovo\">Novo<\/span><br \/>\n<span class=\"nomeCurso\">Trilha PGD: Ferramentas do Google<\/span>\n<span class=\"infoStyle\"><strong>Carga hor\u00e1ria<\/strong>: 30h<\/span>\n<span class=\"infoStyle\"><strong>Disponibilidade<\/strong>: 30 dias<\/span><br \/>\n<span class=\"botaoStyle\">Inscreva-se<\/span>\n<\/a>\n<a href=\"https:\/\/wp.ufpel.edu.br\/progep\/capacitacao-e-projeto-trilha-pgd-curso-de-ferramentas-para-organizacao-do-trabalho\/\">\n<img src=\"https:\/\/wp.ufpel.edu.br\/progep\/files\/2025\/12\/eprojetoOrganizacao.jpg\" alt=\"Curso de Organiza\u00e7\u00e3o do Trabalho.\"><br \/>\n<span class=\"cursoNovo\">Novo<\/span><br \/>\n<span class=\"nomeCurso\">Trilha PGD: Ferramentas para Organiza\u00e7\u00e3o do  Trabalho<\/span>\n<span class=\"infoStyle\"><strong>Carga hor\u00e1ria<\/strong>: 20h<\/span>\n<span class=\"infoStyle\"><strong>Disponibilidade<\/strong>: 30 dias<\/span><br \/>\n<span class=\"botaoStyle\">Inscreva-se<\/span>\n<\/a>\n<\/div>","protected":false},"excerpt":{"rendered":"<p>Cursos na Plataforma e-Projeto Confira nesta p\u00e1gina os cursos presentes na Plataforma e-Projeto, que est\u00e3o sempre abertos para inscri\u00e7\u00e3o. Fa\u00e7a sua escolha e inscreva-se! Homologa\u00e7\u00e3o: Ser\u00e1 encaminhado um e-mail ao\/a inscrito\/a com acesso ao curso na Plataforma e-Projeto. Novo Cria\u00e7\u00e3o de slides pelo Canva Carga hor\u00e1ria: 12h Disponibilidade: 30 dias Inscreva-se Novo Processo Administrativo Carga [&hellip;]<\/p>\n","protected":false},"author":21,"featured_media":0,"parent":0,"menu_order":0,"comment_status":"closed","ping_status":"closed","template":"page-sem-sidebar.php","meta":{"footnotes":""},"class_list":["post-38574","page","type-page","status-publish","hentry"],"_links":{"self":[{"href":"https:\/\/wp.ufpel.edu.br\/progep\/wp-json\/wp\/v2\/pages\/38574","targetHints":{"allow":["GET"]}}],"collection":[{"href":"https:\/\/wp.ufpel.edu.br\/progep\/wp-json\/wp\/v2\/pages"}],"about":[{"href":"https:\/\/wp.ufpel.edu.br\/progep\/wp-json\/wp\/v2\/types\/page"}],"author":[{"embeddable":true,"href":"https:\/\/wp.ufpel.edu.br\/progep\/wp-json\/wp\/v2\/users\/21"}],"replies":[{"embeddable":true,"href":"https:\/\/wp.ufpel.edu.br\/progep\/wp-json\/wp\/v2\/comments?post=38574"}],"version-history":[{"count":4,"href":"https:\/\/wp.ufpel.edu.br\/progep\/wp-json\/wp\/v2\/pages\/38574\/revisions"}],"predecessor-version":[{"id":40506,"href":"https:\/\/wp.ufpel.edu.br\/progep\/wp-json\/wp\/v2\/pages\/38574\/revisions\/40506"}],"wp:attachment":[{"href":"https:\/\/wp.ufpel.edu.br\/progep\/wp-json\/wp\/v2\/media?parent=38574"}],"curies":[{"name":"wp","href":"https:\/\/api.w.org\/{rel}","templated":true}]}}