{"id":38565,"date":"2025-10-29T14:47:20","date_gmt":"2025-10-29T17:47:20","guid":{"rendered":"https:\/\/wp.ufpel.edu.br\/progep\/?page_id=38565"},"modified":"2025-10-30T15:23:01","modified_gmt":"2025-10-30T18:23:01","slug":"capacitacaouso-de-ia-generativa-em-processos-administrativos-e-de-gestao","status":"publish","type":"page","link":"https:\/\/wp.ufpel.edu.br\/progep\/capacitacaouso-de-ia-generativa-em-processos-administrativos-e-de-gestao\/","title":{"rendered":"Capacita\u00e7\u00e3o: 5\u00aa Edi\u00e7\u00e3o da Forma\u00e7\u00e3o de Gestores: Uso de IA Generativa em Processos Administrativos e de Gest\u00e3o"},"content":{"rendered":"\n<div class=\"wp-block-group\"><div class=\"wp-block-group__inner-container is-layout-constrained wp-block-group-is-layout-constrained\">\n<div class=\"acaoStyle\">\n<div class=\"cabecalhoAcoes\">\n<div>5\u00aa Edi\u00e7\u00e3o da Forma\u00e7\u00e3o de Gestores: Uso de IA Generativa em Processos Administrativos e de Gest\u00e3o<\/div>\n<p>A oficina &#8220;Uso de IA Generativa em Processos Administrativos e de Gest\u00e3o&#8221; apresenta uma vis\u00e3o estrat\u00e9gica sobre o potencial da Intelig\u00eancia Artificial Generativa para transformar a gest\u00e3o universit\u00e1ria. O curso aborda desde os conceitos fundamentais da tecnologia at\u00e9 suas aplica\u00e7\u00f5es pr\u00e1ticas na otimiza\u00e7\u00e3o de processos, planejamento estrat\u00e9gico e tomada de decis\u00e3o na UFPel. Ser\u00e3o discutidos casos de uso espec\u00edficos para pr\u00f3-reitorias e unidades estrat\u00e9gicas, al\u00e9m de uma an\u00e1lise sobre os desafios \u00e9ticos, a governan\u00e7a necess\u00e1ria para a implementa\u00e7\u00e3o e os riscos associados. Ao final, os participantes ser\u00e3o capacitados a identificar oportunidades de aplica\u00e7\u00e3o da IA Generativa em seus setores, visando aumentar a efici\u00eancia, a inova\u00e7\u00e3o e a qualidade dos servi\u00e7os prestados pela universidade.<\/p>\n<\/div>\n<div class=\"corpoStyle\"><strong>Facilitador(a): <\/strong> Raymundo Carlos Machado Ferreira Filho (<em>Docente \/Instituto Federal Sul-Riograndense<\/em>)<\/span><\/p>\n<p><strong>Data de realiza\u00e7\u00e3o<\/strong>: 13\/11, segunda-feira <br \/><strong>Hor\u00e1rio: <\/strong> 10h \u00e0s 12h (Manh\u00e3); 14h \u00e0s 16h (Tarde) <br \/><strong>Carga hor\u00e1ria<\/strong>: 4 horas<br \/><strong>Modalidade: <\/strong>Presencial <br \/><strong>Local:\u00a0 <\/strong> Gabinete da Reitoria<br \/><strong>Ementa: <\/strong><\/p>\n<ul>\n<li>Potencial da Intelig\u00eancia Artificial Generativa;<\/li>\n<li>Conceitos fundamentais e aplica\u00e7\u00f5es pr\u00e1ticas na otimiza\u00e7\u00e3o de processos;<\/li>\n<li>Desafios \u00e9ticos, governan\u00e7a e riscos associados;<\/li>\n<li>Oportunidades de aplica\u00e7\u00e3o da IA Generativa.<\/li>\n<\/ul>\n<p><strong>P\u00fablico Alvo<\/strong>: Gestores\/as da UFPel.*<\/p>\n<p><span style=\"font-size: 14pt\"><strong>Contato:<\/strong> cdp.capacita@ufpel.edu.br<\/span><\/p>\n<\/div>\n<\/div>\n<\/div><\/div>\n","protected":false},"excerpt":{"rendered":"<p>5\u00aa Edi\u00e7\u00e3o da Forma\u00e7\u00e3o de Gestores: Uso de IA Generativa em Processos Administrativos e de Gest\u00e3o A oficina &#8220;Uso de IA Generativa em Processos Administrativos e de Gest\u00e3o&#8221; apresenta uma vis\u00e3o estrat\u00e9gica sobre o potencial da Intelig\u00eancia Artificial Generativa para transformar a gest\u00e3o universit\u00e1ria. O curso aborda desde os conceitos fundamentais da tecnologia at\u00e9 suas [&hellip;]<\/p>\n","protected":false},"author":21,"featured_media":0,"parent":0,"menu_order":0,"comment_status":"closed","ping_status":"closed","template":"","meta":{"footnotes":""},"class_list":["post-38565","page","type-page","status-publish","hentry"],"_links":{"self":[{"href":"https:\/\/wp.ufpel.edu.br\/progep\/wp-json\/wp\/v2\/pages\/38565","targetHints":{"allow":["GET"]}}],"collection":[{"href":"https:\/\/wp.ufpel.edu.br\/progep\/wp-json\/wp\/v2\/pages"}],"about":[{"href":"https:\/\/wp.ufpel.edu.br\/progep\/wp-json\/wp\/v2\/types\/page"}],"author":[{"embeddable":true,"href":"https:\/\/wp.ufpel.edu.br\/progep\/wp-json\/wp\/v2\/users\/21"}],"replies":[{"embeddable":true,"href":"https:\/\/wp.ufpel.edu.br\/progep\/wp-json\/wp\/v2\/comments?post=38565"}],"version-history":[{"count":3,"href":"https:\/\/wp.ufpel.edu.br\/progep\/wp-json\/wp\/v2\/pages\/38565\/revisions"}],"predecessor-version":[{"id":38593,"href":"https:\/\/wp.ufpel.edu.br\/progep\/wp-json\/wp\/v2\/pages\/38565\/revisions\/38593"}],"wp:attachment":[{"href":"https:\/\/wp.ufpel.edu.br\/progep\/wp-json\/wp\/v2\/media?parent=38565"}],"curies":[{"name":"wp","href":"https:\/\/api.w.org\/{rel}","templated":true}]}}