{"id":38526,"date":"2025-10-28T09:26:43","date_gmt":"2025-10-28T12:26:43","guid":{"rendered":"https:\/\/wp.ufpel.edu.br\/progep\/?page_id=38526"},"modified":"2025-11-10T10:36:38","modified_gmt":"2025-11-10T13:36:38","slug":"capacitacao-lideranca-humanizada","status":"publish","type":"page","link":"https:\/\/wp.ufpel.edu.br\/progep\/capacitacao-lideranca-humanizada\/","title":{"rendered":"Capacita\u00e7\u00e3o: Lideran\u00e7a Humanizada"},"content":{"rendered":"\n<div class=\"wp-block-group\"><div class=\"wp-block-group__inner-container is-layout-constrained wp-block-group-is-layout-constrained\">\n<div class=\"acaoStyle\">\n<div class=\"cabecalhoAcoes\">\n<div>Lideran\u00e7a Humanizada<\/div>\n<p>Desenvolva seu potencial de l\u00edder com o curso Lideran\u00e7a Humanizada! Aprenda a comunicar-se com empatia, motivar equipes e aplicar pr\u00e1ticas de lideran\u00e7a transformadora, voltadas ao servi\u00e7o p\u00fablico.<\/p>\n<\/div>\n<div class=\"corpoStyle\"><strong>Ministrante: <\/strong> Th\u00e2misa Ramos Flores dos Santos (<em>T\u00e9cnica Administrativa em Educa\u00e7\u00e3o \/ Pr\u00f3-Reitoria de Gest\u00e3o com Pessoas\/ UFPel<\/em>)\n<p><strong>Carga hor\u00e1ria<\/strong>: 3h<br \/><strong>In\u00edcio<\/strong>: 12\/11\/2025<br \/><strong>Disponibilidade<\/strong>: 15 dias<br \/><strong>Modalidade: <\/strong> Online, sem tutoria. O curso \u00e9 oferecido de forma ass\u00edncrona, deste modo, o participante pode acessar o material e realizar as atividades no seu pr\u00f3prio ritmo, sem a presen\u00e7a de um tutor.\u00a0<br \/><strong>Local:\u00a0 <\/strong> Plataforma E-Projeto<br \/><strong>Ementa: <\/strong><\/p>\n<ul>\n<li>Introdu\u00e7\u00e3o \u00e0 Lideran\u00e7a Humanizada;<\/li>\n<li>Comunica\u00e7\u00e3o Eficaz;<\/li>\n<li>Lideran\u00e7a e Motiva\u00e7\u00e3o;<\/li>\n<li>Lideran\u00e7a no Servi\u00e7o P\u00fablico.<\/li>\n<\/ul>\n<p><strong>P\u00fablico Alvo<\/strong>: Servidores(as) docentes, TAE\u2019s e trabalhadores(as) terceirizados(as) ativos(as) da UFPel.*<\/p>\n<p><strong>Per\u00edodo de inscri\u00e7\u00e3o<\/strong>: 28\/10 a 09\/11<\/p>\n<p><strong>Divulga\u00e7\u00e3o das inscri\u00e7\u00f5es homologadas<\/strong>: 10\/11**, nesta p\u00e1gina.<\/p>\n<p>*Considerando a Pol\u00edtica Nacional de Desenvolvimento de Pessoas, conforme Decreto n\u00ba 9.991\/19, somente ser\u00e3o certificados(as) os(as) servidores(as) p\u00fablicos pertencentes ao Quadro Efetivo da UFPel;<br \/>** Quando homologadas as inscri\u00e7\u00f5es, os(as) selecionados(as) receber\u00e3o e-mail de confirma\u00e7\u00e3o com instru\u00e7\u00f5es.<\/p>\n<p><strong>Observa\u00e7\u00e3o<\/strong>: A homologa\u00e7\u00e3o das inscri\u00e7\u00f5es dos(as) trabalhadores(as) terceirizados ficar\u00e1 condicionada \u00e0 an\u00e1lise pr\u00e9via e manifesta\u00e7\u00e3o por parte do NUGEST\/PRA.<\/p>\n<p><a href=\"https:\/\/wp.ufpel.edu.br\/progep\/files\/2025\/11\/Homologacao-Lideranca-Humanizada-\u2013-Turma-1_2025.pdf\">Confira as inscri\u00e7\u00f5es homologadas aqui!<\/a><\/p>\n<p><span style=\"font-size: 14pt\"><strong>Contato:<\/strong> cdp.capacita@ufpel.edu.br<\/span><\/p>\n<\/div>\n<\/div>\n<\/div><\/div>\n","protected":false},"excerpt":{"rendered":"<p>Lideran\u00e7a Humanizada Desenvolva seu potencial de l\u00edder com o curso Lideran\u00e7a Humanizada! Aprenda a comunicar-se com empatia, motivar equipes e aplicar pr\u00e1ticas de lideran\u00e7a transformadora, voltadas ao servi\u00e7o p\u00fablico. Ministrante: Th\u00e2misa Ramos Flores dos Santos (T\u00e9cnica Administrativa em Educa\u00e7\u00e3o \/ Pr\u00f3-Reitoria de Gest\u00e3o com Pessoas\/ UFPel) Carga hor\u00e1ria: 3hIn\u00edcio: 12\/11\/2025Disponibilidade: 15 diasModalidade: Online, sem tutoria. [&hellip;]<\/p>\n","protected":false},"author":21,"featured_media":0,"parent":0,"menu_order":0,"comment_status":"closed","ping_status":"closed","template":"","meta":{"footnotes":""},"class_list":["post-38526","page","type-page","status-publish","hentry"],"_links":{"self":[{"href":"https:\/\/wp.ufpel.edu.br\/progep\/wp-json\/wp\/v2\/pages\/38526","targetHints":{"allow":["GET"]}}],"collection":[{"href":"https:\/\/wp.ufpel.edu.br\/progep\/wp-json\/wp\/v2\/pages"}],"about":[{"href":"https:\/\/wp.ufpel.edu.br\/progep\/wp-json\/wp\/v2\/types\/page"}],"author":[{"embeddable":true,"href":"https:\/\/wp.ufpel.edu.br\/progep\/wp-json\/wp\/v2\/users\/21"}],"replies":[{"embeddable":true,"href":"https:\/\/wp.ufpel.edu.br\/progep\/wp-json\/wp\/v2\/comments?post=38526"}],"version-history":[{"count":3,"href":"https:\/\/wp.ufpel.edu.br\/progep\/wp-json\/wp\/v2\/pages\/38526\/revisions"}],"predecessor-version":[{"id":38803,"href":"https:\/\/wp.ufpel.edu.br\/progep\/wp-json\/wp\/v2\/pages\/38526\/revisions\/38803"}],"wp:attachment":[{"href":"https:\/\/wp.ufpel.edu.br\/progep\/wp-json\/wp\/v2\/media?parent=38526"}],"curies":[{"name":"wp","href":"https:\/\/api.w.org\/{rel}","templated":true}]}}