{"id":38524,"date":"2025-10-28T09:18:20","date_gmt":"2025-10-28T12:18:20","guid":{"rendered":"https:\/\/wp.ufpel.edu.br\/progep\/?page_id=38524"},"modified":"2025-11-07T09:34:23","modified_gmt":"2025-11-07T12:34:23","slug":"capacitacao-redacao-de-documentos-oficiais","status":"publish","type":"page","link":"https:\/\/wp.ufpel.edu.br\/progep\/capacitacao-redacao-de-documentos-oficiais\/","title":{"rendered":"Capacita\u00e7\u00e3o: Reda\u00e7\u00e3o de documentos oficiais"},"content":{"rendered":"\n<div class=\"wp-block-group\"><div class=\"wp-block-group__inner-container is-layout-constrained wp-block-group-is-layout-constrained\">\n<div class=\"acaoStyle\">\n<div class=\"cabecalhoAcoes\">\n<div>Reda\u00e7\u00e3o de documentos oficiais<\/div>\n<p>Neste curso vamos aprender sobre a comunica\u00e7\u00e3o formal, explorando fundamentos, normas e tipos de documentos, al\u00e9m de t\u00e9cnicas de produ\u00e7\u00e3o e revis\u00e3o aplicadas ao contexto universit\u00e1rio.<\/p>\n<\/div>\n<div class=\"corpoStyle\"><strong>Ministrante: <\/strong>Andressa Andrade Duquia (<em>T\u00e9cnica Administrativa em Educa\u00e7\u00e3o\/ Pr\u00f3-Reitoria de Gest\u00e3o com Pessoas\/UFPel<\/em>)\n<p><strong>Carga hor\u00e1ria<\/strong>: 20h<br \/><strong>In\u00edcio<\/strong>: 10\/11\/2025<br \/><strong>Disponibilidade<\/strong>: 20 dias<br \/><strong>Modalidade: <\/strong> Online, sem tutoria. O curso \u00e9 oferecido de forma ass\u00edncrona, deste modo, o participante pode acessar o material e realizar as atividades no seu pr\u00f3prio ritmo, sem a presen\u00e7a de um tutor.\u00a0<br \/><strong>Local:\u00a0 <\/strong> Plataforma E-Projeto<br \/><strong>Ementa: <\/strong><\/p>\n<ul>\n<li>Fundamentos da Reda\u00e7\u00e3o Oficial;<\/li>\n<li>Normas e Diretrizes da Reda\u00e7\u00e3o Oficial;<\/li>\n<li>Tipos de Documentos Oficiais;<\/li>\n<li>Produ\u00e7\u00e3o e Revis\u00e3o de Documentos;<\/li>\n<li>Documentos Oficiais no Contexto Universit\u00e1rio.<\/li>\n<\/ul>\n<p><strong>P\u00fablico Alvo<\/strong>: Servidores(as) docentes, TAE\u2019s e trabalhadores(as) terceirizados(as) ativos(as) da UFPel.*<\/p>\n<p><strong>Per\u00edodo de inscri\u00e7\u00e3o<\/strong>: 28\/10 a 06\/11<\/p>\n<p><strong>Divulga\u00e7\u00e3o das inscri\u00e7\u00f5es homologadas<\/strong>: 07\/11**, nesta p\u00e1gina.<\/p>\n<p>*Considerando a Pol\u00edtica Nacional de Desenvolvimento de Pessoas, conforme Decreto n\u00ba 9.991\/19, somente ser\u00e3o certificados(as) os(as) servidores(as) p\u00fablicos pertencentes ao Quadro Efetivo da UFPel;<br \/>** Quando homologadas as inscri\u00e7\u00f5es, os(as) selecionados(as) receber\u00e3o e-mail de confirma\u00e7\u00e3o com instru\u00e7\u00f5es.<\/p>\n<p><strong>Observa\u00e7\u00e3o<\/strong>: A homologa\u00e7\u00e3o das inscri\u00e7\u00f5es dos(as) trabalhadores(as) terceirizados ficar\u00e1 condicionada \u00e0 an\u00e1lise pr\u00e9via e manifesta\u00e7\u00e3o por parte do NUGEST\/PRA.<\/p>\n<p><a href=\"https:\/\/wp.ufpel.edu.br\/progep\/files\/2025\/11\/Homologacao-Redacao-de-documentos-oficiais-\u2013-Turma-1_2025.pdf\">Confira as inscri\u00e7\u00f5es homologadas aqui!<\/a><\/p>\n<p><span style=\"font-size: 14pt\"><strong>Contato:<\/strong> cdp.capacita@ufpel.edu.br<\/span><\/p>\n<\/div>\n<\/div>\n<\/div><\/div>\n\n\n\n<p><\/p>\n","protected":false},"excerpt":{"rendered":"<p>Reda\u00e7\u00e3o de documentos oficiais Neste curso vamos aprender sobre a comunica\u00e7\u00e3o formal, explorando fundamentos, normas e tipos de documentos, al\u00e9m de t\u00e9cnicas de produ\u00e7\u00e3o e revis\u00e3o aplicadas ao contexto universit\u00e1rio. Ministrante: Andressa Andrade Duquia (T\u00e9cnica Administrativa em Educa\u00e7\u00e3o\/ Pr\u00f3-Reitoria de Gest\u00e3o com Pessoas\/UFPel) Carga hor\u00e1ria: 20hIn\u00edcio: 10\/11\/2025Disponibilidade: 20 diasModalidade: Online, sem tutoria. O curso \u00e9 [&hellip;]<\/p>\n","protected":false},"author":21,"featured_media":0,"parent":0,"menu_order":0,"comment_status":"closed","ping_status":"closed","template":"","meta":{"footnotes":""},"class_list":["post-38524","page","type-page","status-publish","hentry"],"_links":{"self":[{"href":"https:\/\/wp.ufpel.edu.br\/progep\/wp-json\/wp\/v2\/pages\/38524","targetHints":{"allow":["GET"]}}],"collection":[{"href":"https:\/\/wp.ufpel.edu.br\/progep\/wp-json\/wp\/v2\/pages"}],"about":[{"href":"https:\/\/wp.ufpel.edu.br\/progep\/wp-json\/wp\/v2\/types\/page"}],"author":[{"embeddable":true,"href":"https:\/\/wp.ufpel.edu.br\/progep\/wp-json\/wp\/v2\/users\/21"}],"replies":[{"embeddable":true,"href":"https:\/\/wp.ufpel.edu.br\/progep\/wp-json\/wp\/v2\/comments?post=38524"}],"version-history":[{"count":3,"href":"https:\/\/wp.ufpel.edu.br\/progep\/wp-json\/wp\/v2\/pages\/38524\/revisions"}],"predecessor-version":[{"id":38792,"href":"https:\/\/wp.ufpel.edu.br\/progep\/wp-json\/wp\/v2\/pages\/38524\/revisions\/38792"}],"wp:attachment":[{"href":"https:\/\/wp.ufpel.edu.br\/progep\/wp-json\/wp\/v2\/media?parent=38524"}],"curies":[{"name":"wp","href":"https:\/\/api.w.org\/{rel}","templated":true}]}}