{"id":38523,"date":"2025-10-28T09:10:08","date_gmt":"2025-10-28T12:10:08","guid":{"rendered":"https:\/\/wp.ufpel.edu.br\/progep\/?page_id=38523"},"modified":"2025-12-04T16:44:56","modified_gmt":"2025-12-04T19:44:56","slug":"capacitacao-criacao-de-slides-pelo-canva","status":"publish","type":"page","link":"https:\/\/wp.ufpel.edu.br\/progep\/capacitacao-criacao-de-slides-pelo-canva\/","title":{"rendered":"Capacita\u00e7\u00e3o: Cria\u00e7\u00e3o de slides pelo Canva"},"content":{"rendered":"\n<div class=\"wp-block-group\"><div class=\"wp-block-group__inner-container is-layout-constrained wp-block-group-is-layout-constrained\">\n<div class=\"acaoStyle\">\n<div class=\"cabecalhoAcoes\">\n<div>Cria\u00e7\u00e3o de slides pelo Canva<\/div>\n<p>Conhe\u00e7a o Canva e crie apresenta\u00e7\u00f5es incr\u00edveis! Aprenda, passo a passo, a usar ferramentas gr\u00e1ficas, inserir textos, imagens, v\u00eddeos e explorar recursos de IA para produzir e compartilhar materiais criativos.<\/p>\n<\/div>\n<div class=\"corpoStyle\"><strong>Ministrante: <\/strong>Larissa Medianeira Bolzan (<em>Docente \/ Centro de Engenharias\/UFPel<\/em>)\n<p><strong>Carga hor\u00e1ria<\/strong>: 12h<br \/><strong>In\u00edcio<\/strong>: 10\/11\/2025<br \/><strong>Disponibilidade<\/strong>: 20 dias<br \/><strong>Modalidade: <\/strong> Online, sem tutoria. O curso \u00e9 oferecido de forma ass\u00edncrona, deste modo, o participante pode acessar o material e realizar as atividades no seu pr\u00f3prio ritmo, sem a presen\u00e7a de um tutor.\u00a0<br \/><strong>Local:\u00a0 <\/strong> Plataforma E-Projeto\u00a0<br \/><strong>Ementa: <\/strong><\/p>\n<ul>\n<li>Como criar uma conta no Canva, fazer login e logout<\/li>\n<li>Apresenta\u00e7\u00e3o da Plataforma Canva<\/li>\n<li>Trabalhando com slide em branco<\/li>\n<li>Inserindo e customizando Elementos Gr\u00e1ficos<\/li>\n<li>Inserindo e modificando Fotos<\/li>\n<li>Inserindo e alterando Textos<\/li>\n<li>Inserindo e alterando Gr\u00e1ficos<\/li>\n<li>Inserindo e alterando Tabelas<\/li>\n<li>Inserindo e customizando v\u00eddeos<\/li>\n<li>Trabalhando com Designs dispon\u00edveis<\/li>\n<li>Atualizando\/reutilizando slides prontos (UP)<\/li>\n<li>Salvar e Compartilhar nossos trabalhos<\/li>\n<li>Gravar aulas<\/li>\n<li>Uso de IA no Canva<\/li>\n<\/ul>\n<p><strong>P\u00fablico Alvo<\/strong>: Servidores(as) docentes, TAE\u2019s e trabalhadores(as) terceirizados(as) ativos(as) da UFPel.*<\/p>\n<p><strong>Per\u00edodo de inscri\u00e7\u00e3o<\/strong>: 28\/10 a 06\/11<\/p>\n<p><strong>Divulga\u00e7\u00e3o das inscri\u00e7\u00f5es homologadas<\/strong>: 07\/11**, nesta p\u00e1gina.<\/p>\n<p>*Considerando a Pol\u00edtica Nacional de Desenvolvimento de Pessoas, conforme Decreto n\u00ba 9.991\/19, somente ser\u00e3o certificados(as) os(as) servidores(as) p\u00fablicos pertencentes ao Quadro Efetivo da UFPel;<br \/>** Quando homologadas as inscri\u00e7\u00f5es, os(as) selecionados(as) receber\u00e3o e-mail de confirma\u00e7\u00e3o com instru\u00e7\u00f5es.<\/p>\n<p><strong>Observa\u00e7\u00e3o<\/strong>: A homologa\u00e7\u00e3o das inscri\u00e7\u00f5es dos(as) trabalhadores(as) terceirizados ficar\u00e1 condicionada \u00e0 an\u00e1lise pr\u00e9via e manifesta\u00e7\u00e3o por parte do NUGEST\/PRA.<\/p>\n<p><a href=\"https:\/\/wp.ufpel.edu.br\/progep\/files\/2025\/11\/Homologacao-Criacao-de-slides-pelo-Canva-\u2013-Turma-1_2025.pdf\">Confira as inscri\u00e7\u00f5es homologadas aqui!<\/a><\/p>\n<p><span style=\"font-size: 14pt\"><strong>Contato:<\/strong> cdp.capacita@ufpel.edu.br<\/span><\/p>\n<\/div>\n<\/div>\n<\/div><\/div>\n","protected":false},"excerpt":{"rendered":"<p>Cria\u00e7\u00e3o de slides pelo Canva Conhe\u00e7a o Canva e crie apresenta\u00e7\u00f5es incr\u00edveis! Aprenda, passo a passo, a usar ferramentas gr\u00e1ficas, inserir textos, imagens, v\u00eddeos e explorar recursos de IA para produzir e compartilhar materiais criativos. Ministrante: Larissa Medianeira Bolzan (Docente \/ Centro de Engenharias\/UFPel) Carga hor\u00e1ria: 12hIn\u00edcio: 10\/11\/2025Disponibilidade: 20 diasModalidade: Online, sem tutoria. O curso [&hellip;]<\/p>\n","protected":false},"author":21,"featured_media":0,"parent":0,"menu_order":0,"comment_status":"closed","ping_status":"closed","template":"","meta":{"footnotes":""},"class_list":["post-38523","page","type-page","status-publish","hentry"],"_links":{"self":[{"href":"https:\/\/wp.ufpel.edu.br\/progep\/wp-json\/wp\/v2\/pages\/38523","targetHints":{"allow":["GET"]}}],"collection":[{"href":"https:\/\/wp.ufpel.edu.br\/progep\/wp-json\/wp\/v2\/pages"}],"about":[{"href":"https:\/\/wp.ufpel.edu.br\/progep\/wp-json\/wp\/v2\/types\/page"}],"author":[{"embeddable":true,"href":"https:\/\/wp.ufpel.edu.br\/progep\/wp-json\/wp\/v2\/users\/21"}],"replies":[{"embeddable":true,"href":"https:\/\/wp.ufpel.edu.br\/progep\/wp-json\/wp\/v2\/comments?post=38523"}],"version-history":[{"count":3,"href":"https:\/\/wp.ufpel.edu.br\/progep\/wp-json\/wp\/v2\/pages\/38523\/revisions"}],"predecessor-version":[{"id":39087,"href":"https:\/\/wp.ufpel.edu.br\/progep\/wp-json\/wp\/v2\/pages\/38523\/revisions\/39087"}],"wp:attachment":[{"href":"https:\/\/wp.ufpel.edu.br\/progep\/wp-json\/wp\/v2\/media?parent=38523"}],"curies":[{"name":"wp","href":"https:\/\/api.w.org\/{rel}","templated":true}]}}