{"id":3848,"date":"2013-04-03T13:28:55","date_gmt":"2013-04-03T16:28:55","guid":{"rendered":"https:\/\/wp.ufpel.edu.br\/prgrh\/?page_id=3848"},"modified":"2024-10-15T16:03:08","modified_gmt":"2024-10-15T19:03:08","slug":"auxilio-transporte-3","status":"publish","type":"page","link":"https:\/\/wp.ufpel.edu.br\/progep\/direitos_e_deveres_nova\/auxilio-transporte-3\/","title":{"rendered":"Aux\u00edlio-Transporte"},"content":{"rendered":"<p><span style=\"font-size: 10pt\"><a href=\"https:\/\/wp.ufpel.edu.br\/sei\/files\/2024\/08\/Auxilio-Transporte.pdf\">Solicita\u00e7\u00e3o de aux\u00edlio transporte. O aux\u00edlio transporte \u00e9 concedido em pec\u00fania. \u00c9 deduzido 6% de 22 dias trabalhados em cima do vencimento b\u00e1sico. Ser\u00e1 pago retroativo para pedidos at\u00e9 trinta dias da entrada em exerc\u00edcio do servidor.<\/a><\/span><\/p>\n","protected":false},"excerpt":{"rendered":"<p>Solicita\u00e7\u00e3o de aux\u00edlio transporte. O aux\u00edlio transporte \u00e9 concedido em pec\u00fania. \u00c9 deduzido 6% de 22 dias trabalhados em cima do vencimento b\u00e1sico. Ser\u00e1 pago retroativo para pedidos at\u00e9 trinta dias da entrada em exerc\u00edcio do servidor.<\/p>\n","protected":false},"author":52,"featured_media":0,"parent":21847,"menu_order":0,"comment_status":"closed","ping_status":"closed","template":"","meta":{"footnotes":""},"class_list":["post-3848","page","type-page","status-publish","hentry"],"_links":{"self":[{"href":"https:\/\/wp.ufpel.edu.br\/progep\/wp-json\/wp\/v2\/pages\/3848","targetHints":{"allow":["GET"]}}],"collection":[{"href":"https:\/\/wp.ufpel.edu.br\/progep\/wp-json\/wp\/v2\/pages"}],"about":[{"href":"https:\/\/wp.ufpel.edu.br\/progep\/wp-json\/wp\/v2\/types\/page"}],"author":[{"embeddable":true,"href":"https:\/\/wp.ufpel.edu.br\/progep\/wp-json\/wp\/v2\/users\/52"}],"replies":[{"embeddable":true,"href":"https:\/\/wp.ufpel.edu.br\/progep\/wp-json\/wp\/v2\/comments?post=3848"}],"version-history":[{"count":49,"href":"https:\/\/wp.ufpel.edu.br\/progep\/wp-json\/wp\/v2\/pages\/3848\/revisions"}],"predecessor-version":[{"id":37013,"href":"https:\/\/wp.ufpel.edu.br\/progep\/wp-json\/wp\/v2\/pages\/3848\/revisions\/37013"}],"up":[{"embeddable":true,"href":"https:\/\/wp.ufpel.edu.br\/progep\/wp-json\/wp\/v2\/pages\/21847"}],"wp:attachment":[{"href":"https:\/\/wp.ufpel.edu.br\/progep\/wp-json\/wp\/v2\/media?parent=3848"}],"curies":[{"name":"wp","href":"https:\/\/api.w.org\/{rel}","templated":true}]}}