{"id":38064,"date":"2025-10-17T09:09:25","date_gmt":"2025-10-17T12:09:25","guid":{"rendered":"https:\/\/wp.ufpel.edu.br\/progep\/?page_id=38064"},"modified":"2025-11-24T14:52:51","modified_gmt":"2025-11-24T17:52:51","slug":"capacitacao-equilibrio-nas-relacoes-de-trabalho-autocontrole-e-tomada-de-decisao","status":"publish","type":"page","link":"https:\/\/wp.ufpel.edu.br\/progep\/capacitacao-equilibrio-nas-relacoes-de-trabalho-autocontrole-e-tomada-de-decisao\/","title":{"rendered":"Capacita\u00e7\u00e3o: Equil\u00edbrio nas Rela\u00e7\u00f5es de Trabalho: autocontrole e tomada de decis\u00e3o"},"content":{"rendered":"\n<div class=\"wp-block-group\"><div class=\"wp-block-group__inner-container is-layout-constrained wp-block-group-is-layout-constrained\">\n<div class=\"acaoStyle\">\n<div class=\"cabecalhoAcoes\">\n<div>Equil\u00edbrio nas Rela\u00e7\u00f5es de Trabalho: autocontrole e tomada de decis\u00e3o<\/div>\n<p>O ambiente de trabalho apresenta desafios constantes, tornando o autocontrole emocional essencial para um equil\u00edbrio saud\u00e1vel das rela\u00e7\u00f5es profissionais.  Seus benef\u00edcios s\u00e3o determinantes para a tomada de decis\u00f5es mais racionais e assertivas.<\/p>\n<\/div>\n<div class=\"corpoStyle\"><strong>Facilitador(a): <\/strong> Mait\u00ea de Siqueira Brahm (<em> Docente\/Centro de Ci\u00eancias Socio-Organizacionais\/CCSO\/UFPel<\/em>)<\/p>\n<p><strong>Data de realiza\u00e7\u00e3o<\/strong><\/span>: 10\/11\/2025, \u00a0segunda-feira <br \/><strong>Hor\u00e1rio: <\/strong>14h at\u00e9 \u00e0s 17h<\/span><br \/><strong>Carga hor\u00e1ria<\/strong>: 3h<br \/><strong>Modalidade: <\/strong> Online\u00a0<br \/><strong>Local:\u00a0 <\/strong> Plataforma Webconf <br \/><strong>Ementa: <\/strong><\/p>\n<ul>\n<li>Rela\u00e7\u00f5es de trabalho e seus desafios;<\/li>\n<li>Autocontrole emocional: o que \u00e9 e benef\u00edcios;<\/li>\n<li>Equil\u00edbrio nas rela\u00e7\u00f5es de trabalho;<\/li>\n<li>Autocontrole no ambiente de trabalho e tomada de decis\u00f5es.<\/li>\n<\/ul>\n<p><strong>P\u00fablico Alvo<\/strong>: Servidores(as) docentes, TAE\u2019s e trabalhadores(as) terceirizados(as) ativos(as) da UFPel*.<\/p>\n<p><strong>Per\u00edodo de inscri\u00e7\u00e3o<\/strong>: 22\/10 a 05\/11<\/p>\n<p><strong>Divulga\u00e7\u00e3o das inscri\u00e7\u00f5es homologadas<\/strong>: 06\/11**, nesta p\u00e1gina.<\/p>\n<p>*Considerando a Pol\u00edtica Nacional de Desenvolvimento de Pessoas, conforme Decreto n\u00ba 9.991\/19, somente ser\u00e3o certificados(as) os(as) servidores(as) p\u00fablicos pertencentes ao Quadro Efetivo da UFPel;<br \/>** Quando homologadas as inscri\u00e7\u00f5es, os(as) selecionados(as) receber\u00e3o e-mail de confirma\u00e7\u00e3o com instru\u00e7\u00f5es.<\/p>\n<p><strong>Observa\u00e7\u00e3o<\/strong>: A homologa\u00e7\u00e3o das inscri\u00e7\u00f5es dos(as) trabalhadores(as) terceirizados ficar\u00e1 condicionada \u00e0 an\u00e1lise pr\u00e9via e manifesta\u00e7\u00e3o por parte do NUGEST\/PRA.<\/p>\n<p>\n<strong><a href=\"https:\/\/wp.ufpel.edu.br\/progep\/files\/2025\/11\/HOMOLOGACAO-Equilibrio-nas-Relacoes-de-Trabalho_-autocontrole-e-tomada-de-decisao.pdf\" target=\"_blank\" rel=\"noopener\">Confira as inscri\u00e7\u00f5es homologadas aqui!<\/a><\/strong>\n<p><span style=\"font-size: 14pt\"><strong>Contato:<\/strong> cdp.capacita@ufpel.edu.br<\/span><\/p>\n<\/div>\n<\/div>\n<\/div><\/div>\n","protected":false},"excerpt":{"rendered":"<p>Equil\u00edbrio nas Rela\u00e7\u00f5es de Trabalho: autocontrole e tomada de decis\u00e3o O ambiente de trabalho apresenta desafios constantes, tornando o autocontrole emocional essencial para um equil\u00edbrio saud\u00e1vel das rela\u00e7\u00f5es profissionais. Seus benef\u00edcios s\u00e3o determinantes para a tomada de decis\u00f5es mais racionais e assertivas. Facilitador(a): Mait\u00ea de Siqueira Brahm ( Docente\/Centro de Ci\u00eancias Socio-Organizacionais\/CCSO\/UFPel) Data de realiza\u00e7\u00e3o: [&hellip;]<\/p>\n","protected":false},"author":21,"featured_media":0,"parent":0,"menu_order":0,"comment_status":"closed","ping_status":"closed","template":"","meta":{"footnotes":""},"class_list":["post-38064","page","type-page","status-publish","hentry"],"_links":{"self":[{"href":"https:\/\/wp.ufpel.edu.br\/progep\/wp-json\/wp\/v2\/pages\/38064","targetHints":{"allow":["GET"]}}],"collection":[{"href":"https:\/\/wp.ufpel.edu.br\/progep\/wp-json\/wp\/v2\/pages"}],"about":[{"href":"https:\/\/wp.ufpel.edu.br\/progep\/wp-json\/wp\/v2\/types\/page"}],"author":[{"embeddable":true,"href":"https:\/\/wp.ufpel.edu.br\/progep\/wp-json\/wp\/v2\/users\/21"}],"replies":[{"embeddable":true,"href":"https:\/\/wp.ufpel.edu.br\/progep\/wp-json\/wp\/v2\/comments?post=38064"}],"version-history":[{"count":3,"href":"https:\/\/wp.ufpel.edu.br\/progep\/wp-json\/wp\/v2\/pages\/38064\/revisions"}],"predecessor-version":[{"id":38887,"href":"https:\/\/wp.ufpel.edu.br\/progep\/wp-json\/wp\/v2\/pages\/38064\/revisions\/38887"}],"wp:attachment":[{"href":"https:\/\/wp.ufpel.edu.br\/progep\/wp-json\/wp\/v2\/media?parent=38064"}],"curies":[{"name":"wp","href":"https:\/\/api.w.org\/{rel}","templated":true}]}}