{"id":37779,"date":"2025-10-10T11:30:33","date_gmt":"2025-10-10T14:30:33","guid":{"rendered":"https:\/\/wp.ufpel.edu.br\/progep\/?page_id=37779"},"modified":"2025-11-03T10:13:16","modified_gmt":"2025-11-03T13:13:16","slug":"capacitacao-uso-de-inteligencia-artificial-no-servico-publico","status":"publish","type":"page","link":"https:\/\/wp.ufpel.edu.br\/progep\/capacitacao-uso-de-inteligencia-artificial-no-servico-publico\/","title":{"rendered":"Capacita\u00e7\u00e3o: Uso de intelig\u00eancia artificial no servi\u00e7o p\u00fablico"},"content":{"rendered":"\n<div class=\"wp-block-group\"><div class=\"wp-block-group__inner-container is-layout-constrained wp-block-group-is-layout-constrained\">\n<div class=\"acaoStyle\">\n<div class=\"cabecalhoAcoes\">\n<div>Uso de intelig\u00eancia artificial no servi\u00e7o p\u00fablico<\/div>\n<p>Conhe\u00e7a a hist\u00f3ria da Intelig\u00eancia Artifical, e o que n\u00e3o \u00e9 IA. O que \u00e9 LLM? Aspectos \u00e9ticos, legais e os cutos. IA&#8217;s no contexto do servi\u00e7o p\u00fablico e como podem melhorar. Por fim, ser\u00e1 discutido com est\u00e1 o uso das IA&#8217;s na UFPel.<\/p>\n<\/div>\n<div class=\"corpoStyle\"><strong>Facilitador(a): <\/strong> Diogo Veber Lima (<em>T\u00e9cnico de Tecnologia da Informa\u00e7\u00e3o \/  Superintend\u00eancia de Gest\u00e3o de Tecnologia da Informa\u00e7\u00e3o e Comunica\u00e7\u00e3o \/ UFPEL<\/em>)<\/span><\/p>\n<p><strong>Data de realiza\u00e7\u00e3o<\/strong>: 05\/11\/2025,\u00a0quarta-feira<br \/><strong>Hor\u00e1rio: <\/strong>8h \u00e0s 11h<br \/><strong>Carga hor\u00e1ria<\/strong>: 3h <br \/><strong>Modalidade<\/strong>: <em>Online<\/em><\/strong>  <br \/><strong>Local:\u00a0 <\/strong>Plataforma Webconf<br \/><strong>Ementa: <\/strong><\/p>\n<ul>\n<li>Hist\u00f3ria resumida da IA<\/li>\n<li>O que a IA n\u00e3o \u00e9<\/li>\n<li>O que \u00e9 LLM?<\/li>\n<li>Por que a IA \u00e9 cara?<\/li>\n<li>Aspectos \u00c9ticos e Legais da IA para o servidor p\u00fablico<\/li>\n<li>Como usar a IA para melhorar o servi\u00e7o p\u00fablico<\/li>\n<li>O que a UFPEL SGTIC tem desenvolvido?<\/li>\n<\/ul>\n<p><strong>P\u00fablico Alvo<\/strong>: Servidores(as) docentes, TAE\u2019s e trabalhadores(as) terceirizados(as) ativos(as) da UFPel*.*<\/p>\n<p><strong>Per\u00edodo de inscri\u00e7\u00e3o<\/strong>: 17\/10 a 02\/11<\/p>\n<p><strong>Divulga\u00e7\u00e3o das inscri\u00e7\u00f5es homologadas<\/strong>: 03\/11**, nesta p\u00e1gina.<\/p>\n<p>*Considerando a Pol\u00edtica Nacional de Desenvolvimento de Pessoas, conforme Decreto n\u00ba 9.991\/19, somente ser\u00e3o certificados(as) os(as) servidores(as) p\u00fablicos pertencentes ao Quadro Efetivo da UFPel;<br \/>** Quando homologadas as inscri\u00e7\u00f5es, os(as) selecionados(as) receber\u00e3o e-mail de confirma\u00e7\u00e3o com instru\u00e7\u00f5es.<\/p>\n<p><strong>Observa\u00e7\u00e3o<\/strong>: A homologa\u00e7\u00e3o das inscri\u00e7\u00f5es dos(as) trabalhadores(as) terceirizados ficar\u00e1 condicionada \u00e0 an\u00e1lise pr\u00e9via e manifesta\u00e7\u00e3o por parte do NUGEST\/PRA.<\/p>\n<p><strong><a href=\"https:\/\/wp.ufpel.edu.br\/progep\/files\/2025\/11\/HOMOLOGACAO-Uso-de-inteligencia-artificial-no-servico-publico.pdf\" target=\"_blank\" rel=\"noopener\">Confira as inscri\u00e7\u00f5es homologadas aqui<\/a><\/strong><\/p>\n<p><span style=\"font-size: 14pt\"><strong>Contato:<\/strong> cdp.capacita@ufpel.edu.br<\/span><\/p>\n<\/div>\n<\/div>\n<\/div><\/div>\n","protected":false},"excerpt":{"rendered":"<p>Uso de intelig\u00eancia artificial no servi\u00e7o p\u00fablico Conhe\u00e7a a hist\u00f3ria da Intelig\u00eancia Artifical, e o que n\u00e3o \u00e9 IA. O que \u00e9 LLM? Aspectos \u00e9ticos, legais e os cutos. IA&#8217;s no contexto do servi\u00e7o p\u00fablico e como podem melhorar. Por fim, ser\u00e1 discutido com est\u00e1 o uso das IA&#8217;s na UFPel. Facilitador(a): Diogo Veber Lima [&hellip;]<\/p>\n","protected":false},"author":21,"featured_media":0,"parent":0,"menu_order":0,"comment_status":"closed","ping_status":"closed","template":"","meta":{"footnotes":""},"class_list":["post-37779","page","type-page","status-publish","hentry"],"_links":{"self":[{"href":"https:\/\/wp.ufpel.edu.br\/progep\/wp-json\/wp\/v2\/pages\/37779","targetHints":{"allow":["GET"]}}],"collection":[{"href":"https:\/\/wp.ufpel.edu.br\/progep\/wp-json\/wp\/v2\/pages"}],"about":[{"href":"https:\/\/wp.ufpel.edu.br\/progep\/wp-json\/wp\/v2\/types\/page"}],"author":[{"embeddable":true,"href":"https:\/\/wp.ufpel.edu.br\/progep\/wp-json\/wp\/v2\/users\/21"}],"replies":[{"embeddable":true,"href":"https:\/\/wp.ufpel.edu.br\/progep\/wp-json\/wp\/v2\/comments?post=37779"}],"version-history":[{"count":3,"href":"https:\/\/wp.ufpel.edu.br\/progep\/wp-json\/wp\/v2\/pages\/37779\/revisions"}],"predecessor-version":[{"id":38659,"href":"https:\/\/wp.ufpel.edu.br\/progep\/wp-json\/wp\/v2\/pages\/37779\/revisions\/38659"}],"wp:attachment":[{"href":"https:\/\/wp.ufpel.edu.br\/progep\/wp-json\/wp\/v2\/media?parent=37779"}],"curies":[{"name":"wp","href":"https:\/\/api.w.org\/{rel}","templated":true}]}}