{"id":37658,"date":"2025-10-06T16:17:57","date_gmt":"2025-10-06T19:17:57","guid":{"rendered":"https:\/\/wp.ufpel.edu.br\/progep\/?page_id=37658"},"modified":"2026-04-14T14:28:33","modified_gmt":"2026-04-14T17:28:33","slug":"galeria-albuns-cerimonias-de-aposentados-ufpel","status":"publish","type":"page","link":"https:\/\/wp.ufpel.edu.br\/progep\/galeria-albuns-cerimonias-de-aposentados-ufpel\/","title":{"rendered":"Galeria: Cole\u00e7\u00e3o Cerim\u00f4nias de Aposentados UFPel"},"content":{"rendered":"\n<div class=\"wp-block-group\"><div class=\"wp-block-group__inner-container is-layout-constrained wp-block-group-is-layout-constrained\">\n<div class=\"logoTituloModelStyle\"><img class=\"size-medium wp-image-27184 alignleft\" src=\"https:\/\/wp.ufpel.edu.br\/progep\/files\/2025\/03\/logo-progep_atualizacao-nome_AZUL.png\" alt=\"\" \/><\/p>\n<div style=\"padding: 2.5rem\"><strong>Cole\u00e7\u00e3o da Cerim\u00f4nias de Aposentados<\/strong><\/div>\n<\/div>\n<hr class=\"hrModelStyle\" \/>\n<div class=\"descriptionModelStyle\">Confira nesta p\u00e1gina os \u00e1lbuns de fotos das Cerim\u00f4nias de Aposentados<\/div>\n<\/div><\/div>\n\n\n<div class=\"galleriaDaPROGEP \">\n<div class=\"blocoPrincipal\"> \n<div class=\"coluna-esquerda\">\n<div class=\"imagem-principal \">\n                <img src=\"https:\/\/wp.ufpel.edu.br\/progep\/files\/2026\/04\/WhatsApp-Image-2026-04-14-at-08.28.55-1-1.jpeg\" alt=\"Cerim\u00f4nia de Aposentados\">\n            <\/div>\n\n<\/div>\n<div class=\"coluna-direita\">\n<h2 style=\"text-align: center\">Cerim\u00f4nia de Aposentados<\/h2>\n<div style=\"text-align: justify\">Confira o \u00e1lbum de fotos da cerim\u00f4nia de 09\/04\/2026 <\/div>\n           <a href=\"https:\/\/wp.ufpel.edu.br\/progep\/album-cerimonia-de-aposentados-de-09-de-abril-de-2026\/\">Confira este \u00e1lbum da PROGEP!<\/a>\n        <\/div>\n\n<\/div>\n\n\n<\/div>\n\n\n\n<div class=\"galleriaDaPROGEP \">\n<div class=\"blocoPrincipal\"> \n<div class=\"coluna-esquerda\">\n<div class=\"imagem-principal \">\n                <img src=\"https:\/\/wp.ufpel.edu.br\/progep\/files\/2025\/10\/Cerimonia-de-Aposentadoria-34.jpg\" alt=\"Cerim\u00f4nia de Aposentados\">\n            <\/div>\n\n<\/div>\n<div class=\"coluna-direita\">\n<h2 style=\"text-align: center\">Cerim\u00f4nia de Aposentados<\/h2>\n<div style=\"text-align: justify\">Confira o \u00e1lbum de fotos da cerim\u00f4nia de 02\/10\/2025 <\/div>\n           <a href=\"https:\/\/wp.ufpel.edu.br\/progep\/galeria-da-progep-album-cerimonia-de-aposentados\/\">Confira este \u00e1lbum da PROGEP!<\/a>\n        <\/div>\n\n<\/div>\n\n\n<\/div>\n\n","protected":false},"excerpt":{"rendered":"<p>Cole\u00e7\u00e3o da Cerim\u00f4nias de Aposentados Confira nesta p\u00e1gina os \u00e1lbuns de fotos das Cerim\u00f4nias de Aposentados Cerim\u00f4nia de Aposentados Confira o \u00e1lbum de fotos da cerim\u00f4nia de 09\/04\/2026 Confira este \u00e1lbum da PROGEP! Cerim\u00f4nia de Aposentados Confira o \u00e1lbum de fotos da cerim\u00f4nia de 02\/10\/2025 Confira este \u00e1lbum da PROGEP!<\/p>\n","protected":false},"author":21,"featured_media":0,"parent":0,"menu_order":0,"comment_status":"closed","ping_status":"closed","template":"page-sem-sidebar.php","meta":{"footnotes":""},"class_list":["post-37658","page","type-page","status-publish","hentry"],"_links":{"self":[{"href":"https:\/\/wp.ufpel.edu.br\/progep\/wp-json\/wp\/v2\/pages\/37658","targetHints":{"allow":["GET"]}}],"collection":[{"href":"https:\/\/wp.ufpel.edu.br\/progep\/wp-json\/wp\/v2\/pages"}],"about":[{"href":"https:\/\/wp.ufpel.edu.br\/progep\/wp-json\/wp\/v2\/types\/page"}],"author":[{"embeddable":true,"href":"https:\/\/wp.ufpel.edu.br\/progep\/wp-json\/wp\/v2\/users\/21"}],"replies":[{"embeddable":true,"href":"https:\/\/wp.ufpel.edu.br\/progep\/wp-json\/wp\/v2\/comments?post=37658"}],"version-history":[{"count":3,"href":"https:\/\/wp.ufpel.edu.br\/progep\/wp-json\/wp\/v2\/pages\/37658\/revisions"}],"predecessor-version":[{"id":41193,"href":"https:\/\/wp.ufpel.edu.br\/progep\/wp-json\/wp\/v2\/pages\/37658\/revisions\/41193"}],"wp:attachment":[{"href":"https:\/\/wp.ufpel.edu.br\/progep\/wp-json\/wp\/v2\/media?parent=37658"}],"curies":[{"name":"wp","href":"https:\/\/api.w.org\/{rel}","templated":true}]}}