{"id":3752,"date":"2013-03-18T16:23:02","date_gmt":"2013-03-18T19:23:02","guid":{"rendered":"https:\/\/wp.ufpel.edu.br\/prgrh\/?page_id=3752"},"modified":"2013-04-29T10:34:18","modified_gmt":"2013-04-29T13:34:18","slug":"ginastica-laboral-na-ufpel","status":"publish","type":"page","link":"https:\/\/wp.ufpel.edu.br\/progep\/ginastica-laboral-na-ufpel\/","title":{"rendered":"Gin\u00e1stica Laboral na UFPel"},"content":{"rendered":"<p>O projeto Gin\u00e1stica Laboral na UFPel \u00e9 uma a\u00e7\u00e3o da CSQV, que tem como objetivo oferecer um conjunto de atividades f\u00edsicas atrav\u00e9s da Gin\u00e1stica Laboral, visando \u00e0 promo\u00e7\u00e3o do bem-estar fisico e mental dos servidores, bem como a obten\u00e7\u00e3o da melhora no rendimento das tarefas di\u00e1rias e preven\u00e7\u00e3o de doen\u00e7as ocupacionais dos mesmos.<\/p>\n<p><a href=\"https:\/\/wp.ufpel.edu.br\/prgrh\/files\/2013\/04\/PROJETO-GINASTICA-LABORAL-FINAL-REEDI\u00c7\u00c3O.pdf\">Projeto<\/a><\/p>\n<p>At\u00e9 o momento, o projeto atende as unidades do Campus Porto.<\/p>\n<p><a href=\"https:\/\/wp.ufpel.edu.br\/prgrh\/files\/2013\/03\/GEDC06201.jpg\"><img class=\"aligncenter size-medium wp-image-3770\" src=\"https:\/\/wp.ufpel.edu.br\/prgrh\/files\/2013\/03\/GEDC06201-300x225.jpg\" alt=\"\" width=\"300\" height=\"225\" srcset=\"https:\/\/wp.ufpel.edu.br\/progep\/files\/2013\/03\/GEDC06201-300x225.jpg 300w, https:\/\/wp.ufpel.edu.br\/progep\/files\/2013\/03\/GEDC06201-1024x768.jpg 1024w\" sizes=\"(max-width: 300px) 100vw, 300px\" \/><\/a><\/p>\n<p><a href=\"https:\/\/wp.ufpel.edu.br\/prgrh\/files\/2013\/03\/GEDC0629.jpg\"><img class=\"aligncenter size-medium wp-image-3771\" src=\"https:\/\/wp.ufpel.edu.br\/prgrh\/files\/2013\/03\/GEDC0629-300x225.jpg\" alt=\"\" width=\"300\" height=\"225\" srcset=\"https:\/\/wp.ufpel.edu.br\/progep\/files\/2013\/03\/GEDC0629-300x225.jpg 300w, https:\/\/wp.ufpel.edu.br\/progep\/files\/2013\/03\/GEDC0629-1024x768.jpg 1024w\" sizes=\"(max-width: 300px) 100vw, 300px\" \/><\/a><\/p>\n<p><a href=\"https:\/\/wp.ufpel.edu.br\/prgrh\/files\/2013\/03\/GEDC0635.jpg\"><img class=\"aligncenter size-medium wp-image-3772\" src=\"https:\/\/wp.ufpel.edu.br\/prgrh\/files\/2013\/03\/GEDC0635-300x225.jpg\" alt=\"\" width=\"300\" height=\"225\" srcset=\"https:\/\/wp.ufpel.edu.br\/progep\/files\/2013\/03\/GEDC0635-300x225.jpg 300w, https:\/\/wp.ufpel.edu.br\/progep\/files\/2013\/03\/GEDC0635-1024x768.jpg 1024w\" sizes=\"(max-width: 300px) 100vw, 300px\" \/><\/a><\/p>\n<p>&nbsp;<\/p>\n<p>&nbsp;<\/p>\n<p>&nbsp;<\/p>\n","protected":false},"excerpt":{"rendered":"<p>O projeto Gin\u00e1stica Laboral na UFPel \u00e9 uma a\u00e7\u00e3o da CSQV, que tem como objetivo oferecer um conjunto de atividades f\u00edsicas atrav\u00e9s da Gin\u00e1stica Laboral, visando \u00e0 promo\u00e7\u00e3o do bem-estar fisico e mental dos servidores, bem como a obten\u00e7\u00e3o da melhora no rendimento das tarefas di\u00e1rias e preven\u00e7\u00e3o de doen\u00e7as ocupacionais dos mesmos. Projeto At\u00e9 [&hellip;]<\/p>\n","protected":false},"author":246,"featured_media":0,"parent":0,"menu_order":0,"comment_status":"closed","ping_status":"closed","template":"","meta":{"footnotes":""},"class_list":["post-3752","page","type-page","status-publish","hentry"],"_links":{"self":[{"href":"https:\/\/wp.ufpel.edu.br\/progep\/wp-json\/wp\/v2\/pages\/3752","targetHints":{"allow":["GET"]}}],"collection":[{"href":"https:\/\/wp.ufpel.edu.br\/progep\/wp-json\/wp\/v2\/pages"}],"about":[{"href":"https:\/\/wp.ufpel.edu.br\/progep\/wp-json\/wp\/v2\/types\/page"}],"author":[{"embeddable":true,"href":"https:\/\/wp.ufpel.edu.br\/progep\/wp-json\/wp\/v2\/users\/246"}],"replies":[{"embeddable":true,"href":"https:\/\/wp.ufpel.edu.br\/progep\/wp-json\/wp\/v2\/comments?post=3752"}],"version-history":[{"count":6,"href":"https:\/\/wp.ufpel.edu.br\/progep\/wp-json\/wp\/v2\/pages\/3752\/revisions"}],"predecessor-version":[{"id":37035,"href":"https:\/\/wp.ufpel.edu.br\/progep\/wp-json\/wp\/v2\/pages\/3752\/revisions\/37035"}],"wp:attachment":[{"href":"https:\/\/wp.ufpel.edu.br\/progep\/wp-json\/wp\/v2\/media?parent=3752"}],"curies":[{"name":"wp","href":"https:\/\/api.w.org\/{rel}","templated":true}]}}