{"id":37308,"date":"2025-09-17T10:05:16","date_gmt":"2025-09-17T13:05:16","guid":{"rendered":"https:\/\/wp.ufpel.edu.br\/progep\/?page_id=37308"},"modified":"2025-10-28T08:48:15","modified_gmt":"2025-10-28T11:48:15","slug":"capacitacao-aulao-de-ritmos","status":"publish","type":"page","link":"https:\/\/wp.ufpel.edu.br\/progep\/capacitacao-aulao-de-ritmos\/","title":{"rendered":"Capacita\u00e7\u00e3o: Aul\u00e3o de Ritmos"},"content":{"rendered":"\n<div class=\"wp-block-group\"><div class=\"wp-block-group__inner-container is-layout-constrained wp-block-group-is-layout-constrained\">\n<div class=\"acaoMesServidorStyle\">\n<div class=\"headerAcaoStyle\">\n<div class=\"mesServidorLogo\">\n<img src=\"https:\/\/wp.ufpel.edu.br\/progep\/files\/2025\/09\/logo-Mes-Pessoa-Servidora.png\">\n<div style=\"font-size: 16pt;text-align: center;font-weight: bold\">M\u00eas da Pessoa Servidora da UFPEL<\/div>\n<\/div>\n<div class=\"cabecalhoAcoes\">\n<div style=\"font-weight: bold;color: red;background-color: yellow;padding: 1rem;border-radius: 0.75rem;margin-bottom: 1rem\"><strong>ATEN\u00c7\u00c3O! ATIVIDADE CANCELADA!<\/strong><\/div>\n<div style=\"font-size: 20pt\">Aul\u00e3o de Ritmos<\/div>\n<p style=\"color: white\">Aula de Ritmos que mistura diferentes estilos musicais com movimentos de dan\u00e7a. Promove melhora no condicionamento f\u00edsico, redu\u00e7\u00e3o de estresse, socializa\u00e7\u00e3o e divers\u00e3o.<\/p>\n<\/div>\n<\/div>\n\n<main>\n<div class=\"corpoStyle\" style=\"text-align: justify\">\n\n<div class=\"coluna1Style\">\n\n<strong>Facilitador(a): <\/strong><span>Andressa Reis Lemos (<em>Bolsista PET\/ Educa\u00e7\u00e3o F\u00edsica<\/em>)<\/span>\n<p><strong>Data de realiza\u00e7\u00e3o<\/strong>: 28\/10\/2025, ter\u00e7a-feira<br \/><strong>Hor\u00e1rio: <\/strong> 16h \u00e0s 17h<\/span><br \/><strong>Carga hor\u00e1ria<\/strong>: 1h <br \/><strong>N\u00famero de vagas:<\/strong> 30<br \/><strong>Modalidade: <\/strong> Presencial <br \/><strong>Local:\u00a0 <\/strong> Deck do Campus Anglo<br \/><strong>Ementa: <\/strong><\/p>\n<ul>\n<li>Aula de dan\u00e7a\/ritmos;<\/li>\n<li>Ritmos e movimento;<\/li>\n<li>Socializa\u00e7\u00e3o e divers\u00e3o.<\/li>\n<\/ul>\n<strong>P\u00fablico Alvo<\/strong>: Servidores(as) docentes, TAE\u2019s e trabalhadores(as) terceirizados(as) ativos(as) da UFPel*.*<br \/>\n<strong>Per\u00edodo de inscri\u00e7\u00e3o<\/strong>: <span>17\/09 a 23\/10<br \/>\n<strong>Divulga\u00e7\u00e3o das inscri\u00e7\u00f5es homologadas<\/strong>: 24\/10**, nesta p\u00e1gina.\n<\/div>\n<div class=\"coluna2Style\">\n*Considerando a Pol\u00edtica Nacional de Desenvolvimento de Pessoas, conforme Decreto n\u00ba 9.991\/19, somente ser\u00e3o certificados(as) os(as) servidores(as) p\u00fablicos pertencentes ao Quadro Efetivo da UFPel;<br \/>** Quando homologadas as inscri\u00e7\u00f5es, os(as) selecionados(as) receber\u00e3o e-mail de confirma\u00e7\u00e3o com instru\u00e7\u00f5es.\n<p><strong>Observa\u00e7\u00e3o<\/strong>: A homologa\u00e7\u00e3o das inscri\u00e7\u00f5es dos(as) trabalhadores(as) terceirizados ficar\u00e1 condicionada \u00e0 an\u00e1lise pr\u00e9via e manifesta\u00e7\u00e3o por parte do NUGEST\/PRA.<\/p>\n\n<\/div>\n<\/div>\n<footer>\n<strong><a href=\"https:\/\/wp.ufpel.edu.br\/progep\/files\/2025\/10\/HOMOLOGACAO-Aulao-de-Ritmos.pdf\" target=\"_blank\" rel=\"noopener\">Confira as inscri\u00e7\u00f5es homologadas:<\/a><\/strong>\n<div class=\"prevLegal footerMesServidor\"><strong>Contato:<\/strong> cdp.capacita@ufpel.edu.br<\/div>\n<\/footer>\n<\/main>\n<\/div><\/div>\n","protected":false},"excerpt":{"rendered":"<p>M\u00eas da Pessoa Servidora da UFPEL ATEN\u00c7\u00c3O! ATIVIDADE CANCELADA! Aul\u00e3o de Ritmos Aula de Ritmos que mistura diferentes estilos musicais com movimentos de dan\u00e7a. Promove melhora no condicionamento f\u00edsico, redu\u00e7\u00e3o de estresse, socializa\u00e7\u00e3o e divers\u00e3o. Facilitador(a): Andressa Reis Lemos (Bolsista PET\/ Educa\u00e7\u00e3o F\u00edsica) Data de realiza\u00e7\u00e3o: 28\/10\/2025, ter\u00e7a-feiraHor\u00e1rio: 16h \u00e0s 17hCarga hor\u00e1ria: 1h N\u00famero de [&hellip;]<\/p>\n","protected":false},"author":21,"featured_media":0,"parent":0,"menu_order":0,"comment_status":"closed","ping_status":"closed","template":"page-sem-sidebar.php","meta":{"footnotes":""},"class_list":["post-37308","page","type-page","status-publish","hentry"],"_links":{"self":[{"href":"https:\/\/wp.ufpel.edu.br\/progep\/wp-json\/wp\/v2\/pages\/37308","targetHints":{"allow":["GET"]}}],"collection":[{"href":"https:\/\/wp.ufpel.edu.br\/progep\/wp-json\/wp\/v2\/pages"}],"about":[{"href":"https:\/\/wp.ufpel.edu.br\/progep\/wp-json\/wp\/v2\/types\/page"}],"author":[{"embeddable":true,"href":"https:\/\/wp.ufpel.edu.br\/progep\/wp-json\/wp\/v2\/users\/21"}],"replies":[{"embeddable":true,"href":"https:\/\/wp.ufpel.edu.br\/progep\/wp-json\/wp\/v2\/comments?post=37308"}],"version-history":[{"count":3,"href":"https:\/\/wp.ufpel.edu.br\/progep\/wp-json\/wp\/v2\/pages\/37308\/revisions"}],"predecessor-version":[{"id":38522,"href":"https:\/\/wp.ufpel.edu.br\/progep\/wp-json\/wp\/v2\/pages\/37308\/revisions\/38522"}],"wp:attachment":[{"href":"https:\/\/wp.ufpel.edu.br\/progep\/wp-json\/wp\/v2\/media?parent=37308"}],"curies":[{"name":"wp","href":"https:\/\/api.w.org\/{rel}","templated":true}]}}