{"id":37287,"date":"2025-09-16T16:47:58","date_gmt":"2025-09-16T19:47:58","guid":{"rendered":"https:\/\/wp.ufpel.edu.br\/progep\/?page_id=37287"},"modified":"2025-10-02T09:40:54","modified_gmt":"2025-10-02T12:40:54","slug":"capacitacao-encontro-de-gestoras-da-ufpel","status":"publish","type":"page","link":"https:\/\/wp.ufpel.edu.br\/progep\/capacitacao-encontro-de-gestoras-da-ufpel\/","title":{"rendered":"Programa Mulheres L\u00edderes: Encontro de Gestoras da UFPel"},"content":{"rendered":"\n<div class=\"wp-block-group\"><div class=\"wp-block-group__inner-container is-layout-constrained wp-block-group-is-layout-constrained\">\n<div class=\"acaoStyle\">\n<div class=\"cabecalhoAcoes\">\n<div>Programa Mulheres L\u00edderes: Encontro de Gestoras da UFPel<\/div>\n<p>Este encontro tem como objetivo promover um espa\u00e7o de di\u00e1logo, fortalecimento e inspira\u00e7\u00e3o entre mulheres que ocupam posi\u00e7\u00f5es de lideran\u00e7a em nossa institui\u00e7\u00e3o.<\/p>\n<\/div>\n<div class=\"corpoStyle\"><strong>Data de realiza\u00e7\u00e3o<\/strong>: 01\/10\/2025, quarta-feira<br \/><strong>Modalidade: <\/strong>Presencial\u00a0<br \/><strong>Local:\u00a0 <\/strong>Audit\u00f3rio do Conservat\u00f3rio de M\u00fasica <br \/><strong>Programa\u00e7\u00e3o: <\/strong>\n<ul>\n<li><strong>9h<\/strong> &#8211; Abertura do Evento<\/li>\n<li><strong>9h30min<\/strong> &#8211; Palestra &#8220;Como se preparar para ser l\u00edder&#8221; \u2013 com a Prof.\u00aa Dr.\u00aa M\u00e1rcia Foster Mesko<\/li>\n<li><strong>14h<\/strong> &#8211; Palestra \u201cOs desafios de mulheres em cargos de gest\u00e3o&#8221; \u2013 com a Prof.\u00aa Dr.\u00aa Wrana Panizzi, ex-Reitora da Universidade Federal do Rio Grande do Sul<\/li>\n<\/ul>\n<p><strong>P\u00fablico Alvo<\/strong>: Servidoras docentes e T\u00e9cnicas Administrativas em Educa\u00e7\u00e3o ativas da UFPel em cargo de chefia\/gest\u00e3o*.*<\/p>\n<p><strong>Per\u00edodo de inscri\u00e7\u00e3o<\/strong>: 16\/09 \u00e0 28\/09<\/p>\n<p><strong>Divulga\u00e7\u00e3o das inscri\u00e7\u00f5es homologadas<\/strong>: 29\/09**, nesta p\u00e1gina.<\/p>\n<p>*Considerando a Pol\u00edtica Nacional de Desenvolvimento de Pessoas, conforme Decreto n\u00ba 9.991\/19, somente ser\u00e3o certificados(as) os(as) servidores(as) p\u00fablicos pertencentes ao Quadro Efetivo da UFPel;<br \/>** Quando homologadas as inscri\u00e7\u00f5es, os(as) selecionados(as) receber\u00e3o e-mail de confirma\u00e7\u00e3o com instru\u00e7\u00f5es.<\/p>\n<p><strong><a href=\"https:\/\/wp.ufpel.edu.br\/progep\/files\/2025\/09\/HOMOLOGACAO-Presencial-.pdf\" target=\"_blank\" rel=\"noopener\">Confira as inscri\u00e7\u00f5es homologadas aqui!<\/a><\/strong><\/p>\n\n\n<p><span style=\"font-size: 14pt\"><strong>Contato:<\/strong> cdp.capacita@ufpel.edu.br<\/span><\/p>\n<\/div>\n<\/div>\n<\/div><\/div>\n","protected":false},"excerpt":{"rendered":"<p>Programa Mulheres L\u00edderes: Encontro de Gestoras da UFPel Este encontro tem como objetivo promover um espa\u00e7o de di\u00e1logo, fortalecimento e inspira\u00e7\u00e3o entre mulheres que ocupam posi\u00e7\u00f5es de lideran\u00e7a em nossa institui\u00e7\u00e3o. Data de realiza\u00e7\u00e3o: 01\/10\/2025, quarta-feiraModalidade: Presencial\u00a0Local:\u00a0 Audit\u00f3rio do Conservat\u00f3rio de M\u00fasica Programa\u00e7\u00e3o: 9h &#8211; Abertura do Evento 9h30min &#8211; Palestra &#8220;Como se preparar para [&hellip;]<\/p>\n","protected":false},"author":21,"featured_media":0,"parent":0,"menu_order":0,"comment_status":"closed","ping_status":"closed","template":"","meta":{"footnotes":""},"class_list":["post-37287","page","type-page","status-publish","hentry"],"_links":{"self":[{"href":"https:\/\/wp.ufpel.edu.br\/progep\/wp-json\/wp\/v2\/pages\/37287","targetHints":{"allow":["GET"]}}],"collection":[{"href":"https:\/\/wp.ufpel.edu.br\/progep\/wp-json\/wp\/v2\/pages"}],"about":[{"href":"https:\/\/wp.ufpel.edu.br\/progep\/wp-json\/wp\/v2\/types\/page"}],"author":[{"embeddable":true,"href":"https:\/\/wp.ufpel.edu.br\/progep\/wp-json\/wp\/v2\/users\/21"}],"replies":[{"embeddable":true,"href":"https:\/\/wp.ufpel.edu.br\/progep\/wp-json\/wp\/v2\/comments?post=37287"}],"version-history":[{"count":3,"href":"https:\/\/wp.ufpel.edu.br\/progep\/wp-json\/wp\/v2\/pages\/37287\/revisions"}],"predecessor-version":[{"id":37534,"href":"https:\/\/wp.ufpel.edu.br\/progep\/wp-json\/wp\/v2\/pages\/37287\/revisions\/37534"}],"wp:attachment":[{"href":"https:\/\/wp.ufpel.edu.br\/progep\/wp-json\/wp\/v2\/media?parent=37287"}],"curies":[{"name":"wp","href":"https:\/\/api.w.org\/{rel}","templated":true}]}}