{"id":36986,"date":"2025-09-12T10:09:30","date_gmt":"2025-09-12T13:09:30","guid":{"rendered":"https:\/\/wp.ufpel.edu.br\/progep\/?page_id=36986"},"modified":"2025-11-04T10:26:44","modified_gmt":"2025-11-04T13:26:44","slug":"capacitacao-mes-da-pessoa-servidora","status":"publish","type":"page","link":"https:\/\/wp.ufpel.edu.br\/progep\/capacitacao-mes-da-pessoa-servidora\/","title":{"rendered":"Capacita\u00e7\u00e3o: M\u00eas da Pessoa Servidora"},"content":{"rendered":"\n<div class=\"wp-block-group\"><div class=\"wp-block-group__inner-container is-layout-constrained wp-block-group-is-layout-constrained\">\n<div class=\"logoTituloModelStyle\"><img class=\"size-medium wp-image-27184 alignleft\" src=\"https:\/\/wp.ufpel.edu.br\/progep\/files\/2025\/09\/logo-Mes-Pessoa-Servidora.png\" alt=\"\" \/><\/p>\n<div><strong>M\u00eas da Pessoa Servidora da UFPel<\/strong><\/div>\n<\/div>\n<hr class=\"hrModelStyle\" \/>\n<div class=\"descriptionModelStyle\">A edi\u00e7\u00e3o de 2025 j\u00e1 se encerrou. Aguarde a programa\u00e7\u00e3o do pr\u00f3ximo M\u00eas da Pessoa Servidora.<\/div>\n<\/div><\/div>\n\n\n<div class=\"titleComumStyle\">Confira as edi\u00e7\u00f5es anteriores<\/div>\n\n\n<p><div class=\"botaoStyle botaRetStyle mesServidorBotaoStyle\">\n<a href=\"https:\/\/wp.ufpel.edu.br\/progep\/capacitacao-mes-doa-servidora-da-ufpel-2025\/\">M\u00eas da Pessoa Servidora &#8211; 2025<\/a>\n<a href=\"https:\/\/wp.ufpel.edu.br\/progep\/mes-doa-servidora-da-ufpel-2024\/\">M\u00eas do\/a Servidor\/a &#8211; 2024<\/a>\n<a href=\"https:\/\/wp.ufpel.edu.br\/progep\/mes-doa-servidora-da-ufpel\/\">M\u00eas do\/a Servidor\/a &#8211; 2023<\/a>\n<a href=\"https:\/\/wp.ufpel.edu.br\/progep\/semana-doa-servidora-da-ufpel-2022\/\">Semana do\/a Servidor\/a &#8211; 2022<\/a>\n<a href=\"https:\/\/wp.ufpel.edu.br\/progep\/mes-do-servidor-2021\/\">M\u00eas do\/a Servidor\/a &#8211; 2021<\/a>\n<a href=\"https:\/\/wp.ufpel.edu.br\/progep\/mes-do-servidor\/\">M\u00eas do\/a Servidor\/a &#8211; 2019<\/a>\n<a href=\"https:\/\/wp.ufpel.edu.br\/progep\/semana-do-servidor-ufpel\/\">Semana do\/a Servidor\/a &#8211; 2018<\/a>\n<a href=\"https:\/\/wp.ufpel.edu.br\/progep\/ciclo-de-palestras-para-servidores-comemorando-o-dia-do-servidor-publico\/\">Ciclo de Palestras para Servidores \u2013 comemorando o \u201cDia do Servidor P\u00fablico\u201d<\/a>\n<\/div><\/p>\n","protected":false},"excerpt":{"rendered":"<p>M\u00eas da Pessoa Servidora da UFPel A edi\u00e7\u00e3o de 2025 j\u00e1 se encerrou. Aguarde a programa\u00e7\u00e3o do pr\u00f3ximo M\u00eas da Pessoa Servidora. Confira as edi\u00e7\u00f5es anteriores M\u00eas da Pessoa Servidora &#8211; 2025 M\u00eas do\/a Servidor\/a &#8211; 2024 M\u00eas do\/a Servidor\/a &#8211; 2023 Semana do\/a Servidor\/a &#8211; 2022 M\u00eas do\/a Servidor\/a &#8211; 2021 M\u00eas do\/a Servidor\/a [&hellip;]<\/p>\n","protected":false},"author":21,"featured_media":0,"parent":0,"menu_order":0,"comment_status":"closed","ping_status":"closed","template":"page-sem-sidebar.php","meta":{"footnotes":""},"class_list":["post-36986","page","type-page","status-publish","hentry"],"_links":{"self":[{"href":"https:\/\/wp.ufpel.edu.br\/progep\/wp-json\/wp\/v2\/pages\/36986","targetHints":{"allow":["GET"]}}],"collection":[{"href":"https:\/\/wp.ufpel.edu.br\/progep\/wp-json\/wp\/v2\/pages"}],"about":[{"href":"https:\/\/wp.ufpel.edu.br\/progep\/wp-json\/wp\/v2\/types\/page"}],"author":[{"embeddable":true,"href":"https:\/\/wp.ufpel.edu.br\/progep\/wp-json\/wp\/v2\/users\/21"}],"replies":[{"embeddable":true,"href":"https:\/\/wp.ufpel.edu.br\/progep\/wp-json\/wp\/v2\/comments?post=36986"}],"version-history":[{"count":3,"href":"https:\/\/wp.ufpel.edu.br\/progep\/wp-json\/wp\/v2\/pages\/36986\/revisions"}],"predecessor-version":[{"id":39636,"href":"https:\/\/wp.ufpel.edu.br\/progep\/wp-json\/wp\/v2\/pages\/36986\/revisions\/39636"}],"wp:attachment":[{"href":"https:\/\/wp.ufpel.edu.br\/progep\/wp-json\/wp\/v2\/media?parent=36986"}],"curies":[{"name":"wp","href":"https:\/\/api.w.org\/{rel}","templated":true}]}}