{"id":36942,"date":"2025-09-11T15:18:37","date_gmt":"2025-09-11T18:18:37","guid":{"rendered":"https:\/\/wp.ufpel.edu.br\/progep\/?page_id=36942"},"modified":"2025-10-30T09:59:03","modified_gmt":"2025-10-30T12:59:03","slug":"pgd-representantes-rede-pgd","status":"publish","type":"page","link":"https:\/\/wp.ufpel.edu.br\/progep\/pgd-representantes-rede-pgd\/","title":{"rendered":"PGD: Representantes Rede PGD"},"content":{"rendered":"\n<div class=\"wp-block-group\"><div class=\"wp-block-group__inner-container is-layout-constrained wp-block-group-is-layout-constrained\">\n<div class=\"logoTituloModelStyle\"><img class=\"size-medium wp-image-27184 alignleft\" src=\"https:\/\/wp.ufpel.edu.br\/progep\/files\/2025\/03\/logo-progep_atualizacao-nome_AZUL.png\" alt=\"\" \/>\n<div style=\"padding: 1rem 0\"><strong>Programa de Gest\u00e3o e Desempenho: Representantes Rede PGD<\/strong><\/div>\n<\/div>\n<hr class=\"hrModelStyle\" \/>\n<div class=\"descriptionModelStyle\" style=\"text-align: justify\">A Rede PGD \u00e9 um espa\u00e7o cont\u00ednuo para consulta, compartilhamento de experi\u00eancias e divulga\u00e7\u00e3o de iniciativas voltadas ao Programa de Gest\u00e3o e Desempenho. \u00c9 composta por representantes de \u00f3rg\u00e3os e entidades da administra\u00e7\u00e3o p\u00fablica federal, designados por seus dirigentes m\u00e1ximos, conforme IN 24\/2023, art. 23, inciso III, e indicados ao Comit\u00ea PGD, do Minist\u00e9rio da Gest\u00e3o e Inova\u00e7\u00e3o em Servi\u00e7os P\u00fablicos (MGI).<\/div>\n<div>\u00a0<\/div>\n<div class=\"descriptionModelStyle\" style=\"text-align: justify\">Na UFPel as participantes da Rede s\u00e3o:<\/div>\n<div>\u00a0<\/div>\n<\/div><\/div>\n\n\n<div class=\"blocoDIVStyle\">\n<div style=\"font-size: 18pt\"><strong>Titular:<\/strong> Paula Lem\u00f5es Haertel<\/div>\n<div><strong>Cargo:<\/strong> Assistente em Administra\u00e7\u00e3o <\/div>\n<div><strong>E-mail:<\/strong> paula.haertel@ufpel.edu.br<\/div>\n<\/div>\n<div class=\"blocoDIVStyle\">\n<div style=\"font-size: 18pt\"><strong>Suplente:<\/strong> Andressa Andrade Duquia<\/div>\n<div><strong>Cargo:<\/strong> Assistente em Administra\u00e7\u00e3o <\/div>\n<div><strong>E-mail:<\/strong> andressa.duquia@ufpel.edu.br<\/div>\n<\/div>\n<div class=\"botaoStyle botaoRedePGD\">\n<a href=\"https:\/\/www.gov.br\/servidor\/pt-br\/assuntos\/programa-de-gestao\/nova-in-2023\/representantes-do-pgd-nos-orgaos-entidades\/copy_of_representantes\" target=\"_blank\">Rede PGD<\/a>\n<\/div>","protected":false},"excerpt":{"rendered":"<p>Programa de Gest\u00e3o e Desempenho: Representantes Rede PGD A Rede PGD \u00e9 um espa\u00e7o cont\u00ednuo para consulta, compartilhamento de experi\u00eancias e divulga\u00e7\u00e3o de iniciativas voltadas ao Programa de Gest\u00e3o e Desempenho. \u00c9 composta por representantes de \u00f3rg\u00e3os e entidades da administra\u00e7\u00e3o p\u00fablica federal, designados por seus dirigentes m\u00e1ximos, conforme IN 24\/2023, art. 23, inciso III, [&hellip;]<\/p>\n","protected":false},"author":21,"featured_media":0,"parent":0,"menu_order":0,"comment_status":"closed","ping_status":"closed","template":"","meta":{"footnotes":""},"class_list":["post-36942","page","type-page","status-publish","hentry"],"_links":{"self":[{"href":"https:\/\/wp.ufpel.edu.br\/progep\/wp-json\/wp\/v2\/pages\/36942","targetHints":{"allow":["GET"]}}],"collection":[{"href":"https:\/\/wp.ufpel.edu.br\/progep\/wp-json\/wp\/v2\/pages"}],"about":[{"href":"https:\/\/wp.ufpel.edu.br\/progep\/wp-json\/wp\/v2\/types\/page"}],"author":[{"embeddable":true,"href":"https:\/\/wp.ufpel.edu.br\/progep\/wp-json\/wp\/v2\/users\/21"}],"replies":[{"embeddable":true,"href":"https:\/\/wp.ufpel.edu.br\/progep\/wp-json\/wp\/v2\/comments?post=36942"}],"version-history":[{"count":3,"href":"https:\/\/wp.ufpel.edu.br\/progep\/wp-json\/wp\/v2\/pages\/36942\/revisions"}],"predecessor-version":[{"id":38582,"href":"https:\/\/wp.ufpel.edu.br\/progep\/wp-json\/wp\/v2\/pages\/36942\/revisions\/38582"}],"wp:attachment":[{"href":"https:\/\/wp.ufpel.edu.br\/progep\/wp-json\/wp\/v2\/media?parent=36942"}],"curies":[{"name":"wp","href":"https:\/\/api.w.org\/{rel}","templated":true}]}}