{"id":3693,"date":"2013-03-06T16:27:25","date_gmt":"2013-03-06T19:27:25","guid":{"rendered":"https:\/\/wp.ufpel.edu.br\/prgrh\/?page_id=3693"},"modified":"2026-04-07T09:04:50","modified_gmt":"2026-04-07T12:04:50","slug":"banco-de-professor-equivalente","status":"publish","type":"page","link":"https:\/\/wp.ufpel.edu.br\/progep\/administracao-de-pessoal\/banco-de-professor-equivalente\/","title":{"rendered":"Banco de Professor Equivalente"},"content":{"rendered":"\n<div class=\"wp-block-group\"><div class=\"wp-block-group__inner-container is-layout-constrained wp-block-group-is-layout-constrained\">\n<div class=\"logoTituloModelStyle\" style=\"padding: 0\"><img class=\"size-medium wp-image-27184 alignleft\" style=\"padding: 0\" src=\"https:\/\/wp.ufpel.edu.br\/progep\/files\/2025\/03\/logo-progep_atualizacao-nome_AZUL.png\" alt=\"\" \/><\/p>\n<div style=\"padding: 2rem\"><strong>Banco de Professor(a) Equivalente<\/strong><\/div>\n<\/div>\n<hr class=\"hrModelStyle\" \/>\n<div class=\"titleComumStyle\">O que \u00e9 o Banco de Professor(a) Equivalente (BPEQ)?<\/div>\n<div class=\"descriptionModelStyle\">O <strong>Banco de Professor(a) Equivalente (BPEQ)<\/strong> \u00e9 um instrumento de gest\u00e3o de pessoal institu\u00eddo para cada Institui\u00e7\u00e3o Federal de Ensino Superior vinculada ao Minist\u00e9rio da Educa\u00e7\u00e3o. Ele estabelece <strong>um limite para a soma<\/strong> dos(as) professores(as) efetivos(as), substitutos(as) e visitantes lotados na institui\u00e7\u00e3o, expressa em uma unidade chamada <strong>professor(a)-equivalente<\/strong>.<\/div>\n<\/div><\/div>\n\n\n<div class=\"bpeqStyle\">\n<div class=\"titleComumStyle\">Como funciona o Banco de Professor(a) Equivalente?<\/div>\n<div class=\"bpeqListStyle blocoDIVStyle\">\n<ul>\n<li>Para o c\u00e1lculo do saldo do banco utilizada, toma-se como refer\u00eancia o(a) Professor(a) do Magist\u00e9rio Superior com 40h semanais e t\u00edtulo de doutor, que corresponde ao fator 1.<\/li>\n<li>Professor(a) com diferentes regimes de trabalho recebem fatores espec\u00edficos:<br \/>Professor(a) efetivo(a) em Dedica\u00e7\u00e3o Exclusiva (DE): 1,65<br \/>Professor(a) efetivo(a) 20h: 0,6<br \/>Professor(a) Titular-Livre\u00a0 (DE): 3,52<br \/>Professor(a) Titular-Livre 40h: 2,13<br \/>Professor(a) Titular-Livre 20h: 1,29<br \/>Professor(a) substituto(a) (40h semanais): 1<br \/>Professor(a) substituto(a) (20h semanais): 0,6<br \/>Professor(a) visitante (DE): 1,65<br \/>Professor(a) visitante (40h): 1<br \/>Professor(a) visitante (20h): 0,6<\/li>\n<li>A contrata\u00e7\u00e3o de Professores(as) Substitutos(as) e Visitantes n\u00e3o pode ultrapassar 20% do n\u00famero de docentes efetivos da Universidade.<\/li>\n<\/ul>\n<\/div>\n<div class=\"titleComumStyle\">Para consultar o limite e o \u00faltimo saldo atualizado, clique no link abaixo:<\/div>\n<p><a href=\"https:\/\/wp.ufpel.edu.br\/progep\/files\/2026\/04\/BPEq-2026-04.pdf\">BPEQ &#8211; Abril\/2026<\/a><\/p>\n<div class=\"titleComumStyle\" style=\"font-size: 25pt\">Saldo BPEq autorizado UFPel: 2.666,34<\/div>\n<div class=\"paragrafoComumStyle\">Confira na tabela abaixo, a evolu\u00e7\u00e3o do saldo BPEq UFPel:<\/div>\n\n<table id=\"tablepress-16\" class=\"tablepress tablepress-id-16\">\n<thead>\n<tr class=\"row-1\">\n\t<th class=\"column-1\">Saldo Anterior<\/th><th class=\"column-2\">Novo Saldo<\/th><th class=\"column-3\">Data<\/th><th class=\"column-4\">Normativa<\/th><th class=\"column-5\">Observa\u00e7\u00f5es<\/th>\n<\/tr>\n<\/thead>\n<tbody class=\"row-striping row-hover\">\n<tr class=\"row-2\">\n\t<td class=\"column-1\">\u2013<\/td><td class=\"column-2\">1793,70<\/td><td class=\"column-3\">18\/05\/2011<\/td><td class=\"column-4\">Decreto n\u00ba 7.485\/2011<\/td><td class=\"column-5\">\u2013<\/td>\n<\/tr>\n<tr class=\"row-3\">\n\t<td class=\"column-1\">1793,70<\/td><td class=\"column-2\">1896,46<\/td><td class=\"column-3\">24\/08\/2011<\/td><td class=\"column-4\">Port. Interministerial MP\/MEC n\u00ba 300\/2011<\/td><td class=\"column-5\">\u2013<\/td>\n<\/tr>\n<tr class=\"row-4\">\n\t<td class=\"column-1\">1896,46<\/td><td class=\"column-2\">1896,46<\/td><td class=\"column-3\">18\/10\/2011<\/td><td class=\"column-4\">Port. Interministerial MP\/MEC n\u00ba 440\/2011<\/td><td class=\"column-5\">n\u00e3o houve altera\u00e7\u00e3o do saldo<\/td>\n<\/tr>\n<tr class=\"row-5\">\n\t<td class=\"column-1\">1896,46<\/td><td class=\"column-2\">2270,46<\/td><td class=\"column-3\">31\/08\/2012<\/td><td class=\"column-4\">Port. Interministerial MP\/MEC n\u00ba 405\/2012<\/td><td class=\"column-5\">\u2013<\/td>\n<\/tr>\n<tr class=\"row-6\">\n\t<td class=\"column-1\">2270,46<\/td><td class=\"column-2\">2270,46<\/td><td class=\"column-3\">06\/02\/2013<\/td><td class=\"column-4\">Port. Interministerial MP\/MEC n\u00ba 24\/2013<\/td><td class=\"column-5\">n\u00e3o houve altera\u00e7\u00e3o do saldo<\/td>\n<\/tr>\n<tr class=\"row-7\">\n\t<td class=\"column-1\">2270,46<\/td><td class=\"column-2\">2277,26<\/td><td class=\"column-3\">21\/05\/2013<\/td><td class=\"column-4\">Port. Interministerial MP\/MEC n\u00ba 182\/2013<\/td><td class=\"column-5\">\u2013<\/td>\n<\/tr>\n<tr class=\"row-8\">\n\t<td class=\"column-1\">2277,26<\/td><td class=\"column-2\">2277,26<\/td><td class=\"column-3\">21\/11\/2013<\/td><td class=\"column-4\">Port. Interministerial MP\/MEC n\u00ba 461\/2013<\/td><td class=\"column-5\">n\u00e3o houve altera\u00e7\u00e3o do saldo<\/td>\n<\/tr>\n<tr class=\"row-9\">\n\t<td class=\"column-1\">2277,26<\/td><td class=\"column-2\">2277,26<\/td><td class=\"column-3\">03\/04\/2014<\/td><td class=\"column-4\">Port. Interministerial MP\/MEC n\u00ba 111\/2014<\/td><td class=\"column-5\">n\u00e3o houve altera\u00e7\u00e3o do saldo<\/td>\n<\/tr>\n<tr class=\"row-10\">\n\t<td class=\"column-1\">2277,26<\/td><td class=\"column-2\">2656,66<\/td><td class=\"column-3\">29\/05\/2014<\/td><td class=\"column-4\">Decreto n\u00ba 8.259\/2014<\/td><td class=\"column-5\">\u2013<\/td>\n<\/tr>\n<tr class=\"row-11\">\n\t<td class=\"column-1\">2656,66<\/td><td class=\"column-2\">2666,06<\/td><td class=\"column-3\">05\/08\/2015<\/td><td class=\"column-4\">Port. Interministerial MP\/MEC n\u00ba 313\/2015<\/td><td class=\"column-5\">\u2013<\/td>\n<\/tr>\n<tr class=\"row-12\">\n\t<td class=\"column-1\">2666,06<\/td><td class=\"column-2\">2672,70<\/td><td class=\"column-3\">14\/12\/2016<\/td><td class=\"column-4\">Port. Interministerial MP\/MEC n\u00ba 399\/2016<\/td><td class=\"column-5\">\u2013<\/td>\n<\/tr>\n<tr class=\"row-13\">\n\t<td class=\"column-1\">2672,70<\/td><td class=\"column-2\">2685,86<\/td><td class=\"column-3\">19\/10\/2017<\/td><td class=\"column-4\">Port. Interministerial MP\/MEC n\u00ba 316\/2017<\/td><td class=\"column-5\">\u2013<\/td>\n<\/tr>\n<tr class=\"row-14\">\n\t<td class=\"column-1\">2685,86<\/td><td class=\"column-2\">2638,59<\/td><td class=\"column-3\">12\/08\/2021<\/td><td class=\"column-4\">Port. Interministerial ME\/MEC n\u00ba 9.359\/2021<\/td><td class=\"column-5\">diminui\u00e7\u00e3o do saldo em troca do recebimento de novas vagas<\/td>\n<\/tr>\n<tr class=\"row-15\">\n\t<td class=\"column-1\">2638,59<\/td><td class=\"column-2\">2657,09<\/td><td class=\"column-3\">28\/07\/2023<\/td><td class=\"column-4\">Port. Conj. MGI\/MEC n\u00ba 29\/2023<\/td><td class=\"column-5\">\u2013<\/td>\n<\/tr>\n<tr class=\"row-16\">\n\t<td class=\"column-1\">2657,09<\/td><td class=\"column-2\"><strong>2666,34<\/strong><\/td><td class=\"column-3\">15\/10\/2025<br \/>\n<\/td><td class=\"column-4\">Port. Con. MGI\/MEC n\u00ba 70\/2025<\/td><td class=\"column-5\">\u2013<\/td>\n<\/tr>\n<\/tbody>\n<\/table>\n<!-- #tablepress-16 from cache -->\n<div class=\"titleComumStyle\">Fundamentos legais:<\/div>\n<p><a href=\"http:\/\/www.planalto.gov.br\/ccivil_03\/_Ato2011-2014\/2011\/Decreto\/D7485.htm\">Decreto n\u00ba 7.485, de 18 de maio de 2011<\/a><a href=\"http:\/\/www.planalto.gov.br\/ccivil_03\/_Ato2011-2014\/2014\/Decreto\/D8259.htm\">Decreto n\u00ba 8.259, de 29 de maio de 2014<\/a><\/p>\n<\/div>","protected":false},"excerpt":{"rendered":"<p>Banco de Professor(a) Equivalente O que \u00e9 o Banco de Professor(a) Equivalente (BPEQ)? O Banco de Professor(a) Equivalente (BPEQ) \u00e9 um instrumento de gest\u00e3o de pessoal institu\u00eddo para cada Institui\u00e7\u00e3o Federal de Ensino Superior vinculada ao Minist\u00e9rio da Educa\u00e7\u00e3o. Ele estabelece um limite para a soma dos(as) professores(as) efetivos(as), substitutos(as) e visitantes lotados na institui\u00e7\u00e3o, [&hellip;]<\/p>\n","protected":false},"author":52,"featured_media":0,"parent":308,"menu_order":0,"comment_status":"closed","ping_status":"closed","template":"","meta":{"footnotes":""},"class_list":["post-3693","page","type-page","status-publish","hentry"],"_links":{"self":[{"href":"https:\/\/wp.ufpel.edu.br\/progep\/wp-json\/wp\/v2\/pages\/3693","targetHints":{"allow":["GET"]}}],"collection":[{"href":"https:\/\/wp.ufpel.edu.br\/progep\/wp-json\/wp\/v2\/pages"}],"about":[{"href":"https:\/\/wp.ufpel.edu.br\/progep\/wp-json\/wp\/v2\/types\/page"}],"author":[{"embeddable":true,"href":"https:\/\/wp.ufpel.edu.br\/progep\/wp-json\/wp\/v2\/users\/52"}],"replies":[{"embeddable":true,"href":"https:\/\/wp.ufpel.edu.br\/progep\/wp-json\/wp\/v2\/comments?post=3693"}],"version-history":[{"count":3,"href":"https:\/\/wp.ufpel.edu.br\/progep\/wp-json\/wp\/v2\/pages\/3693\/revisions"}],"predecessor-version":[{"id":41060,"href":"https:\/\/wp.ufpel.edu.br\/progep\/wp-json\/wp\/v2\/pages\/3693\/revisions\/41060"}],"up":[{"embeddable":true,"href":"https:\/\/wp.ufpel.edu.br\/progep\/wp-json\/wp\/v2\/pages\/308"}],"wp:attachment":[{"href":"https:\/\/wp.ufpel.edu.br\/progep\/wp-json\/wp\/v2\/media?parent=3693"}],"curies":[{"name":"wp","href":"https:\/\/api.w.org\/{rel}","templated":true}]}}