{"id":36828,"date":"2025-09-10T14:16:18","date_gmt":"2025-09-10T17:16:18","guid":{"rendered":"https:\/\/wp.ufpel.edu.br\/progep\/?page_id=36828"},"modified":"2025-09-30T10:18:08","modified_gmt":"2025-09-30T13:18:08","slug":"convocacoes-edital-008-2025","status":"publish","type":"page","link":"https:\/\/wp.ufpel.edu.br\/progep\/convocacoes-edital-008-2025\/","title":{"rendered":"Convoca\u00e7\u00f5es &#8211; Edital 008\/2025"},"content":{"rendered":"\n<div class=\"wp-block-group\"><div class=\"wp-block-group__inner-container is-layout-constrained wp-block-group-is-layout-constrained\">\n<div class=\"logoTituloModelStyle\"><img class=\"size-medium wp-image-27184 alignleft\" src=\"https:\/\/wp.ufpel.edu.br\/progep\/files\/2025\/03\/logo-progep_atualizacao-nome_AZUL.png\" alt=\"\" \/><\/p>\n<div style=\"padding:2rem 0\"><strong>Convoca\u00e7\u00f5es &#8211; Edital 008\/2025<\/strong><\/div>\n<\/div>\n<hr class=\"hrModelStyle\" \/>\n<div class=\"descriptionModelStyle\">Acompanhe nesta p\u00e1gina a publica\u00e7\u00e3o dos\/as convocados\/as para cargos de docentes substitutos\/as UFPEL.<\/div>\n<\/div><\/div>\n\n\n<div class=\"pagNomeacoesStyle\">\n<div class=\"cargosNomeConvStyle\">\n<div class=\"cargosTitleStyle\"> \u00c1reas nesta p\u00e1gina:<\/div>\n<div class=\"tabelasRepoDoc\" style=\"color: black;text-align: center\">\n<span class=\"collapseomatic \" id=\"id69e79a766f2f6\"  tabindex=\"0\" title=\"\u00c1reas deste edital\"    >\u00c1reas deste edital<\/span><div id=\"target-id69e79a766f2f6\" class=\"collapseomatic_content \"> \n<div class=\"cargosStyle\">\n\n<p>Teoria e Pr\u00e1tica Pedag\u00f3gica em Artes Visuais<\/p>\n\n\n<p>M\u00fasica<\/p>\n\n\n<p>Qu\u00edmica Anal\u00edtica<\/p>\n\n\n<p>Controle e Matem\u00e1tica<\/p>\n\n\n<p>L\u00ednguas Estrangeiras Modernas \u2013 Ingl\u00eas<\/p>\n\n\n<p>M\u00e1quinas e Implementos Agr\u00edcolas OU Mecaniza\u00e7\u00e3o Agr\u00edcola<\/p>\n\n\n<p>Medicina Paliativa<\/p>\n\n\n<p>Terapia Ocupacional<\/p>\n\n\n<p>Terapia Ocupacional e Reabilita\u00e7\u00e3o F\u00edsica<\/p>\n\n\n<p>Gastronomia<\/p>\n\n\n<p>Patologia Animal<\/p>\n\n\n<p>Sociologia<\/p>\n\n\n<p>Rela\u00e7\u00f5es Internacionais<\/p>\n\n\n<p>Ci\u00eancia dos Materiais<\/p>\n\n\n<p>Hist\u00f3ria<\/p>\n\n<\/div>\n<\/div>\n\n<\/div>\n<\/div>\n<p> Confira a p\u00e1gina com as informa\u00e7\u00f5es a respeito do certame: <\/p>\n<a href=\"http:\/\/ces.ufpel.edu.br\/conctecadmed0008_2025\/\" target=\"_blank\">Certame do Edital 008\/2025<\/a>\n<div class=\"titleStyle\"><strong>Ampla Concorr\u00eancia<\/strong><\/div>\n\n<table id=\"tablepress-157\" class=\"tablepress tablepress-id-157 letter-size\">\n<thead>\n<tr class=\"row-1\">\n\t<th class=\"column-1\">ORIGEM<\/th><th class=\"column-2\">VAGAS\/CH<\/th><th class=\"column-3\">\u00c1REA<\/th><th class=\"column-4\">APROVADOS<br \/>\nCLASSIFICA\u00c7\u00c3O \/ NOME<br \/>\n\/ RESULTADO FINAL<\/th><th class=\"column-5\">SITUA\u00c7\u00c3O<\/th>\n<\/tr>\n<\/thead>\n<tbody class=\"row-striping row-hover\">\n<tr class=\"row-2\">\n\t<td class=\"column-1\"><strong>Curso de Artes Visuais -<br \/>\nLicenciatura<\/strong><br \/>\nCentro de Artes<br \/>\n23110.037756\/2024-48<\/td><td class=\"column-2\">01 vaga<br \/>\n40h<\/td><td class=\"column-3\">Teoria e Pr\u00e1tica<br \/>\nPedag\u00f3gica em<br \/>\nArtes Visuais<\/td><td class=\"column-4\">1\u00ba MILENA REGINA DUARTE CORREA - 9,07<\/td><td class=\"column-5\">Convocada em 02\/10\/2025<\/td>\n<\/tr>\n<tr class=\"row-3\">\n\t<td class=\"column-1\"><\/td><td class=\"column-2\"><\/td><td class=\"column-3\"><\/td><td class=\"column-4\">2\u00ba GABRIELA DE MORAES DAME - 7,86<\/td><td class=\"column-5\"><\/td>\n<\/tr>\n<tr class=\"row-4\">\n\t<td class=\"column-1\"><\/td><td class=\"column-2\"><\/td><td class=\"column-3\"><\/td><td class=\"column-4\">3\u00ba ALESSANDRA GURGEL PONTES - 7,82<\/td><td class=\"column-5\"><\/td>\n<\/tr>\n<tr class=\"row-5\">\n\t<td class=\"column-1\"><\/td><td class=\"column-2\"><\/td><td class=\"column-3\"><\/td><td class=\"column-4\">4\u00ba JAILSON VALENTIM DOS SANTOS - 7,64<\/td><td class=\"column-5\"><\/td>\n<\/tr>\n<tr class=\"row-6\">\n\t<td class=\"column-1\"><\/td><td class=\"column-2\"><\/td><td class=\"column-3\"><\/td><td class=\"column-4\">5\u00ba JULIANA ANDRADE LUND - 6,29<\/td><td class=\"column-5\"><\/td>\n<\/tr>\n<tr class=\"row-7\">\n\t<td class=\"column-1\"><strong>Curso de Bach. em M\u00fasica -<br \/>\nM\u00fasica Popular<\/strong><br \/>\nCentro de Artes<br \/>\n23110.018923\/2025-32<\/td><td class=\"column-2\">01 vaga <br \/>\n40h<\/td><td class=\"column-3\">M\u00fasica<\/td><td class=\"column-4\">1\u00ba DIOGO JARDIM<br \/>\nJACKLE - 7,66<br \/>\n<\/td><td class=\"column-5\">Convocado em 10\/09\/2025<\/td>\n<\/tr>\n<tr class=\"row-8\">\n\t<td class=\"column-1\"><strong>Centro de Ci\u00eancias Qu\u00edmicas,<br \/>\nFarmac\u00eauticas e de Alimentos<\/strong><br \/>\n23110.018686\/2025-18<\/td><td class=\"column-2\">01 vaga<br \/>\n40h<\/td><td class=\"column-3\">Qu\u00edmica Anal\u00edtica<\/td><td class=\"column-4\">1\u00ba HELEN CRISTINA DOS<br \/>\nSANTOS HACKBART -<br \/>\n8,11<\/td><td class=\"column-5\"><\/td>\n<\/tr>\n<tr class=\"row-9\">\n\t<td class=\"column-1\"><\/td><td class=\"column-2\"><\/td><td class=\"column-3\"><\/td><td class=\"column-4\">2\u00ba CAMILA CORREA<br \/>\nPEREIRA** - 7,84<\/td><td class=\"column-5\">Convocada pela reserva de cotas em 10\/09\/2025<\/td>\n<\/tr>\n<tr class=\"row-10\">\n\t<td class=\"column-1\"><strong>C\u00e2mara de Ensino<\/strong><br \/>\nCentro de Engenharias<br \/>\n23110.018639\/2025-66<\/td><td class=\"column-2\">01 vaga<br \/>\n40h<\/td><td class=\"column-3\">Controle e<br \/>\nMatem\u00e1tica<\/td><td class=\"column-4\">1\u00ba JO\u00c3O INACIO<br \/>\nMOREIRA BEZERRA -<br \/>\n8,84<\/td><td class=\"column-5\">Convocado em 10\/09\/2025<\/td>\n<\/tr>\n<tr class=\"row-11\">\n\t<td class=\"column-1\"><strong>Curso de Licenciatura em Letras<br \/>\nPortugu\u00eas e Ingl\u00eas<\/strong><br \/>\nCentro de Letras e Comunica\u00e7\u00e3o<br \/>\n23110.019503\/2025-73<\/td><td class=\"column-2\">01 vaga<br \/>\n40h<\/td><td class=\"column-3\">L\u00ednguas<br \/>\nEstrangeiras<br \/>\nModernas - Ingl\u00eas<\/td><td class=\"column-4\">1\u00ba ALESSANDRA<br \/>\nBELLETTI FIGUEIRA<br \/>\nMULLING - 9,36<\/td><td class=\"column-5\">Convocada em 10\/09\/2025<\/td>\n<\/tr>\n<tr class=\"row-12\">\n\t<td class=\"column-1\"><strong>Departamento de Engenharia<br \/>\nRural<\/strong><br \/>\nFaculdade de Agronomia<br \/>\nEliseu Maciel<br \/>\n23110.018340\/2025-10<\/td><td class=\"column-2\">01 vaga<br \/>\n40h<\/td><td class=\"column-3\">M\u00e1quinas e Implementos Agr\u00edcolas OU Mecaniza\u00e7\u00e3o Agr\u00edcola<\/td><td class=\"column-4\">1\u00ba MAICO DAN\u00daBIO<br \/>\nDUARTE ABREU - 9,54<\/td><td class=\"column-5\">Convocado em 10\/09\/2025<\/td>\n<\/tr>\n<tr class=\"row-13\">\n\t<td class=\"column-1\"><\/td><td class=\"column-2\"><\/td><td class=\"column-3\"><\/td><td class=\"column-4\">2\u00ba NIXON DA ROSA<br \/>\nWESTENDORFF - 8,33<\/td><td class=\"column-5\"><\/td>\n<\/tr>\n<tr class=\"row-14\">\n\t<td class=\"column-1\"><\/td><td class=\"column-2\"><\/td><td class=\"column-3\"><\/td><td class=\"column-4\">3\u00ba TIAGO LOPES<br \/>\nBERTOLDI - 5,97*<\/td><td class=\"column-5\"><\/td>\n<\/tr>\n<tr class=\"row-15\">\n\t<td class=\"column-1\"><strong>Departamento de Cl\u00ednica M\u00e9dica<\/strong><br \/>\nFaculdade de Medicina<br \/>\n23110.018672\/2025-96<\/td><td class=\"column-2\">01 vaga<br \/>\n20h<\/td><td class=\"column-3\">Medicina Paliativa<\/td><td class=\"column-4\">1\u00ba BRUNO FERNANDO<br \/>\nDA SILVA REIS - 9,22<\/td><td class=\"column-5\">Convocado em 10\/09\/2025<\/td>\n<\/tr>\n<tr class=\"row-16\">\n\t<td class=\"column-1\"><strong>Curso de Terapia Ocupacional<\/strong><br \/>\nFaculdade de Medicina<br \/>\n23110.020449\/2025-17<\/td><td class=\"column-2\">01 vaga<br \/>\n40h<\/td><td class=\"column-3\">Terapia Ocupacional<\/td><td class=\"column-4\">1\u00ba ANDRESSA GOMES E<br \/>\nSILVA FARIAS - 8,06<\/td><td class=\"column-5\"><s>Convocada em 311\/09\/2025<\/s><br \/>\n<br \/>\n(desist\u00eancia)<\/td>\n<\/tr>\n<tr class=\"row-17\">\n\t<td class=\"column-1\"><strong>Curso de Terapia Ocupacional<\/strong><br \/>\nFaculdade de Medicina<br \/>\n23110.012881\/2025-26<\/td><td class=\"column-2\">01 vaga<br \/>\n40h<\/td><td class=\"column-3\">Terapia Ocupacional e<br \/>\nReabilita\u00e7\u00e3o F\u00edsica<\/td><td class=\"column-4\">1\u00ba PRINCE CHAIENE<br \/>\nMEIRELES DUARTE** -<br \/>\n9,55<\/td><td class=\"column-5\">Convocada pela reserva de cotas em 11\/09\/2025<\/td>\n<\/tr>\n<tr class=\"row-18\">\n\t<td class=\"column-1\"><\/td><td class=\"column-2\"><\/td><td class=\"column-3\"><\/td><td class=\"column-4\">2\u00ba TACIANA PY DE<br \/>\nOLIVEIRA OSIELSKI -<br \/>\n6,93*<\/td><td class=\"column-5\">Convocada em 06\/10\/2025<\/td>\n<\/tr>\n<tr class=\"row-19\">\n\t<td class=\"column-1\"><strong>Curso de Gastronomia<\/strong><br \/>\nFaculdade de Nutri\u00e7\u00e3o<br \/>\n23110.018725\/2025-79<\/td><td class=\"column-2\">01 vaga<br \/>\n40h<\/td><td class=\"column-3\">Gastronomia<\/td><td class=\"column-4\">1\u00ba ELDER PACHECO DA<br \/>\nCRUZ - 8,43<\/td><td class=\"column-5\">Convocado em 23\/10\/2025<\/td>\n<\/tr>\n<tr class=\"row-20\">\n\t<td class=\"column-1\"><strong>Departamento de Patologia<br \/>\nAnimal<\/strong><br \/>\nFaculdade de Veterin\u00e1ria<br \/>\n23110.017976\/2025-36<\/td><td class=\"column-2\">01 vaga<br \/>\n40h<\/td><td class=\"column-3\">Patologia Animal<\/td><td class=\"column-4\">1\u00ba TAINA DOS SANTOS<br \/>\nALBERTI - 9,62<\/td><td class=\"column-5\">Convocada em 11\/09\/2025<\/td>\n<\/tr>\n<tr class=\"row-21\">\n\t<td class=\"column-1\"><\/td><td class=\"column-2\"><\/td><td class=\"column-3\"><\/td><td class=\"column-4\">2\u00ba ROSIMERI ZAMBONI -<br \/>\n8,45<\/td><td class=\"column-5\">Convocada em 06\/10\/2025<\/td>\n<\/tr>\n<tr class=\"row-22\">\n\t<td class=\"column-1\"><\/td><td class=\"column-2\"><\/td><td class=\"column-3\"><\/td><td class=\"column-4\">3\u00ba HAIDE VALESKA<br \/>\nSCHEID - 8,39<\/td><td class=\"column-5\"><\/td>\n<\/tr>\n<tr class=\"row-23\">\n\t<td class=\"column-1\"><\/td><td class=\"column-2\"><\/td><td class=\"column-3\"><\/td><td class=\"column-4\">4\u00ba LUISA GRECCO<br \/>\nCORREA - 7,68<\/td><td class=\"column-5\"><\/td>\n<\/tr>\n<tr class=\"row-24\">\n\t<td class=\"column-1\"><\/td><td class=\"column-2\"><\/td><td class=\"column-3\"><\/td><td class=\"column-4\">5\u00ba CAROLINA BUSS<br \/>\nBRUNNER - 7,31<\/td><td class=\"column-5\"><\/td>\n<\/tr>\n<tr class=\"row-25\">\n\t<td class=\"column-1\"><strong>Departamento de Sociologia e<br \/>\nPol\u00edtica<\/strong><br \/>\nInstituto de Filosofia, Sociologia<br \/>\ne Pol\u00edtica<br \/>\n23110.018436\/2025-70<\/td><td class=\"column-2\">01 vaga<br \/>\n40h<\/td><td class=\"column-3\">Sociologia<\/td><td class=\"column-4\">1\u00ba PATRICIA<br \/>\nBOSENBECKER - 9,13<\/td><td class=\"column-5\">Convocada em 11\/09\/2025<\/td>\n<\/tr>\n<tr class=\"row-26\">\n\t<td class=\"column-1\"><strong>Curso de Rela\u00e7\u00f5es<br \/>\nInternacionais<\/strong><br \/>\nInstituto de Filosofia, Sociologia<br \/>\ne Pol\u00edtica<br \/>\n23110.005350\/2025-87<\/td><td class=\"column-2\">02 vagas<br \/>\n40h<\/td><td class=\"column-3\"><\/td><td class=\"column-4\">1\u00ba LUAN CORREA BRUM<br \/>\n- 9,57<\/td><td class=\"column-5\">Convocado em 11\/09\/2025<\/td>\n<\/tr>\n<tr class=\"row-27\">\n\t<td class=\"column-1\"><\/td><td class=\"column-2\"><\/td><td class=\"column-3\"><\/td><td class=\"column-4\">2\u00ba YURI BRAVO<br \/>\nCOUTINHO - 8,62<\/td><td class=\"column-5\">Convocado em 13\/10\/2025<\/td>\n<\/tr>\n<tr class=\"row-28\">\n\t<td class=\"column-1\"><\/td><td class=\"column-2\"><\/td><td class=\"column-3\"><\/td><td class=\"column-4\">3\u00ba VINICIUS ZANCHIN<br \/>\nBALDISSERA - 6,87*<\/td><td class=\"column-5\">Convocado em 01\/12\/2025<\/td>\n<\/tr>\n<tr class=\"row-29\">\n\t<td class=\"column-1\"><\/td><td class=\"column-2\"><\/td><td class=\"column-3\"><\/td><td class=\"column-4\">4\u00ba CIBELLE BURDULIS DA MOTTA - 6,03*<\/td><td class=\"column-5\"><\/td>\n<\/tr>\n<tr class=\"row-30\">\n\t<td class=\"column-1\"><strong>Curso de Engenharia de<br \/>\nMateriais<\/strong><br \/>\nCentro de Desenvolvimento<br \/>\nTecnol\u00f3gico<br \/>\n23110.018610\/2025-84<\/td><td class=\"column-2\">01 vaga<br \/>\n40h<\/td><td class=\"column-3\">Ci\u00eancia dos<br \/>\nMateriais<\/td><td class=\"column-4\">1\u00ba CRISTIANE FERRAZ DE<br \/>\nAZEVEDO - 9,09<br \/>\n<\/td><td class=\"column-5\">Convocada em 12\/09\/2025<\/td>\n<\/tr>\n<tr class=\"row-31\">\n\t<td class=\"column-1\"><\/td><td class=\"column-2\"><\/td><td class=\"column-3\"><\/td><td class=\"column-4\">2\u00ba BRUNO NUNES DA ROSA -<br \/>\n8,90<br \/>\n<\/td><td class=\"column-5\"><\/td>\n<\/tr>\n<tr class=\"row-32\">\n\t<td class=\"column-1\"><strong>Departamento de Hist\u00f3ria<\/strong><br \/>\n<br \/>\nInstituto de Ci\u00eancias Humanas<br \/>\n<br \/>\n23110.018610\/2025-84<\/td><td class=\"column-2\">01 vaga<br \/>\n40h<\/td><td class=\"column-3\">Hist\u00f3ria<br \/>\n<br \/>\n<\/td><td class=\"column-4\">1\u00ba ARTUR RODRIGO ITAQUI LOPES FILHO - 8,91<\/td><td class=\"column-5\"><\/td>\n<\/tr>\n<tr class=\"row-33\">\n\t<td class=\"column-1\"><\/td><td class=\"column-2\"><\/td><td class=\"column-3\"><\/td><td class=\"column-4\">2\u00ba EVERTON REIS QUEVEDO - 8,84<\/td><td class=\"column-5\"><\/td>\n<\/tr>\n<tr class=\"row-34\">\n\t<td class=\"column-1\"><\/td><td class=\"column-2\"><\/td><td class=\"column-3\"><\/td><td class=\"column-4\">3\u00ba NATALIA GARCIA PINTO*** - 8,72<\/td><td class=\"column-5\">Convocada pela reserva de vagas PCD em 19\/09\/2025<\/td>\n<\/tr>\n<tr class=\"row-35\">\n\t<td class=\"column-1\"><\/td><td class=\"column-2\"><\/td><td class=\"column-3\"><\/td><td class=\"column-4\">4\u00ba MAURICIO DA CUNHA ALBUQUERQUE - 8,63<\/td><td class=\"column-5\"><\/td>\n<\/tr>\n<tr class=\"row-36\">\n\t<td class=\"column-1\"><\/td><td class=\"column-2\"><\/td><td class=\"column-3\"><\/td><td class=\"column-4\">5\u00ba LUISA CAIAFFO VALDEZ - 6,76*<\/td><td class=\"column-5\"><\/td>\n<\/tr>\n<\/tbody>\n<\/table>\n\n<div style=\"padding: 0 2rem 0;font-size: 10pt\">*Par\u00e1grafo \u00fanico do art. 25 da Resolu\u00e7\u00e3o n\u00b0 55\/2023.<\/div>\n<div style=\"padding: 0 2rem 0;font-size: 10pt\">**Candidato(a) concorrente \u00e0 reserva de vagas destinadas \u00e0s pessoas negras.<\/div>\n<div style=\"padding: 0 2rem 0;font-size: 10pt\">***Candidata concorrente \u00e0 reserva de vagas destinadas \u00e0s pessoas com defici\u00eancia.<\/div>\n<div class=\"titleStyle\"><strong>Cotas Raciais<\/strong><\/div>\n\n<table id=\"tablepress-158\" class=\"tablepress tablepress-id-158\">\n<thead>\n<tr class=\"row-1\">\n\t<th class=\"column-1\">CLASSIFICA\u00c7\u00c3O <\/th><th class=\"column-2\">CANDIDATO(A) <\/th><th class=\"column-3\">\u00c1REA<\/th><th class=\"column-4\">SITUA\u00c7\u00c3O<\/th>\n<\/tr>\n<\/thead>\n<tbody class=\"row-striping row-hover\">\n<tr class=\"row-2\">\n\t<td class=\"column-1\">1\u00ba<\/td><td class=\"column-2\">PRINCE CHAIENE<br \/>\nMEIRELES DUARTE<\/td><td class=\"column-3\">Terapia Ocupacional e<br \/>\nReabilita\u00e7\u00e3o F\u00edsica <\/td><td class=\"column-4\">Convocada em 11\/09\/2025<\/td>\n<\/tr>\n<tr class=\"row-3\">\n\t<td class=\"column-1\">2\u00ba<\/td><td class=\"column-2\">CAMILA CORREA PEREIRA <\/td><td class=\"column-3\">Qu\u00edmica Anal\u00edtica <\/td><td class=\"column-4\">Convocada em 10\/09\/2025<\/td>\n<\/tr>\n<\/tbody>\n<\/table>\n\n<div class=\"titleStyle\"><strong>Cotas PcD<\/strong><\/div>\n\n<table id=\"tablepress-166\" class=\"tablepress tablepress-id-166\">\n<thead>\n<tr class=\"row-1\">\n\t<th class=\"column-1\">CLASSIFICA\u00c7\u00c3O<\/th><th class=\"column-2\">CANDIDATO(A)<\/th><th class=\"column-3\">\u00c1REA<\/th><th class=\"column-4\">SITUA\u00c7\u00c3O<\/th>\n<\/tr>\n<\/thead>\n<tbody class=\"row-striping row-hover\">\n<tr class=\"row-2\">\n\t<td class=\"column-1\">1\u00ba<\/td><td class=\"column-2\">NATALIA GARCIA PINTO<\/td><td class=\"column-3\">Hist\u00f3ria<\/td><td class=\"column-4\">Convocada em 19\/09\/2025<\/td>\n<\/tr>\n<\/tbody>\n<\/table>\n\n<\/div>","protected":false},"excerpt":{"rendered":"<p>Convoca\u00e7\u00f5es &#8211; Edital 008\/2025 Acompanhe nesta p\u00e1gina a publica\u00e7\u00e3o dos\/as convocados\/as para cargos de docentes substitutos\/as UFPEL. \u00c1reas nesta p\u00e1gina: Confira a p\u00e1gina com as informa\u00e7\u00f5es a respeito do certame: Certame do Edital 008\/2025 Ampla Concorr\u00eancia *Par\u00e1grafo \u00fanico do art. 25 da Resolu\u00e7\u00e3o n\u00b0 55\/2023. **Candidato(a) concorrente \u00e0 reserva de vagas destinadas \u00e0s pessoas negras. [&hellip;]<\/p>\n","protected":false},"author":21,"featured_media":0,"parent":0,"menu_order":0,"comment_status":"closed","ping_status":"closed","template":"","meta":{"footnotes":""},"class_list":["post-36828","page","type-page","status-publish","hentry"],"_links":{"self":[{"href":"https:\/\/wp.ufpel.edu.br\/progep\/wp-json\/wp\/v2\/pages\/36828","targetHints":{"allow":["GET"]}}],"collection":[{"href":"https:\/\/wp.ufpel.edu.br\/progep\/wp-json\/wp\/v2\/pages"}],"about":[{"href":"https:\/\/wp.ufpel.edu.br\/progep\/wp-json\/wp\/v2\/types\/page"}],"author":[{"embeddable":true,"href":"https:\/\/wp.ufpel.edu.br\/progep\/wp-json\/wp\/v2\/users\/21"}],"replies":[{"embeddable":true,"href":"https:\/\/wp.ufpel.edu.br\/progep\/wp-json\/wp\/v2\/comments?post=36828"}],"version-history":[{"count":3,"href":"https:\/\/wp.ufpel.edu.br\/progep\/wp-json\/wp\/v2\/pages\/36828\/revisions"}],"predecessor-version":[{"id":37527,"href":"https:\/\/wp.ufpel.edu.br\/progep\/wp-json\/wp\/v2\/pages\/36828\/revisions\/37527"}],"wp:attachment":[{"href":"https:\/\/wp.ufpel.edu.br\/progep\/wp-json\/wp\/v2\/media?parent=36828"}],"curies":[{"name":"wp","href":"https:\/\/api.w.org\/{rel}","templated":true}]}}