{"id":36798,"date":"2025-09-09T15:48:01","date_gmt":"2025-09-09T18:48:01","guid":{"rendered":"https:\/\/wp.ufpel.edu.br\/progep\/?page_id=36798"},"modified":"2026-04-10T16:17:57","modified_gmt":"2026-04-10T19:17:57","slug":"pgd-legislacao","status":"publish","type":"page","link":"https:\/\/wp.ufpel.edu.br\/progep\/pgd-legislacao\/","title":{"rendered":"PGD: Legisla\u00e7\u00e3o"},"content":{"rendered":"\n<div class=\"wp-block-group\"><div class=\"wp-block-group__inner-container is-layout-constrained wp-block-group-is-layout-constrained\">\n<div class=\"logoTituloModelStyle\"><img class=\"size-medium wp-image-27184 alignleft\" src=\"https:\/\/wp.ufpel.edu.br\/progep\/files\/2025\/03\/logo-progep_atualizacao-nome_AZUL.png\" alt=\"\" \/><\/p>\n<div style=\"padding: 2rem 0\"><strong>Programa de Gest\u00e3o e Desempenho: Legisla\u00e7\u00e3o<\/strong><\/div>\n<\/div>\n<hr class=\"hrModelStyle\" \/>\n<div class=\"descriptionModelStyle\">Conhe\u00e7a as normas vigentes que regulamentam o PGD e as orienta\u00e7\u00f5es publicadas pelos \u00f3rg\u00e3os gestores do programa.<\/div>\n<\/div><\/div>\n\n\n<div class=\"pgdContainerStyle\">\n<div class=\"titleComumStyle\">Legisla\u00e7\u00e3o Federal<\/div>\n<div class=\"tabelasRepoDoc sanfonaPGDStyle lesgilaStyle\"><span class=\"collapseomatic \" id=\"id6a0317fb2577d\"  tabindex=\"0\" title=\"Legisla\u00e7\u00e3o Federal\"    >Legisla\u00e7\u00e3o Federal<\/span><div id=\"target-id6a0317fb2577d\" class=\"collapseomatic_content \">\n<p><a href=\"https:\/\/www.planalto.gov.br\/ccivil_03\/_Ato2019-2022\/2022\/Decreto\/D11072.htm\" target=\"_blank\" rel=\"noopener\"><b>Decreto n\u00ba 11.072\/2022, de 17 de maio de 2022<\/b><\/a><br \/><span style=\"font-weight: 400\">Disp\u00f5e sobre o Programa de Gest\u00e3o e Desempenho (PGD) da administra\u00e7\u00e3o p\u00fablica federal direta, aut\u00e1rquica e fundacional.<\/span><\/p>\n<p><a href=\"https:\/\/www.in.gov.br\/en\/web\/dou\/-\/instrucao-normativa-conjunta-seges-sgprt-\/mgi-n-24-de-28-de-julho-de-2023-499593248\" target=\"_blank\" rel=\"noopener\"><b>Instru\u00e7\u00e3o Normativa Conjunta SEGES-SGPRT\/MGI n\u00ba 24, de 28 de julho de 2023<\/b><\/a><br \/><span style=\"font-weight: 400\">Estabelece orienta\u00e7\u00f5es a serem observadas pelos \u00f3rg\u00e3os e entidades integrantes do Sistema de Pessoal Civil da Administra\u00e7\u00e3o Federal (Sipec) e do Sistema de Organiza\u00e7\u00e3o e Inova\u00e7\u00e3o Institucional do Governo Federal (Siorg), relativas \u00e0 implementa\u00e7\u00e3o e execu\u00e7\u00e3o do Programa de Gest\u00e3o e Desempenho (PGD).<\/span><\/p>\n<p><a href=\"https:\/\/www.in.gov.br\/web\/dou\/-\/instrucao-normativa-conjunta-sgp-srt-seges\/mgi-n-52-533454345\" target=\"_blank\" rel=\"noopener\"><b>Instru\u00e7\u00e3o Normativa Conjunta SGP-SRT-SEGES\/MGI N\u00ba 52, de 26 de dezembro de 2023<\/b><\/a><br \/><span style=\"font-weight: 400\">Estabelece orienta\u00e7\u00f5es a serem observadas pelos \u00f3rg\u00e3os e entidades integrantes do Sistema de Pessoal Civil da Administra\u00e7\u00e3o Federal &#8211; Sipec e do Sistema de Organiza\u00e7\u00e3o e Inova\u00e7\u00e3o Institucional do Governo Federal &#8211; Siorg, relativas \u00e0s regras de gest\u00e3o de pessoas no \u00e2mbito do Programa de Gest\u00e3o e Desempenho &#8211; PGD.<\/span><\/p>\n<p><a href=\"https:\/\/www.in.gov.br\/en\/web\/dou\/-\/instrucao-normativa-conjunta-seges-sgp-srt\/mgi-n-21-de-16-de-julho-de-2024-572617003\" target=\"_blank\" rel=\"noopener\"><b>Instru\u00e7\u00e3o Normativa Conjunta SGP-SRT-SEGES\/MGI N\u00ba 21, de 16 de julho de 2024<\/b><\/a><br \/><span style=\"font-weight: 400\">Altera a Instru\u00e7\u00e3o Normativa Conjunta SEGES-SGPRT\/MGI n\u00ba 24, de 28 de julho de 2023, que estabelece orienta\u00e7\u00f5es a serem observadas pelos \u00f3rg\u00e3os e entidades integrantes do Sistema de Pessoal Civil da Administra\u00e7\u00e3o Federal &#8211; Sipec e do Sistema de Organiza\u00e7\u00e3o e Inova\u00e7\u00e3o Institucional do Governo Federal &#8211; Siorg, relativas \u00e0 implementa\u00e7\u00e3o e execu\u00e7\u00e3o do Programa de Gest\u00e3o e Desempenho &#8211; PGD.<\/span><\/p>\n<p><a href=\"https:\/\/www.in.gov.br\/en\/web\/dou\/-\/instrucao-normativa-conjunta-seges\/srt\/sgp\/mgi-n-20-608414504\" target=\"_blank\" rel=\"noopener\"><b>INSTRU\u00c7\u00c3O NORMATIVA CONJUNTA SEGES\/SRT\/SGP\/MGI N\u00ba 20, DE 21 DE JANEIRO DE 2025<\/b><\/a><br \/><span style=\"font-weight: 400\">Altera a Instru\u00e7\u00e3o Normativa Conjunta SEGES-SGPRT\/MGI n\u00ba 24, de 28 de julho de 2023, que estabelece orienta\u00e7\u00f5es a serem observadas pelos \u00f3rg\u00e3os e entidades integrantes do Sistema de Pessoal Civil da Administra\u00e7\u00e3o Federal &#8211; Sipec e do Sistema de Organiza\u00e7\u00e3o e Inova\u00e7\u00e3o Institucional do Governo Federal &#8211; Siorg, relativas \u00e0 implementa\u00e7\u00e3o e execu\u00e7\u00e3o do Programa de Gest\u00e3o e Desempenho &#8211; PGD.<\/span><\/p>\n\n\n<p><a href=\"https:\/\/www.in.gov.br\/en\/web\/dou\/-\/instrucao-normativa-conjunta-seges\/sgp\/srt\/mgi-n-137-de-8-de-abril-de-2026-698664448\" target=\"_blank\" rel=\"noopener\"><b>INSTRU\u00c7\u00c3O NORMATIVA CONJUNTA SEGES\/SGP\/SRT\/MGI N\u00ba 137, DE 8 DE ABRIL DE 2026<\/b><\/a><br \/><span style=\"font-weight: 400\">Altera a Instru\u00e7\u00e3o Normativa Conjunta SEGES-SGPRT\/MGI n\u00ba 24, de 28 de julho de 2023, que estabelece orienta\u00e7\u00f5es a serem observadas pelos \u00f3rg\u00e3os e entidades integrantes do Sistema de Pessoal Civil da Administra\u00e7\u00e3o Federal \u2014 Sipec e do Sistema de Organiza\u00e7\u00e3o e Inova\u00e7\u00e3o Institucional do Governo Federal \u2014 Siorg, relativas \u00e0 <strong>implementa\u00e7\u00e3o e execu\u00e7\u00e3o do Programa de Gest\u00e3o e Desempenho \u2014 PGD.<\/strong><\/span><\/p>\n\n\n\n\n<p><a href=\"https:\/\/legis.sigepe.gov.br\/legis\/detalhar\/24565\" target=\"_blank\" rel=\"noopener\"><b>Nota T\u00e9cnica SEI n\u00ba 13026\/2025\/MGI:\u00a0<\/b><\/a><br \/><span style=\"font-weight: 400\">Descontos na remunera\u00e7\u00e3o de servidora e servidor em Programa de Gest\u00e3o e Desempenho &#8211; PGD em raz\u00e3o de descumprimento do plano de trabalho<\/span><\/p>\n<p><a href=\"https:\/\/legis.sigepe.gov.br\/legis\/detalhar\/24522\" target=\"_blank\" rel=\"noopener\"><b>Nota T\u00e9cnica SEI n\u00ba 54308\/2024\/MGI:\u00a0<\/b><\/a><br \/><span style=\"font-weight: 400\">Compatibilidade de hor\u00e1rios em acumula\u00e7\u00e3o de Cargos, Empregos, Fun\u00e7\u00f5es P\u00fablicas e Proventos por servidor participante de Programa de Gest\u00e3o na modalidade teletrabalho em regime de execu\u00e7\u00e3o parcial ou integral.<\/span><\/p>\n<p><a href=\"https:\/\/legis.sigepe.gov.br\/legis\/detalhar\/24394\" target=\"_blank\" rel=\"noopener\"><b>Of\u00edcio-Circular n\u00ba 1426\/2024<\/b><\/a><b> e <\/b><a href=\"https:\/\/www.gov.br\/servidor\/pt-br\/assuntos\/programa-de-gestao\/nova-in-2023\/legislacao\/SEI_36194228_Nota_Conjunta_15.pdf\"><b>Nota Conjunta SEI n\u00ba 15\/2023\/SGP-MGI<\/b><\/a><b>:\u00a0<\/b><br \/><span style=\"font-weight: 400\">Desconto de faltas decorrentes de greve aos participantes de Programa de Gest\u00e3o e Desempenho.<\/span><\/p>\n<p><a href=\"https:\/\/legis.sigepe.gov.br\/legis\/detalhar\/24394\" target=\"_blank\" rel=\"noopener\"><b>Of\u00edcio-Circular n\u00ba 1426\/2024<\/b><\/a><b> e <\/b><a href=\"https:\/\/www.gov.br\/servidor\/pt-br\/assuntos\/programa-de-gestao\/nova-in-2023\/legislacao\/SEI_36194228_Nota_Conjunta_15.pdf\" target=\"_blank\" rel=\"noopener\"><b>Nota Conjunta SEI n\u00ba 15\/2023\/SGP-MGI<\/b><\/a><b>:\u00a0<\/b><br \/><span style=\"font-weight: 400\">Desconto de faltas decorrentes de greve aos participantes de Programa de Gest\u00e3o e Desempenho.<\/span><\/p>\n<p><a href=\"https:\/\/www.gov.br\/servidor\/pt-br\/assuntos\/programa-de-gestao\/nova-in-2023\/legislacao\/Oficio_Circular_512540442.pdf\" target=\"_blank\" rel=\"noopener\"><b>Of\u00edcio-Circular n\u00ba 1140\/2025<\/b><\/a><b> e <\/b><a href=\"https:\/\/www.gov.br\/servidor\/pt-br\/assuntos\/programa-de-gestao\/nova-in-2023\/legislacao\/Nota_Conjunta_51084000.pdf\" target=\"_blank\" rel=\"noopener\"><b>Nota Conjunta SEI n\u00ba 10\/2025\/SGP\/SRT-MGI<\/b><\/a><b>:\u00a0<\/b><br \/><span style=\"font-weight: 400\">Revis\u00e3o de entendimento acerca da efetiva\u00e7\u00e3o de descontos de faltas decorrentes de greve referente aos servidores participantes de Programa de Gest\u00e3o e Desempenho \u2014 PGD. Revoga\u00e7\u00e3o parcial da Nota Conjunta SEI n\u00ba 15\/2023\/SGP-MGI.<\/span><\/p>\n<p><a href=\"https:\/\/www.gov.br\/servidor\/pt-br\/assuntos\/programa-de-gestao\/nova-in-2023\/comite-executivo-do-pgd\" target=\"_blank\" rel=\"noopener\"><b>Resolu\u00e7\u00f5es MGI &#8211; CPGD<\/b><\/a><\/p>\n<p><a href=\"https:\/\/www.in.gov.br\/en\/web\/dou\/-\/resolucao-cpgd\/mgi-n-1-de-7-de-outubro-de-2024-588903651\" target=\"_blank\" rel=\"noopener\"><b>Resolu\u00e7\u00e3o CPGD\/MGI n\u00ba 1, de 07 de outubro de 2024:\u00a0<\/b><\/a><br \/><span style=\"font-weight: 400\">Aprova o regimento interno do Comit\u00ea Executivo do Programa de Gest\u00e3o e Desempenho &#8211; CPGD.<\/span><\/p>\n<p><a href=\"https:\/\/www.in.gov.br\/en\/web\/dou\/-\/resolucao-cpgd\/mgi-n-2-de-30-de-outubro-de-2024-593198436\" target=\"_blank\" rel=\"noopener\"><b>Resolu\u00e7\u00e3o CPGD\/MGI n\u00ba 2, de 30 de outubro de 2024:\u00a0<\/b><\/a><br \/><span style=\"font-weight: 400\">Disp\u00f5e sobre a documenta\u00e7\u00e3o t\u00e9cnica da Interface de Programa\u00e7\u00e3o de Aplica\u00e7\u00e3o &#8211; API do Programa de Gest\u00e3o e Desempenho (PGD), a periodicidade de envio de dados e a pol\u00edtica de consequ\u00eancia institucional.<\/span><\/p>\n<p><a href=\"https:\/\/www.in.gov.br\/web\/dou\/-\/resolucao-cpgd\/mgi-n-3-de-13-de-dezembro-de-2024-601725637\" target=\"_blank\" rel=\"noopener\"><b>Resolu\u00e7\u00e3o CPGD\/MGI n\u00ba 3, de 13 de dezembro de 2024:\u00a0<\/b><\/a><br \/><span style=\"font-weight: 400\">Disp\u00f5e sobre a inaplicabilidade do art. 10, \u00a7 3\u00ba, da Instru\u00e7\u00e3o Normativa Conjunta SEGES-SGPRT\/MGI n\u00ba 24, de 28 de julho de 2023, aos casos de retorno de servidores p\u00fablicos ao seu \u00f3rg\u00e3o de origem.<\/span><\/p>\n<p><a href=\"https:\/\/www.in.gov.br\/en\/web\/dou\/-\/resolucao-cpgd\/mgi-n-4-de-22-de-julho-de-2025-643885685\" target=\"_blank\" rel=\"noopener\"><b>Resolu\u00e7\u00e3o CPGD\/MGI n\u00ba 4, de 22 de julho de 2025:\u00a0<\/b><\/a><br \/><span style=\"font-weight: 400\">Disp\u00f5e sobre a inaplicabilidade do art. 10, \u00a7 3\u00ba, da Instru\u00e7\u00e3o Normativa Conjunta SEGES-SGPRT\/MGI n\u00ba 24, de 28 de julho de 2023, aos casos de servidores que tem sua lota\u00e7\u00e3o alterada em decorr\u00eancia de mudan\u00e7as na estrutura administrativa de \u00f3rg\u00e3os e entidades da administra\u00e7\u00e3o p\u00fablica federal aut\u00e1rquica e fundacional.<\/span><\/p>\n<p><a href=\"https:\/\/www.in.gov.br\/en\/web\/dou\/-\/resolucao-cpgd\/mgi-n-5-de-21-de-agosto-de-2025-652051080\" target=\"_blank\" rel=\"noopener\"><b>Resolu\u00e7\u00e3o CPGD\/MGI n\u00ba 5, de 21 de agosto de 2025:\u00a0<\/b><\/a> <br \/><span style=\"font-weight: 400\">Disp\u00f5e sobre as diretrizes gerais e os par\u00e2metros m\u00ednimos obrigat\u00f3rios para a reten\u00e7\u00e3o, backup e expurgo de dados nos sistemas informatizados do Programa de Gest\u00e3o e Desempenho &#8211; PGD.<\/span><\/p>\n<p><a href=\"https:\/\/wp.ufpel.edu.br\/progep\/files\/2025\/10\/Oficio_Circular_46672768_MGI_Pericia_Oficial.pdf\" target=\"_blank\" rel=\"noopener\"><b>OF\u00cdCIO CIRCULAR SEI n\u00ba 2216\/2024\/MGI:\u00a0<\/b><\/a> <br \/><span style=\"font-weight: 400\">Disp\u00f5e sobre Laudo periciais oficiais.<\/span><\/p>\n<\/div>\n<\/div>\n<\/div>\n<div class=\"pgdContainerStyle\">\n<div class=\"titleComumStyle\">Legisla\u00e7\u00e3o Interna<\/div>\n<div class=\"tabelasRepoDoc sanfonaPGDStyle\"><span class=\"collapseomatic \" id=\"id6a0317fb25843\"  tabindex=\"0\" title=\"Legisla\u00e7\u00e3o Interna\"    >Legisla\u00e7\u00e3o Interna<\/span><div id=\"target-id6a0317fb25843\" class=\"collapseomatic_content \">\n<p><b>Portaria Unidades Instituidoras PGD na UFPel<\/b><\/p>\n<p><strong><a href=\"https:\/\/wp.ufpel.edu.br\/progep\/files\/2025\/11\/SEI_3478289_Portaria_220.pdf\">PORTARIA DE PESSOAL N\u00ba 220, DE 18 DE NOVEMBRO DE 2025<\/a><\/strong><br \/><span style=\"font-weight: 400\"> INSTITUIR e REGULAMENTAR o Programa de Gest\u00e3o e Desempenho (PGD) para servidores(as) T\u00e9cnico-Administrativos(as) em Educa\u00e7\u00e3o no \u00e2mbito da Universidade Federal de Pelotas.<\/span><\/p>\n<p><a href=\"https:\/\/wp.ufpel.edu.br\/progep\/files\/2025\/07\/SEI_3152441_Portaria_196.pdf\" target=\"_blank\" rel=\"noopener\"><b>PORTARIA DE PESSOAL N\u00ba 196, DE 14 DE JULHO DE 2025<\/b><\/a><br \/><span style=\"font-weight: 400\">AUTORIZAR a institui\u00e7\u00e3o do Programa de Gest\u00e3o e Desempenho (PGD) no \u00e2mbito da Universidade Federal de Pelotas \u2013 UFPEL<\/span><\/p>\n<p><b> <a href=\"https:\/\/wp.ufpel.edu.br\/progep\/files\/2025\/12\/Portaria_2025_728.pdf\" target=\"_blank\">PORTARIA DE PESSOAL N\u00ba 0728, DE 20 DE FEVEREIRO DE 2025 <\/b><\/a><span style=\"font-weight: 400\">CONSTITUIR o Comit\u00ea Gestor do Programa de Gest\u00e3o e Desempenho na Universidade Federal de Pelotas<\/span><\/p>\n<p><b><a href=\"https:\/\/wp.ufpel.edu.br\/progep\/files\/2024\/01\/Comite-Recursal.pdf\" target=\"_blank\">PORTARIA DE PESSOAL N\u00ba 2.469, DE 22 DE NOVEMBRO DE 2022<\/a><\/b><span style=\"font-weight: 400\"> \u2013 CONSTITUI o Comit\u00ea Recursal do Programa de Gest\u00e3o e Desempenho para Servidores(as) T\u00e9cnico-Administrativos(as) em Educa\u00e7\u00e3o no \u00e2mbito da UFPel<\/span><\/p>\n<p><b><a href=\"https:\/\/wp.ufpel.edu.br\/progep\/files\/2025\/12\/Portaria_2025_5507.pdf\" target=\"_blank\"> PORTARIA DE PESSOAL N\u00ba 5.507, DE 20 DE AGOSTO DE 2025<\/a><\/b><span style=\"font-weight: 400\"> &#8211; CONSTITUIR as Comiss\u00f5es Setoriais do Programa de Gest\u00e3o e Desempenho<\/span><\/p>\n<p><b>MANIFESTA\u00c7\u00d5ES DE \u00d3RG\u00c3OS DE CONTROLE COM IMPACTO NO PGD<\/b><\/p>\n<p><span style=\"font-weight: 400\">Ac\u00f3rd\u00e3o TCU n\u00ba 1.197\/2025 &#8211; Processo 018.054\/2024-2<\/span><\/p>\n<p><span style=\"font-weight: 400\">Ac\u00f3rd\u00e3o TCU n\u00ba 526\/2025 &#8211; Processo 037.255\/2023-1<\/span><\/p>\n<p><span style=\"font-weight: 400\">Ac\u00f3rd\u00e3o TCU n\u00ba 2.564\/2022 &#8211; Processo 020.822\/2022-7<\/span><\/p>\n<p><b>Antigas<\/b><\/p>\n<p>Portaria N\u00ba 135 DE DE 31 DE OUTUBRO DE 2024 &#8211; <span style=\"font-weight: 400\">REGULAMENTAR o Programa de Gest\u00e3o e Desempenho para servidores(as) T\u00e9cnico-Administrativos(as) em Educa\u00e7\u00e3o no \u00e2mbito da Universidade Federal de Pelotas<\/span><\/p>\n<p><span style=\"font-weight: 400\">Portaria N\u00ba 1600, DE 08 DE agosto DE 2022 &#8211; <\/span><span style=\"font-weight: 400\">IMPLEMENTAR e REGULAMENTAR o Programa de Gest\u00e3o e Desempenho para servidores(as) T\u00e9cnico-Administrativos(as) em Educa\u00e7\u00e3o no \u00e2mbito da Universidade Federal de Pelotas<\/span><\/p>\n<p><span style=\"font-weight: 400\">Portaria PROGEP n\u00ba 01\/2022 \u2013 CONSTITUI o Comit\u00ea Gestor para acompanhamento e implanta\u00e7\u00e3o do Programa de Gest\u00e3o e Desempenho na UFPel<\/span><\/p>\n<\/div>\n<\/div>\n<\/div>\n\n\n<p><\/p>\n","protected":false},"excerpt":{"rendered":"<p>Programa de Gest\u00e3o e Desempenho: Legisla\u00e7\u00e3o Conhe\u00e7a as normas vigentes que regulamentam o PGD e as orienta\u00e7\u00f5es publicadas pelos \u00f3rg\u00e3os gestores do programa. Legisla\u00e7\u00e3o Federal Legisla\u00e7\u00e3o Interna<\/p>\n","protected":false},"author":21,"featured_media":0,"parent":0,"menu_order":0,"comment_status":"closed","ping_status":"closed","template":"","meta":{"footnotes":""},"class_list":["post-36798","page","type-page","status-publish","hentry"],"_links":{"self":[{"href":"https:\/\/wp.ufpel.edu.br\/progep\/wp-json\/wp\/v2\/pages\/36798","targetHints":{"allow":["GET"]}}],"collection":[{"href":"https:\/\/wp.ufpel.edu.br\/progep\/wp-json\/wp\/v2\/pages"}],"about":[{"href":"https:\/\/wp.ufpel.edu.br\/progep\/wp-json\/wp\/v2\/types\/page"}],"author":[{"embeddable":true,"href":"https:\/\/wp.ufpel.edu.br\/progep\/wp-json\/wp\/v2\/users\/21"}],"replies":[{"embeddable":true,"href":"https:\/\/wp.ufpel.edu.br\/progep\/wp-json\/wp\/v2\/comments?post=36798"}],"version-history":[{"count":4,"href":"https:\/\/wp.ufpel.edu.br\/progep\/wp-json\/wp\/v2\/pages\/36798\/revisions"}],"predecessor-version":[{"id":41129,"href":"https:\/\/wp.ufpel.edu.br\/progep\/wp-json\/wp\/v2\/pages\/36798\/revisions\/41129"}],"wp:attachment":[{"href":"https:\/\/wp.ufpel.edu.br\/progep\/wp-json\/wp\/v2\/media?parent=36798"}],"curies":[{"name":"wp","href":"https:\/\/api.w.org\/{rel}","templated":true}]}}