{"id":36631,"date":"2025-09-12T16:51:22","date_gmt":"2025-09-12T19:51:22","guid":{"rendered":"https:\/\/wp.ufpel.edu.br\/progep\/?page_id=36631"},"modified":"2025-10-30T11:42:01","modified_gmt":"2025-10-30T14:42:01","slug":"capacitacao-pics-no-deck-tarde","status":"publish","type":"page","link":"https:\/\/wp.ufpel.edu.br\/progep\/capacitacao-pics-no-deck-tarde\/","title":{"rendered":"Capacita\u00e7\u00e3o: PICS no Deck &#8211; Tarde"},"content":{"rendered":" \n<div class=\"wp-block-group\"><div class=\"wp-block-group__inner-container is-layout-constrained wp-block-group-is-layout-constrained\">\n    <div class=\"acaoMesServidorStyle\">\n        <div class=\"headerAcaoStyle\">\n            <div class=\"mesServidorLogo\">\n                <img src=\"https:\/\/wp.ufpel.edu.br\/progep\/files\/2025\/09\/logo-Mes-Pessoa-Servidora.png\">\n                <div style=\"font-size: 16pt;text-align: center;font-weight: bold\">M\u00eas da Pessoa Servidora da UFPEL<\/div>\n            <\/div>\n            <div class=\"cabecalhoAcoes\">\n                <div style=\"font-size: 20pt\">PICS no Deck &#8211; Tarde<\/div>\n                <p style=\"color: white\">Neste Dia da Pessoa Servidora 2025, a Coordena\u00e7\u00e3o de Sa\u00fade e Qualidade de Vida realizar\u00e1 a atividade PICS no Deck &#8211; Pr\u00e1ticas Integrativas e Complementares em Sa\u00fade para comemora\u00e7\u00e3o e promo\u00e7\u00e3o de sa\u00fade. Confira as capacita\u00e7\u00f5es que ocorrer\u00e3o na tarde do dia 28\/10.<\/p>\n            <\/div>\n        <\/div>\n        <main> \n            <div class=\"mesServidorCardStyle\">\n                 <strong>Atividade<\/strong>: Sess\u00f5es de auriculoterapia (<em>N\u00e3o necessita de inscri\u00e7\u00e3o pr\u00e9via, atendimento por demanda<\/em>)<br \/>\n                <strong>Atividade<\/strong>: Aplica\u00e7\u00e3o de Reiki (<em>N\u00e3o necessita de inscri\u00e7\u00e3o pr\u00e9via, atendimento por demanda<\/em>)<br \/>\n                <strong>Data de realiza\u00e7\u00e3o<\/strong>: <span>28\/10\/2025, ter\u00e7a-feira<\/span><br \/>\n                <strong>Hor\u00e1rio de realiza\u00e7\u00e3o<\/strong>: 14h \u00e0s 16h<\/span><br \/>\n            <\/div>\n\n\n           \n            <div class=\"mesServidorCardStyle\">\n                <strong>Capacita\u00e7\u00e3o<\/strong>: Oficina de Escalda-P\u00e9s<br \/>\n                <strong>Data de realiza\u00e7\u00e3o<\/strong>: <span>\u00a028\/10\/2025, ter\u00e7a-feira<\/span><br \/>\n                <strong>Ementa<\/strong>: Oferta pr\u00e1tica da t\u00e9cnica do escalda-p\u00e9s, que utiliza a imers\u00e3o dos p\u00e9s em \u00e1gua morna ou quente para promover relaxamento e diversos benef\u00edcios para a sa\u00fade.<br \/>\n                <strong>Facilitador(a): <\/strong> Teila Ceolin (<em>Docente \/ Faculdade de Enfermagem \/ UFPel<\/em> ) <br \/>\n                <strong>Hor\u00e1rio: <\/strong><span>14h \u00e0s 15h<\/span><br \/>\n                <strong>Local: <\/strong>Deck do Campus Anglo. Em caso de condi\u00e7\u00f5es clim\u00e1ticas adversas o evento ser\u00e1 realizado na sala 305, Campus Anglo<\/span><br \/>\n                <strong>Limite de vagas<\/strong>: 15\n            <\/div>\n\n\n <div class=\"mesServidorCardStyle\">\n                <strong>Capacita\u00e7\u00e3o<\/strong>: Oficina de Mindfulness<br \/>\n                <strong>Data de realiza\u00e7\u00e3o<\/strong>: <span>\u00a028\/10\/2025, ter\u00e7a-feira<\/span><br \/>\n                <strong>Facilitador(a): <\/strong> Ang\u00e9lica Gon\u00e7alves Peter e Aline da Rosa Pizarro (<em> T\u00e9cnicas-Adminsitrativas em Educa\u00e7\u00e3o \/ CSQV \/ UFPEL<\/em>)<br \/>\n                <strong>Ementa<\/strong>: Praticando exerc\u00edcios guiados de medita\u00e7\u00e3o e respira\u00e7\u00e3o.<br \/>\n                <strong>Hor\u00e1rio: <\/strong><span>15h \u00e0s 16h<\/span><br \/>\n                <strong>Local: <\/strong>Deck do Campus Anglo. Em caso de condi\u00e7\u00f5es clim\u00e1ticas adversas o evento ser\u00e1 realizado na sala 305, Campus Anglo<\/span><br \/>\n                <strong>Limite de vagas<\/strong>: 12\n            <\/div>\n\n\n\n\n            <div class=\"mesServidorCardStyle\">\n                <strong>P\u00fablico Alvo<\/strong>: Servidores(as) docentes, TAE\u2019s e trabalhadores(as) terceirizados(as) ativos(as) da UFPel*.* <br \/>\n                <strong>Per\u00edodo de Per\u00edodo das inscri\u00e7\u00f5es<\/strong>: <span>15\/09 a 23\/10<\/span><br \/>\n                <strong>Divulga\u00e7\u00e3o das inscri\u00e7\u00f5es homologadas<\/strong>: <span>24\/10<\/span>**, nesta p\u00e1gina.<br \/>\n                *Considerando a Pol\u00edtica Nacional de Desenvolvimento de Pessoas, conforme Decreto n\u00ba 9.991\/19, somente ser\u00e3o certificados(as) os(as) servidores(as) p\u00fablicos pertencentes ao Quadro Efetivo da UFPel;<br \/>** Quando homologadas as inscri\u00e7\u00f5es, os(as) selecionados(as) receber\u00e3o e-mail de confirma\u00e7\u00e3o com instru\u00e7\u00f5es.<br \/>\n                <strong>Observa\u00e7\u00e3o<\/strong>: A homologa\u00e7\u00e3o das inscri\u00e7\u00f5es dos(as) trabalhadores(as) terceirizados ficar\u00e1 condicionada \u00e0 an\u00e1lise pr\u00e9via e manifesta\u00e7\u00e3o por parte do NUGEST\/PRA.\n            <\/div>\n            <footer>\n                <div class=\"prevLegal footerMesServidor\">\n                <strong><a href=\"https:\/\/wp.ufpel.edu.br\/progep\/files\/2025\/10\/HOMOLOGACAO-Oficina-de-Escalda-Pes.pdf\" target=\"_blank\" rel=\"noopener\">Confira as Inscri\u00e7\u00f5es Homologadas: Oficina de Escalda-P\u00e9s<\/a><\/strong>\n                  <strong><a href=\"https:\/\/wp.ufpel.edu.br\/progep\/files\/2025\/10\/HOMOLOGACAO-Oficina-de-Mindfulness-Tarde-.pdf\" target=\"_blank\" rel=\"noopener\">Confira as Inscri\u00e7\u00f5es Homologadas: Oficina de Mindfulness<\/a><\/strong>\n                    <strong>Contato:<\/strong> cdp.capacita@ufpel.edu.br\n                <\/div>\n            <\/footer>\n        <\/main>\n    <\/div><\/div>\n\n","protected":false},"excerpt":{"rendered":"<p>M\u00eas da Pessoa Servidora da UFPEL PICS no Deck &#8211; Tarde Neste Dia da Pessoa Servidora 2025, a Coordena\u00e7\u00e3o de Sa\u00fade e Qualidade de Vida realizar\u00e1 a atividade PICS no Deck &#8211; Pr\u00e1ticas Integrativas e Complementares em Sa\u00fade para comemora\u00e7\u00e3o e promo\u00e7\u00e3o de sa\u00fade. Confira as capacita\u00e7\u00f5es que ocorrer\u00e3o na tarde do dia 28\/10. Atividade: [&hellip;]<\/p>\n","protected":false},"author":21,"featured_media":0,"parent":0,"menu_order":0,"comment_status":"closed","ping_status":"closed","template":"page-sem-sidebar.php","meta":{"footnotes":""},"class_list":["post-36631","page","type-page","status-publish","hentry"],"_links":{"self":[{"href":"https:\/\/wp.ufpel.edu.br\/progep\/wp-json\/wp\/v2\/pages\/36631","targetHints":{"allow":["GET"]}}],"collection":[{"href":"https:\/\/wp.ufpel.edu.br\/progep\/wp-json\/wp\/v2\/pages"}],"about":[{"href":"https:\/\/wp.ufpel.edu.br\/progep\/wp-json\/wp\/v2\/types\/page"}],"author":[{"embeddable":true,"href":"https:\/\/wp.ufpel.edu.br\/progep\/wp-json\/wp\/v2\/users\/21"}],"replies":[{"embeddable":true,"href":"https:\/\/wp.ufpel.edu.br\/progep\/wp-json\/wp\/v2\/comments?post=36631"}],"version-history":[{"count":3,"href":"https:\/\/wp.ufpel.edu.br\/progep\/wp-json\/wp\/v2\/pages\/36631\/revisions"}],"predecessor-version":[{"id":38592,"href":"https:\/\/wp.ufpel.edu.br\/progep\/wp-json\/wp\/v2\/pages\/36631\/revisions\/38592"}],"wp:attachment":[{"href":"https:\/\/wp.ufpel.edu.br\/progep\/wp-json\/wp\/v2\/media?parent=36631"}],"curies":[{"name":"wp","href":"https:\/\/api.w.org\/{rel}","templated":true}]}}