{"id":36460,"date":"2025-09-05T09:40:29","date_gmt":"2025-09-05T12:40:29","guid":{"rendered":"https:\/\/wp.ufpel.edu.br\/progep\/?page_id=36460"},"modified":"2025-10-22T10:36:29","modified_gmt":"2025-10-22T13:36:29","slug":"capacitacao-5a-edicao-da-formacao-de-gestores-boas-praticas-do-sei-na-ufpel","status":"publish","type":"page","link":"https:\/\/wp.ufpel.edu.br\/progep\/capacitacao-5a-edicao-da-formacao-de-gestores-boas-praticas-do-sei-na-ufpel\/","title":{"rendered":"Capacita\u00e7\u00e3o: 5\u00aa Edi\u00e7\u00e3o da Forma\u00e7\u00e3o de Gestores: Boas Pr\u00e1ticas do SEI na UFPel"},"content":{"rendered":"\n<div class=\"wp-block-group\"><div class=\"wp-block-group__inner-container is-layout-constrained wp-block-group-is-layout-constrained\">\n<div class=\"acaoStyle\">\n<div class=\"cabecalhoAcoes\">\n<div>5\u00aa Edi\u00e7\u00e3o da Forma\u00e7\u00e3o de Gestores: Boas Pr\u00e1ticas do SEI na UFPel<\/div>\n<p>O curso tem como objetivo revisar os principais recursos do <strong>Sistema Eletr\u00f4nico de Informa\u00e7\u00f5es (SEI)<\/strong> j\u00e1 utilizados no cotidiano dos servidores da UFPel, com \u00eanfase em apresentar e discutir as melhores pr\u00e1ticas de utiliza\u00e7\u00e3o. Busca-se promover um uso mais eficiente, seguro e aderente \u00e0 legisla\u00e7\u00e3o vigente, considerando tanto os aspectos operacionais quanto legais do sistema.<\/p>\n<\/div>\n<div class=\"corpoStyle\"><strong>Facilitador(a): <\/strong>J\u00falio Carlos Balzano de Mattos (<em>Docente do Centro de Desenvolvimento Tecnol\u00f3gico \/ CDTEC \/ UFPel<\/em>)\n<p><strong>Data de realiza\u00e7\u00e3o<\/strong>: 23\/09, ter\u00e7a-feira<br \/><strong>Hor\u00e1rio: <\/strong>8h30min \u00e0s 11h30min<br \/><strong>Carga hor\u00e1ria<\/strong>: 3h<br \/><strong>Modalidade<\/strong>: Presencial<br \/><strong>Local:\u00a0 <\/strong> Audit\u00f3rio da Biblioteca, Campus Anglo<br \/><strong>Ementa: <\/strong><\/p>\n<ul>\n<li>Finalidade do SEI;<\/li>\n<li>Unidades Organizacionais e o SEI;<\/li>\n<li>Cria\u00e7\u00e3o correta de processos e documentos;<\/li>\n<li>Especifica\u00e7\u00e3o e classifica\u00e7\u00e3o dos processos;<\/li>\n<li>Documento interno e externo;<\/li>\n<li>Link de documentos no SEI;<\/li>\n<li>Andamento do processo;<\/li>\n<li>Conclus\u00e3o de Processo;<\/li>\n<li>Acompanhamento especial;<\/li>\n<li>Relacionamento e anexa\u00e7\u00e3o de processos;<\/li>\n<li>Sobrestamento de processos;<\/li>\n<li>Bloco de assinatura;<\/li>\n<li>Base de conhecimento;<\/li>\n<li>Uso do recurso de pesquisa e estat\u00edsticas;<\/li>\n<li>Uso do grupo de envio (e-mail, envio e contatos);<\/li>\n<li>Envio de e-mail;<\/li>\n<li>Quest\u00f5es de Seguran\u00e7a da Informa\u00e7\u00e3o.<\/li>\n<\/ul>\n<p><strong>P\u00fablico Alvo<\/strong>: Servidores(as) docentes, TAE\u2019s e trabalhadores(as) terceirizados(as) ativos(as) da UFPel*.*<\/p>\n<p><strong>Per\u00edodo de inscri\u00e7\u00e3o<\/strong>: 05\/09 a 18\/09<\/p>\n<p><strong>Divulga\u00e7\u00e3o das inscri\u00e7\u00f5es homologadas<\/strong>: 19\/09**, nesta p\u00e1gina.<\/p>\n<p>*Considerando a Pol\u00edtica Nacional de Desenvolvimento de Pessoas, conforme Decreto n\u00ba 9.991\/19, somente ser\u00e3o certificados(as) os(as) servidores(as) p\u00fablicos pertencentes ao Quadro Efetivo da UFPel;<br \/>** Quando homologadas as inscri\u00e7\u00f5es, os(as) selecionados(as) receber\u00e3o e-mail de confirma\u00e7\u00e3o com instru\u00e7\u00f5es.<\/p>\n<p><strong>Observa\u00e7\u00e3o<\/strong>: A homologa\u00e7\u00e3o das inscri\u00e7\u00f5es dos(as) trabalhadores(as) terceirizados ficar\u00e1 condicionada \u00e0 an\u00e1lise pr\u00e9via e manifesta\u00e7\u00e3o por parte do NUGEST\/PRA.<\/p>\n<p><strong><a href=\"https:\/\/wp.ufpel.edu.br\/progep\/files\/2025\/09\/HOMOLOGACAO-5a-Edicao-da-Formacao-de-Gestores_-Boas-Praticas-do-SEI-na-UFPel.pdf\" target=\"_blank\" rel=\"noopener\">Confira as inscri\u00e7\u00f5es homologadas aqui!<\/a><\/strong><\/p>\n<p><span style=\"font-size: 14pt\"><strong>Contato:<\/strong> cdp.capacita@ufpel.edu.br<\/span><\/p>\n<\/div>\n<\/div>\n<\/div><\/div>\n","protected":false},"excerpt":{"rendered":"<p>5\u00aa Edi\u00e7\u00e3o da Forma\u00e7\u00e3o de Gestores: Boas Pr\u00e1ticas do SEI na UFPel O curso tem como objetivo revisar os principais recursos do Sistema Eletr\u00f4nico de Informa\u00e7\u00f5es (SEI) j\u00e1 utilizados no cotidiano dos servidores da UFPel, com \u00eanfase em apresentar e discutir as melhores pr\u00e1ticas de utiliza\u00e7\u00e3o. Busca-se promover um uso mais eficiente, seguro e aderente [&hellip;]<\/p>\n","protected":false},"author":21,"featured_media":0,"parent":0,"menu_order":0,"comment_status":"closed","ping_status":"closed","template":"","meta":{"footnotes":""},"class_list":["post-36460","page","type-page","status-publish","hentry"],"_links":{"self":[{"href":"https:\/\/wp.ufpel.edu.br\/progep\/wp-json\/wp\/v2\/pages\/36460","targetHints":{"allow":["GET"]}}],"collection":[{"href":"https:\/\/wp.ufpel.edu.br\/progep\/wp-json\/wp\/v2\/pages"}],"about":[{"href":"https:\/\/wp.ufpel.edu.br\/progep\/wp-json\/wp\/v2\/types\/page"}],"author":[{"embeddable":true,"href":"https:\/\/wp.ufpel.edu.br\/progep\/wp-json\/wp\/v2\/users\/21"}],"replies":[{"embeddable":true,"href":"https:\/\/wp.ufpel.edu.br\/progep\/wp-json\/wp\/v2\/comments?post=36460"}],"version-history":[{"count":3,"href":"https:\/\/wp.ufpel.edu.br\/progep\/wp-json\/wp\/v2\/pages\/36460\/revisions"}],"predecessor-version":[{"id":38416,"href":"https:\/\/wp.ufpel.edu.br\/progep\/wp-json\/wp\/v2\/pages\/36460\/revisions\/38416"}],"wp:attachment":[{"href":"https:\/\/wp.ufpel.edu.br\/progep\/wp-json\/wp\/v2\/media?parent=36460"}],"curies":[{"name":"wp","href":"https:\/\/api.w.org\/{rel}","templated":true}]}}