{"id":36393,"date":"2025-09-04T09:24:33","date_gmt":"2025-09-04T12:24:33","guid":{"rendered":"https:\/\/wp.ufpel.edu.br\/progep\/?page_id=36393"},"modified":"2025-10-22T10:35:33","modified_gmt":"2025-10-22T13:35:33","slug":"capacitacao-auriculoterapia-na-saude-mental-uma-ferramenta-para-o-bem-estar","status":"publish","type":"page","link":"https:\/\/wp.ufpel.edu.br\/progep\/capacitacao-auriculoterapia-na-saude-mental-uma-ferramenta-para-o-bem-estar\/","title":{"rendered":"Capacita\u00e7\u00e3o: Auriculoterapia na sa\u00fade mental: uma ferramenta para o bem-estar"},"content":{"rendered":"\n<div class=\"wp-block-group\"><div class=\"wp-block-group__inner-container is-layout-constrained wp-block-group-is-layout-constrained\">\n<div class=\"acaoStyle\">\n<div class=\"cabecalhoAcoes\">\n<div>Auriculoterapia na sa\u00fade mental: uma ferramenta para o bem-estar<\/div>\n<p>A auriculoterapia \u00e9 uma t\u00e9cnica derivada da acupuntura, que faz press\u00e3o em pontos espec\u00edficos da orelha para tratar e diagnosticar diversos problemas f\u00edsicos, mentais e at\u00e9 emocionais.<\/p>\n<\/div>\n<div class=\"corpoStyle\"><strong>Facilitadoras: <br \/><\/strong>Deciane Pintanela de Carvalho (<em>Enfermeira da CSVQ\/PROGEP)<\/em><br \/>Aline da Rosa Pizarro (<em>Enfermeira da CSVQ\/PROGEP<\/em>) <br \/>T\u00e2nia Luiza Stigger Vieira (<em>T\u00e9cnica em Enfermagem da CSVQ\/PROGEP<\/em>)\n<p><strong>Data de realiza\u00e7\u00e3o<\/strong>: 30\/09, \u00a0ter\u00e7a-feira<br \/><strong>Hor\u00e1rio: <\/strong>9h \u00e0s 12h<br \/><strong>Carga hor\u00e1ria<\/strong>: 3h<br \/><strong>N\u00famero de vagas:<\/strong> 15<br \/><strong>Modalidade: <\/strong>Presencial<br \/><strong>Local:\u00a0 <\/strong> Sala 211 B, Campus Anglo<br \/><strong>Ementa: <\/strong><\/p>\n<ul>\n<li>Compreendendo e utilizando a auriculoterapia como uma pr\u00e1tica para o al\u00edvio do estresse, ansiedade e outros sintomas associados \u00e0 sa\u00fade mental;<\/li>\n<li>Atendimento individualizado e aplica\u00e7\u00e3o da t\u00e9cnica de auriculoterapia para promo\u00e7\u00e3o do bem-estar f\u00edsico e ps\u00edquico.<\/li>\n<\/ul>\n<p><strong>P\u00fablico Alvo<\/strong>: Servidores(as) docentes, TAE\u2019s e trabalhadores(as) terceirizados(as) ativos(as) da UFPel*.*<\/p>\n<p><strong>Per\u00edodo de inscri\u00e7\u00e3o<\/strong>: 10\/09 a 25\/09<\/p>\n<p><strong>Divulga\u00e7\u00e3o das inscri\u00e7\u00f5es homologadas<\/strong>: 26\/09**, nesta p\u00e1gina.<\/p>\n<p>*Considerando a Pol\u00edtica Nacional de Desenvolvimento de Pessoas, conforme Decreto n\u00ba 9.991\/19, somente ser\u00e3o certificados(as) os(as) servidores(as) p\u00fablicos pertencentes ao Quadro Efetivo da UFPel;<br \/>** Quando homologadas as inscri\u00e7\u00f5es, os(as) selecionados(as) receber\u00e3o e-mail de confirma\u00e7\u00e3o com instru\u00e7\u00f5es.<\/p>\n<p><strong>Observa\u00e7\u00e3o<\/strong>: A homologa\u00e7\u00e3o das inscri\u00e7\u00f5es dos(as) trabalhadores(as) terceirizados ficar\u00e1 condicionada \u00e0 an\u00e1lise pr\u00e9via e manifesta\u00e7\u00e3o por parte do NUGEST\/PRA.<\/p>\n<p><strong><a href=\"https:\/\/wp.ufpel.edu.br\/progep\/files\/2025\/09\/HOMOLOGACAO-Auriculoterapia-na-saude-mental_-uma-ferramenta-para-o-bem-estar.pdf\" target=\"_blank\" rel=\"noopener\">Confira as inscri\u00e7\u00f5es homologadas aqui!<\/a><\/strong><\/p>\n<p><span style=\"font-size: 14pt\"><strong>Contato:<\/strong> cdp.capacita@ufpel.edu.br<\/span><\/p>\n<\/div>\n<\/div>\n<\/div><\/div>\n","protected":false},"excerpt":{"rendered":"<p>Auriculoterapia na sa\u00fade mental: uma ferramenta para o bem-estar A auriculoterapia \u00e9 uma t\u00e9cnica derivada da acupuntura, que faz press\u00e3o em pontos espec\u00edficos da orelha para tratar e diagnosticar diversos problemas f\u00edsicos, mentais e at\u00e9 emocionais. Facilitadoras: Deciane Pintanela de Carvalho (Enfermeira da CSVQ\/PROGEP)Aline da Rosa Pizarro (Enfermeira da CSVQ\/PROGEP) T\u00e2nia Luiza Stigger Vieira (T\u00e9cnica [&hellip;]<\/p>\n","protected":false},"author":21,"featured_media":0,"parent":0,"menu_order":0,"comment_status":"closed","ping_status":"closed","template":"","meta":{"footnotes":""},"class_list":["post-36393","page","type-page","status-publish","hentry"],"_links":{"self":[{"href":"https:\/\/wp.ufpel.edu.br\/progep\/wp-json\/wp\/v2\/pages\/36393","targetHints":{"allow":["GET"]}}],"collection":[{"href":"https:\/\/wp.ufpel.edu.br\/progep\/wp-json\/wp\/v2\/pages"}],"about":[{"href":"https:\/\/wp.ufpel.edu.br\/progep\/wp-json\/wp\/v2\/types\/page"}],"author":[{"embeddable":true,"href":"https:\/\/wp.ufpel.edu.br\/progep\/wp-json\/wp\/v2\/users\/21"}],"replies":[{"embeddable":true,"href":"https:\/\/wp.ufpel.edu.br\/progep\/wp-json\/wp\/v2\/comments?post=36393"}],"version-history":[{"count":3,"href":"https:\/\/wp.ufpel.edu.br\/progep\/wp-json\/wp\/v2\/pages\/36393\/revisions"}],"predecessor-version":[{"id":38414,"href":"https:\/\/wp.ufpel.edu.br\/progep\/wp-json\/wp\/v2\/pages\/36393\/revisions\/38414"}],"wp:attachment":[{"href":"https:\/\/wp.ufpel.edu.br\/progep\/wp-json\/wp\/v2\/media?parent=36393"}],"curies":[{"name":"wp","href":"https:\/\/api.w.org\/{rel}","templated":true}]}}