{"id":36359,"date":"2025-09-12T16:50:16","date_gmt":"2025-09-12T19:50:16","guid":{"rendered":"https:\/\/wp.ufpel.edu.br\/progep\/?page_id=36359"},"modified":"2025-10-29T09:34:26","modified_gmt":"2025-10-29T12:34:26","slug":"capacitacao-uma-tarde-com-chas-e-origami-a-lenda-do-tsuru-encontro-para-a-saude-boa-sorte-felicidade-longevidade-e-fortuna","status":"publish","type":"page","link":"https:\/\/wp.ufpel.edu.br\/progep\/capacitacao-uma-tarde-com-chas-e-origami-a-lenda-do-tsuru-encontro-para-a-saude-boa-sorte-felicidade-longevidade-e-fortuna\/","title":{"rendered":"Capacita\u00e7\u00e3o: Uma tarde terap\u00eautica com ch\u00e1s e origamis: A Lenda do Tsuru"},"content":{"rendered":"\n<div class=\"wp-block-group\"><div class=\"wp-block-group__inner-container is-layout-constrained wp-block-group-is-layout-constrained\">\n<div class=\"acaoMesServidorStyle\">\n<div class=\"headerAcaoStyle\">\n<div class=\"mesServidorLogo\"><img src=\"https:\/\/wp.ufpel.edu.br\/progep\/files\/2025\/09\/logo-Mes-Pessoa-Servidora.png\" \/>\n<div style=\"font-size: 16pt;text-align: center;font-weight: bold\">M\u00eas da Pessoa Servidora da UFPEL<\/div>\n<\/div>\n<div class=\"cabecalhoAcoes\">\n<div style=\"font-weight: bold;color: red;background-color: yellow;padding: 1rem;border-radius: 0.75rem;margin-bottom: 1rem\"><strong>ATEN\u00c7\u00c3O! CAPACITA\u00c7\u00c3O REAGENDADA! INSCRI\u00c7\u00d5ES ENCERRADAS!<\/strong><\/div>\n<div style=\"font-size: 20pt\">Uma tarde terap\u00eautica com ch\u00e1s e origamis: A Lenda do Tsuru<\/div>\n<p style=\"color: white\"><strong>A Lenda do Tsuru &#8211; Encontro para a sa\u00fade, boa sorte, felicidade, longevidade e fortuna!<\/strong> Origami \u00e9 uma arte tradicional japonesa que consiste na cria\u00e7\u00e3o de formas tridimensionais atrav\u00e9s da dobradura de uma \u00fanica folha de papel, sem o uso de cortes, colagens ou marca\u00e7\u00f5es. A palavra deriva do japon\u00eas <strong>&#8220;ori&#8221; (dobrar) e &#8220;kami&#8221; (papel)<\/strong>, e a pr\u00e1tica, que exige precis\u00e3o e paci\u00eancia, pode desenvolver habilidades manuais, concentra\u00e7\u00e3o, disciplina e tem fun\u00e7\u00f5es terap\u00eauticas.<\/p>\n<\/div>\n<\/div>\n<main>\n<div class=\"corpoStyle\">\n<div>\n<strong>Facilitador(a): <\/strong> Rog\u00e9ria Aparecida Cruz Guttier (<em>Pedagoga \/ Pr\u00f3-Reitoria de Assuntos Estudantis \/ PRAE \/ UFPEL<\/em>)\n<p><strong>Data de realiza\u00e7\u00e3o<\/strong>: <s>30\/10\/2025, quinta-feira<\/s> <strong style=\"color: black\"> 31\/10\/2025, sexta feira<\/strong><br \/><strong>Hor\u00e1rio: <\/strong>14h \u00e0s 16h<br \/><strong>Carga hor\u00e1ria<\/strong>: 2h<br \/><strong>N\u00famero de vagas:<\/strong> 15<br \/><strong>Modalidade: <\/strong>Presencial <br \/><strong>Local:\u00a0 <\/strong>Editora da UFPel &#8211; Rua Benjamin Constant n\u00ba 1071\u00a0\u00a0<br \/><strong>Ementa: <\/strong><\/p>\n<ul>\n<li>A partir da lenda japonesa sobre o TSURU, o encontro prop\u00f5e momentos para iniciar a arte da dobradura em papel, momentos recheados de boa conversa, boa m\u00fasica, e um bom ch\u00e1 da tarde!<\/li>\n<\/ul>\n<\/div>\n<div>\n<strong>P\u00fablico Alvo<\/strong>: Servidores(as) docentes, TAE\u2019s e trabalhadores(as) terceirizados(as) ativos(as) da UFPel.*\n<p><strong>Per\u00edodo de inscri\u00e7\u00e3o<\/strong>: 15\/09 a <s>27\/10<\/s> 24\/10<\/strong><\/p>\n<p><strong>Divulga\u00e7\u00e3o das inscri\u00e7\u00f5es homologadas<\/strong>: 29\/10**, nesta p\u00e1gina.<\/p>\n<p>*Considerando a Pol\u00edtica Nacional de Desenvolvimento de Pessoas, conforme Decreto n\u00ba 9.991\/19, somente ser\u00e3o certificados(as) os(as) servidores(as) p\u00fablicos pertencentes ao Quadro Efetivo da UFPel;<br \/>** Quando homologadas as inscri\u00e7\u00f5es, os(as) selecionados(as) receber\u00e3o e-mail de confirma\u00e7\u00e3o com instru\u00e7\u00f5es.<\/p>\n<p><strong>Observa\u00e7\u00e3o<\/strong>: A homologa\u00e7\u00e3o das inscri\u00e7\u00f5es dos(as) trabalhadores(as) terceirizados ficar\u00e1 condicionada \u00e0 an\u00e1lise pr\u00e9via e manifesta\u00e7\u00e3o por parte do NUGEST\/PRA.<\/p>\n<\/div>\n<\/div>\n<footer><strong><a href=\"https:\/\/wp.ufpel.edu.br\/progep\/files\/2025\/10\/HOMOLOGACAO-Uma-tarde-terapeutica-com-chas-e-origamis_-A-Lenda-do-Tsuru.pdf\" target=\"_blank\">Confira as inscri\u00e7\u00f5es homologadas!<\/a><\/strong>\n<div class=\"prevLegal footerMesServidor\"><strong>Contato:<\/strong> cdp.capacita@ufpel.edu.br<\/div>\n<\/footer>\n<p>\u00a0<\/p>\n<\/main>\n<\/div><\/div>\n","protected":false},"excerpt":{"rendered":"<p>M\u00eas da Pessoa Servidora da UFPEL ATEN\u00c7\u00c3O! CAPACITA\u00c7\u00c3O REAGENDADA! INSCRI\u00c7\u00d5ES ENCERRADAS! Uma tarde terap\u00eautica com ch\u00e1s e origamis: A Lenda do Tsuru A Lenda do Tsuru &#8211; Encontro para a sa\u00fade, boa sorte, felicidade, longevidade e fortuna! Origami \u00e9 uma arte tradicional japonesa que consiste na cria\u00e7\u00e3o de formas tridimensionais atrav\u00e9s da dobradura de uma [&hellip;]<\/p>\n","protected":false},"author":21,"featured_media":0,"parent":0,"menu_order":0,"comment_status":"closed","ping_status":"closed","template":"page-sem-sidebar.php","meta":{"footnotes":""},"class_list":["post-36359","page","type-page","status-publish","hentry"],"_links":{"self":[{"href":"https:\/\/wp.ufpel.edu.br\/progep\/wp-json\/wp\/v2\/pages\/36359","targetHints":{"allow":["GET"]}}],"collection":[{"href":"https:\/\/wp.ufpel.edu.br\/progep\/wp-json\/wp\/v2\/pages"}],"about":[{"href":"https:\/\/wp.ufpel.edu.br\/progep\/wp-json\/wp\/v2\/types\/page"}],"author":[{"embeddable":true,"href":"https:\/\/wp.ufpel.edu.br\/progep\/wp-json\/wp\/v2\/users\/21"}],"replies":[{"embeddable":true,"href":"https:\/\/wp.ufpel.edu.br\/progep\/wp-json\/wp\/v2\/comments?post=36359"}],"version-history":[{"count":4,"href":"https:\/\/wp.ufpel.edu.br\/progep\/wp-json\/wp\/v2\/pages\/36359\/revisions"}],"predecessor-version":[{"id":38564,"href":"https:\/\/wp.ufpel.edu.br\/progep\/wp-json\/wp\/v2\/pages\/36359\/revisions\/38564"}],"wp:attachment":[{"href":"https:\/\/wp.ufpel.edu.br\/progep\/wp-json\/wp\/v2\/media?parent=36359"}],"curies":[{"name":"wp","href":"https:\/\/api.w.org\/{rel}","templated":true}]}}