{"id":36355,"date":"2025-09-12T16:51:07","date_gmt":"2025-09-12T19:51:07","guid":{"rendered":"https:\/\/wp.ufpel.edu.br\/progep\/?page_id=36355"},"modified":"2025-10-29T16:29:00","modified_gmt":"2025-10-29T19:29:00","slug":"capacitacao-conectar-se-a-partir-da-linguagem-teatral","status":"publish","type":"page","link":"https:\/\/wp.ufpel.edu.br\/progep\/capacitacao-conectar-se-a-partir-da-linguagem-teatral\/","title":{"rendered":"Capacita\u00e7\u00e3o: Conectar-se a partir da Linguagem Teatral"},"content":{"rendered":"\n<div class=\"wp-block-group\"><div class=\"wp-block-group__inner-container is-layout-constrained wp-block-group-is-layout-constrained\">\n<div class=\"acaoMesServidorStyle\">\n<div class=\"headerAcaoStyle\">\n<div class=\"mesServidorLogo\">\n<img src=\"https:\/\/wp.ufpel.edu.br\/progep\/files\/2025\/09\/logo-Mes-Pessoa-Servidora.png\">\n<div style=\"font-size: 16pt;text-align: center;font-weight: bold\">M\u00eas da Pessoa Servidora da UFPEL<\/div>\n<\/div>\n<div class=\"cabecalhoAcoes\">\n<div style=\"font-weight: bold;color: red;background-color: yellow;padding: 1rem;border-radius: 0.75rem;margin-bottom: 1rem\"><strong>ATEN\u00c7\u00c3O! ATIVIDADE CANCELADA!<\/strong><\/div>\n<div style=\"font-size: 20pt\">Conectar-se a partir da Linguagem Teatral<\/div>\n<p style=\"color: white\">O teatro \u00e9 uma poderosa ferramenta de comunica\u00e7\u00e3o e intera\u00e7\u00e3o que permite \u00e0s pessoas se conectarem de forma mais profunda. Por meio dele, exploramos a linguagem corporal, expressiva e dial\u00f3gica, utilizando jogos c\u00eanicos para desenvolver a imagina\u00e7\u00e3o e a reflex\u00e3o sobre a express\u00e3o do corpo e da voz. Essa experi\u00eancia nos ajuda a entender melhor como nos comunicamos, tanto com os outros quanto com n\u00f3s mesmos.<\/p>\n<\/div>\n<\/div>\n\n<main>\n<div class=\"corpoStyle\">\n\n<div>\n\n<strong>Facilitador(a): <\/strong><span>Fabiane Tejada da Silveira (<em>Docente\/ Centro de Artes \/UFPEL<\/em>)<\/span>\n<p><strong>Data de realiza\u00e7\u00e3o<\/strong>: 31\/10\/2025, sexta-feira<br \/><strong>Hor\u00e1rio: <\/strong> 10h \u00e0s 11h30min<\/span><br \/><strong>Carga hor\u00e1ria<\/strong>: 1h30min <br \/><strong>N\u00famero de vagas:<\/strong> 35<br \/><strong>Modalidade: <\/strong> Presencial <br \/><strong>Local:\u00a0 <\/strong> Sala Carmen Biasoli &#8211; Centro de Artes (Bloco 3)<br \/><strong>Ementa: <\/strong><\/p>\n<ul>\n<li><span> Experienciar o teatro como meio de comunica\u00e7\u00e3o e intera\u00e7\u00e3o entre as pessoas, explorando a linguagem corporal, expressiva e dial\u00f3gica;<\/span><\/li>\n <li><span>Desenvolver a imagina\u00e7\u00e3o e a reflex\u00e3o sobre a express\u00e3o corporal e verbal atrav\u00e9s de jogos c\u00eanicos.<\/span><\/li>\n<\/ul>\n<\/div>\n<div>\n<strong>P\u00fablico Alvo<\/strong>: Servidores(as) docentes, TAE\u2019s e trabalhadores(as) terceirizados(as) ativos(as) da UFPel*.*\n<p><strong>Per\u00edodo de inscri\u00e7\u00e3o<\/strong>: <span>15\/09 a 28\/10<\/span><\/p>\n<p><strong>Divulga\u00e7\u00e3o das inscri\u00e7\u00f5es homologadas<\/strong>: 29\/10**, nesta p\u00e1gina.<\/p>\n<p>*Considerando a Pol\u00edtica Nacional de Desenvolvimento de Pessoas, conforme Decreto n\u00ba 9.991\/19, somente ser\u00e3o certificados(as) os(as) servidores(as) p\u00fablicos pertencentes ao Quadro Efetivo da UFPel;<br \/>** Quando homologadas as inscri\u00e7\u00f5es, os(as) selecionados(as) receber\u00e3o e-mail de confirma\u00e7\u00e3o com instru\u00e7\u00f5es.<\/p>\n<p><strong>Observa\u00e7\u00e3o<\/strong>: A homologa\u00e7\u00e3o das inscri\u00e7\u00f5es dos(as) trabalhadores(as) terceirizados ficar\u00e1 condicionada \u00e0 an\u00e1lise pr\u00e9via e manifesta\u00e7\u00e3o por parte do NUGEST\/PRA.<\/p>\n\n<\/div>\n<\/div>\n<footer>\n<div class=\"prevLegal footerMesServidor\"><strong>Contato:<\/strong> cdp.capacita@ufpel.edu.br<\/div>\n<\/footer>\n<\/main>\n<\/div><\/div>\n","protected":false},"excerpt":{"rendered":"<p>M\u00eas da Pessoa Servidora da UFPEL ATEN\u00c7\u00c3O! ATIVIDADE CANCELADA! Conectar-se a partir da Linguagem Teatral O teatro \u00e9 uma poderosa ferramenta de comunica\u00e7\u00e3o e intera\u00e7\u00e3o que permite \u00e0s pessoas se conectarem de forma mais profunda. Por meio dele, exploramos a linguagem corporal, expressiva e dial\u00f3gica, utilizando jogos c\u00eanicos para desenvolver a imagina\u00e7\u00e3o e a reflex\u00e3o [&hellip;]<\/p>\n","protected":false},"author":21,"featured_media":0,"parent":0,"menu_order":0,"comment_status":"closed","ping_status":"closed","template":"page-sem-sidebar.php","meta":{"footnotes":""},"class_list":["post-36355","page","type-page","status-publish","hentry"],"_links":{"self":[{"href":"https:\/\/wp.ufpel.edu.br\/progep\/wp-json\/wp\/v2\/pages\/36355","targetHints":{"allow":["GET"]}}],"collection":[{"href":"https:\/\/wp.ufpel.edu.br\/progep\/wp-json\/wp\/v2\/pages"}],"about":[{"href":"https:\/\/wp.ufpel.edu.br\/progep\/wp-json\/wp\/v2\/types\/page"}],"author":[{"embeddable":true,"href":"https:\/\/wp.ufpel.edu.br\/progep\/wp-json\/wp\/v2\/users\/21"}],"replies":[{"embeddable":true,"href":"https:\/\/wp.ufpel.edu.br\/progep\/wp-json\/wp\/v2\/comments?post=36355"}],"version-history":[{"count":3,"href":"https:\/\/wp.ufpel.edu.br\/progep\/wp-json\/wp\/v2\/pages\/36355\/revisions"}],"predecessor-version":[{"id":38573,"href":"https:\/\/wp.ufpel.edu.br\/progep\/wp-json\/wp\/v2\/pages\/36355\/revisions\/38573"}],"wp:attachment":[{"href":"https:\/\/wp.ufpel.edu.br\/progep\/wp-json\/wp\/v2\/media?parent=36355"}],"curies":[{"name":"wp","href":"https:\/\/api.w.org\/{rel}","templated":true}]}}