{"id":36348,"date":"2025-09-09T11:00:17","date_gmt":"2025-09-09T14:00:17","guid":{"rendered":"https:\/\/wp.ufpel.edu.br\/progep\/?page_id=36348"},"modified":"2025-10-16T09:32:05","modified_gmt":"2025-10-16T12:32:05","slug":"capacitacao-trilha-da-palma","status":"publish","type":"page","link":"https:\/\/wp.ufpel.edu.br\/progep\/capacitacao-trilha-da-palma\/","title":{"rendered":"Capacita\u00e7\u00e3o: Trilha da Palma"},"content":{"rendered":"\n<div class=\"wp-block-group\"><div class=\"wp-block-group__inner-container is-layout-constrained wp-block-group-is-layout-constrained\">\n<div class=\"acaoMesServidorStyle\">\n<div class=\"headerAcaoStyle\">\n<div class=\"mesServidorLogo\">\n<img src=\"https:\/\/wp.ufpel.edu.br\/progep\/files\/2025\/09\/logo-Mes-Pessoa-Servidora.png\">\n<div style=\"font-size: 16pt;text-align: center;font-weight: bold\">M\u00eas da Pessoa Servidora da UFPEL<\/div>\n<\/div>\n<div class=\"cabecalhoAcoes\">\n<div style=\"font-weight: bold;color: yellow;background-color: red;padding: 1rem;border-radius: 0.75rem;margin-bottom: 1rem\"><strong>ATEN\u00c7\u00c3O! NOVO LOCAL DE SA\u00cdDA! INSCRI\u00c7\u00d5ES HOMOLOGADAS<\/strong><\/div>\n<div style=\"font-size: 20pt\">Trilha da Palma<\/div>\n<p style=\"color: white\">Venha participar de uma trilha guiada no Centro Agropecu\u00e1rio da Palma (CAP\/UFPel). A caminhada passar\u00e1 por mata nativa, oferecendo a oportunidade de conhecer de perto grutas, pedreiras desativadas e a\u00e7udes. \u00c9 uma \u00f3tima chance para explorar as paisagens naturais da regi\u00e3o de forma segura e informativa!<\/p>\n<\/div>\n<\/div>\n\n<main>\n<div class=\"corpoStyle\">\n\n<div>\n\n<strong>Facilitador(a): <\/strong><span>Vilson Borba Pinto (<em>Coordenador do Centro Agropecu\u00e1rio da Palma \/ CAP \/ UFPEL<\/em>)<\/span>\n<p><strong>Data de realiza\u00e7\u00e3o<\/strong>: 22\/10\/2025, quarta-feira <br \/><strong>Hor\u00e1rio de sa\u00edda: <\/strong>8h15min<br \/> <strong>Hor\u00e1rio de retorno: <\/strong> 13h30min<\/span><br \/><strong>N\u00famero de vagas:<\/strong> <span>30<\/span><br \/><strong>Modalidade: <\/strong> Presencial <br \/><strong>Local:\u00a0 <\/strong>Centro Agropecu\u00e1rio da Palma (CAP)\n<div style=\"font-weight: bold;color: yellow !important;background-color: red;padding: 0.5rem;border-radius: 0.75rem\"><strong>\u21d2 Ser\u00e1 disponibilizado um micro-\u00f4nibus<\/strong>, com sa\u00edda do Campus Campus II do ICH, passando pela FAMED, com destino ao Centro Agropecu\u00e1rio da Palma (CAP)<\/div>.<br \/><strong>Ementa: <\/strong><\/p>\n<ul>\n<li> Os participantes poder\u00e3o apreciar grutas, pedreiras desativadas, a\u00e7udes e uma infinidade de outras coisas.<\/li>\n<li>  O percurso se dar\u00e1 em meio a mata nativa com dura\u00e7\u00e3o de uma hora e meia e ser\u00e1 conduzido por um guia, servidor do Centro Agropecu\u00e1rio da Palma (CAP\/UFPel).<\/li>\n<\/ul>\n\n<\/div>\n<div>\n\n<strong>P\u00fablico Alvo<\/strong>: Servidores(as) docentes, TAE\u2019s e trabalhadores(as) terceirizados(as) ativos(as) da UFPel*.*\n<p><strong>Per\u00edodo de inscri\u00e7\u00e3o<\/strong>: <span>15\/09 a 15\/10<\/span><\/p>\n<p><strong>Divulga\u00e7\u00e3o das inscri\u00e7\u00f5es homologadas<\/strong>: <span>16\/10<\/span>**, nesta p\u00e1gina.<\/p>\n<p>*Considerando a Pol\u00edtica Nacional de Desenvolvimento de Pessoas, conforme Decreto n\u00ba 9.991\/19, somente ser\u00e3o certificados(as) os(as) servidores(as) p\u00fablicos pertencentes ao Quadro Efetivo da UFPel;<br \/>** Quando homologadas as inscri\u00e7\u00f5es, os(as) selecionados(as) receber\u00e3o e-mail de confirma\u00e7\u00e3o com instru\u00e7\u00f5es.<\/p>\n<p><strong>Observa\u00e7\u00e3o<\/strong>: A homologa\u00e7\u00e3o das inscri\u00e7\u00f5es dos(as) trabalhadores(as) terceirizados ficar\u00e1 condicionada \u00e0 an\u00e1lise pr\u00e9via e manifesta\u00e7\u00e3o por parte do NUGEST\/PRA.<\/p>\n\n<\/div>\n\n<\/div>\n\n<footer>\n<div class=\"infoImportantes\">\n<div class=\"titleComumStyle\">Importante! Leia com aten\u00e7\u00e3o:<\/div>\n\u2022 O participante deve dar prefer\u00eancia a <span style=\"text-decoration: underline\">roupas e cal\u00e7ados confort\u00e1veis<\/span> para a atividade e <span style=\"text-decoration: underline\">levar garrafa com \u00e1gua<\/span> para consumo pr\u00f3prio;<br \/>\n\u2022 Ao t\u00e9rmino da trilha, prop\u00f5e-se um lanche comunit\u00e1rio, para o qual cada participante poder\u00e1 levar uma caneca (a bebida \u00e9 individual) e sua contribui\u00e7\u00e3o de lanche (compartilhado);<br \/>\n\u2022 Em caso de chuva, a atividade ser\u00e1 remarcada;<br \/>\n\u2022 Caso a trilha esteja escorregadia ou molhada em raz\u00e3o de chuva nas v\u00e9speras, ocorrer\u00e1 um passeio para os participantes conhecerem a estrutura do CAP.\n<\/div>\n<strong><a href=\"https:\/\/wp.ufpel.edu.br\/progep\/files\/2025\/10\/HOMOLOGACAO-Trilha-da-Palma.pdf\" target=\"_blank\" rel=\"noopener\">Confira as inscri\u00e7\u00f5es homologadas aqui!<\/a><\/strong>\n<div class=\"prevLegal footerMesServidor\"><strong>Contato:<\/strong> cdp.capacita@ufpel.edu.br<\/div>\n<\/footer>\n<\/main>\n<\/div><\/div>\n","protected":false},"excerpt":{"rendered":"<p>M\u00eas da Pessoa Servidora da UFPEL ATEN\u00c7\u00c3O! NOVO LOCAL DE SA\u00cdDA! INSCRI\u00c7\u00d5ES HOMOLOGADAS Trilha da Palma Venha participar de uma trilha guiada no Centro Agropecu\u00e1rio da Palma (CAP\/UFPel). A caminhada passar\u00e1 por mata nativa, oferecendo a oportunidade de conhecer de perto grutas, pedreiras desativadas e a\u00e7udes. \u00c9 uma \u00f3tima chance para explorar as paisagens naturais [&hellip;]<\/p>\n","protected":false},"author":21,"featured_media":0,"parent":0,"menu_order":0,"comment_status":"closed","ping_status":"closed","template":"page-sem-sidebar.php","meta":{"footnotes":""},"class_list":["post-36348","page","type-page","status-publish","hentry"],"_links":{"self":[{"href":"https:\/\/wp.ufpel.edu.br\/progep\/wp-json\/wp\/v2\/pages\/36348","targetHints":{"allow":["GET"]}}],"collection":[{"href":"https:\/\/wp.ufpel.edu.br\/progep\/wp-json\/wp\/v2\/pages"}],"about":[{"href":"https:\/\/wp.ufpel.edu.br\/progep\/wp-json\/wp\/v2\/types\/page"}],"author":[{"embeddable":true,"href":"https:\/\/wp.ufpel.edu.br\/progep\/wp-json\/wp\/v2\/users\/21"}],"replies":[{"embeddable":true,"href":"https:\/\/wp.ufpel.edu.br\/progep\/wp-json\/wp\/v2\/comments?post=36348"}],"version-history":[{"count":2,"href":"https:\/\/wp.ufpel.edu.br\/progep\/wp-json\/wp\/v2\/pages\/36348\/revisions"}],"predecessor-version":[{"id":38050,"href":"https:\/\/wp.ufpel.edu.br\/progep\/wp-json\/wp\/v2\/pages\/36348\/revisions\/38050"}],"wp:attachment":[{"href":"https:\/\/wp.ufpel.edu.br\/progep\/wp-json\/wp\/v2\/media?parent=36348"}],"curies":[{"name":"wp","href":"https:\/\/api.w.org\/{rel}","templated":true}]}}