{"id":36345,"date":"2025-09-12T16:51:14","date_gmt":"2025-09-12T19:51:14","guid":{"rendered":"https:\/\/wp.ufpel.edu.br\/progep\/?page_id=36345"},"modified":"2025-10-24T12:34:19","modified_gmt":"2025-10-24T15:34:19","slug":"capacitacao-3a-edicao-do-torneio-de-volei","status":"publish","type":"page","link":"https:\/\/wp.ufpel.edu.br\/progep\/capacitacao-3a-edicao-do-torneio-de-volei\/","title":{"rendered":"Capacita\u00e7\u00e3o: 3\u00aa Edi\u00e7\u00e3o do Torneio de V\u00f4lei"},"content":{"rendered":"\n<div class=\"wp-block-group\"><div class=\"wp-block-group__inner-container is-layout-constrained wp-block-group-is-layout-constrained\">\n<div class=\"acaoMesServidorStyle\">\n<div class=\"headerAcaoStyle\">\n<div class=\"mesServidorLogo\">\n<img src=\"https:\/\/wp.ufpel.edu.br\/progep\/files\/2025\/09\/logo-Mes-Pessoa-Servidora.png\">\n<div style=\"font-size: 16pt;text-align: center;font-weight: bold\">M\u00eas da Pessoa Servidora da UFPEL<\/div>\n<\/div>\n<div class=\"cabecalhoAcoes\">\n<div style=\"font-size: 20pt\">3\u00aa Edi\u00e7\u00e3o do Torneio de V\u00f4lei <\/div>\n<p style=\"color: white\">Participe do <strong>Torneio de V\u00f4lei Alusivo ao Outubro Rosa, Novembro Azul e M\u00eas da Pessoa Servidora<\/strong>! Seis equipes mistas, formadas por servidores docentes e t\u00e9cnicos administrativos, trabalhadores terceirizados e empregados p\u00fablicos da EBSERH, ir\u00e3o competir. Venha celebrar o esporte e a integra\u00e7\u00e3o, enquanto refor\u00e7amos a import\u00e2ncia da sa\u00fade e valorizamos a dedica\u00e7\u00e3o de todos os envolvidos.<\/p>\n<\/div>\n<\/div>\n\n<main>\n<div class=\"corpoStyle\">\n\n<div>\n\n<span><strong>Data de realiza\u00e7\u00e3o<\/strong><\/span>: 18\/10\/2025, s\u00e1bado<br \/><strong>Hor\u00e1rio: <\/strong>13h30min\n\n<p><strong>Modalidade: <\/strong>Presencial<br \/><strong>Local:\u00a0 <\/strong> Gin\u00e1sio da Escola Superior de Educa\u00e7\u00e3o F\u00edsica e Fisioterapia (ESEF), localizado na Rua Lu\u00eds de Cam\u00f5es, 625 &#8211; Tr\u00eas Vendas, Pelotas &#8211; RS.\n<\/p>\n<strong>Ementa: <\/strong><br \/>\n<ul>\n<li>Torneio de v\u00f4lei alusivo ao outubro rosa\/ novembro azul e m\u00eas do\/a servidor\/a<\/li>\n<li>6 equipes mistas compostas por servidores(as) docentes, t\u00e9cnicos(as) administrativos(as) em educa\u00e7\u00e3o, trabalhadores(as) terceirizados(as) da UFPel e empregados(as) p\u00fablicos(as) da EBSERH.<\/li>\n<\/ul>\n<strong>Sorteio das Chaves<\/strong>: 15\/10\/25 \u00e0s 10h, Sala 211B, Campus Anglo\n<\/div>\n<div>\n<strong>P\u00fablico Alvo<\/strong>: Servidores(as) docentes, TAE\u2019s e trabalhadores(as) terceirizados(as) ativos(as) da UFPel.*\n<p><strong>Per\u00edodo de inscri\u00e7\u00e3o<\/strong>: 06\/10 a 10\/10<\/p>\n<p>*Considerando a Pol\u00edtica Nacional de Desenvolvimento de Pessoas, conforme Decreto n\u00ba 9.991\/19, somente ser\u00e3o certificados(as) os(as) servidores(as) p\u00fablicos pertencentes ao Quadro Efetivo da UFPel;<br \/>** Quando homologadas as inscri\u00e7\u00f5es, os(as) selecionados(as) receber\u00e3o e-mail de confirma\u00e7\u00e3o com instru\u00e7\u00f5es.<\/p>\n<p><strong>Observa\u00e7\u00e3o<\/strong>: A homologa\u00e7\u00e3o das inscri\u00e7\u00f5es dos(as) trabalhadores(as) terceirizados ficar\u00e1 condicionada \u00e0 an\u00e1lise pr\u00e9via e manifesta\u00e7\u00e3o por parte do NUGEST\/PRA.<\/p>\n\n<\/div>\n<\/div>\n<footer>\n<div class=\"prevLegal footerMesServidor\"><strong>Contato:<\/strong> cdp.capacita@ufpel.edu.br<\/div>\n<\/footer>\n<\/main>\n<\/div><\/div>\n","protected":false},"excerpt":{"rendered":"<p>M\u00eas da Pessoa Servidora da UFPEL 3\u00aa Edi\u00e7\u00e3o do Torneio de V\u00f4lei Participe do Torneio de V\u00f4lei Alusivo ao Outubro Rosa, Novembro Azul e M\u00eas da Pessoa Servidora! Seis equipes mistas, formadas por servidores docentes e t\u00e9cnicos administrativos, trabalhadores terceirizados e empregados p\u00fablicos da EBSERH, ir\u00e3o competir. Venha celebrar o esporte e a integra\u00e7\u00e3o, enquanto [&hellip;]<\/p>\n","protected":false},"author":21,"featured_media":0,"parent":0,"menu_order":0,"comment_status":"closed","ping_status":"closed","template":"page-sem-sidebar.php","meta":{"footnotes":""},"class_list":["post-36345","page","type-page","status-publish","hentry"],"_links":{"self":[{"href":"https:\/\/wp.ufpel.edu.br\/progep\/wp-json\/wp\/v2\/pages\/36345","targetHints":{"allow":["GET"]}}],"collection":[{"href":"https:\/\/wp.ufpel.edu.br\/progep\/wp-json\/wp\/v2\/pages"}],"about":[{"href":"https:\/\/wp.ufpel.edu.br\/progep\/wp-json\/wp\/v2\/types\/page"}],"author":[{"embeddable":true,"href":"https:\/\/wp.ufpel.edu.br\/progep\/wp-json\/wp\/v2\/users\/21"}],"replies":[{"embeddable":true,"href":"https:\/\/wp.ufpel.edu.br\/progep\/wp-json\/wp\/v2\/comments?post=36345"}],"version-history":[{"count":3,"href":"https:\/\/wp.ufpel.edu.br\/progep\/wp-json\/wp\/v2\/pages\/36345\/revisions"}],"predecessor-version":[{"id":38454,"href":"https:\/\/wp.ufpel.edu.br\/progep\/wp-json\/wp\/v2\/pages\/36345\/revisions\/38454"}],"wp:attachment":[{"href":"https:\/\/wp.ufpel.edu.br\/progep\/wp-json\/wp\/v2\/media?parent=36345"}],"curies":[{"name":"wp","href":"https:\/\/api.w.org\/{rel}","templated":true}]}}