{"id":36342,"date":"2025-09-12T16:12:59","date_gmt":"2025-09-12T19:12:59","guid":{"rendered":"https:\/\/wp.ufpel.edu.br\/progep\/?page_id=36342"},"modified":"2025-10-24T11:25:56","modified_gmt":"2025-10-24T14:25:56","slug":"capacitacao-livro-me-tornar-se-livro","status":"publish","type":"page","link":"https:\/\/wp.ufpel.edu.br\/progep\/capacitacao-livro-me-tornar-se-livro\/","title":{"rendered":"Capacita\u00e7\u00e3o: Livro-me: tornar-se livro"},"content":{"rendered":"\n<div class=\"wp-block-group\"><div class=\"wp-block-group__inner-container is-layout-constrained wp-block-group-is-layout-constrained\">\n<div class=\"acaoMesServidorStyle\">\n<div class=\"headerAcaoStyle\">\n<div class=\"mesServidorLogo\">\n<img src=\"https:\/\/wp.ufpel.edu.br\/progep\/files\/2025\/09\/logo-Mes-Pessoa-Servidora.png\">\n<div style=\"font-size: 16pt;text-align: center;font-weight: bold\">M\u00eas da Pessoa Servidora da UFPEL<\/div>\n<\/div>\n<div class=\"cabecalhoAcoes\">\n<div style=\"font-size: 20pt\">Livro-me: tornar-se livro<\/div>\n<p style=\"color: white\">A partir de narrativas de si, amparadas em abordagem autobiogr\u00e1fica e pela via da fabula\u00e7\u00e3o, criaremos um Livro de Artista (obra em formato livro) que aborda uma mem\u00f3ria, um breve relato de experi\u00eancia, no intuito de compreender o espa\u00e7o dos livros e o papel da escrita em situa\u00e7\u00f5es de cria\u00e7\u00e3o. Na oficina ser\u00e3o experienciadas formas de tradu\u00e7\u00e3o das narrativas em cores, texturas e gramaturas de pap\u00e9is, tecidos e objetos, bem como o formato das p\u00e1ginas e suas sequ\u00eancias na rela\u00e7\u00e3o com o tempo e o conte\u00fado, cuja a inser\u00e7\u00e3o na p\u00e1gina tamb\u00e9m confere um sentido e significado junto ao todo do trabalho.<\/p>\n<\/div>\n<\/div>\n\n<main>\n<div class=\"corpoStyle\">\n\n<div class=\"coluna1Style\">\n\n<strong>Facilitador(a): <\/strong><span>Helene Gomes Sacco (<em>Docente \/ Centro de Artes \/ UFPEL<\/em>)<\/span>\n<p><strong>Data de realiza\u00e7\u00e3o<\/strong>: 17\/10\/2025, sexta-feira<br \/><strong>Hor\u00e1rio: <\/strong>14h \u00e0s 17h<br \/><strong>Carga hor\u00e1ria<\/strong>:<span> 3h<\/span><br \/><strong>N\u00famero de vagas:<\/strong> <span>20<\/span><br \/><strong>Modalidade: <\/strong> Presencial <br \/><strong>Local:\u00a0 <\/strong>Sala 211, Bloco 1, Centro de Artes<br \/><strong>Ementa: <\/strong><\/p>\n<ul>\n<li>Tradu\u00e7\u00e3o da narrativa: Transformar hist\u00f3rias em elementos visuais e t\u00e1teis, como cores, texturas e gramaturas de pap\u00e9is, tecidos e objetos.<\/li>\n<li>Design do livro: Definir o formato, a sequ\u00eancia das p\u00e1ginas e a rela\u00e7\u00e3o com o tempo.<\/li>\n<li>Significado na p\u00e1gina: Compreender como a disposi\u00e7\u00e3o do conte\u00fado na p\u00e1gina contribui para o sentido e o significado final da obra.<\/li>\n<\/ul>\n\n<br \/>\n<strong>P\u00fablico Alvo<\/strong>: Servidores(as) docentes, TAE\u2019s e trabalhadores(as) terceirizados(as) ativos(as) da UFPel*.* <br>\n<strong>Per\u00edodo de inscri\u00e7\u00e3o<\/strong>: <span>15\/09 a 14\/10<\/span><br \/>\n<strong>Divulga\u00e7\u00e3o das inscri\u00e7\u00f5es homologadas<\/strong>: <span>15\/10<\/span>**, nesta p\u00e1gina.\n<\/div>\n<div class=\"coluna2Style\">\n\n*Considerando a Pol\u00edtica Nacional de Desenvolvimento de Pessoas, conforme Decreto n\u00ba 9.991\/19, somente ser\u00e3o certificados(as) os(as) servidores(as) p\u00fablicos pertencentes ao Quadro Efetivo da UFPel;<br \/>** Quando homologadas as inscri\u00e7\u00f5es, os(as) selecionados(as) receber\u00e3o e-mail de confirma\u00e7\u00e3o com instru\u00e7\u00f5es.\n<p><strong>Observa\u00e7\u00e3o<\/strong>: A homologa\u00e7\u00e3o das inscri\u00e7\u00f5es dos(as) trabalhadores(as) terceirizados ficar\u00e1 condicionada \u00e0 an\u00e1lise pr\u00e9via e manifesta\u00e7\u00e3o por parte do NUGEST\/PRA.<\/p>\n\n<\/div>\n<\/div>\n<footer>\n<div class=\"infoImportantes\">\n<div class=\"justificaStyle\"><strong>Material necess\u00e1rio<\/strong>: Trazer materiais b\u00e1sicos de escrita e desenho (caneta, l\u00e1pis e borracha) e algum material que achar pertinente (n\u00e3o \u00e9 obrigat\u00f3rio), como fotografias e pequenos objetos de mem\u00f3ria. O restante do material ser\u00e1 fornecido na oficina.<\/div>\n<\/div>\n<strong><a href=\"https:\/\/wp.ufpel.edu.br\/progep\/files\/2025\/10\/HOMOLOGACAO-Livro-me_-tornar-se-livro.pdf\" target=\"_blank\" rel=\"noopener\">Confira as inscri\u00e7\u00f5es homologadas aqui!<\/a><\/strong>\n<div class=\"prevLegal footerMesServidor\"><strong>Contato:<\/strong> cdp.capacita@ufpel.edu.br<\/div>\n<\/footer>\n<\/main>\n<\/div><\/div>\n","protected":false},"excerpt":{"rendered":"<p>M\u00eas da Pessoa Servidora da UFPEL Livro-me: tornar-se livro A partir de narrativas de si, amparadas em abordagem autobiogr\u00e1fica e pela via da fabula\u00e7\u00e3o, criaremos um Livro de Artista (obra em formato livro) que aborda uma mem\u00f3ria, um breve relato de experi\u00eancia, no intuito de compreender o espa\u00e7o dos livros e o papel da escrita [&hellip;]<\/p>\n","protected":false},"author":21,"featured_media":0,"parent":0,"menu_order":0,"comment_status":"closed","ping_status":"closed","template":"page-sem-sidebar.php","meta":{"footnotes":""},"class_list":["post-36342","page","type-page","status-publish","hentry"],"_links":{"self":[{"href":"https:\/\/wp.ufpel.edu.br\/progep\/wp-json\/wp\/v2\/pages\/36342","targetHints":{"allow":["GET"]}}],"collection":[{"href":"https:\/\/wp.ufpel.edu.br\/progep\/wp-json\/wp\/v2\/pages"}],"about":[{"href":"https:\/\/wp.ufpel.edu.br\/progep\/wp-json\/wp\/v2\/types\/page"}],"author":[{"embeddable":true,"href":"https:\/\/wp.ufpel.edu.br\/progep\/wp-json\/wp\/v2\/users\/21"}],"replies":[{"embeddable":true,"href":"https:\/\/wp.ufpel.edu.br\/progep\/wp-json\/wp\/v2\/comments?post=36342"}],"version-history":[{"count":3,"href":"https:\/\/wp.ufpel.edu.br\/progep\/wp-json\/wp\/v2\/pages\/36342\/revisions"}],"predecessor-version":[{"id":38448,"href":"https:\/\/wp.ufpel.edu.br\/progep\/wp-json\/wp\/v2\/pages\/36342\/revisions\/38448"}],"wp:attachment":[{"href":"https:\/\/wp.ufpel.edu.br\/progep\/wp-json\/wp\/v2\/media?parent=36342"}],"curies":[{"name":"wp","href":"https:\/\/api.w.org\/{rel}","templated":true}]}}