{"id":36339,"date":"2025-09-12T16:02:51","date_gmt":"2025-09-12T19:02:51","guid":{"rendered":"https:\/\/wp.ufpel.edu.br\/progep\/?page_id=36339"},"modified":"2025-10-22T09:23:23","modified_gmt":"2025-10-22T12:23:23","slug":"capacitacao-doces-que-encantam-brigadeiros-gourmet","status":"publish","type":"page","link":"https:\/\/wp.ufpel.edu.br\/progep\/capacitacao-doces-que-encantam-brigadeiros-gourmet\/","title":{"rendered":"Capacita\u00e7\u00e3o: Doces que encantam: brigadeiros gourmet"},"content":{"rendered":"\n<div class=\"wp-block-group\"><div class=\"wp-block-group__inner-container is-layout-constrained wp-block-group-is-layout-constrained\">\n<div class=\"acaoMesServidorStyle\">\n<div class=\"headerAcaoStyle\">\n<div class=\"mesServidorLogo\">\n<img src=\"https:\/\/wp.ufpel.edu.br\/progep\/files\/2025\/09\/logo-Mes-Pessoa-Servidora.png\">\n<div style=\"font-size: 16pt;text-align: center;font-weight: bold\">M\u00eas da Pessoa Servidora da UFPEL<\/div>\n<\/div>\n<div class=\"cabecalhoAcoes\">\n<div style=\"font-weight: bold;color: red;background-color: yellow;padding: 1rem;border-radius: 0.75rem;margin-bottom: 1rem\"><strong>INSCRI\u00c7\u00d5ES ENCERRADAS!<\/strong><\/div>\n<div style=\"font-size: 20pt\">Doces que encantam: brigadeiros gourmet<\/div>\n<p style=\"color: white\">A oficina apresenta o universo do brigadeiro gourmet, doce s\u00edmbolo da confeitaria brasileira reinventado com sofistica\u00e7\u00e3o e criatividade. Os participantes aprender\u00e3o t\u00e9cnicas de preparo, varia\u00e7\u00f5es de sabores, m\u00e9todos de finaliza\u00e7\u00e3o e apresenta\u00e7\u00e3o diferenciada elevando o brigadeiro a um patamar gastron\u00f4mico refinado.<\/p>\n<\/div>\n<\/div>\n\n<main>\n<div class=\"corpoStyle\">\n\n<div style=\"flex:1\">\n\n<strong>Facilitador(a): <\/strong> \u00c2ngela Galvan de Lima (<em> Docente \/ Faculdade de Nutri\u00e7\u00e3o \/ UFPEL<\/em>)\n<p><strong>Data de realiza\u00e7\u00e3o<\/strong>: 16\/10\/2025, quinta-feira<br \/><strong>Hor\u00e1rio: <\/strong><span>14h \u00e0s 17h<\/span><br \/><strong>Carga hor\u00e1ria<\/strong>:<span> 3h<\/span><br \/><strong>N\u00famero de vagas:<\/strong> <span>12<\/span><br \/><strong>Modalidade: <\/strong>Presencial <br \/><strong>Local:\u00a0 <\/strong> Sala 232F &#8211; Laborat\u00f3rio de Doces e Bebidas &#8211; Campus Anglo 2\u00b0 andar<br \/><strong>Ementa: <\/strong><\/p>\n<ul>\n<li>Apresenta\u00e7\u00e3o do brigadeiro como doce gourmet;<\/li>\n<li>T\u00e9cnicas de preparo, varia\u00e7\u00f5es de sabores, m\u00e9todos de finaliza\u00e7\u00e3o e apresenta\u00e7\u00e3o diferenciada.<\/li>\n<\/ul>\n<strong>P\u00fablico Alvo<\/strong>: Servidores(as) docentes, TAE\u2019s e trabalhadores(as) terceirizados(as) ativos(as) da UFPel*.*\n<\/div>\n<div style=\"flex:1\">\n<strong>Per\u00edodo de inscri\u00e7\u00e3o<\/strong>: <span>15\/09 a 13\/10<\/span>\n<p><strong>Divulga\u00e7\u00e3o das inscri\u00e7\u00f5es homologadas<\/strong>: <span>14\/10<\/span>**, nesta p\u00e1gina.<\/p>\n<p>*Considerando a Pol\u00edtica Nacional de Desenvolvimento de Pessoas, conforme Decreto n\u00ba 9.991\/19, somente ser\u00e3o certificados(as) os(as) servidores(as) p\u00fablicos pertencentes ao Quadro Efetivo da UFPel;<br \/>** Quando homologadas as inscri\u00e7\u00f5es, os(as) selecionados(as) receber\u00e3o e-mail de confirma\u00e7\u00e3o com instru\u00e7\u00f5es.<\/p>\n<p><strong>Observa\u00e7\u00e3o<\/strong>: A homologa\u00e7\u00e3o das inscri\u00e7\u00f5es dos(as) trabalhadores(as) terceirizados ficar\u00e1 condicionada \u00e0 an\u00e1lise pr\u00e9via e manifesta\u00e7\u00e3o por parte do NUGEST\/PRA.<\/p>\n\n<\/div>\n<\/div>\n<footer>\n<div class=\"infoImportantes\">\n<strong>Lista de ingredientes:<\/strong>\n<ul>\n<li>1 caixa de leite condensado (Mo\u00e7a, Italac ou Piracanjuba)<\/li>\n<li>1 caixa de creme de leite (Nestl\u00e9, Italac ou Piracanjuba)<\/li>\n<li>50g de manteiga<\/li>\n<li>Forminhas de papel para docinhos<\/li>\n<\/ul>\n<strong>Op\u00e7\u00f5es de sabores (cada participante pode escolher 1 ou 2 sabores)<\/strong>\n<ul>\n<li><em>Brigadeiro gourmet:<\/em>  100g de chocolate meio amargo ou amargo em barra + 150g de granulado<\/li>\n<li><em>Brigadeiro de caf\u00e9:<\/em>  50g de chocolate em p\u00f3 50% cacau + 5g de caf\u00e9 sol\u00favel + 50g de chocolate meio amargo barra<\/li>\n<li><em>Brigadeiro de lim\u00e3o:<\/em>  50g de chocolate branco + 1 lim\u00e3o (tahiti ou siciliano) + 150g de a\u00e7\u00facar cristal ou granulado branco <\/li>\n<li><em>Brigadeiro brul\u00e9e:<\/em>  4 ovos + 150g de a\u00e7\u00facar demerara <\/li>\n<li><em>Brigadeiro Romeu e Julieta:<\/em>  100g de queijo parmes\u00e3o + 50g de goiabada <\/li>\n<li><em>Brigadeiro de churros:<\/em>  100g de doce de leite + 150g de a\u00e7\u00facar cristal + 5g de canela em p\u00f3<\/li>\n<li><em>Brigadeiro de ninho com nutella:<\/em> 100g de leite ninho em p\u00f3 + 50g de nutella <\/li>\n\n<\/ul>\n<\/div>\n\n<a href=\"https:\/\/wp.ufpel.edu.br\/progep\/files\/2025\/10\/HOMOLOGACAO-Doces-que-encantam_-brigadeiros-gourmet.pdf\" target=\"_blank\">Confira as inscri\u00e7\u00f5es homologadas aqui!<\/a>\n<div class=\"prevLegal footerMesServidor\"><strong>Contato:<\/strong> cdp.capacita@ufpel.edu.br<\/div>\n<\/footer>\n<\/main>\n<\/div><\/div>\n","protected":false},"excerpt":{"rendered":"<p>M\u00eas da Pessoa Servidora da UFPEL INSCRI\u00c7\u00d5ES ENCERRADAS! Doces que encantam: brigadeiros gourmet A oficina apresenta o universo do brigadeiro gourmet, doce s\u00edmbolo da confeitaria brasileira reinventado com sofistica\u00e7\u00e3o e criatividade. Os participantes aprender\u00e3o t\u00e9cnicas de preparo, varia\u00e7\u00f5es de sabores, m\u00e9todos de finaliza\u00e7\u00e3o e apresenta\u00e7\u00e3o diferenciada elevando o brigadeiro a um patamar gastron\u00f4mico refinado. Facilitador(a): [&hellip;]<\/p>\n","protected":false},"author":21,"featured_media":0,"parent":0,"menu_order":0,"comment_status":"closed","ping_status":"closed","template":"page-sem-sidebar.php","meta":{"footnotes":""},"class_list":["post-36339","page","type-page","status-publish","hentry"],"_links":{"self":[{"href":"https:\/\/wp.ufpel.edu.br\/progep\/wp-json\/wp\/v2\/pages\/36339","targetHints":{"allow":["GET"]}}],"collection":[{"href":"https:\/\/wp.ufpel.edu.br\/progep\/wp-json\/wp\/v2\/pages"}],"about":[{"href":"https:\/\/wp.ufpel.edu.br\/progep\/wp-json\/wp\/v2\/types\/page"}],"author":[{"embeddable":true,"href":"https:\/\/wp.ufpel.edu.br\/progep\/wp-json\/wp\/v2\/users\/21"}],"replies":[{"embeddable":true,"href":"https:\/\/wp.ufpel.edu.br\/progep\/wp-json\/wp\/v2\/comments?post=36339"}],"version-history":[{"count":3,"href":"https:\/\/wp.ufpel.edu.br\/progep\/wp-json\/wp\/v2\/pages\/36339\/revisions"}],"predecessor-version":[{"id":38381,"href":"https:\/\/wp.ufpel.edu.br\/progep\/wp-json\/wp\/v2\/pages\/36339\/revisions\/38381"}],"wp:attachment":[{"href":"https:\/\/wp.ufpel.edu.br\/progep\/wp-json\/wp\/v2\/media?parent=36339"}],"curies":[{"name":"wp","href":"https:\/\/api.w.org\/{rel}","templated":true}]}}