{"id":36336,"date":"2025-09-04T08:20:23","date_gmt":"2025-09-04T11:20:23","guid":{"rendered":"https:\/\/wp.ufpel.edu.br\/progep\/?page_id=36336"},"modified":"2025-10-22T09:22:54","modified_gmt":"2025-10-22T12:22:54","slug":"capacitacao-meu-1o-amigurumi-nocoes-basicas-para-iniciantes","status":"publish","type":"page","link":"https:\/\/wp.ufpel.edu.br\/progep\/capacitacao-meu-1o-amigurumi-nocoes-basicas-para-iniciantes\/","title":{"rendered":"Capacita\u00e7\u00e3o: Oficina criativa terap\u00eautica: Meu primeiro amigurumi"},"content":{"rendered":"\n<div class=\"wp-block-group\"><div class=\"wp-block-group__inner-container is-layout-constrained wp-block-group-is-layout-constrained\">\n<div class=\"acaoMesServidorStyle\">\n<div class=\"headerAcaoStyle\">\n<div class=\"mesServidorLogo\"><img src=\"https:\/\/wp.ufpel.edu.br\/progep\/files\/2025\/09\/logo-Mes-Pessoa-Servidora.png\" \/>\n<div style=\"font-size: 16pt;text-align: center;font-weight: bold\">M\u00eas da Pessoa Servidora da UFPEL<\/div>\n<\/div>\n<div class=\"cabecalhoAcoes\">\n<div style=\"font-size: 20pt\">Oficina criativa Terap\u00eautica: Meu primeiro amigurumi<\/div>\n<p style=\"color: white\">O amigurumi \u00e9 um arte japonesa de criar bonecos de croch\u00ea ou tric\u00f4, que possui efeito terap\u00eautico significativo. A t\u00e9cnica contribui para a redu\u00e7\u00e3o do stresse e da ansiedade, melhorando a concentra\u00e7\u00e3o e coordena\u00e7\u00e3o motora. Nesta capacita\u00e7\u00e3o, voc\u00ea aprender pontos b\u00e1sicos do amigurumi, como ler uma receita, matem\u00e1tica do amigurumi (aumentos e diminui\u00e7\u00f5es), passo a passo de como fazer uma esfera, confec\u00e7\u00e3o de partes do amigurumi.<\/p>\n<\/div>\n<\/div>\n<main>\n<div class=\"corpoStyle\">\n<div><strong>Facilitador(a): <\/strong>N\u00e1dia Cristiane Coelho Da Silva Kendzerski (<em>T\u00e9cnica Administrativa em Educa\u00e7\u00e3o \/ Gabinte da Reitoria \/ UFPEL<\/em>)\n<p><strong>Data de realiza\u00e7\u00e3o<\/strong>: \u00a015\/10\/2025, quarta-feira<br \/><strong>Hor\u00e1rio: <\/strong>14h \u00e0s 17h<br \/><strong>Carga hor\u00e1ria<\/strong>: 3h<br \/><strong>N\u00famero de vagas:<\/strong> 12<br \/><strong>Modalidade: <\/strong> Presencial <br \/><strong>Local:\u00a0 <\/strong>Editora da UFPel &#8211; Rua Benjamin Constant n\u00ba 1071\u00a0<br \/><strong>Ementa: <\/strong><\/p>\n<ul>\n<li>Como fazer: correntinha, pontos b\u00e1sicos do amigurumi;<\/li>\n<li>Como ler uma receita, matem\u00e1tica do amigurumi (aumentos e diminui\u00e7\u00f5es), passo a passo de como fazer uma esfera, confec\u00e7\u00e3o de partes do amigurumi.<\/li>\n<\/ul>\n\n<\/div>\n<div><strong>P\u00fablico Alvo<\/strong>: Servidores(as) docentes, TAE\u2019s e trabalhadores(as) terceirizados(as) ativos(as) da UFPel*.*\n<p><strong>Per\u00edodo de inscri\u00e7\u00e3o<\/strong>: 15\/09 a 12\/10<\/p>\n<p><strong>Divulga\u00e7\u00e3o das inscri\u00e7\u00f5es homologadas<\/strong>: 13\/10**, nesta p\u00e1gina.<\/p>\n<p>*Considerando a Pol\u00edtica Nacional de Desenvolvimento de Pessoas, conforme Decreto n\u00ba 9.991\/19, somente ser\u00e3o certificados(as) os(as) servidores(as) p\u00fablicos pertencentes ao Quadro Efetivo da UFPel;<br \/>** Quando homologadas as inscri\u00e7\u00f5es, os(as) selecionados(as) receber\u00e3o e-mail de confirma\u00e7\u00e3o com instru\u00e7\u00f5es.<\/p>\n<p><strong>Observa\u00e7\u00e3o<\/strong>: A homologa\u00e7\u00e3o das inscri\u00e7\u00f5es dos(as) trabalhadores(as) terceirizados ficar\u00e1 condicionada \u00e0 an\u00e1lise pr\u00e9via e manifesta\u00e7\u00e3o por parte do NUGEST\/PRA.<\/p>\n<\/div>\n<\/div>\n<footer>\n<div class=\"infoImportantes\">\n<strong>Material necess\u00e1rio<\/strong>: 1 agulha de croch\u00ea (sugest\u00e3o: 2,5mm a 3,5mm) 1 novelo de fio compat\u00edvel com a agulha escolhida (sugest\u00e3o: fio 100% algod\u00e3o &#8211; Amigurumi, da C\u00edrculo; Balloon Amigo, da Pingouin; Ecoamigurumi, da Euroroma; ou outra de sua prefer\u00eancia), agulha de tapeceiro para arrematar e bordar, tesoura.\n<\/div>\n\n<strong><a href=\"https:\/\/wp.ufpel.edu.br\/progep\/files\/2025\/10\/HOMOLOGACAO-Oficina-criativa-Terapeutica_-Meu-primeiro-amigurumi-.pdf\" target=\"_blank\" rel=\"noopener\">Confira as inscri\u00e7\u00f5es homologadas aqui!<\/a><\/strong>\n<div class=\"prevLegal footerMesServidor\"><strong>Contato:<\/strong> cdp.capacita@ufpel.edu.br<\/div>\n<\/footer>\n<p>\u00a0<\/p>\n<\/main>\n<\/div><\/div>\n","protected":false},"excerpt":{"rendered":"<p>M\u00eas da Pessoa Servidora da UFPEL Oficina criativa Terap\u00eautica: Meu primeiro amigurumi O amigurumi \u00e9 um arte japonesa de criar bonecos de croch\u00ea ou tric\u00f4, que possui efeito terap\u00eautico significativo. A t\u00e9cnica contribui para a redu\u00e7\u00e3o do stresse e da ansiedade, melhorando a concentra\u00e7\u00e3o e coordena\u00e7\u00e3o motora. Nesta capacita\u00e7\u00e3o, voc\u00ea aprender pontos b\u00e1sicos do amigurumi, [&hellip;]<\/p>\n","protected":false},"author":21,"featured_media":0,"parent":0,"menu_order":0,"comment_status":"closed","ping_status":"closed","template":"page-sem-sidebar.php","meta":{"footnotes":""},"class_list":["post-36336","page","type-page","status-publish","hentry"],"_links":{"self":[{"href":"https:\/\/wp.ufpel.edu.br\/progep\/wp-json\/wp\/v2\/pages\/36336","targetHints":{"allow":["GET"]}}],"collection":[{"href":"https:\/\/wp.ufpel.edu.br\/progep\/wp-json\/wp\/v2\/pages"}],"about":[{"href":"https:\/\/wp.ufpel.edu.br\/progep\/wp-json\/wp\/v2\/types\/page"}],"author":[{"embeddable":true,"href":"https:\/\/wp.ufpel.edu.br\/progep\/wp-json\/wp\/v2\/users\/21"}],"replies":[{"embeddable":true,"href":"https:\/\/wp.ufpel.edu.br\/progep\/wp-json\/wp\/v2\/comments?post=36336"}],"version-history":[{"count":3,"href":"https:\/\/wp.ufpel.edu.br\/progep\/wp-json\/wp\/v2\/pages\/36336\/revisions"}],"predecessor-version":[{"id":38379,"href":"https:\/\/wp.ufpel.edu.br\/progep\/wp-json\/wp\/v2\/pages\/36336\/revisions\/38379"}],"wp:attachment":[{"href":"https:\/\/wp.ufpel.edu.br\/progep\/wp-json\/wp\/v2\/media?parent=36336"}],"curies":[{"name":"wp","href":"https:\/\/api.w.org\/{rel}","templated":true}]}}