{"id":36330,"date":"2025-09-12T14:49:32","date_gmt":"2025-09-12T17:49:32","guid":{"rendered":"https:\/\/wp.ufpel.edu.br\/progep\/?page_id=36330"},"modified":"2025-10-14T09:35:09","modified_gmt":"2025-10-14T12:35:09","slug":"capacitacao-plantas-medicinais-no-cuidado-a-feridas-com-preparo-de-pomada","status":"publish","type":"page","link":"https:\/\/wp.ufpel.edu.br\/progep\/capacitacao-plantas-medicinais-no-cuidado-a-feridas-com-preparo-de-pomada\/","title":{"rendered":"Capacita\u00e7\u00e3o: Plantas medicinais no cuidado a feridas com preparo de pomada"},"content":{"rendered":"\n<div class=\"wp-block-group\"><div class=\"wp-block-group__inner-container is-layout-constrained wp-block-group-is-layout-constrained\">\n<div class=\"acaoMesServidorStyle\">\n<div class=\"headerAcaoStyle\">\n<div class=\"mesServidorLogo\">\n<img src=\"https:\/\/wp.ufpel.edu.br\/progep\/files\/2025\/09\/logo-Mes-Pessoa-Servidora.png\">\n<div style=\"font-size: 16pt;text-align: center;font-weight: bold\">M\u00eas da Pessoa Servidora da UFPEL<\/div>\n<\/div>\n<div class=\"cabecalhoAcoes\">\n<div style=\"font-size: 20pt\">Plantas medicinais no cuidado a feridas com preparo de pomada<\/div>\n<p style=\"color: white\">Participe de uma oficina te\u00f3rico-pr\u00e1tica sobre o uso de plantas medicinais para o cuidado de feridas, com uma demonstra\u00e7\u00e3o de como preparar uma pomada.<\/p>\n<\/div>\n<\/div>\n\n\n<main>\n<div class=\"corpoStyle\">\n\n<div class=\"coluna1Style\">\n\n<strong>Facilitador(a): <\/strong><span>Teila Ceolin (<em>Docente \/ Faculdade de Enfermagem \/ UFPEL<\/em>)<\/span>\n<p style=\"text-align: left\"><strong>Data de realiza\u00e7\u00e3o<\/strong>: <span>\u00a013\/10\/2025, segunda-feira<br \/><strong>Hor\u00e1rio: <\/strong>14h \u00e0s 16h30min<br \/><strong>Carga hor\u00e1ria<\/strong>: 2h30min<br \/><strong>N\u00famero de vagas:<\/strong> <span>20<\/span><br \/><strong>Modalidade: <\/strong> Presencial<br \/><strong>Local:\u00a0 <\/strong> Laborat\u00f3rio 201, Faculdade de Enfermagem, 2\u00ba andar, Campus Anglo <br \/><strong>Ementa: <\/strong><\/p>\n<ul>\n<li>Propriedades de plantas medicinais no tratamento de feridas;<\/li>\n<li>Instru\u00e7\u00f5es e passo a passo para a confec\u00e7\u00e3o de pomadas;<\/li>\n<li>Orienta\u00e7\u00f5es sobre o uso correto e a seguran\u00e7a.<\/li>\n<\/ul>\n<br \/>\n<strong>P\u00fablico Alvo<\/strong>: Servidores(as) docentes, TAE\u2019s e trabalhadores(as) terceirizados(as) ativos(as) da UFPel*.*<br \/>\n<strong>Per\u00edodo de inscri\u00e7\u00e3o<\/strong>: <span>15\/09 a 09\/10<\/span><br \/>\n<strong>Divulga\u00e7\u00e3o das inscri\u00e7\u00f5es homologadas<\/strong>: <span>10\/10<\/span>**, nesta p\u00e1gina.\n<\/div>\n<div class=\"coluna2Style\">\n*Considerando a Pol\u00edtica Nacional de Desenvolvimento de Pessoas, conforme Decreto n\u00ba 9.991\/19, somente ser\u00e3o certificados(as) os(as) servidores(as) p\u00fablicos pertencentes ao Quadro Efetivo da UFPel;<br \/>** Quando homologadas as inscri\u00e7\u00f5es, os(as) selecionados(as) receber\u00e3o e-mail de confirma\u00e7\u00e3o com instru\u00e7\u00f5es.\n<p><strong>Observa\u00e7\u00e3o<\/strong>: A homologa\u00e7\u00e3o das inscri\u00e7\u00f5es dos(as) trabalhadores(as) terceirizados ficar\u00e1 condicionada \u00e0 an\u00e1lise pr\u00e9via e manifesta\u00e7\u00e3o por parte do NUGEST\/PRA.<\/p>\n\n<\/div>\n<\/div>\n<footer>\n<strong><a href=\"https:\/\/wp.ufpel.edu.br\/progep\/files\/2025\/10\/HOMOLOGACAO-Plantas-medicinais-no-cuidado-a-feridas-com-preparo-de-pomada.pdf\" target=\"_blank\" rel=\"noopener\">Confira as inscri\u00e7\u00f5es homologadas aqui!<\/a><\/strong>\n<div class=\"prevLegal footerMesServidor\">Contato: cdp.capacita@ufpel.edu.br<\/div>\n<\/footer>\n<\/main>\n<\/div><\/div>\n","protected":false},"excerpt":{"rendered":"<p>M\u00eas da Pessoa Servidora da UFPEL Plantas medicinais no cuidado a feridas com preparo de pomada Participe de uma oficina te\u00f3rico-pr\u00e1tica sobre o uso de plantas medicinais para o cuidado de feridas, com uma demonstra\u00e7\u00e3o de como preparar uma pomada. Facilitador(a): Teila Ceolin (Docente \/ Faculdade de Enfermagem \/ UFPEL) Data de realiza\u00e7\u00e3o: \u00a013\/10\/2025, segunda-feiraHor\u00e1rio: [&hellip;]<\/p>\n","protected":false},"author":21,"featured_media":0,"parent":0,"menu_order":0,"comment_status":"closed","ping_status":"closed","template":"page-sem-sidebar.php","meta":{"footnotes":""},"class_list":["post-36330","page","type-page","status-publish","hentry"],"_links":{"self":[{"href":"https:\/\/wp.ufpel.edu.br\/progep\/wp-json\/wp\/v2\/pages\/36330","targetHints":{"allow":["GET"]}}],"collection":[{"href":"https:\/\/wp.ufpel.edu.br\/progep\/wp-json\/wp\/v2\/pages"}],"about":[{"href":"https:\/\/wp.ufpel.edu.br\/progep\/wp-json\/wp\/v2\/types\/page"}],"author":[{"embeddable":true,"href":"https:\/\/wp.ufpel.edu.br\/progep\/wp-json\/wp\/v2\/users\/21"}],"replies":[{"embeddable":true,"href":"https:\/\/wp.ufpel.edu.br\/progep\/wp-json\/wp\/v2\/comments?post=36330"}],"version-history":[{"count":3,"href":"https:\/\/wp.ufpel.edu.br\/progep\/wp-json\/wp\/v2\/pages\/36330\/revisions"}],"predecessor-version":[{"id":37876,"href":"https:\/\/wp.ufpel.edu.br\/progep\/wp-json\/wp\/v2\/pages\/36330\/revisions\/37876"}],"wp:attachment":[{"href":"https:\/\/wp.ufpel.edu.br\/progep\/wp-json\/wp\/v2\/media?parent=36330"}],"curies":[{"name":"wp","href":"https:\/\/api.w.org\/{rel}","templated":true}]}}