{"id":36326,"date":"2025-09-17T09:24:37","date_gmt":"2025-09-17T12:24:37","guid":{"rendered":"https:\/\/wp.ufpel.edu.br\/progep\/?page_id=36326"},"modified":"2025-10-14T09:34:31","modified_gmt":"2025-10-14T12:34:31","slug":"capacitacao-dramaturgia-do-corpo-presenca-e-significados","status":"publish","type":"page","link":"https:\/\/wp.ufpel.edu.br\/progep\/capacitacao-dramaturgia-do-corpo-presenca-e-significados\/","title":{"rendered":"Capacita\u00e7\u00e3o: Dramaturgia do corpo &#8211; presen\u00e7a e significados"},"content":{"rendered":"\n<div class=\"wp-block-group\"><div class=\"wp-block-group__inner-container is-layout-constrained wp-block-group-is-layout-constrained\">\n<div class=\"acaoMesServidorStyle\">\n<div class=\"headerAcaoStyle\">\n<div class=\"mesServidorLogo\">\n<img src=\"https:\/\/wp.ufpel.edu.br\/progep\/files\/2025\/09\/logo-Mes-Pessoa-Servidora.png\">\n<div style=\"font-size: 16pt;text-align: center;font-weight: bold\">M\u00eas da Pessoa Servidora da UFPEL<\/div>\n<\/div>\n<div class=\"cabecalhoAcoes\">\n<div style=\"font-size: 20pt\">Dramaturgia do corpo &#8211; presen\u00e7a e significados<\/div>\n<p style=\"color: white\">Experimente a pot\u00eancia do corpo em coletividade! Explore as rela\u00e7\u00f5es entre o seu corpo, o espa\u00e7o e os objetos, utilizando os procedimentos de cria\u00e7\u00e3o do Grupo Tat\u00e1 (grupo de cria\u00e7\u00e3o art\u00edstica do N\u00facleo de Dan\u00e7a-Teatro) para encontrar novas formas de movimento e express\u00e3o.<\/p>\n<\/div>\n<\/div>\n\n<main>\n<div class=\"corpoStyle\">\n\n<div class=\"coluna1Style\">\n\n<strong>Facilitador(a): <\/strong> Maria Fonseca Falkembach (<em>Docente\/ Centro de Artes \/ UFPEL<\/em>)<\/span>\n<p><strong>Data de realiza\u00e7\u00e3o<\/strong>: 10\/10\/2025, sexta-feira<\/span><br \/><strong>Hor\u00e1rio: <\/strong> 10h \u00e0s 12h<br \/><strong>Carga hor\u00e1ria<\/strong>: 2h<br \/><strong>N\u00famero de vagas:<\/strong> 30<br \/><strong>Modalidade: <\/strong>Presencial <br \/><strong>Local:\u00a0 <\/strong> Centro de Artes, Sala Carmen Biasoli<br \/><strong>Ementa: <\/strong><\/p>\n<ul>\n<li>Aula pr\u00e1tica de mobiliza\u00e7\u00e3o do corpo, no coletivo, com base nos procedimentos de cria\u00e7\u00e3o do grupo Tat\u00e1.<\/li>\n<li>Corpo e espa\u00e7o.<\/li> \n<li>Corpo e objetos.<\/li>\n<\/ul>\n<strong>P\u00fablico Alvo<\/strong>: Servidores(as) docentes, TAE\u2019s e trabalhadores(as) terceirizados(as) ativos(as) da UFPel*.*<br \/>\n<strong>Per\u00edodo de inscri\u00e7\u00e3o<\/strong>: 17\/09 a 07\/10<br \/>\n<strong>Divulga\u00e7\u00e3o das inscri\u00e7\u00f5es homologadas<\/strong>: <span>08\/10<\/span>**, nesta p\u00e1gina.\n<\/div>\n<div class=\"coluna2Style\">\n*Considerando a Pol\u00edtica Nacional de Desenvolvimento de Pessoas, conforme Decreto n\u00ba 9.991\/19, somente ser\u00e3o certificados(as) os(as) servidores(as) p\u00fablicos pertencentes ao Quadro Efetivo da UFPel;<br \/>** Quando homologadas as inscri\u00e7\u00f5es, os(as) selecionados(as) receber\u00e3o e-mail de confirma\u00e7\u00e3o com instru\u00e7\u00f5es.\n<p><strong>Observa\u00e7\u00e3o<\/strong>: A homologa\u00e7\u00e3o das inscri\u00e7\u00f5es dos(as) trabalhadores(as) terceirizados ficar\u00e1 condicionada \u00e0 an\u00e1lise pr\u00e9via e manifesta\u00e7\u00e3o por parte do NUGEST\/PRA.<\/p>\n\n<\/div>\n<\/div>\n<footer>\n<strong><a href=\"https:\/\/wp.ufpel.edu.br\/progep\/files\/2025\/10\/HOMOLOGACAO-Dramaturgia-do-corpo-\u2013-presenca-e-significados.pdf\" target=\"_blank\" rel=\"noopener\">Confira as inscri\u00e7\u00f5es homologadas aqui!<\/a><\/strong>\n<div class=\"prevLegal footerMesServidor\"><strong>Contato:<\/strong> cdp.capacita@ufpel.edu.br<\/div>\n<\/footer>\n<\/main>\n<\/div><\/div>\n","protected":false},"excerpt":{"rendered":"<p>M\u00eas da Pessoa Servidora da UFPEL Dramaturgia do corpo &#8211; presen\u00e7a e significados Experimente a pot\u00eancia do corpo em coletividade! Explore as rela\u00e7\u00f5es entre o seu corpo, o espa\u00e7o e os objetos, utilizando os procedimentos de cria\u00e7\u00e3o do Grupo Tat\u00e1 (grupo de cria\u00e7\u00e3o art\u00edstica do N\u00facleo de Dan\u00e7a-Teatro) para encontrar novas formas de movimento e [&hellip;]<\/p>\n","protected":false},"author":21,"featured_media":0,"parent":0,"menu_order":0,"comment_status":"closed","ping_status":"closed","template":"page-sem-sidebar.php","meta":{"footnotes":""},"class_list":["post-36326","page","type-page","status-publish","hentry"],"_links":{"self":[{"href":"https:\/\/wp.ufpel.edu.br\/progep\/wp-json\/wp\/v2\/pages\/36326","targetHints":{"allow":["GET"]}}],"collection":[{"href":"https:\/\/wp.ufpel.edu.br\/progep\/wp-json\/wp\/v2\/pages"}],"about":[{"href":"https:\/\/wp.ufpel.edu.br\/progep\/wp-json\/wp\/v2\/types\/page"}],"author":[{"embeddable":true,"href":"https:\/\/wp.ufpel.edu.br\/progep\/wp-json\/wp\/v2\/users\/21"}],"replies":[{"embeddable":true,"href":"https:\/\/wp.ufpel.edu.br\/progep\/wp-json\/wp\/v2\/comments?post=36326"}],"version-history":[{"count":3,"href":"https:\/\/wp.ufpel.edu.br\/progep\/wp-json\/wp\/v2\/pages\/36326\/revisions"}],"predecessor-version":[{"id":37875,"href":"https:\/\/wp.ufpel.edu.br\/progep\/wp-json\/wp\/v2\/pages\/36326\/revisions\/37875"}],"wp:attachment":[{"href":"https:\/\/wp.ufpel.edu.br\/progep\/wp-json\/wp\/v2\/media?parent=36326"}],"curies":[{"name":"wp","href":"https:\/\/api.w.org\/{rel}","templated":true}]}}