{"id":36313,"date":"2025-09-12T10:41:09","date_gmt":"2025-09-12T13:41:09","guid":{"rendered":"https:\/\/wp.ufpel.edu.br\/progep\/?page_id=36313"},"modified":"2025-10-22T09:20:59","modified_gmt":"2025-10-22T12:20:59","slug":"capacitacao-oficina-de-aromaterapia-receitinhas-aromaticas","status":"publish","type":"page","link":"https:\/\/wp.ufpel.edu.br\/progep\/capacitacao-oficina-de-aromaterapia-receitinhas-aromaticas\/","title":{"rendered":"Capacita\u00e7\u00e3o: Oficina de Aromaterapia: Receitinhas Arom\u00e1ticas"},"content":{"rendered":"\n<div class=\"wp-block-group\"><div class=\"wp-block-group__inner-container is-layout-constrained wp-block-group-is-layout-constrained\">\n<div class=\"acaoMesServidorStyle\">\n<div class=\"headerAcaoStyle\">\n<div class=\"mesServidorLogo\"><img src=\"https:\/\/wp.ufpel.edu.br\/progep\/files\/2025\/09\/logo-Mes-Pessoa-Servidora.png\" \/>\n<div style=\"font-size: 16pt;text-align: center;font-weight: bold\">M\u00eas da Pessoa Servidora da UFPEL<\/div>\n<\/div>\n<div class=\"cabecalhoAcoes\">\n<div style=\"font-size: 20pt\">Oficina de Aromaterapia: Receitinhas Arom\u00e1ticas<\/div>\n<p style=\"color: white\">Descubra os segredos da aromaterapia e aprenda a criar misturas personalizadas com \u00f3leos essenciais para melhorar seu bem-estar f\u00edsico e emocional. Nesta oficina pr\u00e1tica, voc\u00ea ir\u00e1 conhecer os princ\u00edpios b\u00e1sicos da aromaterapia, aprender\u00e1 a fazer receitas para tratar quest\u00f5es como ansiedade, ins\u00f4nia, rinite, dores e menopausa, al\u00e9m de conhecer as t\u00e9cnicas de uso seguro no dia a dia.<\/p>\n<\/div>\n<\/div>\n<main>\n<div class=\"corpoStyle\">\n<div class=\"coluna1Style\"><strong>Facilitador(a): <\/strong> Renata Cunha da Silva (<em>T\u00e9cnica Administrativa em Educa\u00e7\u00e3o \/ Faculdade de Medicina &#8211; FAMED \/ UFPEL<\/em>)\n<p><strong>Data de realiza\u00e7\u00e3o<\/strong>: 08\/10\/2025, \u00a0quarta-feira<br \/><strong>Hor\u00e1rio: <\/strong>14h \u00e0s 16h<br \/><strong>Carga hor\u00e1ria<\/strong>: 2h<br \/><strong>N\u00famero de vagas:<\/strong> 20<\/p>\n<p><strong>Modalidade: <\/strong> Presencial<br \/><strong>Local:\u00a0 <\/strong> Cuidativa (Avenida Duque de Caxias, 104) antiga Laneira <br \/><strong>Ementa: <\/strong><\/p>\n<ul>\n<li>Como preparar combina\u00e7\u00f5es especiais com \u00f3leos essenciais para o bem estar f\u00edsico e emocional;<\/li>\n<li>A base da aromaterapia e seus princ\u00edpios;<\/li>\n<li>Como criar receitas pr\u00e1ticas com \u00f3leos essenciais ( Ansiedade, Ins\u00f4nia, Rinite, Dor e Menopausa);<\/li>\n<li>T\u00e9cnicas seguras de uso da aromaterapia no dia a dia.<\/li>\n<\/ul>\n<p><strong>P\u00fablico Alvo<\/strong>: Servidores(as) docentes, TAE\u2019s e trabalhadores(as) terceirizados(as) ativos(as) da UFPel*.*<\/p>\n<p><strong>Per\u00edodo de inscri\u00e7\u00e3o<\/strong>: 15\/09 a 05\/10<\/p>\n<\/div>\n<div class=\"coluna2Style\" style=\"text-align: justify\"><strong>Divulga\u00e7\u00e3o das inscri\u00e7\u00f5es homologadas<\/strong>: 06\/10**, nesta p\u00e1gina.\n<p>*Considerando a Pol\u00edtica Nacional de Desenvolvimento de Pessoas, conforme Decreto n\u00ba 9.991\/19, somente ser\u00e3o certificados(as) os(as) servidores(as) p\u00fablicos pertencentes ao Quadro Efetivo da UFPel;<br \/>** Quando homologadas as inscri\u00e7\u00f5es, os(as) selecionados(as) receber\u00e3o e-mail de confirma\u00e7\u00e3o com instru\u00e7\u00f5es.<\/p>\n<p><strong>Observa\u00e7\u00e3o<\/strong>: A homologa\u00e7\u00e3o das inscri\u00e7\u00f5es dos(as) trabalhadores(as) terceirizados ficar\u00e1 condicionada \u00e0 an\u00e1lise pr\u00e9via e manifesta\u00e7\u00e3o por parte do NUGEST\/PRA.<\/p>\n<\/div>\n<\/div>\n<footer>\n<a href=\"https:\/\/wp.ufpel.edu.br\/progep\/files\/2025\/10\/HOMOLOGACAO-Oficina-de-Aromaterapia_-Receitinhas-Aromaticas.pdf\" target=\"_blank\" rel=\"noopener\">Confira as inscri\u00e7\u00f5es homologadas aqui!<\/a>\n<div class=\"prevLegal footerMesServidor\"><strong>Contato:<\/strong> cdp.capacita@ufpel.edu.br<\/div>\n<\/footer>\n<\/main>\n<\/div><\/div>\n","protected":false},"excerpt":{"rendered":"<p>M\u00eas da Pessoa Servidora da UFPEL Oficina de Aromaterapia: Receitinhas Arom\u00e1ticas Descubra os segredos da aromaterapia e aprenda a criar misturas personalizadas com \u00f3leos essenciais para melhorar seu bem-estar f\u00edsico e emocional. Nesta oficina pr\u00e1tica, voc\u00ea ir\u00e1 conhecer os princ\u00edpios b\u00e1sicos da aromaterapia, aprender\u00e1 a fazer receitas para tratar quest\u00f5es como ansiedade, ins\u00f4nia, rinite, dores [&hellip;]<\/p>\n","protected":false},"author":21,"featured_media":0,"parent":0,"menu_order":0,"comment_status":"closed","ping_status":"closed","template":"page-sem-sidebar.php","meta":{"footnotes":""},"class_list":["post-36313","page","type-page","status-publish","hentry"],"_links":{"self":[{"href":"https:\/\/wp.ufpel.edu.br\/progep\/wp-json\/wp\/v2\/pages\/36313","targetHints":{"allow":["GET"]}}],"collection":[{"href":"https:\/\/wp.ufpel.edu.br\/progep\/wp-json\/wp\/v2\/pages"}],"about":[{"href":"https:\/\/wp.ufpel.edu.br\/progep\/wp-json\/wp\/v2\/types\/page"}],"author":[{"embeddable":true,"href":"https:\/\/wp.ufpel.edu.br\/progep\/wp-json\/wp\/v2\/users\/21"}],"replies":[{"embeddable":true,"href":"https:\/\/wp.ufpel.edu.br\/progep\/wp-json\/wp\/v2\/comments?post=36313"}],"version-history":[{"count":3,"href":"https:\/\/wp.ufpel.edu.br\/progep\/wp-json\/wp\/v2\/pages\/36313\/revisions"}],"predecessor-version":[{"id":38373,"href":"https:\/\/wp.ufpel.edu.br\/progep\/wp-json\/wp\/v2\/pages\/36313\/revisions\/38373"}],"wp:attachment":[{"href":"https:\/\/wp.ufpel.edu.br\/progep\/wp-json\/wp\/v2\/media?parent=36313"}],"curies":[{"name":"wp","href":"https:\/\/api.w.org\/{rel}","templated":true}]}}