{"id":36306,"date":"2025-09-10T11:14:53","date_gmt":"2025-09-10T14:14:53","guid":{"rendered":"https:\/\/wp.ufpel.edu.br\/progep\/?page_id=36306"},"modified":"2025-10-22T09:23:09","modified_gmt":"2025-10-22T12:23:09","slug":"capacitacao-conhecendo-o-projeto-pet-terapia","status":"publish","type":"page","link":"https:\/\/wp.ufpel.edu.br\/progep\/capacitacao-conhecendo-o-projeto-pet-terapia\/","title":{"rendered":"Capacita\u00e7\u00e3o: Conhecendo o Projeto Pet Terapia"},"content":{"rendered":"\n<div class=\"wp-block-group\"><div class=\"wp-block-group__inner-container is-layout-constrained wp-block-group-is-layout-constrained\">\n<div class=\"acaoMesServidorStyle\">\n<div class=\"headerAcaoStyle\">\n<div class=\"mesServidorLogo\"><img src=\"https:\/\/wp.ufpel.edu.br\/progep\/files\/2025\/09\/logo-Mes-Pessoa-Servidora.png\" \/>\n<div style=\"font-size: 16pt;text-align: center;font-weight: bold\">M\u00eas da Pessoa Servidora da UFPEL<\/div>\n<\/div>\n<div class=\"cabecalhoAcoes\">\n<div style=\"font-weight: bold;color: red;background-color: yellow;padding: 1rem;border-radius: 0.75rem;margin-bottom: 1rem\"><strong>ATEN\u00c7\u00c3O! NOVA DATA. INSCRI\u00c7\u00d5ES ABERTAS!<\/strong><\/div>\n<div style=\"font-size: 20pt\">Conhecendo o Projeto Pet Terapia<\/div>\n<p style=\"color: white\">A a\u00e7\u00e3o tem como objetivo apresentar o projeto de extens\u00e3o <strong>&#8220;Pet Terapia: A\u00e7\u00f5es de Ensino, Pesquisa e Extens\u00e3o na Terapia Mediada por Animais&#8221;<\/strong> e proporcionar um momento l\u00fadico de intera\u00e7\u00e3o com os c\u00e3es volunt\u00e1rios do projeto.<\/p>\n<\/div>\n<\/div>\n<main>\n<div class=\"corpoStyle\">\n<div>\n<strong>Facilitador(a) <\/strong>: Marlete Brum Cleff (<em>Docente Faculdade de Veterin\u00e1ria \/ FV \/ UFPEL<\/em>)<br \/>Fernanda Hirooka da Silva e Alessandra Aguiar de Andrade (<em>Resid\u00eancia Multiprofissional da UFPel<\/em>) e equipe do Projeto Pet Terapia\n<p><strong>Data de realiza\u00e7\u00e3o<\/strong>: <strong style=\"color: black\">16\/10\/2025<\/strong>, quinta-feira<\/s><br \/><strong>Hor\u00e1rio: <\/strong>9h30min \u00e0s 11h<br \/><strong>Carga hor\u00e1ria<\/strong>: 1h30min<br \/><strong>Modalidade: <\/strong>Presencial<br \/><strong>Local:\u00a0 <\/strong> Campus Cap\u00e3o do Le\u00e3o &#8211; Em frente \u00e0 cantina. Obs.: Em caso de condi\u00e7\u00f5es clim\u00e1ticas adversas a atividade ser\u00e1 realizada no Centro de Conviv\u00eancia &#8211; Espa\u00e7o Viva Bem.<br \/><br \/><strong>Ementa: <\/strong><\/p>\n<ul>\n<li>O que s\u00e3o as Interven\u00e7\u00f5es Assistidas por Animais<\/li>\n<li>Hist\u00f3ria do Projeto<\/li>\n<li>Caracter\u00edsticas dos animais<\/li>\n<li>Opini\u00e3o dos participantes sobre o efeito dos animais no bem-estar<\/li>\n<li>\u2060Manejo e treinamento dos animais<\/li>\n<\/ul>\n<\/div>\n<div style=\"text-align: justify\"><strong>P\u00fablico Alvo<\/strong>: Servidores(as) docentes, TAE\u2019s e trabalhadores(as) terceirizados(as) ativos(as) da UFPel*.*\n<p><strong>Per\u00edodo de inscri\u00e7\u00e3o<\/strong>: 15\/09 a 13\/10<\/p>\n<p><strong>Divulga\u00e7\u00e3o das inscri\u00e7\u00f5es homologadas<\/strong>: 14\/10**, nesta p\u00e1gina.<\/p>\n<p>*Considerando a Pol\u00edtica Nacional de Desenvolvimento de Pessoas, conforme Decreto n\u00ba 9.991\/19, somente ser\u00e3o certificados(as) os(as) servidores(as) p\u00fablicos pertencentes ao Quadro Efetivo da UFPel;<br \/>** Quando homologadas as inscri\u00e7\u00f5es, os(as) selecionados(as) receber\u00e3o e-mail de confirma\u00e7\u00e3o com instru\u00e7\u00f5es.<\/p>\n<p><strong>Observa\u00e7\u00e3o<\/strong>: A homologa\u00e7\u00e3o das inscri\u00e7\u00f5es dos(as) trabalhadores(as) terceirizados ficar\u00e1 condicionada \u00e0 an\u00e1lise pr\u00e9via e manifesta\u00e7\u00e3o por parte do NUGEST\/PRA.<\/p>\n<\/div>\n<\/div>\n<footer>\n<strong><a href=\"https:\/\/wp.ufpel.edu.br\/progep\/files\/2025\/10\/HOMOLOGACAO-Conhecendo-o-Projeto-Pet-Terapia-1.pdf\" target=\"_blank\" rel=\"noopener\">Confira aqui as inscri\u00e7\u00f5es homologadas!<\/a><\/strong>\n<div class=\"prevLegal footerMesServidor\"><strong>Contato:<\/strong> cdp.capacita@ufpel.edu.br<\/div>\n<\/footer>\n<p>\u00a0<\/p>\n<\/main>\n<\/div><\/div>\n","protected":false},"excerpt":{"rendered":"<p>M\u00eas da Pessoa Servidora da UFPEL ATEN\u00c7\u00c3O! NOVA DATA. INSCRI\u00c7\u00d5ES ABERTAS! Conhecendo o Projeto Pet Terapia A a\u00e7\u00e3o tem como objetivo apresentar o projeto de extens\u00e3o &#8220;Pet Terapia: A\u00e7\u00f5es de Ensino, Pesquisa e Extens\u00e3o na Terapia Mediada por Animais&#8221; e proporcionar um momento l\u00fadico de intera\u00e7\u00e3o com os c\u00e3es volunt\u00e1rios do projeto. Facilitador(a) : Marlete [&hellip;]<\/p>\n","protected":false},"author":21,"featured_media":0,"parent":0,"menu_order":0,"comment_status":"closed","ping_status":"closed","template":"page-sem-sidebar.php","meta":{"footnotes":""},"class_list":["post-36306","page","type-page","status-publish","hentry"],"_links":{"self":[{"href":"https:\/\/wp.ufpel.edu.br\/progep\/wp-json\/wp\/v2\/pages\/36306","targetHints":{"allow":["GET"]}}],"collection":[{"href":"https:\/\/wp.ufpel.edu.br\/progep\/wp-json\/wp\/v2\/pages"}],"about":[{"href":"https:\/\/wp.ufpel.edu.br\/progep\/wp-json\/wp\/v2\/types\/page"}],"author":[{"embeddable":true,"href":"https:\/\/wp.ufpel.edu.br\/progep\/wp-json\/wp\/v2\/users\/21"}],"replies":[{"embeddable":true,"href":"https:\/\/wp.ufpel.edu.br\/progep\/wp-json\/wp\/v2\/comments?post=36306"}],"version-history":[{"count":3,"href":"https:\/\/wp.ufpel.edu.br\/progep\/wp-json\/wp\/v2\/pages\/36306\/revisions"}],"predecessor-version":[{"id":38380,"href":"https:\/\/wp.ufpel.edu.br\/progep\/wp-json\/wp\/v2\/pages\/36306\/revisions\/38380"}],"wp:attachment":[{"href":"https:\/\/wp.ufpel.edu.br\/progep\/wp-json\/wp\/v2\/media?parent=36306"}],"curies":[{"name":"wp","href":"https:\/\/api.w.org\/{rel}","templated":true}]}}