{"id":36276,"date":"2025-09-09T15:51:33","date_gmt":"2025-09-09T18:51:33","guid":{"rendered":"https:\/\/wp.ufpel.edu.br\/progep\/?page_id=36276"},"modified":"2025-10-10T16:51:53","modified_gmt":"2025-10-10T19:51:53","slug":"pgd","status":"publish","type":"page","link":"https:\/\/wp.ufpel.edu.br\/progep\/pgd\/","title":{"rendered":"Programa de Gest\u00e3o e Desempenho"},"content":{"rendered":"\n<div class=\"wp-block-group\"><div class=\"wp-block-group__inner-container is-layout-constrained wp-block-group-is-layout-constrained\">\n<div class=\"logoTituloModelStyle\"><img class=\"size-medium wp-image-27184 alignleft\" src=\"https:\/\/wp.ufpel.edu.br\/progep\/files\/2025\/03\/logo-progep_atualizacao-nome_AZUL.png\" alt=\"\" \/><\/p>\n<div><strong>Programa de Gest\u00e3o e Desempenho<\/strong><\/div>\n<\/div>\n<hr class=\"hrModelStyle\" \/>\n<div class=\"descriptionModelStyle\">Confira informa\u00e7\u00f5es sobre o <strong>Programa de Gest\u00e3o e Desempenho<\/strong> na UFPEL.<\/div>\n<\/div><\/div>\n\n\n<div class=\"titleComumStyle\">Selecione a op\u00e7\u00e3o desejada abaixo:<\/div>\n\n<div class=\"quadradosSimplesStyle\">\n<a href=\"https:\/\/wp.ufpel.edu.br\/progep\/pgd-legislacao\/\">Legisla\u00e7\u00e3o<\/a>\n<a href=\"https:\/\/www.gov.br\/servidor\/pt-br\/assuntos\/programa-de-gestao\" target=\"_blank\">Portal MGI<\/a>\n<a href=\"https:\/\/www.gov.br\/servidor\/pt-br\/assuntos\/programa-de-gestao\/nova-in-2023\/faq\" target=\"_blank\">FAQ D\u00favidas<\/a>\n<a href=\"https:\/\/wp.ufpel.edu.br\/progep\/pgd-participantes\/\">Participantes PGD<\/a>\n<a href=\"https:\/\/www.gov.br\/servidor\/pt-br\/assuntos\/programa-de-gestao\/capacitacao-1\/\" target=\"_blank\">Capacita\u00e7\u00e3o ENAP<\/a>\n<a href=\"https:\/\/wp.ufpel.edu.br\/progep\/pgd-sistema-cobalto\/\">Sistema Cobalto<\/a>\n<a href=\"https:\/\/wp.ufpel.edu.br\/progep\/pgd-manuais-e-guias\/\">Orienta\u00e7\u00f5es gerais sobre o PGD<\/a>\n<a href=\"https:\/\/www.gov.br\/servidor\/pt-br\/assuntos\/programa-de-gestao\/paineis-de-transparencia\" target=\"_blank\">Pain\u00e9is de transpar\u00eancia<\/a>\n<a href=\"https:\/\/wp.ufpel.edu.br\/progep\/pgd-representantes-rede-pgd\/\">Representantes Rede PGD<\/a>\n\n<\/div>","protected":false},"excerpt":{"rendered":"<p>Programa de Gest\u00e3o e Desempenho Confira informa\u00e7\u00f5es sobre o Programa de Gest\u00e3o e Desempenho na UFPEL. Selecione a op\u00e7\u00e3o desejada abaixo: Legisla\u00e7\u00e3o Portal MGI FAQ D\u00favidas Participantes PGD Capacita\u00e7\u00e3o ENAP Sistema Cobalto Orienta\u00e7\u00f5es gerais sobre o PGD Pain\u00e9is de transpar\u00eancia Representantes Rede PGD<\/p>\n","protected":false},"author":21,"featured_media":0,"parent":0,"menu_order":0,"comment_status":"closed","ping_status":"closed","template":"page-sem-sidebar.php","meta":{"footnotes":""},"class_list":["post-36276","page","type-page","status-publish","hentry"],"_links":{"self":[{"href":"https:\/\/wp.ufpel.edu.br\/progep\/wp-json\/wp\/v2\/pages\/36276","targetHints":{"allow":["GET"]}}],"collection":[{"href":"https:\/\/wp.ufpel.edu.br\/progep\/wp-json\/wp\/v2\/pages"}],"about":[{"href":"https:\/\/wp.ufpel.edu.br\/progep\/wp-json\/wp\/v2\/types\/page"}],"author":[{"embeddable":true,"href":"https:\/\/wp.ufpel.edu.br\/progep\/wp-json\/wp\/v2\/users\/21"}],"replies":[{"embeddable":true,"href":"https:\/\/wp.ufpel.edu.br\/progep\/wp-json\/wp\/v2\/comments?post=36276"}],"version-history":[{"count":3,"href":"https:\/\/wp.ufpel.edu.br\/progep\/wp-json\/wp\/v2\/pages\/36276\/revisions"}],"predecessor-version":[{"id":37833,"href":"https:\/\/wp.ufpel.edu.br\/progep\/wp-json\/wp\/v2\/pages\/36276\/revisions\/37833"}],"wp:attachment":[{"href":"https:\/\/wp.ufpel.edu.br\/progep\/wp-json\/wp\/v2\/media?parent=36276"}],"curies":[{"name":"wp","href":"https:\/\/api.w.org\/{rel}","templated":true}]}}