{"id":36226,"date":"2025-08-29T08:55:04","date_gmt":"2025-08-29T11:55:04","guid":{"rendered":"https:\/\/wp.ufpel.edu.br\/progep\/?page_id=36226"},"modified":"2025-09-30T09:25:01","modified_gmt":"2025-09-30T12:25:01","slug":"capacitacao-sei-nivel-basico-turma-2-2025","status":"publish","type":"page","link":"https:\/\/wp.ufpel.edu.br\/progep\/capacitacao-sei-nivel-basico-turma-2-2025\/","title":{"rendered":"Capacita\u00e7\u00e3o: SEI: N\u00edvel B\u00e1sico &#8211; Turma 2\/2025"},"content":{"rendered":"\n<div class=\"wp-block-group\"><div class=\"wp-block-group__inner-container is-layout-constrained wp-block-group-is-layout-constrained\">\n<div class=\"acaoStyle\">\n<div class=\"cabecalhoAcoes\">\n<div>SEI: N\u00edvel B\u00e1sico &#8211; Turma 2\/2025<\/div>\n<p>Esta capacita\u00e7\u00e3o tem como objetivo apresentar o Sistema Eletr\u00f4nico de Informa\u00e7\u00f5es (SEI), destacando sua import\u00e2ncia na gest\u00e3o de processos administrativos eletr\u00f4nicos. Ser\u00e3o abordadas as funcionalidades do SEI no contexto da Universidade Federal de Pelotas (UFPel). O curso tamb\u00e9m trar\u00e1 uma atualiza\u00e7\u00e3o sobre as novidades da vers\u00e3o 4.0 do sistema, com \u00eanfase nas mudan\u00e7as e melhorias implementadas.<\/p>\n<\/div>\n<div class=\"corpoStyle\"><strong>Facilitador(a): <\/strong>Rosana \u00c1vila Pereira Chollet (<em>Servidora T\u00e9cnica-Administrativa em Educa\u00e7\u00e3o da Pr\u00f3-Reitoria de Planejamento e Administra\u00e7\u00e3o \/ PROPLAD <\/em>)\n<p><strong>Per\u00edodo de realiza\u00e7\u00e3o<\/strong>: de 01\/10\/2025 a 01\/11\/2025<br \/><strong>Carga hor\u00e1ria<\/strong>: 30h<br \/><strong>Modalidade: <\/strong>Online, sem tutoria. O curso \u00e9 oferecido de forma ass\u00edncrona, deste modo, o participante pode acessar o material e realizar as atividades no seu pr\u00f3prio ritmo, sem a presen\u00e7a de um tutor.<br \/><strong>Local:\u00a0 <\/strong>Plataforma E-projeto da UFPel<br \/><strong>Ementa: <\/strong><\/p>\n<ul>\n<li>Saiba mais sobre o SEI<\/li>\n<li>O SEI na UFPEL<\/li>\n<li>Gest\u00e3o do SEI na UFPEL<\/li>\n<li>Novidades da vers\u00e3o 4.0 \u2013 o que mudou?<\/li>\n<li>Opera\u00e7\u00f5es com documentos<\/li>\n<li>Opera\u00e7\u00f5es com processos<\/li>\n<li>Opera\u00e7\u00f5es do Sistema<\/li>\n<\/ul>\n<p><strong>P\u00fablico Alvo<\/strong>: Servidores(as) docentes, TAE\u2019s e trabalhadores(as) terceirizados(as) ativos(as) da UFPel*.*<\/p>\n<p><strong>Per\u00edodo de inscri\u00e7\u00e3o<\/strong>: 15\/09 a 28\/09<\/p>\n<p><strong>Divulga\u00e7\u00e3o das inscri\u00e7\u00f5es homologadas<\/strong>: 29\/09**, nesta p\u00e1gina.<\/p>\n<p>*Considerando a Pol\u00edtica Nacional de Desenvolvimento de Pessoas, conforme Decreto n\u00ba 9.991\/19, somente ser\u00e3o certificados(as) os(as) servidores(as) p\u00fablicos pertencentes ao Quadro Efetivo da UFPel;<br \/>** Quando homologadas as inscri\u00e7\u00f5es, os(as) selecionados(as) receber\u00e3o e-mail de confirma\u00e7\u00e3o com instru\u00e7\u00f5es.<\/p>\n<p><strong>Observa\u00e7\u00e3o<\/strong>: A homologa\u00e7\u00e3o das inscri\u00e7\u00f5es dos(as) trabalhadores(as) terceirizados ficar\u00e1 condicionada \u00e0 an\u00e1lise pr\u00e9via e manifesta\u00e7\u00e3o por parte do NUGEST\/PRA.<\/p>\n<p><strong><a href=\"https:\/\/wp.ufpel.edu.br\/progep\/files\/2025\/09\/Homologacao-SEI_-Nivel-Basico-\u2013-Turma-2_2025.pdf\" target=\"_blank\" rel=\"noopener\">Confira as inscri\u00e7\u00f5es homologadas aqui!<\/a><\/strong><\/p>\n<p><span style=\"font-size: 14pt\"><strong>Contato:<\/strong> cdp.capacita@ufpel.edu.br<\/span><\/p>\n<\/div>\n<\/div>\n<\/div><\/div>\n","protected":false},"excerpt":{"rendered":"<p>SEI: N\u00edvel B\u00e1sico &#8211; Turma 2\/2025 Esta capacita\u00e7\u00e3o tem como objetivo apresentar o Sistema Eletr\u00f4nico de Informa\u00e7\u00f5es (SEI), destacando sua import\u00e2ncia na gest\u00e3o de processos administrativos eletr\u00f4nicos. Ser\u00e3o abordadas as funcionalidades do SEI no contexto da Universidade Federal de Pelotas (UFPel). O curso tamb\u00e9m trar\u00e1 uma atualiza\u00e7\u00e3o sobre as novidades da vers\u00e3o 4.0 do sistema, [&hellip;]<\/p>\n","protected":false},"author":21,"featured_media":0,"parent":0,"menu_order":0,"comment_status":"closed","ping_status":"closed","template":"","meta":{"footnotes":""},"class_list":["post-36226","page","type-page","status-publish","hentry"],"_links":{"self":[{"href":"https:\/\/wp.ufpel.edu.br\/progep\/wp-json\/wp\/v2\/pages\/36226","targetHints":{"allow":["GET"]}}],"collection":[{"href":"https:\/\/wp.ufpel.edu.br\/progep\/wp-json\/wp\/v2\/pages"}],"about":[{"href":"https:\/\/wp.ufpel.edu.br\/progep\/wp-json\/wp\/v2\/types\/page"}],"author":[{"embeddable":true,"href":"https:\/\/wp.ufpel.edu.br\/progep\/wp-json\/wp\/v2\/users\/21"}],"replies":[{"embeddable":true,"href":"https:\/\/wp.ufpel.edu.br\/progep\/wp-json\/wp\/v2\/comments?post=36226"}],"version-history":[{"count":3,"href":"https:\/\/wp.ufpel.edu.br\/progep\/wp-json\/wp\/v2\/pages\/36226\/revisions"}],"predecessor-version":[{"id":37519,"href":"https:\/\/wp.ufpel.edu.br\/progep\/wp-json\/wp\/v2\/pages\/36226\/revisions\/37519"}],"wp:attachment":[{"href":"https:\/\/wp.ufpel.edu.br\/progep\/wp-json\/wp\/v2\/media?parent=36226"}],"curies":[{"name":"wp","href":"https:\/\/api.w.org\/{rel}","templated":true}]}}