{"id":36221,"date":"2025-08-29T08:44:55","date_gmt":"2025-08-29T11:44:55","guid":{"rendered":"https:\/\/wp.ufpel.edu.br\/progep\/?page_id=36221"},"modified":"2025-09-17T08:28:05","modified_gmt":"2025-09-17T11:28:05","slug":"capacitacao-libras-na-pratica-curso-de-conversacao-para-servidores-as","status":"publish","type":"page","link":"https:\/\/wp.ufpel.edu.br\/progep\/capacitacao-libras-na-pratica-curso-de-conversacao-para-servidores-as\/","title":{"rendered":"Capacita\u00e7\u00e3o: Libras na Pr\u00e1tica: Curso de Conversa\u00e7\u00e3o para Servidores\/as"},"content":{"rendered":"\n<div class=\"wp-block-group\"><div class=\"wp-block-group__inner-container is-layout-constrained wp-block-group-is-layout-constrained\">\n<div class=\"acaoStyle\">\n<div class=\"cabecalhoAcoes\">\n<div>Libras na Pr\u00e1tica: Curso de Conversa\u00e7\u00e3o para Servidores\/as<\/div>\n<p>Nesta capacita\u00e7\u00e3o, o foco \u00e9 desenvolver a comunica\u00e7\u00e3o de servidores\/as da UFPel com pessoas surdas por meio da L\u00edngua Brasileira de Sinais<\/p>\n<\/div>\n<div class=\"corpoStyle\"><strong>Ministrante: <\/strong>Rogers Rocha (<em>Docente\/ Centro de Letras e Comunica\u00e7\u00e3o<\/em>)\n<p><strong>Data de realiza\u00e7\u00e3o <\/strong>: 17\/09\/2025 a 26\/11\/2025 (quartas-feiras)<br \/><strong>Hor\u00e1rio: <\/strong>14h \u00e0s 16h30min<br \/><strong>Carga hor\u00e1ria<\/strong>: 25h<br \/><strong>N\u00famero de vagas:<\/strong> 30<br \/><strong>Modalidade:<\/strong> Presencial<br \/><strong>Local:\u00a0 <\/strong>Centro de Artes\/UFPel &#8211; Rua \u00c1lvaro Chaves, 65 &#8211; Bloco 2, sala 501<br \/><strong>Ementa: <\/strong><\/p>\n<ul>\n<li>Estrat\u00e9gias de conversa\u00e7\u00e3o;<\/li>\n<li>Contextos relacionado ao ambiente acad\u00eamico;<\/li>\n<li>Conversas formais e informais;<\/li>\n<li>Sinais relacionados \u00e0 Universidade Federal de Pelotas &#8211; UFPEL;<\/li>\n<li>Contextos de sala de aula e atendimento aos setores universit\u00e1rios;<\/li>\n<li>Estudo de vocabul\u00e1rios b\u00e1sicos e avan\u00e7ados.<\/li>\n<\/ul>\n<p><strong>P\u00fablico Alvo<\/strong>: Servidores(as) docentes, TAE\u2019s e trabalhadores(as) terceirizados(as) ativos(as) da UFPel*.*<\/p>\n<p><strong>Per\u00edodo de inscri\u00e7\u00e3o<\/strong>: 29\/08 a 14\/09<\/p>\n<p><strong>Divulga\u00e7\u00e3o das inscri\u00e7\u00f5es homologadas<\/strong>: 15\/09**, nesta p\u00e1gina.<\/p>\n<p>*Considerando a Pol\u00edtica Nacional de Desenvolvimento de Pessoas, conforme Decreto n\u00ba 9.991\/19, somente ser\u00e3o certificados(as) os(as) servidores(as) p\u00fablicos pertencentes ao Quadro Efetivo da UFPel;<br \/>** Quando homologadas as inscri\u00e7\u00f5es, os(as) selecionados(as) receber\u00e3o e-mail de confirma\u00e7\u00e3o com instru\u00e7\u00f5es.<\/p>\n<p><strong>Observa\u00e7\u00e3o<\/strong>: A homologa\u00e7\u00e3o das inscri\u00e7\u00f5es dos(as) trabalhadores(as) terceirizados ficar\u00e1 condicionada \u00e0 an\u00e1lise pr\u00e9via e manifesta\u00e7\u00e3o por parte do NUGEST\/PRA.<\/p>\n<p><strong><a href=\"https:\/\/wp.ufpel.edu.br\/progep\/files\/2025\/09\/HOMOLOGACAO-Libras-na-Pratica_-Curso-de-Conversacao-para-Servidores_as.pdf\" target=\"_blank\" rel=\"noopener\">Confira as inscri\u00e7\u00f5es homologadas aqui<\/a><\/strong><\/p>\n<p><span style=\"font-size: 14pt\"><strong>Contato:<\/strong> cdp.capacita@ufpel.edu.br<\/span><\/p>\n<\/div>\n<\/div>\n<\/div><\/div>\n","protected":false},"excerpt":{"rendered":"<p>Libras na Pr\u00e1tica: Curso de Conversa\u00e7\u00e3o para Servidores\/as Nesta capacita\u00e7\u00e3o, o foco \u00e9 desenvolver a comunica\u00e7\u00e3o de servidores\/as da UFPel com pessoas surdas por meio da L\u00edngua Brasileira de Sinais Ministrante: Rogers Rocha (Docente\/ Centro de Letras e Comunica\u00e7\u00e3o) Data de realiza\u00e7\u00e3o : 17\/09\/2025 a 26\/11\/2025 (quartas-feiras)Hor\u00e1rio: 14h \u00e0s 16h30minCarga hor\u00e1ria: 25hN\u00famero de vagas: 30Modalidade: [&hellip;]<\/p>\n","protected":false},"author":21,"featured_media":0,"parent":0,"menu_order":0,"comment_status":"closed","ping_status":"closed","template":"","meta":{"footnotes":""},"class_list":["post-36221","page","type-page","status-publish","hentry"],"_links":{"self":[{"href":"https:\/\/wp.ufpel.edu.br\/progep\/wp-json\/wp\/v2\/pages\/36221","targetHints":{"allow":["GET"]}}],"collection":[{"href":"https:\/\/wp.ufpel.edu.br\/progep\/wp-json\/wp\/v2\/pages"}],"about":[{"href":"https:\/\/wp.ufpel.edu.br\/progep\/wp-json\/wp\/v2\/types\/page"}],"author":[{"embeddable":true,"href":"https:\/\/wp.ufpel.edu.br\/progep\/wp-json\/wp\/v2\/users\/21"}],"replies":[{"embeddable":true,"href":"https:\/\/wp.ufpel.edu.br\/progep\/wp-json\/wp\/v2\/comments?post=36221"}],"version-history":[{"count":3,"href":"https:\/\/wp.ufpel.edu.br\/progep\/wp-json\/wp\/v2\/pages\/36221\/revisions"}],"predecessor-version":[{"id":37299,"href":"https:\/\/wp.ufpel.edu.br\/progep\/wp-json\/wp\/v2\/pages\/36221\/revisions\/37299"}],"wp:attachment":[{"href":"https:\/\/wp.ufpel.edu.br\/progep\/wp-json\/wp\/v2\/media?parent=36221"}],"curies":[{"name":"wp","href":"https:\/\/api.w.org\/{rel}","templated":true}]}}