{"id":36218,"date":"2025-08-29T11:10:18","date_gmt":"2025-08-29T14:10:18","guid":{"rendered":"https:\/\/wp.ufpel.edu.br\/progep\/?page_id=36218"},"modified":"2025-11-04T10:36:31","modified_gmt":"2025-11-04T13:36:31","slug":"capacitacao-processo-administrativo-disciplinar","status":"publish","type":"page","link":"https:\/\/wp.ufpel.edu.br\/progep\/capacitacao-processo-administrativo-disciplinar\/","title":{"rendered":"Capacita\u00e7\u00e3o: Processo Administrativo Disciplinar"},"content":{"rendered":"\n<div class=\"wp-block-group\"><div class=\"wp-block-group__inner-container is-layout-constrained wp-block-group-is-layout-constrained\">\n<div class=\"acaoStyle\">\n<div class=\"cabecalhoAcoes\">\n<div>Introdu\u00e7\u00e3o ao Processo Administrativo Disciplinar<\/div>\n<p>A capacita\u00e7\u00e3o pretende apresentar aos participantes os conceitos, princ\u00edpios, fases e procedimentos fundamentais do Processo Administrativo Disciplinar (PAD) no \u00e2mbito do servi\u00e7o p\u00fablico federal, capacitando-os a compreender a sua finalidade, import\u00e2ncia e o rito processual b\u00e1sico.<\/p>\n<\/div>\n<div class=\"corpoStyle\"><strong>Facilitador(a): <\/strong>Ot\u00e1vio Augusto Zanin Delevedove (<em>Comiss\u00e3o Permanente de Processos Administrativos Disciplinares<\/em>)\n<p><strong>Per\u00edodo de realiza\u00e7\u00e3o<\/strong><\/span>: 04\/11\/2025 a 04\/12\/2025<br \/><strong>Carga hor\u00e1ria<\/strong>: 20h<br \/><strong>Modalidade: <\/strong> Online, sem tutoria. O curso \u00e9 oferecido de forma ass\u00edncrona, deste modo, o participante pode acessar o material e realizar as atividades no seu pr\u00f3prio ritmo, sem a presen\u00e7a de um tutor.\u00a0<br \/><strong>Local:\u00a0 <\/strong> Plataforma E-projeto da UFPel<br \/><strong>Ementa: <\/strong><\/p>\n<ul>\n<li>M\u00f3dulo 1: No\u00e7\u00f5es Fundamentais e Princ\u00edpios do Direito Administrativo Disciplinar;<\/li>  \n<li>M\u00f3dulo 2: A Responsabiliza\u00e7\u00e3o do Agente P\u00fablico;<\/li> \n<li>M\u00f3dulo 3: Da Not\u00edcia da Irregularidade \u00e0 Instaura\u00e7\u00e3o do Processo;<\/li> \n<li>M\u00f3dulo 4: O Processo Administrativo Disciplinar (PAD) \u2013 Rito Ordin\u00e1rio;<\/li>  \n<li>M\u00f3dulo 5: Penalidades e a Extin\u00e7\u00e3o da Punibilidade;<\/li> \n<li>M\u00f3dulo 6: Transpar\u00eancia, Sigilo e Prote\u00e7\u00e3o de Dados no PAD;<\/li> \n<li>M\u00f3dulo 7: Revis\u00e3o e Recursos.<\/li>\n<\/ul>\n<p><strong>P\u00fablico Alvo<\/strong>: Servidores(as) docentes, TAE\u2019s e trabalhadores(as) terceirizados(as) ativos(as) da UFPel*.*<\/p>\n<p><strong>Per\u00edodo de inscri\u00e7\u00e3o<\/strong>: 17\/10 a 02\/11<\/span><\/p>\n<p><strong>Divulga\u00e7\u00e3o das inscri\u00e7\u00f5es homologadas<\/strong>: 03\/11**, nesta p\u00e1gina.<\/p>\n<p>*Considerando a Pol\u00edtica Nacional de Desenvolvimento de Pessoas, conforme Decreto n\u00ba 9.991\/19, somente ser\u00e3o certificados(as) os(as) servidores(as) p\u00fablicos pertencentes ao Quadro Efetivo da UFPel;<br \/>** Quando homologadas as inscri\u00e7\u00f5es, os(as) selecionados(as) receber\u00e3o e-mail de confirma\u00e7\u00e3o com instru\u00e7\u00f5es.<\/p>\n<p><strong>Observa\u00e7\u00e3o<\/strong>: A homologa\u00e7\u00e3o das inscri\u00e7\u00f5es dos(as) trabalhadores(as) terceirizados ficar\u00e1 condicionada \u00e0 an\u00e1lise pr\u00e9via e manifesta\u00e7\u00e3o por parte do NUGEST\/PRA.<\/p>\n<p><strong><a href=\"https:\/\/wp.ufpel.edu.br\/progep\/files\/2025\/11\/Homologacao-Introducao-ao-Processo-Administrativo-Disciplinar.pdf\" target=\"_blank\" rel=\"noopener\">Confira as inscri\u00e7\u00f5es homologadas aqui!<\/a><\/strong><\/p>\n<p><span style=\"font-size: 14pt\"><strong>Contato:<\/strong> cdp.capacita@ufpel.edu.br<\/span><\/p>\n<\/div>\n<\/div>\n<\/div><\/div>\n","protected":false},"excerpt":{"rendered":"<p>Introdu\u00e7\u00e3o ao Processo Administrativo Disciplinar A capacita\u00e7\u00e3o pretende apresentar aos participantes os conceitos, princ\u00edpios, fases e procedimentos fundamentais do Processo Administrativo Disciplinar (PAD) no \u00e2mbito do servi\u00e7o p\u00fablico federal, capacitando-os a compreender a sua finalidade, import\u00e2ncia e o rito processual b\u00e1sico. Facilitador(a): Ot\u00e1vio Augusto Zanin Delevedove (Comiss\u00e3o Permanente de Processos Administrativos Disciplinares) Per\u00edodo de realiza\u00e7\u00e3o: [&hellip;]<\/p>\n","protected":false},"author":21,"featured_media":0,"parent":0,"menu_order":0,"comment_status":"closed","ping_status":"closed","template":"","meta":{"footnotes":""},"class_list":["post-36218","page","type-page","status-publish","hentry"],"_links":{"self":[{"href":"https:\/\/wp.ufpel.edu.br\/progep\/wp-json\/wp\/v2\/pages\/36218","targetHints":{"allow":["GET"]}}],"collection":[{"href":"https:\/\/wp.ufpel.edu.br\/progep\/wp-json\/wp\/v2\/pages"}],"about":[{"href":"https:\/\/wp.ufpel.edu.br\/progep\/wp-json\/wp\/v2\/types\/page"}],"author":[{"embeddable":true,"href":"https:\/\/wp.ufpel.edu.br\/progep\/wp-json\/wp\/v2\/users\/21"}],"replies":[{"embeddable":true,"href":"https:\/\/wp.ufpel.edu.br\/progep\/wp-json\/wp\/v2\/comments?post=36218"}],"version-history":[{"count":3,"href":"https:\/\/wp.ufpel.edu.br\/progep\/wp-json\/wp\/v2\/pages\/36218\/revisions"}],"predecessor-version":[{"id":38700,"href":"https:\/\/wp.ufpel.edu.br\/progep\/wp-json\/wp\/v2\/pages\/36218\/revisions\/38700"}],"wp:attachment":[{"href":"https:\/\/wp.ufpel.edu.br\/progep\/wp-json\/wp\/v2\/media?parent=36218"}],"curies":[{"name":"wp","href":"https:\/\/api.w.org\/{rel}","templated":true}]}}