{"id":36206,"date":"2025-08-27T14:27:43","date_gmt":"2025-08-27T17:27:43","guid":{"rendered":"https:\/\/wp.ufpel.edu.br\/progep\/?page_id=36206"},"modified":"2025-09-01T16:54:08","modified_gmt":"2025-09-01T19:54:08","slug":"chamada-publica-07-2025","status":"publish","type":"page","link":"https:\/\/wp.ufpel.edu.br\/progep\/chamada-publica-07-2025\/","title":{"rendered":"Chamada P\u00fablica 07\/2025"},"content":{"rendered":"\n<p><a href=\"https:\/\/wp.ufpel.edu.br\/progep\/files\/2025\/09\/SEI_3236213_Edital_PROGEP_20.pdf\">Chamada P\u00fablica de Remo\u00e7\u00e3o 07\/2025<\/a><\/p>\n\n\n\n<p><a href=\"https:\/\/wp.ufpel.edu.br\/progep\/files\/2025\/09\/SEI_3248861_Edital_PROGEP_22.pdf\">RESULTADO FINAL<\/a><\/p>\n\n\n\n<p><\/p>\n","protected":false},"excerpt":{"rendered":"<p>Chamada P\u00fablica de Remo\u00e7\u00e3o 07\/2025 RESULTADO FINAL<\/p>\n","protected":false},"author":52,"featured_media":0,"parent":0,"menu_order":0,"comment_status":"closed","ping_status":"closed","template":"","meta":{"footnotes":""},"class_list":["post-36206","page","type-page","status-publish","hentry"],"_links":{"self":[{"href":"https:\/\/wp.ufpel.edu.br\/progep\/wp-json\/wp\/v2\/pages\/36206","targetHints":{"allow":["GET"]}}],"collection":[{"href":"https:\/\/wp.ufpel.edu.br\/progep\/wp-json\/wp\/v2\/pages"}],"about":[{"href":"https:\/\/wp.ufpel.edu.br\/progep\/wp-json\/wp\/v2\/types\/page"}],"author":[{"embeddable":true,"href":"https:\/\/wp.ufpel.edu.br\/progep\/wp-json\/wp\/v2\/users\/52"}],"replies":[{"embeddable":true,"href":"https:\/\/wp.ufpel.edu.br\/progep\/wp-json\/wp\/v2\/comments?post=36206"}],"version-history":[{"count":3,"href":"https:\/\/wp.ufpel.edu.br\/progep\/wp-json\/wp\/v2\/pages\/36206\/revisions"}],"predecessor-version":[{"id":36266,"href":"https:\/\/wp.ufpel.edu.br\/progep\/wp-json\/wp\/v2\/pages\/36206\/revisions\/36266"}],"wp:attachment":[{"href":"https:\/\/wp.ufpel.edu.br\/progep\/wp-json\/wp\/v2\/media?parent=36206"}],"curies":[{"name":"wp","href":"https:\/\/api.w.org\/{rel}","templated":true}]}}