{"id":36062,"date":"2025-08-21T15:48:04","date_gmt":"2025-08-21T18:48:04","guid":{"rendered":"https:\/\/wp.ufpel.edu.br\/progep\/?page_id=36062"},"modified":"2026-03-06T18:59:31","modified_gmt":"2026-03-06T21:59:31","slug":"clube-de-beneficios","status":"publish","type":"page","link":"https:\/\/wp.ufpel.edu.br\/progep\/clube-de-beneficios\/","title":{"rendered":"Clube de Benef\u00edcios"},"content":{"rendered":"\n<div class=\"wp-block-group\"><div class=\"wp-block-group__inner-container is-layout-constrained wp-block-group-is-layout-constrained\">\n<div class=\"logoTituloModelStyle\"><img class=\"size-medium wp-image-27184 alignleft\" src=\"https:\/\/wp.ufpel.edu.br\/progep\/files\/2025\/03\/logo-progep_atualizacao-nome_AZUL.png\" alt=\"\" \/><\/p>\n<div><strong>Clube de Benef\u00edcios<\/strong><\/div>\n<\/div>\n<hr class=\"hrModelStyle\" \/>\n<div class=\"descriptionModelStyle\">Confira as empresas participantes.<\/div>\n<\/div><\/div>\n\n\n<div class=\"titleComumStyle\">Clube de Benef\u00edcios<\/div>\n\n<div class=\"paragrafoComumStyle\">Por meio do <strong>CREDENCIAMENTO N\u00ba. 03\/2025\/PROCESSO N\u00ba 23110.021795\/2025-12<\/strong>, a PROGEP disponibiliza a lista de empresas parceiras, conforme ramos de atua\u00e7\u00e3o abaixo:<\/div>\n\n<div class=\"clubeBeneficiosStyleContainer\">\n<div class=\"clubeBeneficiosStyleCard\">\n<div class=\"titleComumStyle\">Sa\u00fade<\/div>\n<hr style=\"width: 80%;margin: 0 auto\" \/>\n<div class=\"bodyClube\"><img src=\"https:\/\/wp.ufpel.edu.br\/progep\/files\/2025\/08\/souplenus_logo.png\" \/>\n<div class=\"infoClube\">\n<strong>Aviso!<\/strong>\n<p> No s\u00e1bado, dia 07\/03, das 8h \u00e0s 12h, acontecer\u00e1 o segundo plant\u00e3o psicol\u00f3gico do ano para os colaboradores das empresas parceiras do SouPlenus Corporate, com atendimentos de acolhimento, orienta\u00e7\u00e3o e suporte emocional. Cada sess\u00e3o tem dura\u00e7\u00e3o aproximada de 40 minutos, \u00e9 gratuita e realizada mediante agendamento pr\u00e9vio.\n\nVamos disponibilizar 3 hor\u00e1rios para cada empresa, n\u00e3o podendo repetir os colaboradores que j\u00e1 participaram de outro plant\u00e3o.\n\nOs agendamentos podem ser feitos atrav\u00e9s do nosso whatsapp (53) 3307-6016.\n<\/p>\n<p><strong>Consultas psicol\u00f3gicas:<\/strong> Valor fixo de R$97,00 para consultas presenciais ou R$80,00 online<br \/><strong>Consultas nutricionais:<\/strong> Valor fixo de R$97,00 para consultas presenciais ou R$80,00 online<br \/><strong>Atendimentos psicopedag\u00f3gicos: <\/strong>Valor fixo de R$97,00<br \/><strong>Atendimentos de fisioterapia:<\/strong> A partir de R$97,00<br \/><strong>Consultas psiqui\u00e1tricas:<\/strong> 20% de desconto<\/p>\n<p><a href=\"https:\/\/www.souplenus.com.br\/\" target=\"_blank\" rel=\"noopener\">Saiba mais<\/a><\/p>\n<\/div>\n<\/div>\n<\/div>\n<\/div>\n\n\n\n\n<div class=\"clubeBeneficiosStyleContainer\">\n<div class=\"clubeBeneficiosStyleCard\">\n<div class=\"titleComumStyle\">Corretora de Seguros<\/div>\n<hr style=\"width: 80%;margin: 0 auto\" \/>\n<div class=\"bodyClube\"><img src=\"https:\/\/wp.ufpel.edu.br\/progep\/files\/2025\/08\/Marca-horizontal-_-Sem-fundo.png\" \/>\n<div class=\"infoClube\"><strong>15% de desconto<\/strong> em Servi\u00e7os de corretagem de seguros (todos os ramos)<br \/><a href=\"https:\/\/www.instagram.com\/mauromottaseguros\/\" target=\"_blank\" rel=\"noopener\">Saiba mais<\/a><\/div>\n<\/div>\n<\/div>\n<\/div>\n\n\n\n<div class=\"clubeBeneficiosStyleContainer\">\n<div class=\"clubeBeneficiosStyleCard\">\n<div class=\"titleComumStyle\">Cons\u00f3rcios<\/div>\n<hr style=\"width: 80%;margin: 0 auto\" \/>\n<div class=\"bodyClube\"><img src=\"https:\/\/wp.ufpel.edu.br\/progep\/files\/2025\/11\/Marcas___Horizontal_Secovi-removebg-preview.png\" \/>\n<div class=\"infoClube\"><strong>20% de desconto na primeira parcela<\/strong> em Ades\u00e3o em novas cotas de cons\u00f3rcio \n<br \/><a href=\"https:\/\/www.instagram.com\/mauromottaconsorcios\/\" target=\"_blank\" rel=\"noopener\">Saiba mais<\/a><\/div>\n<\/div>\n<\/div>\n<\/div>\n<div class=\"clubeBeneficiosStyleContainer\">\n<div class=\"clubeBeneficiosStyleCard\">\n<div class=\"titleComumStyle\">Fisioterapia e Pilates<\/div>\n<hr style=\"width: 80%;margin: 0 auto\" \/>\n<div class=\"bodyClube\"><img src=\"https:\/\/wp.ufpel.edu.br\/progep\/files\/2025\/08\/fisio.png\" \/>\n<div class=\"infoClube\"><strong>Fisioterapia<\/strong> R$ 120,00 <strong>Vantagem<\/strong>: 50% &#8211; R$ 60,00<br \/><strong>Pilates<\/strong>: Valores Mensais<br \/><strong>1x<\/strong> na semana R$ 210,00<br \/><strong>2x<\/strong> na semana R$ 310,00<br \/><strong>3x<\/strong> na semana R$ 410,00<br \/><strong>Vantagem:<\/strong> 15% em todas modalidades<br \/><strong>VALORES V\u00c1LIDOS AT\u00c9 12\/25<\/strong><br \/><a href=\"https:\/\/www.instagram.com\/fisiomov.pel\/\" target=\"_blank\" rel=\"noopener\">Saiba mais<\/a><\/div>\n<\/div>\n<\/div>\n<\/div>\n\n\n<div class=\"clubeBeneficiosStyleContainer\">\n<div class=\"clubeBeneficiosStyleCard\">\n<div class=\"titleComumStyle\">Atividades Veterin\u00e1rias<\/div>\n<hr style=\"width: 80%;margin: 0 auto\" \/>\n<div class=\"bodyClube\"><img src=\"https:\/\/wp.ufpel.edu.br\/progep\/files\/2025\/08\/Capturar.png\" \/>\n<div class=\"infoClube\"><strong>10% de desconto<\/strong> sobre o valor da consulta cl\u00ednica geral veterin\u00e1ria, com agendamento pr\u00e9vio. <em>(Desconto n\u00e3o aplic\u00e1vel a consultas especializadas, como endocrinologia,<br \/>oftalmologia, etc.)<\/em><br \/><strong>10% de desconto<\/strong> sobre o valor das vacinas de rotina: <em>antirr\u00e1bica, polivalente e vacina contra gripe.<\/em><br \/><strong>5% de desconto em cirurgias eletivas<\/strong>, mediante avalia\u00e7\u00e3o pr\u00e9via e agendamento.<br \/>Parcelamento em at\u00e9 <em>6 vezes sem juros<\/em> no cart\u00e3o de cr\u00e9dito para os servi\u00e7os acima listados.<br \/><strong>Isen\u00e7\u00e3o da taxa de retorno cl\u00ednico<\/strong>, quando o retorno ocorrer pelo mesmo motivo da consulta inicial, dentro do prazo de at\u00e9 <em>30 dias<\/em>.<br \/><a href=\"https:\/\/www.instagram.com\/garraclinicavet\/\" target=\"_blank\" rel=\"noopener\">Saiba mais<\/a><\/div>\n<\/div>\n<\/div>\n<\/div>\n\n<div class=\"clubeBeneficiosStyleContainer\">\n<div class=\"clubeBeneficiosStyleCard\">\n<div class=\"titleComumStyle\">Estimula\u00e7\u00e3o cognitiva<\/div>\n<hr style=\"width: 80%;margin: 0 auto\" \/>\n<div class=\"bodyClube\"><img src=\"https:\/\/wp.ufpel.edu.br\/progep\/files\/2025\/08\/LOGO-METODO-SUPERA.jpg\" \/>\n<div class=\"infoClube\"><strong>20% de desconto<\/strong> na matr\u00edcula; e <strong>20% de desconto<\/strong> nas mensalidades.<br \/><a href=\"https:\/\/metodosupera.com.br\/\" target=\"_blank\" rel=\"noopener\">Saiba mais<\/a><\/div>\n<\/div>\n<\/div>\n<\/div>\n\n<div class=\"clubeBeneficiosStyleContainer\">\n<div class=\"clubeBeneficiosStyleCard\">\n<div class=\"titleComumStyle\">Psicologia Cl\u00ednica<\/div>\n<hr style=\"width: 80%;margin: 0 auto\" \/>\n<div class=\"bodyClube\"><img src=\"https:\/\/wp.ufpel.edu.br\/progep\/files\/2025\/09\/WhatsApp-Image-2025-09-19-at-10.23.05.jpeg\" \/>\n<div class=\"infoClube\"><strong>15% de desconto para servidores ativos e inativos da UFPel<\/strong> e empregados\/as p\u00fablicos\/as do Hospital Escola da UFPel, vinculados \u00e0 EBSERH nos pagamentos realizados por link: boleto, cart\u00e3o de d\u00e9bito ou cr\u00e9dito. (Valores na modalidade on-line)\n<div class><strong>Para pagamentos via Pix<\/strong>: desconto adicional de 5%, totalizando 20% de desconto. (Valores na modalidade on-line)\n<br \/><a href=\"https:\/\/wa.me\/message\/BZAOFOYJFCY4L1\" target=\"_blank\" rel=\"noopener\">Saiba mais<\/a><\/div>\n<p>\u00a0<\/p>\n<\/div>\n<\/div>\n<\/div>\n<\/div>\n\n<div class=\"clubeBeneficiosStyleContainer\">\n<div class=\"clubeBeneficiosStyleCard\">\n<div class=\"titleComumStyle\">Lazer<\/div>\n<hr style=\"width: 80%;margin: 0 auto\" \/>\n<div class=\"bodyClube\"><img src=\"https:\/\/wp.ufpel.edu.br\/progep\/files\/2025\/09\/WhatsApp-Image-2025-09-25-at-15.42.02.jpeg\" \/>\n<div class=\"infoClube\"><strong>Clube Brilhante<\/strong><br \/>Acesso \u00e0s dependencias do Clube com beneficio da categoria &#8220;S\u00f3cio Propriet\u00e1rio&#8221;. <br \/><strong>R$216,00<\/strong> valor da mensalidade e <strong>R$194,00<\/strong> com desconto de <strong>10%<\/strong> at\u00e9 dia 10 de cada m\u00eas.<br \/>Beneficio abrange o titular, conjuge e dependentes menores de 18 anos.<br \/><a href=\"https:\/\/clubebrilhante.com.br\/\" target=\"_blank\" rel=\"noopener\">Saiba mais<\/a><\/div>\n<\/div>\n<\/div>\n<\/div>\n\n<div class=\"clubeBeneficiosStyleContainer\">\n<div class=\"clubeBeneficiosStyleCard\">\n<div class=\"titleComumStyle\">Sa\u00fade<\/div>\n<hr style=\"width: 80%;margin: 0 auto\" \/>\n<div class=\"bodyClube\"><img src=\"https:\/\/wp.ufpel.edu.br\/progep\/files\/2025\/10\/Janine_Caldeira_logos-27-scaled.png\" \/>\n<div class=\"infoClube\">\n<p>\n<strong>Consulta de profilaxia (limpeza)<\/strong> : 15% desconto \u2013 valor com desconto: R$221,00  <br \/>\n<strong>Programas de Preven\u00e7\u00e3o (Orto, Clear, Teen, Cl\u00e1ssico e Supercl\u00e1ssico)<\/strong>: 10% desconto nos programas citados. \u2013  valores diferentes em cada programa: consulte-nos para maiores informa\u00e7\u00f5es<br \/>\n<strong>Placa esportiva individualizada, sem personaliza\u00e7\u00e3o<\/strong> 5% desconto \u2013 valor com desconto: R$ 665,00<br \/>\n<strong>Avalia\u00e7\u00e3o Salivar<\/strong>  10% desconto \u2013 valor com desconto: R$ 180,00<br \/>\n<strong>Teste DNA Salivar  \u2013 Painel personalizado Dra. Janine Caldeira<\/strong> (coleta+ envio amostras+ todas \ncaracter\u00edsticas painel completo dispon\u00edveis + 119 caracter\u00edsticas exclusivas Dra. Janine): 10% desconto \u00e0 vista \u2013 valor com desconto: R$ 585,00<br \/>\n<strong>Botox<\/strong>: 10% desconto \u00e0 vista\n\n<a href=\"https:\/\/www.instagram.com\/dra.janinecaldeira\/\" target=\"_blank\" rel=\"noopener\">Saiba mais<\/a><\/p>\n<\/div>\n<\/div>\n<\/div>\n<\/div>\n\n<div class=\"clubeBeneficiosStyleContainer\">\n<div class=\"clubeBeneficiosStyleCard\">\n<div class=\"titleComumStyle\">Comunica\u00e7\u00e3o<\/div>\n<hr style=\"width: 80%;margin: 0 auto\" \/>\n<div class=\"bodyClube\"><img src=\"https:\/\/wp.ufpel.edu.br\/progep\/files\/2025\/11\/WhatsApp-Image-2025-11-10-at-11.46.54.jpeg\" \/>\n<div class=\"infoClube\">\n<p><strong>Modalidade Combo:<\/strong> impresso + digital todos os dias 40% desconto <p><strong>Modalidade Digital<\/strong> completo 40% desconto<\/strong><\/p>\n<\/div>\n<\/div>\n<\/div>\n<\/div>\n\n<div class=\"clubeBeneficiosStyleContainer\">\n<div class=\"clubeBeneficiosStyleCard\">\n<div class=\"titleComumStyle\">Sa\u00fade<\/div>\n<hr style=\"width: 80%;margin: 0 auto\" \/>\n<div class=\"bodyClube\"><img style=\"width: 20%\" src=\"https:\/\/wp.ufpel.edu.br\/progep\/files\/2025\/11\/WhatsApp-Image-2025-11-25-at-10.32.29.jpeg\" \/>\n<div class=\"infoClube\"><p style=\"text-align: center\">Sess\u00e3o de Acupuntura: <strong>15% de desconto<\/strong> \u00e0 vista \n<\/p><a href=\"@terapeuta.samantanabesima\" target=\"_blank\" rel=\"noopener\">Saiba mais<\/a><\/div>\n<\/div>\n<\/div>\n<\/div><\/strong> ","protected":false},"excerpt":{"rendered":"<p>Clube de Benef\u00edcios Confira as empresas participantes. Clube de Benef\u00edcios Por meio do CREDENCIAMENTO N\u00ba. 03\/2025\/PROCESSO N\u00ba 23110.021795\/2025-12, a PROGEP disponibiliza a lista de empresas parceiras, conforme ramos de atua\u00e7\u00e3o abaixo: Sa\u00fade Aviso! No s\u00e1bado, dia 07\/03, das 8h \u00e0s 12h, acontecer\u00e1 o segundo plant\u00e3o psicol\u00f3gico do ano para os colaboradores das empresas parceiras do [&hellip;]<\/p>\n","protected":false},"author":21,"featured_media":0,"parent":0,"menu_order":0,"comment_status":"closed","ping_status":"closed","template":"page-sem-sidebar.php","meta":{"footnotes":""},"class_list":["post-36062","page","type-page","status-publish","hentry"],"_links":{"self":[{"href":"https:\/\/wp.ufpel.edu.br\/progep\/wp-json\/wp\/v2\/pages\/36062","targetHints":{"allow":["GET"]}}],"collection":[{"href":"https:\/\/wp.ufpel.edu.br\/progep\/wp-json\/wp\/v2\/pages"}],"about":[{"href":"https:\/\/wp.ufpel.edu.br\/progep\/wp-json\/wp\/v2\/types\/page"}],"author":[{"embeddable":true,"href":"https:\/\/wp.ufpel.edu.br\/progep\/wp-json\/wp\/v2\/users\/21"}],"replies":[{"embeddable":true,"href":"https:\/\/wp.ufpel.edu.br\/progep\/wp-json\/wp\/v2\/comments?post=36062"}],"version-history":[{"count":3,"href":"https:\/\/wp.ufpel.edu.br\/progep\/wp-json\/wp\/v2\/pages\/36062\/revisions"}],"predecessor-version":[{"id":40696,"href":"https:\/\/wp.ufpel.edu.br\/progep\/wp-json\/wp\/v2\/pages\/36062\/revisions\/40696"}],"wp:attachment":[{"href":"https:\/\/wp.ufpel.edu.br\/progep\/wp-json\/wp\/v2\/media?parent=36062"}],"curies":[{"name":"wp","href":"https:\/\/api.w.org\/{rel}","templated":true}]}}