{"id":35952,"date":"2025-08-18T15:15:45","date_gmt":"2025-08-18T18:15:45","guid":{"rendered":"https:\/\/wp.ufpel.edu.br\/progep\/?page_id=35952"},"modified":"2026-03-03T14:53:19","modified_gmt":"2026-03-03T17:53:19","slug":"normativos-progep","status":"publish","type":"page","link":"https:\/\/wp.ufpel.edu.br\/progep\/normativos-progep\/","title":{"rendered":"Normativos PROGEP"},"content":{"rendered":"\n<div class=\"wp-block-group\"><div class=\"wp-block-group__inner-container is-layout-constrained wp-block-group-is-layout-constrained\">\n<div class=\"logoTituloModelStyle\"><img class=\"size-medium wp-image-27184 alignleft\" src=\"https:\/\/wp.ufpel.edu.br\/progep\/files\/2025\/03\/logo-progep_atualizacao-nome_AZUL.png\" alt=\"\" \/><\/p>\n<div><strong>Normativos<\/strong><\/div>\n<\/div>\n<hr class=\"hrModelStyle\" \/>\n<div class=\"descriptionModelStyle\">Confira nesta p\u00e1gina os <strong>normativos<\/strong> da PROGEP.<\/div>\n<\/div><\/div>\n\n\n<div class=\"instrucaoNormativa\">\n<div class=\"tabelasRepoDoc sanfonaStyle\"><span class=\"collapseomatic \" id=\"id69dfc5dc945c3\"  tabindex=\"0\" title=\"Leis\"    >Leis<\/span><div id=\"target-id69dfc5dc945c3\" class=\"collapseomatic_content \">\n<a href=\"https:\/\/www.planalto.gov.br\/ccivil_03\/leis\/L8112cons.htm\" target=\"_blank\">Lei n\u00ba 8.112\/90  &#8211; Regime Jur\u00eddico dos Servidores Federais<\/a>\n<a href=\"https:\/\/www.planalto.gov.br\/ccivil_03\/_ato2004-2006\/2005\/lei\/l11091.htm\" target=\"_blank\">Lei n\u00ba 11.091\/2005 &#8211; Plano de carreira dos T\u00e9cnico-Administrativos em Educa\u00e7\u00e3o<\/a>\n<a href=\"https:\/\/www.planalto.gov.br\/ccivil_03\/_ato2007-2010\/2008\/lei\/l11784.htm\" target=\"_blank\">Lei n\u00ba 11.748\/2008 &#8211; Reestrutura\u00e7\u00e3o do Plano de carreira dos T\u00e9cnico-Administrativos em Educa\u00e7\u00e3o<\/a>\n<\/div><\/div>\n\n<div class=\"tabelasRepoDoc sanfonaStyle\" hidden><span class=\"collapseomatic \" id=\"id69dfc5dc946bf\"  tabindex=\"0\" title=\"Decretos\"    >Decretos<\/span><div id=\"target-id69dfc5dc946bf\" class=\"collapseomatic_content \">\n<a href=\"https:\/\/www.planalto.gov.br\/ccivil_03\/leis\/L8112cons.htm\">Lei n\u00ba 8.112\/90  &#8211; Regime Jur\u00eddico dos Servidores Federais<\/a>\n<\/div><\/div>\n\n<div class=\"tabelasRepoDoc sanfonaStyle\"><span class=\"collapseomatic \" id=\"id69dfc5dc94726\"  tabindex=\"0\" title=\"Instru\u00e7\u00f5es Normativas\"    >Instru\u00e7\u00f5es Normativas<\/span><div id=\"target-id69dfc5dc94726\" class=\"collapseomatic_content \">\n\n<a href=\"https:\/\/wp.ufpel.edu.br\/progep\/files\/2026\/03\/IN-2-2026.pdf\" target=\"_blank\">Instru\u00e7\u00e3o Normativa PROGEP N\u00ba 02\/2026<\/a>\n\n<a href=\"https:\/\/wp.ufpel.edu.br\/progep\/files\/2026\/03\/IN1-2026.pdf\" target=\"_blank\">Instru\u00e7\u00e3o Normativa PROGEP N\u00ba 01\/2026<\/a>\n<a href=\"https:\/\/wp.ufpel.edu.br\/progep\/files\/2025\/08\/Instrucao_Normativa_01_2025.pdf\" target=\"_blank\">Instru\u00e7\u00e3o Normativa PROGEP N\u00ba 01\/2025<\/a>\n<\/div><\/div>\n\n<div class=\"tabelasRepoDoc sanfonaStyle\" hidden><span class=\"collapseomatic \" id=\"id69dfc5dc9477e\"  tabindex=\"0\" title=\"Resolu\u00e7\u00f5es\"    >Resolu\u00e7\u00f5es<\/span><div id=\"target-id69dfc5dc9477e\" class=\"collapseomatic_content \">\n<a href=\"https:\/\/www.planalto.gov.br\/ccivil_03\/leis\/L8112cons.htm\">Lei n\u00ba 8.112\/90  &#8211; Regime Jur\u00eddico dos Servidores Federais<\/a>\n<\/div><\/div>\n<\/div>","protected":false},"excerpt":{"rendered":"<p>Normativos Confira nesta p\u00e1gina os normativos da PROGEP.<\/p>\n","protected":false},"author":21,"featured_media":0,"parent":0,"menu_order":0,"comment_status":"closed","ping_status":"closed","template":"","meta":{"footnotes":""},"class_list":["post-35952","page","type-page","status-publish","hentry"],"_links":{"self":[{"href":"https:\/\/wp.ufpel.edu.br\/progep\/wp-json\/wp\/v2\/pages\/35952","targetHints":{"allow":["GET"]}}],"collection":[{"href":"https:\/\/wp.ufpel.edu.br\/progep\/wp-json\/wp\/v2\/pages"}],"about":[{"href":"https:\/\/wp.ufpel.edu.br\/progep\/wp-json\/wp\/v2\/types\/page"}],"author":[{"embeddable":true,"href":"https:\/\/wp.ufpel.edu.br\/progep\/wp-json\/wp\/v2\/users\/21"}],"replies":[{"embeddable":true,"href":"https:\/\/wp.ufpel.edu.br\/progep\/wp-json\/wp\/v2\/comments?post=35952"}],"version-history":[{"count":3,"href":"https:\/\/wp.ufpel.edu.br\/progep\/wp-json\/wp\/v2\/pages\/35952\/revisions"}],"predecessor-version":[{"id":40645,"href":"https:\/\/wp.ufpel.edu.br\/progep\/wp-json\/wp\/v2\/pages\/35952\/revisions\/40645"}],"wp:attachment":[{"href":"https:\/\/wp.ufpel.edu.br\/progep\/wp-json\/wp\/v2\/media?parent=35952"}],"curies":[{"name":"wp","href":"https:\/\/api.w.org\/{rel}","templated":true}]}}